{"id":69466,"date":"2018-06-25T11:26:39","date_gmt":"2018-06-25T09:26:39","guid":{"rendered":"https:\/\/ohcesarparis.com\/terms-and-conditions-of-use\/"},"modified":"2024-03-18T17:18:12","modified_gmt":"2024-03-18T16:18:12","slug":"terms-and-conditions-of-use","status":"publish","type":"page","link":"https:\/\/ohcesarparis.com\/pt-pt\/terms-and-conditions-of-use\/","title":{"rendered":"Terms and conditions of use"},"content":{"rendered":"<div class=\"wpb-content-wrapper\">[vc_row row_height_percent=&#8221;0&#8243; back_color=&#8221;color-143597&#8243; back_image=&#8221;55043&#8243; overlay_alpha=&#8221;50&#8243; gutter_size=&#8221;3&#8243; shift_y=&#8221;0&#8243;][vc_column column_width_percent=&#8221;100&#8243; style=&#8221;dark&#8221; overlay_alpha=&#8221;50&#8243; gutter_size=&#8221;3&#8243; medium_width=&#8221;0&#8243; shift_x=&#8221;0&#8243; shift_y=&#8221;0&#8243; z_index=&#8221;0&#8243; width=&#8221;1\/1&#8243;][vc_column_text]\r\n<h1>Terms and conditions of use<\/h1>\r\n[\/vc_column_text][\/vc_column][\/vc_row][vc_row][vc_column][vc_column_text]\n<h2><strong>A &#8211; GENERAL CLAUSES<\/strong><\/h2>\nOur sales are subject to these general terms and conditions, which take precedence over all other terms and conditions of purchase, unless we expressly waive them in writing for exceptional events or services. They govern the services provided by Oh! C\u00e9sar with customers.<strong>\n<\/strong>\n<h2><strong>B &#8211; BOOKING CONDITIONS<\/strong><\/h2>\nReservation requests can be made by telephone, e-mail or post. The customer will be informed as soon as possible of the possibility of his reservation request being taken into account, depending on the availability of places or prices for the chosen dates. Acknowledgement of a reservation request does not constitute confirmation of a reservation.\n\nReservations are confirmed only after confirmation of availability on the desired date and, for groups of more than 10 people, the signed return of the option form and payment of a 45% deposit.\n<h2><strong>C &#8211; RATE<\/strong><\/h2>\nThe rates communicated by Oh! C\u00e9sar include the show, drinks and catering, depending on the performance chosen. Any other service not included in the price will be billed extra. Prices are given as an indication, on the day of booking, per person, in euros, all taxes included, and are subject to change.\n<h2><strong>D &#8211; TERMS OF PAYMENT<\/strong><\/h2>\nFor groups of more than 10 people, the balance due is payable no later than 7 days after the balance proforma invoice is issued.\n\nFor individuals of up to 10 people, the balance due will be payable by the evening of the event, unless otherwise specified.\n<h2><strong>E &#8211; CANCELLATION OR MODIFICATION<\/strong><\/h2>\n<h3><strong>1) Cancellation by the customer <\/strong><\/h3>\nAll cancellations must be notified to Oh! C\u00e9sar in writing or by e-mail. The date of receipt of the cancellation will be taken as the reference date for the application of the cancellation fees set out below:\n<h4>&#8211; The planned service will be invoiced at 100% of the agreed billing price:<\/h4>\n. In the event of cancellation (or modification of the reservation which will result in a reduction in the amount of services initially planned) less than 15 days before the date of the service,\n\n. In the event of no-show on the day of performance.\n\nIn such cases, the deposit will be retained as partial payment of the invoice.\n<h4>&#8211; The planned service will be invoiced at 45% of the agreed billing price:<\/h4>\n. In the event of cancellation between 15 and 30 days before the date of the service.\n\n. In the event of a reduction in the number of clients validated at the time of signing the option form, between 15 and 30 days before the date of the service, only a 10% reduction in the number of validated clients will be accepted without invoicing. Beyond the 10% of authorized customers, the remainder of the reduction will be invoiced at 45% of the initially agreed invoicing price.\n\nIn such cases, the deposit paid will be partially deducted from the outstanding amount.\n\n<strong>&#8211; Example of a reduction:<\/strong> 100 people when the option certificate is signed.\n\nChange of number of people between 15 and 30 days before the date of the service.\n\nNumber of people increases to 70. Reduction in number of authorized persons = 10%, i.e. 10 persons,\n\n20 people remain in billable cancellation. So we&#8217;ll be invoicing 70 pax at 100% + 20 people at 45% of the invoiced price agreed on the option form signed by you.\n<h4>&#8211; The scheduled service will not be billed:<\/h4>\n. In the event of cancellation (or modification of the reservation which will result in a reduction in the amount of the services initially planned) more than 30 days before the date of the service.\n\nIn this case, the deposit paid will be reimbursed in full.\n<h3><strong>2) Cancellation by Oh! C\u00e9sar<\/strong><\/h3>\nIn the event of cancellation of the entire service by Oh! C\u00e9sar, the amount paid by the customer will be refunded in full. However, Oh! C\u00e9sar will not be held responsible for any damage resulting from this cancellation.\n<h2><strong>F &#8211; LIABILITY<\/strong><\/h2>\nOh! C\u00e9sar will do everything in his power to deliver a show that meets the customer&#8217;s expectations. However, if the customer has any complaints or criticisms to make about the quality of the show or services, these will not under any circumstances give rise to any reimbursement or compensation.\n\nOh! C\u00e9sar cannot be held responsible for any failure on its part resulting from an act of Force Majeur making it absolutely impossible for it to meet its commitments. Force Majeure shall also apply to the customer.\n<h2><strong>G &#8211; PROTECTION OF PERSONAL DATA <\/strong><\/h2>\nThe information collected is recorded in a computerized file. They are kept for a period equal to the maximum authorized by the regulations in force and are intended for the internal services of our company, established in the European Union. In accordance with the <a href=\"https:\/\/www.cnil.fr\/fr\/loi-78-17-du-6-janvier-1978-modifiee\">French Data Protection Act,<\/a> you have the right to access and rectify your personal data. To do so, please refer to our &#8220;Privacy Policy&#8221; page.\n<h2><strong>H &#8211; APPLICABLE LAW &#8211; COMPETENT COURTS<\/strong><\/h2>\nOnly French law is applicable to this contract. The Tribunal de Commerce de Paris shall have sole jurisdiction in the event of a dispute.[\/vc_column_text][\/vc_column][\/vc_row]<\/div>","protected":false},"excerpt":{"rendered":"[vc_row row_height_percent=&#8221;0&#8243; back_color=&#8221;color-143597&#8243; back_image=&#8221;55043&#8243; overlay_alpha=&#8221;50&#8243; gutter_size=&#8221;3&#8243; shift_y=&#8221;0&#8243;][vc_column column_width_percent=&#8221;100&#8243; style=&#8221;dark&#8221; overlay_alpha=&#8221;50&#8243; gutter_size=&#8221;3&#8243; medium_width=&#8221;0&#8243; shift_x=&#8221;0&#8243; shift_y=&#8221;0&#8243; z_index=&#8221;0&#8243; width=&#8221;1\/1&#8243;][vc_column_text] Terms and conditions of [&hellip;]","protected":false},"author":6,"featured_media":0,"parent":0,"menu_order":0,"comment_status":"closed","ping_status":"closed","template":"","meta":{"footnotes":""},"class_list":["post-69466","page","type-page","status-publish","hentry"],"yoast_head":"<!-- This site is optimized with the Yoast SEO plugin v26.9 - https:\/\/yoast.com\/product\/yoast-seo-wordpress\/ -->\n<title>Terms and conditions of use - Oh C\u00e9sar by C\u00e9sar Palace Paris<\/title>\n<meta name=\"robots\" content=\"index, follow, max-snippet:-1, max-image-preview:large, max-video-preview:-1\" \/>\n<link rel=\"canonical\" href=\"https:\/\/ohcesarparis.com\/pt-pt\/terms-and-conditions-of-use\/\" \/>\n<meta property=\"og:locale\" content=\"pt_PT\" \/>\n<meta property=\"og:type\" content=\"article\" \/>\n<meta property=\"og:title\" content=\"Terms and conditions of use - Oh C\u00e9sar by C\u00e9sar Palace Paris\" \/>\n<meta property=\"og:description\" content=\"[vc_row row_height_percent=&#8221;0&#8243; back_color=&#8221;color-143597&#8243; back_image=&#8221;55043&#8243; overlay_alpha=&#8221;50&#8243; gutter_size=&#8221;3&#8243; shift_y=&#8221;0&#8243;][vc_column column_width_percent=&#8221;100&#8243; style=&#8221;dark&#8221; overlay_alpha=&#8221;50&#8243; gutter_size=&#8221;3&#8243; medium_width=&#8221;0&#8243; shift_x=&#8221;0&#8243; shift_y=&#8221;0&#8243; z_index=&#8221;0&#8243; width=&#8221;1\/1&#8243;][vc_column_text] Terms and conditions of [&hellip;]\" \/>\n<meta property=\"og:url\" content=\"https:\/\/ohcesarparis.com\/pt-pt\/terms-and-conditions-of-use\/\" \/>\n<meta property=\"og:site_name\" content=\"Oh C\u00e9sar by C\u00e9sar Palace Paris\" \/>\n<meta property=\"article:publisher\" content=\"https:\/\/www.facebook.com\/CesarPalaceParis\" \/>\n<meta property=\"article:modified_time\" content=\"2024-03-18T16:18:12+00:00\" \/>\n<meta name=\"twitter:card\" content=\"summary_large_image\" \/>\n<meta name=\"twitter:site\" content=\"@CsarPalaceParis\" \/>\n<meta name=\"twitter:label1\" content=\"Tempo estimado de leitura\" \/>\n\t<meta name=\"twitter:data1\" content=\"4 minutos\" \/>\n<script type=\"application\/ld+json\" class=\"yoast-schema-graph\">{\"@context\":\"https:\/\/schema.org\",\"@graph\":[{\"@type\":\"WebPage\",\"@id\":\"https:\/\/ohcesarparis.com\/pt-pt\/terms-and-conditions-of-use\/\",\"url\":\"https:\/\/ohcesarparis.com\/pt-pt\/terms-and-conditions-of-use\/\",\"name\":\"Terms and conditions of use - Oh C\u00e9sar by C\u00e9sar Palace Paris\",\"isPartOf\":{\"@id\":\"https:\/\/ohcesarparis.com\/pt-pt\/#website\"},\"datePublished\":\"2018-06-25T09:26:39+00:00\",\"dateModified\":\"2024-03-18T16:18:12+00:00\",\"breadcrumb\":{\"@id\":\"https:\/\/ohcesarparis.com\/pt-pt\/terms-and-conditions-of-use\/#breadcrumb\"},\"inLanguage\":\"pt-PT\",\"potentialAction\":[{\"@type\":\"ReadAction\",\"target\":[\"https:\/\/ohcesarparis.com\/pt-pt\/terms-and-conditions-of-use\/\"]}]},{\"@type\":\"BreadcrumbList\",\"@id\":\"https:\/\/ohcesarparis.com\/pt-pt\/terms-and-conditions-of-use\/#breadcrumb\",\"itemListElement\":[{\"@type\":\"ListItem\",\"position\":1,\"name\":\"Accueil\",\"item\":\"https:\/\/ohcesarparis.com\/pt-pt\/\"},{\"@type\":\"ListItem\",\"position\":2,\"name\":\"Terms and conditions of use\"}]},{\"@type\":\"WebSite\",\"@id\":\"https:\/\/ohcesarparis.com\/pt-pt\/#website\",\"url\":\"https:\/\/ohcesarparis.com\/pt-pt\/\",\"name\":\"Oh C\u00e9sar by C\u00e9sar Palace Paris\",\"description\":\"Passez une soir\u00e9e de r\u00eave au cabaret\",\"publisher\":{\"@id\":\"https:\/\/ohcesarparis.com\/pt-pt\/#organization\"},\"potentialAction\":[{\"@type\":\"SearchAction\",\"target\":{\"@type\":\"EntryPoint\",\"urlTemplate\":\"https:\/\/ohcesarparis.com\/pt-pt\/?s={search_term_string}\"},\"query-input\":{\"@type\":\"PropertyValueSpecification\",\"valueRequired\":true,\"valueName\":\"search_term_string\"}}],\"inLanguage\":\"pt-PT\"},{\"@type\":\"Organization\",\"@id\":\"https:\/\/ohcesarparis.com\/pt-pt\/#organization\",\"name\":\"Oh Cesar Paris\",\"url\":\"https:\/\/ohcesarparis.com\/pt-pt\/\",\"logo\":{\"@type\":\"ImageObject\",\"inLanguage\":\"pt-PT\",\"@id\":\"https:\/\/ohcesarparis.com\/pt-pt\/#\/schema\/logo\/image\/\",\"url\":\"https:\/\/ohcesarparis.com\/wp-content\/uploads\/2017\/03\/logo-oh-cesar-by-cesar-palace-paris.png\",\"contentUrl\":\"https:\/\/ohcesarparis.com\/wp-content\/uploads\/2017\/03\/logo-oh-cesar-by-cesar-palace-paris.png\",\"width\":240,\"height\":70,\"caption\":\"Oh Cesar Paris\"},\"image\":{\"@id\":\"https:\/\/ohcesarparis.com\/pt-pt\/#\/schema\/logo\/image\/\"},\"sameAs\":[\"https:\/\/www.facebook.com\/CesarPalaceParis\",\"https:\/\/x.com\/CsarPalaceParis\",\"https:\/\/www.instagram.com\/cesarpalaceparis\/\"]}]}<\/script>\n<!-- \/ Yoast SEO plugin. -->","yoast_head_json":{"title":"Terms and conditions of use - Oh C\u00e9sar by C\u00e9sar Palace Paris","robots":{"index":"index","follow":"follow","max-snippet":"max-snippet:-1","max-image-preview":"max-image-preview:large","max-video-preview":"max-video-preview:-1"},"canonical":"https:\/\/ohcesarparis.com\/pt-pt\/terms-and-conditions-of-use\/","og_locale":"pt_PT","og_type":"article","og_title":"Terms and conditions of use - Oh C\u00e9sar by C\u00e9sar Palace Paris","og_description":"[vc_row row_height_percent=&#8221;0&#8243; back_color=&#8221;color-143597&#8243; back_image=&#8221;55043&#8243; overlay_alpha=&#8221;50&#8243; gutter_size=&#8221;3&#8243; shift_y=&#8221;0&#8243;][vc_column column_width_percent=&#8221;100&#8243; style=&#8221;dark&#8221; overlay_alpha=&#8221;50&#8243; gutter_size=&#8221;3&#8243; medium_width=&#8221;0&#8243; shift_x=&#8221;0&#8243; shift_y=&#8221;0&#8243; z_index=&#8221;0&#8243; width=&#8221;1\/1&#8243;][vc_column_text] Terms and conditions of [&hellip;]","og_url":"https:\/\/ohcesarparis.com\/pt-pt\/terms-and-conditions-of-use\/","og_site_name":"Oh C\u00e9sar by C\u00e9sar Palace Paris","article_publisher":"https:\/\/www.facebook.com\/CesarPalaceParis","article_modified_time":"2024-03-18T16:18:12+00:00","twitter_card":"summary_large_image","twitter_site":"@CsarPalaceParis","twitter_misc":{"Tempo estimado de leitura":"4 minutos"},"schema":{"@context":"https:\/\/schema.org","@graph":[{"@type":"WebPage","@id":"https:\/\/ohcesarparis.com\/pt-pt\/terms-and-conditions-of-use\/","url":"https:\/\/ohcesarparis.com\/pt-pt\/terms-and-conditions-of-use\/","name":"Terms and conditions of use - Oh C\u00e9sar by C\u00e9sar Palace Paris","isPartOf":{"@id":"https:\/\/ohcesarparis.com\/pt-pt\/#website"},"datePublished":"2018-06-25T09:26:39+00:00","dateModified":"2024-03-18T16:18:12+00:00","breadcrumb":{"@id":"https:\/\/ohcesarparis.com\/pt-pt\/terms-and-conditions-of-use\/#breadcrumb"},"inLanguage":"pt-PT","potentialAction":[{"@type":"ReadAction","target":["https:\/\/ohcesarparis.com\/pt-pt\/terms-and-conditions-of-use\/"]}]},{"@type":"BreadcrumbList","@id":"https:\/\/ohcesarparis.com\/pt-pt\/terms-and-conditions-of-use\/#breadcrumb","itemListElement":[{"@type":"ListItem","position":1,"name":"Accueil","item":"https:\/\/ohcesarparis.com\/pt-pt\/"},{"@type":"ListItem","position":2,"name":"Terms and conditions of use"}]},{"@type":"WebSite","@id":"https:\/\/ohcesarparis.com\/pt-pt\/#website","url":"https:\/\/ohcesarparis.com\/pt-pt\/","name":"Oh C\u00e9sar by C\u00e9sar Palace Paris","description":"Passez une soir\u00e9e de r\u00eave au cabaret","publisher":{"@id":"https:\/\/ohcesarparis.com\/pt-pt\/#organization"},"potentialAction":[{"@type":"SearchAction","target":{"@type":"EntryPoint","urlTemplate":"https:\/\/ohcesarparis.com\/pt-pt\/?s={search_term_string}"},"query-input":{"@type":"PropertyValueSpecification","valueRequired":true,"valueName":"search_term_string"}}],"inLanguage":"pt-PT"},{"@type":"Organization","@id":"https:\/\/ohcesarparis.com\/pt-pt\/#organization","name":"Oh Cesar Paris","url":"https:\/\/ohcesarparis.com\/pt-pt\/","logo":{"@type":"ImageObject","inLanguage":"pt-PT","@id":"https:\/\/ohcesarparis.com\/pt-pt\/#\/schema\/logo\/image\/","url":"https:\/\/ohcesarparis.com\/wp-content\/uploads\/2017\/03\/logo-oh-cesar-by-cesar-palace-paris.png","contentUrl":"https:\/\/ohcesarparis.com\/wp-content\/uploads\/2017\/03\/logo-oh-cesar-by-cesar-palace-paris.png","width":240,"height":70,"caption":"Oh Cesar Paris"},"image":{"@id":"https:\/\/ohcesarparis.com\/pt-pt\/#\/schema\/logo\/image\/"},"sameAs":["https:\/\/www.facebook.com\/CesarPalaceParis","https:\/\/x.com\/CsarPalaceParis","https:\/\/www.instagram.com\/cesarpalaceparis\/"]}]}},"_links":{"self":[{"href":"https:\/\/ohcesarparis.com\/pt-pt\/wp-json\/wp\/v2\/pages\/69466","targetHints":{"allow":["GET"]}}],"collection":[{"href":"https:\/\/ohcesarparis.com\/pt-pt\/wp-json\/wp\/v2\/pages"}],"about":[{"href":"https:\/\/ohcesarparis.com\/pt-pt\/wp-json\/wp\/v2\/types\/page"}],"author":[{"embeddable":true,"href":"https:\/\/ohcesarparis.com\/pt-pt\/wp-json\/wp\/v2\/users\/6"}],"replies":[{"embeddable":true,"href":"https:\/\/ohcesarparis.com\/pt-pt\/wp-json\/wp\/v2\/comments?post=69466"}],"version-history":[{"count":2,"href":"https:\/\/ohcesarparis.com\/pt-pt\/wp-json\/wp\/v2\/pages\/69466\/revisions"}],"predecessor-version":[{"id":69492,"href":"https:\/\/ohcesarparis.com\/pt-pt\/wp-json\/wp\/v2\/pages\/69466\/revisions\/69492"}],"wp:attachment":[{"href":"https:\/\/ohcesarparis.com\/pt-pt\/wp-json\/wp\/v2\/media?parent=69466"}],"curies":[{"name":"wp","href":"https:\/\/api.w.org\/{rel}","templated":true}]}}