{"id":69445,"date":"2018-11-07T16:52:25","date_gmt":"2018-11-07T15:52:25","guid":{"rendered":"https:\/\/ohcesarparis.com\/recruitment\/"},"modified":"2024-03-18T17:18:05","modified_gmt":"2024-03-18T16:18:05","slug":"recruitment","status":"publish","type":"page","link":"https:\/\/ohcesarparis.com\/pt-pt\/recruitment\/","title":{"rendered":"Recruitment"},"content":{"rendered":"<div class=\"wpb-content-wrapper\">[vc_row row_height_percent=&#8221;0&#8243; back_color=&#8221;color-143597&#8243; back_image=&#8221;59724&#8243; overlay_alpha=&#8221;50&#8243; gutter_size=&#8221;3&#8243; column_width_percent=&#8221;100&#8243; shift_y=&#8221;0&#8243; z_index=&#8221;0&#8243; el_class=&#8221;titre-page&#8221;][vc_column column_width_percent=&#8221;100&#8243; align_horizontal=&#8221;align_center&#8221; gutter_size=&#8221;3&#8243; style=&#8221;dark&#8221; overlay_alpha=&#8221;50&#8243; shift_x=&#8221;0&#8243; shift_y=&#8221;0&#8243; shift_y_down=&#8221;0&#8243; z_index=&#8221;0&#8243; medium_width=&#8221;0&#8243; mobile_width=&#8221;0&#8243; width=&#8221;1\/1&#8243;][vc_column_text]\r\n<h1>Recruitment<\/h1>\r\n<h2>Join the sparkling team at Oh! C\u00e9sar<\/h2>\r\n[\/vc_column_text][vc_button button_color=&#8221;accent&#8221; border_width=&#8221;0&#8243; link=&#8221;url:https%3A%2F%2Fohcesarparis.com%2Fen%2Fcontact%2F|&#8221;]Contact us[\/vc_button][\/vc_column][\/vc_row][vc_row row_height_percent=&#8221;0&#8243; back_image=&#8221;59552&#8243; overlay_color=&#8221;color-xsdn&#8221; overlay_alpha=&#8221;50&#8243; gutter_size=&#8221;3&#8243; column_width_percent=&#8221;100&#8243; shift_y=&#8221;0&#8243; z_index=&#8221;0&#8243; css=&#8221;.vc_custom_1578049491021{padding-top: 10px !important;padding-bottom: 40px !important;}&#8221;][vc_column width=&#8221;1\/1&#8243;][vc_row_inner row_inner_height_percent=&#8221;0&#8243; overlay_alpha=&#8221;50&#8243; gutter_size=&#8221;3&#8243; shift_y=&#8221;0&#8243; z_index=&#8221;0&#8243; css=&#8221;.vc_custom_1578049458159{padding-top: 10px !important;}&#8221;][vc_column_inner column_width_percent=&#8221;100&#8243; position_vertical=&#8221;middle&#8221; gutter_size=&#8221;3&#8243; overlay_alpha=&#8221;50&#8243; shift_x=&#8221;0&#8243; shift_y=&#8221;0&#8243; shift_y_down=&#8221;0&#8243; z_index=&#8221;0&#8243; medium_width=&#8221;0&#8243; mobile_width=&#8221;0&#8243; width=&#8221;1\/12&#8243;][vc_single_image media=&#8221;59578&#8243; media_width_use_pixel=&#8221;yes&#8221; alignment=&#8221;right&#8221; media_width_pixel=&#8221;82&#8243;][\/vc_column_inner][vc_column_inner width=&#8221;11\/12&#8243;][vc_column_text]\r\n<h2 style=\"text-align: left;\">Our offers<\/h2>\r\n<h3 style=\"text-align: left;\">Find out about current offers below, from the entire Oh! team. C\u00e9sar is waiting for you!<\/h3>\r\n[\/vc_column_text][\/vc_column_inner][\/vc_row_inner][vc_row_inner row_inner_height_percent=&#8221;0&#8243; overlay_alpha=&#8221;50&#8243; gutter_size=&#8221;3&#8243; shift_y=&#8221;0&#8243; z_index=&#8221;0&#8243;][vc_column_inner column_width_percent=&#8221;100&#8243; position_vertical=&#8221;middle&#8221; gutter_size=&#8221;3&#8243; overlay_alpha=&#8221;50&#8243; shift_x=&#8221;0&#8243; shift_y=&#8221;0&#8243; shift_y_down=&#8221;0&#8243; z_index=&#8221;0&#8243; medium_width=&#8221;0&#8243; mobile_width=&#8221;0&#8243; width=&#8221;1\/12&#8243;][\/vc_column_inner][vc_column_inner width=&#8221;11\/12&#8243;][vc_column_text]Do you have one or more talents that you would like to develop with us?\r\n<strong>Then join us and become part of a human-scale structure and a sparkling team!<\/strong>\r\n\r\nAu Oh!! C\u00e9sar, we want every employee and every artist to evolve freely and find their own place within the cabaret.[\/vc_column_text][\/vc_column_inner][\/vc_row_inner][vc_row_inner row_inner_height_percent=&#8221;0&#8243; back_color=&#8221;color-xsdn&#8221; overlay_alpha=&#8221;50&#8243; gutter_size=&#8221;3&#8243; shift_y=&#8221;0&#8243; z_index=&#8221;0&#8243; css=&#8221;.vc_custom_1578048926064{padding-top: 15px !important;padding-right: 30px !important;padding-bottom: 30px !important;padding-left: 30px !important;}&#8221;][vc_column_inner column_width_percent=&#8221;100&#8243; position_vertical=&#8221;middle&#8221; gutter_size=&#8221;3&#8243; overlay_alpha=&#8221;50&#8243; shift_x=&#8221;0&#8243; shift_y=&#8221;0&#8243; shift_y_down=&#8221;0&#8243; z_index=&#8221;0&#8243; medium_width=&#8221;0&#8243; mobile_width=&#8221;0&#8243; width=&#8221;3\/4&#8243;][vc_column_text]\r\n<blockquote>\r\n<h4><span style=\"color: #93181b; text-transform: uppercase;\">EXTRA RESTAURANT\/WAITING ROOM SERVICE M\/F<\/span><\/h4>\r\n<\/blockquote>\r\nThe Oh! C\u00e9sar is always on the lookout for extras to add to his front-of-house team.\r\nWould you like to try your hand at Oh! C\u00e9sar ?\r\n\r\nSend your CV to <a href=\"mailto:manu.pinto@ohcesarparis.com\">manu.pinto@ohcesarparis.com\r\n<\/a>\r\n\r\n<em>Restaurant experience required<\/em>[\/vc_column_text][\/vc_column_inner][vc_column_inner column_width_percent=&#8221;100&#8243; position_vertical=&#8221;middle&#8221; gutter_size=&#8221;0&#8243; overlay_alpha=&#8221;50&#8243; shift_x=&#8221;0&#8243; shift_y=&#8221;0&#8243; shift_y_down=&#8221;0&#8243; z_index=&#8221;0&#8243; medium_width=&#8221;0&#8243; mobile_width=&#8221;0&#8243; width=&#8221;1\/4&#8243;][vc_button button_color=&#8221;accent&#8221; radius=&#8221;btn-square&#8221; border_animation=&#8221;btn-ripple-out&#8221; border_width=&#8221;0&#8243; link=&#8221;url:mailto%3Amanu.pinto%40ohcesarparis.com|target:%20_blank|&#8221; el_class=&#8221;btn-vform-groupesce&#8221;]I&#8217;m applying[\/vc_button][\/vc_column_inner][\/vc_row_inner][vc_row_inner row_inner_height_percent=&#8221;0&#8243; back_color=&#8221;color-xsdn&#8221; overlay_alpha=&#8221;50&#8243; gutter_size=&#8221;3&#8243; shift_y=&#8221;0&#8243; z_index=&#8221;0&#8243; css=&#8221;.vc_custom_1580832396857{padding-top: 15px !important;padding-right: 30px !important;padding-bottom: 30px !important;padding-left: 30px !important;}&#8221;][vc_column_inner column_width_percent=&#8221;100&#8243; position_vertical=&#8221;middle&#8221; gutter_size=&#8221;3&#8243; overlay_alpha=&#8221;50&#8243; shift_x=&#8221;0&#8243; shift_y=&#8221;0&#8243; shift_y_down=&#8221;0&#8243; z_index=&#8221;0&#8243; medium_width=&#8221;0&#8243; mobile_width=&#8221;0&#8243; width=&#8221;1\/1&#8243;][vc_column_text]\r\n<blockquote>\r\n<h4><span style=\"color: #93181b; text-transform: uppercase;\">POSITION SPECIFIC FOR SALES\/COMMUNICATION TRAINEE<\/span><\/h4>\r\n<\/blockquote>\r\n<h3>Reporting to the Sales Department, you will be responsible for :<\/h3>\r\n<ul>\r\n \t<li>Managing of quotes and bookings (works councils and companies)<\/li>\r\n \t<li>Managing of customer returns after past events (EC and companies)<\/li>\r\n \t<li>Updating customer files (works councils and companies)<\/li>\r\n \t<li>Following up previous customers and making sales proposals<\/li>\r\n \t<li>Monitoring and ensuring the consistency of publications on social networks and the website.<\/li>\r\n \t<li>Supporting and monitoring relevant communication initiatives depending on the context and issues at hand\r\nand in keeping with the spirit of the cabaret: (flyers, posters, invitations, etc.)<\/li>\r\n \t<li>Helping to organize one of events (e.g. music festival)<\/li>\r\n<\/ul>\r\n[\/vc_column_text][vc_column_text]\r\n<h3>Qualifications :<\/h3>\r\n<ul>\r\n \t<li>Excellent interpersonal, telephone and e-mail skills (impeccable written expression)<\/li>\r\n \t<li>Thoroughness, organizational skills and management of priorities<\/li>\r\n \t<li>Responsiveness and personal commitment<\/li>\r\n \t<li>Good adaptability<\/li>\r\n \t<li>Being a driving force<\/li>\r\n \t<li>Good command of Pack Office<\/li>\r\n<\/ul>\r\nThe OH !C\u00c9SAR cabaret is a legendary venue where the 3-in-1 concept combines gastronomy, artistic performances <em>(aerial acrobats, magician, comedian, juggler, musicians, dancers)<\/em>* and a clubbing evening![\/vc_column_text][vc_column_text]\r\n<h3>Profile required:<\/h3>\r\n<strong>Trainee minimum Bac + 2 &#8211; Duration 3 months to 6 months ASAP<\/strong>\r\n\r\nTelephone skills, good interpersonal skills, a dynamic attitude, a willingness to work hard and good organization will all help you to succeed in a job where team spirit is essential.[\/vc_column_text][vc_column_text]\r\n<h3>Job type :<\/h3>\r\n<strong>Full-time, Internship<\/strong>[\/vc_column_text][vc_column_text]\r\n<h3>Experiences:<\/h3>\r\nAdministrative assistant M\/F : 1 year (Desirable)\r\n<p style=\"text-align: left;\">Would you like to try your hand at Oh! C\u00e9sar ?\r\nSend your CV to <a href=\"mailto:manu.pinto@ohcesarparis.com\">manu.pinto@ohcesarparis.com<\/a><\/p>\r\n[\/vc_column_text][vc_button button_color=&#8221;accent&#8221; radius=&#8221;btn-square&#8221; border_animation=&#8221;btn-ripple-out&#8221; border_width=&#8221;0&#8243; link=&#8221;url:mailto%3Amanu.pinto%40ohcesarparis.com|target:%20_blank|&#8221; el_class=&#8221;btn-vform-groupesce&#8221;]I&#8217;m applying[\/vc_button][\/vc_column_inner][\/vc_row_inner][vc_row_inner row_inner_height_percent=&#8221;0&#8243; back_color=&#8221;color-xsdn&#8221; overlay_alpha=&#8221;50&#8243; gutter_size=&#8221;3&#8243; shift_y=&#8221;0&#8243; z_index=&#8221;0&#8243; css=&#8221;.vc_custom_1580832396857{padding-top: 15px !important;padding-right: 30px !important;padding-bottom: 30px !important;padding-left: 30px !important;}&#8221;][vc_column_inner column_width_percent=&#8221;100&#8243; position_vertical=&#8221;middle&#8221; gutter_size=&#8221;3&#8243; overlay_alpha=&#8221;50&#8243; shift_x=&#8221;0&#8243; shift_y=&#8221;0&#8243; shift_y_down=&#8221;0&#8243; z_index=&#8221;0&#8243; medium_width=&#8221;0&#8243; mobile_width=&#8221;0&#8243; width=&#8221;1\/1&#8243;][vc_column_text]\r\n<blockquote>\r\n<h4><span style=\"color: #93181b; text-transform: uppercase;\">Trainee administrative assistant job description :<\/span><\/h4>\r\n<\/blockquote>\r\n<h3><span style=\"color: #93181b; text-transform: uppercase;\">Reporting to the Administration Department, you will be responsible for :<\/span><\/h3>\r\n<ul>\r\n \t<li>Handling the receiving and making of telephone calls<\/li>\r\n \t<li>Dispatching calls to sales representatives<\/li>\r\n \t<li>Record and pass on information to sales staff in the event of absence<\/li>\r\n \t<li>Managing bookings for individuals and ticket offices in our booking software<\/li>\r\n \t<li>Updating availability table for ticket offices<\/li>\r\n \t<li>Opening and dispatching<\/li>\r\n<\/ul>\r\n[\/vc_column_text][vc_column_text]\r\n<h3>Profile required:<\/h3>\r\n<strong>Trainee minimum Bac + 2 &#8211; Duration 3 months to 6 months ASAP<\/strong>\r\n\r\nTelephone skills, good interpersonal skills, a dynamic attitude, a willingness to work hard and good organization will all help you to succeed in a job where team spirit is essential.[\/vc_column_text][vc_column_text]\r\n<h3>Job type :<\/h3>\r\n<strong>Full-time, Internship<\/strong>[\/vc_column_text][vc_column_text]\r\n<h3>Experiences:<\/h3>\r\nAdministrative assistant M\/F : 1 year (Desirable)\r\n<p style=\"text-align: left;\">Would you like to try your hand at Oh! C\u00e9sar ?\r\nSend your CV to <a href=\"mailto:manu.pinto@ohcesarparis.com\">manu.pinto@ohcesarparis.com<\/a><\/p>\r\n[\/vc_column_text][vc_button button_color=&#8221;accent&#8221; radius=&#8221;btn-square&#8221; border_animation=&#8221;btn-ripple-out&#8221; border_width=&#8221;0&#8243; link=&#8221;url:mailto%3Amanu.pinto%40ohcesarparis.com|target:%20_blank|&#8221; el_class=&#8221;btn-vform-groupesce&#8221;]I&#8217;m applying[\/vc_button][\/vc_column_inner][\/vc_row_inner][\/vc_column][\/vc_row][vc_row row_height_percent=&#8221;0&#8243; back_image=&#8221;59614&#8243; overlay_alpha=&#8221;50&#8243; gutter_size=&#8221;3&#8243; column_width_percent=&#8221;100&#8243; shift_y=&#8221;0&#8243; z_index=&#8221;0&#8243; row_name=&#8221;formulaire&#8221; css=&#8221;.vc_custom_1575037237660{padding-top: 40px !important;padding-bottom: 40px !important;}&#8221;][vc_column column_width_percent=&#8221;100&#8243; gutter_size=&#8221;3&#8243; overlay_alpha=&#8221;50&#8243; shift_x=&#8221;0&#8243; shift_y=&#8221;0&#8243; shift_y_down=&#8221;0&#8243; z_index=&#8221;0&#8243; medium_width=&#8221;0&#8243; mobile_width=&#8221;0&#8243; width=&#8221;1\/1&#8243;][vc_column_text el_class=&#8221;titre-avis&#8221;]\r\n<p style=\"font-size: 30px; font-weight: bold; text-align: center;\"><span style=\"color: #ffffff;\">CONTACT US<\/span><\/p>\r\n\r\n<h2 style=\"text-align: center; margin-top: 0px;\">As you can see, the Oh! C\u00e9sar Paris is the ideal place to go out in Paris!<\/h2>\r\n<h3 style=\"text-align: center;\">Take advantage of a visit to our beautiful capital to discover a legendary Cabaret<\/h3>\r\n[\/vc_column_text][vc_single_image media=&#8221;59478&#8243; media_width_use_pixel=&#8221;yes&#8221; media_ratio=&#8221;one-one&#8221; alignment=&#8221;center&#8221; media_width_pixel=&#8221;45&#8243;][vc_row_inner row_inner_height_percent=&#8221;0&#8243; overlay_alpha=&#8221;50&#8243; gutter_size=&#8221;3&#8243; shift_y=&#8221;0&#8243; z_index=&#8221;0&#8243; el_class=&#8221;form-fond-bleu&#8221; limit_content=&#8221;&#8221;][vc_column_inner width=&#8221;1\/6&#8243;][\/vc_column_inner][vc_column_inner column_width_percent=&#8221;100&#8243; align_horizontal=&#8221;align_center&#8221; gutter_size=&#8221;3&#8243; back_color=&#8221;color-xsdn&#8221; overlay_alpha=&#8221;50&#8243; shift_x=&#8221;0&#8243; shift_y=&#8221;0&#8243; shift_y_down=&#8221;0&#8243; z_index=&#8221;0&#8243; medium_width=&#8221;0&#8243; mobile_width=&#8221;0&#8243; width=&#8221;1\/3&#8243; link_to=&#8221;url:https%3A%2F%2Fohcesarparis.com%2Fcontact%2F%23contact-form&#8221; el_class=&#8221;bloc-mail&#8221;][vc_icon icon=&#8221;fa fa-envelope-o&#8221; icon_color=&#8221;accent&#8221; size=&#8221;fa-3x&#8221; linked_title=&#8221;yes&#8221; text_lead=&#8221;yes&#8221; link=&#8221;url:https%3A%2F%2Fohcesarparis.com%2Fcontact%2F%23contact-form-ancre&#8221;]\r\n<h3><span style=\"color: #93181b;\">YOUR REQUEST<\/span><\/h3>\r\n[\/vc_icon][vc_button button_color=&#8221;color-397464&#8243; size=&#8221;btn-link&#8221; radius=&#8221;btn-round&#8221; border_animation=&#8221;btn-ripple-in&#8221; wide=&#8221;yes&#8221; border_width=&#8221;0&#8243; link=&#8221;url:https%3A%2F%2Fohcesarparis.com%2Fen%2Fcontact%2F%23contact-form-ancre|&#8221; el_class=&#8221;underline-red&#8221;]By Email : click here[\/vc_button][\/vc_column_inner][vc_column_inner column_width_percent=&#8221;100&#8243; align_horizontal=&#8221;align_center&#8221; gutter_size=&#8221;3&#8243; back_color=&#8221;color-397464&#8243; overlay_alpha=&#8221;50&#8243; shift_x=&#8221;0&#8243; shift_y=&#8221;0&#8243; shift_y_down=&#8221;0&#8243; z_index=&#8221;0&#8243; medium_width=&#8221;0&#8243; mobile_width=&#8221;0&#8243; width=&#8221;1\/3&#8243; link_to=&#8221;url:https%3A%2F%2Fohcesarparis.com%2Fcontact%2F&#8221; el_class=&#8221;bloc-tel&#8221;][vc_icon icon=&#8221;fa fa-phone-handset&#8221; icon_color=&#8221;color-xsdn&#8221; size=&#8221;fa-3x&#8221; linked_title=&#8221;yes&#8221; text_lead=&#8221;yes&#8221; link=&#8221;url:https%3A%2F%2Fohcesarparis.com%2Fcontact%2F&#8221;]\r\n<h3><span style=\"color: #ffffff;\">YOUR REQUEST<\/span><\/h3>\r\n[\/vc_icon][vc_button button_color=&#8221;color-lxmt&#8221; size=&#8221;btn-link&#8221; radius=&#8221;btn-round&#8221; border_animation=&#8221;btn-ripple-in&#8221; wide=&#8221;yes&#8221; hover_fx=&#8221;outlined&#8221; border_width=&#8221;0&#8243; link=&#8221;url:https%3A%2F%2Fohcesarparis.com%2Fen%2Fcontact%2F|&#8221; el_class=&#8221;underline&#8221;]BY PHONE: 01 45 44 46 20[\/vc_button][\/vc_column_inner][vc_column_inner width=&#8221;1\/6&#8243;][\/vc_column_inner][\/vc_row_inner][\/vc_column][\/vc_row]<\/div>","protected":false},"excerpt":{"rendered":"[vc_row row_height_percent=&#8221;0&#8243; back_color=&#8221;color-143597&#8243; back_image=&#8221;59724&#8243; overlay_alpha=&#8221;50&#8243; gutter_size=&#8221;3&#8243; column_width_percent=&#8221;100&#8243; shift_y=&#8221;0&#8243; z_index=&#8221;0&#8243; el_class=&#8221;titre-page&#8221;][vc_column column_width_percent=&#8221;100&#8243; align_horizontal=&#8221;align_center&#8221; gutter_size=&#8221;3&#8243; style=&#8221;dark&#8221; overlay_alpha=&#8221;50&#8243; shift_x=&#8221;0&#8243; shift_y=&#8221;0&#8243; shift_y_down=&#8221;0&#8243; z_index=&#8221;0&#8243; medium_width=&#8221;0&#8243; [&hellip;]","protected":false},"author":4,"featured_media":0,"parent":0,"menu_order":0,"comment_status":"closed","ping_status":"closed","template":"","meta":{"footnotes":""},"class_list":["post-69445","page","type-page","status-publish","hentry"],"yoast_head":"<!-- This site is optimized with the Yoast SEO plugin v26.9 - https:\/\/yoast.com\/product\/yoast-seo-wordpress\/ -->\n<title>Cabaret Recruitment &amp; Casting - Cabaret Oh! C\u00e9sar<\/title>\n<meta name=\"description\" content=\"The Oh! C\u00e9sar is always on the lookout for new talent to add to its sales team and its troupe of artists!\" \/>\n<meta name=\"robots\" content=\"index, follow, max-snippet:-1, max-image-preview:large, max-video-preview:-1\" \/>\n<link rel=\"canonical\" href=\"https:\/\/ohcesarparis.com\/pt-pt\/recruitment\/\" \/>\n<meta property=\"og:locale\" content=\"pt_PT\" \/>\n<meta property=\"og:type\" content=\"article\" \/>\n<meta property=\"og:title\" content=\"Cabaret Recruitment &amp; Casting - Cabaret Oh! C\u00e9sar\" \/>\n<meta property=\"og:description\" content=\"The Oh! C\u00e9sar is always on the lookout for new talent to add to its sales team and its troupe of artists!\" \/>\n<meta property=\"og:url\" content=\"https:\/\/ohcesarparis.com\/pt-pt\/recruitment\/\" \/>\n<meta property=\"og:site_name\" content=\"Oh C\u00e9sar by C\u00e9sar Palace Paris\" \/>\n<meta property=\"article:publisher\" content=\"https:\/\/www.facebook.com\/CesarPalaceParis\" \/>\n<meta property=\"article:modified_time\" content=\"2024-03-18T16:18:05+00:00\" \/>\n<meta name=\"twitter:card\" content=\"summary_large_image\" \/>\n<meta name=\"twitter:site\" content=\"@CsarPalaceParis\" \/>\n<meta name=\"twitter:label1\" content=\"Tempo estimado de leitura\" \/>\n\t<meta name=\"twitter:data1\" content=\"8 minutos\" \/>\n<script type=\"application\/ld+json\" class=\"yoast-schema-graph\">{\"@context\":\"https:\/\/schema.org\",\"@graph\":[{\"@type\":\"WebPage\",\"@id\":\"https:\/\/ohcesarparis.com\/pt-pt\/recruitment\/\",\"url\":\"https:\/\/ohcesarparis.com\/pt-pt\/recruitment\/\",\"name\":\"Cabaret Recruitment & Casting - Cabaret Oh! C\u00e9sar\",\"isPartOf\":{\"@id\":\"https:\/\/ohcesarparis.com\/pt-pt\/#website\"},\"datePublished\":\"2018-11-07T15:52:25+00:00\",\"dateModified\":\"2024-03-18T16:18:05+00:00\",\"description\":\"The Oh! C\u00e9sar is always on the lookout for new talent to add to its sales team and its troupe of artists!\",\"breadcrumb\":{\"@id\":\"https:\/\/ohcesarparis.com\/pt-pt\/recruitment\/#breadcrumb\"},\"inLanguage\":\"pt-PT\",\"potentialAction\":[{\"@type\":\"ReadAction\",\"target\":[\"https:\/\/ohcesarparis.com\/pt-pt\/recruitment\/\"]}]},{\"@type\":\"BreadcrumbList\",\"@id\":\"https:\/\/ohcesarparis.com\/pt-pt\/recruitment\/#breadcrumb\",\"itemListElement\":[{\"@type\":\"ListItem\",\"position\":1,\"name\":\"Accueil\",\"item\":\"https:\/\/ohcesarparis.com\/pt-pt\/\"},{\"@type\":\"ListItem\",\"position\":2,\"name\":\"Recruitment\"}]},{\"@type\":\"WebSite\",\"@id\":\"https:\/\/ohcesarparis.com\/pt-pt\/#website\",\"url\":\"https:\/\/ohcesarparis.com\/pt-pt\/\",\"name\":\"Oh C\u00e9sar by C\u00e9sar Palace Paris\",\"description\":\"Passez une soir\u00e9e de r\u00eave au cabaret\",\"publisher\":{\"@id\":\"https:\/\/ohcesarparis.com\/pt-pt\/#organization\"},\"potentialAction\":[{\"@type\":\"SearchAction\",\"target\":{\"@type\":\"EntryPoint\",\"urlTemplate\":\"https:\/\/ohcesarparis.com\/pt-pt\/?s={search_term_string}\"},\"query-input\":{\"@type\":\"PropertyValueSpecification\",\"valueRequired\":true,\"valueName\":\"search_term_string\"}}],\"inLanguage\":\"pt-PT\"},{\"@type\":\"Organization\",\"@id\":\"https:\/\/ohcesarparis.com\/pt-pt\/#organization\",\"name\":\"Oh Cesar Paris\",\"url\":\"https:\/\/ohcesarparis.com\/pt-pt\/\",\"logo\":{\"@type\":\"ImageObject\",\"inLanguage\":\"pt-PT\",\"@id\":\"https:\/\/ohcesarparis.com\/pt-pt\/#\/schema\/logo\/image\/\",\"url\":\"https:\/\/ohcesarparis.com\/wp-content\/uploads\/2017\/03\/logo-oh-cesar-by-cesar-palace-paris.png\",\"contentUrl\":\"https:\/\/ohcesarparis.com\/wp-content\/uploads\/2017\/03\/logo-oh-cesar-by-cesar-palace-paris.png\",\"width\":240,\"height\":70,\"caption\":\"Oh Cesar Paris\"},\"image\":{\"@id\":\"https:\/\/ohcesarparis.com\/pt-pt\/#\/schema\/logo\/image\/\"},\"sameAs\":[\"https:\/\/www.facebook.com\/CesarPalaceParis\",\"https:\/\/x.com\/CsarPalaceParis\",\"https:\/\/www.instagram.com\/cesarpalaceparis\/\"]}]}<\/script>\n<!-- \/ Yoast SEO plugin. -->","yoast_head_json":{"title":"Cabaret Recruitment & Casting - Cabaret Oh! C\u00e9sar","description":"The Oh! C\u00e9sar is always on the lookout for new talent to add to its sales team and its troupe of artists!","robots":{"index":"index","follow":"follow","max-snippet":"max-snippet:-1","max-image-preview":"max-image-preview:large","max-video-preview":"max-video-preview:-1"},"canonical":"https:\/\/ohcesarparis.com\/pt-pt\/recruitment\/","og_locale":"pt_PT","og_type":"article","og_title":"Cabaret Recruitment & Casting - Cabaret Oh! C\u00e9sar","og_description":"The Oh! C\u00e9sar is always on the lookout for new talent to add to its sales team and its troupe of artists!","og_url":"https:\/\/ohcesarparis.com\/pt-pt\/recruitment\/","og_site_name":"Oh C\u00e9sar by C\u00e9sar Palace Paris","article_publisher":"https:\/\/www.facebook.com\/CesarPalaceParis","article_modified_time":"2024-03-18T16:18:05+00:00","twitter_card":"summary_large_image","twitter_site":"@CsarPalaceParis","twitter_misc":{"Tempo estimado de leitura":"8 minutos"},"schema":{"@context":"https:\/\/schema.org","@graph":[{"@type":"WebPage","@id":"https:\/\/ohcesarparis.com\/pt-pt\/recruitment\/","url":"https:\/\/ohcesarparis.com\/pt-pt\/recruitment\/","name":"Cabaret Recruitment & Casting - Cabaret Oh! C\u00e9sar","isPartOf":{"@id":"https:\/\/ohcesarparis.com\/pt-pt\/#website"},"datePublished":"2018-11-07T15:52:25+00:00","dateModified":"2024-03-18T16:18:05+00:00","description":"The Oh! C\u00e9sar is always on the lookout for new talent to add to its sales team and its troupe of artists!","breadcrumb":{"@id":"https:\/\/ohcesarparis.com\/pt-pt\/recruitment\/#breadcrumb"},"inLanguage":"pt-PT","potentialAction":[{"@type":"ReadAction","target":["https:\/\/ohcesarparis.com\/pt-pt\/recruitment\/"]}]},{"@type":"BreadcrumbList","@id":"https:\/\/ohcesarparis.com\/pt-pt\/recruitment\/#breadcrumb","itemListElement":[{"@type":"ListItem","position":1,"name":"Accueil","item":"https:\/\/ohcesarparis.com\/pt-pt\/"},{"@type":"ListItem","position":2,"name":"Recruitment"}]},{"@type":"WebSite","@id":"https:\/\/ohcesarparis.com\/pt-pt\/#website","url":"https:\/\/ohcesarparis.com\/pt-pt\/","name":"Oh C\u00e9sar by C\u00e9sar Palace Paris","description":"Passez une soir\u00e9e de r\u00eave au cabaret","publisher":{"@id":"https:\/\/ohcesarparis.com\/pt-pt\/#organization"},"potentialAction":[{"@type":"SearchAction","target":{"@type":"EntryPoint","urlTemplate":"https:\/\/ohcesarparis.com\/pt-pt\/?s={search_term_string}"},"query-input":{"@type":"PropertyValueSpecification","valueRequired":true,"valueName":"search_term_string"}}],"inLanguage":"pt-PT"},{"@type":"Organization","@id":"https:\/\/ohcesarparis.com\/pt-pt\/#organization","name":"Oh Cesar Paris","url":"https:\/\/ohcesarparis.com\/pt-pt\/","logo":{"@type":"ImageObject","inLanguage":"pt-PT","@id":"https:\/\/ohcesarparis.com\/pt-pt\/#\/schema\/logo\/image\/","url":"https:\/\/ohcesarparis.com\/wp-content\/uploads\/2017\/03\/logo-oh-cesar-by-cesar-palace-paris.png","contentUrl":"https:\/\/ohcesarparis.com\/wp-content\/uploads\/2017\/03\/logo-oh-cesar-by-cesar-palace-paris.png","width":240,"height":70,"caption":"Oh Cesar Paris"},"image":{"@id":"https:\/\/ohcesarparis.com\/pt-pt\/#\/schema\/logo\/image\/"},"sameAs":["https:\/\/www.facebook.com\/CesarPalaceParis","https:\/\/x.com\/CsarPalaceParis","https:\/\/www.instagram.com\/cesarpalaceparis\/"]}]}},"_links":{"self":[{"href":"https:\/\/ohcesarparis.com\/pt-pt\/wp-json\/wp\/v2\/pages\/69445","targetHints":{"allow":["GET"]}}],"collection":[{"href":"https:\/\/ohcesarparis.com\/pt-pt\/wp-json\/wp\/v2\/pages"}],"about":[{"href":"https:\/\/ohcesarparis.com\/pt-pt\/wp-json\/wp\/v2\/types\/page"}],"author":[{"embeddable":true,"href":"https:\/\/ohcesarparis.com\/pt-pt\/wp-json\/wp\/v2\/users\/4"}],"replies":[{"embeddable":true,"href":"https:\/\/ohcesarparis.com\/pt-pt\/wp-json\/wp\/v2\/comments?post=69445"}],"version-history":[{"count":1,"href":"https:\/\/ohcesarparis.com\/pt-pt\/wp-json\/wp\/v2\/pages\/69445\/revisions"}],"predecessor-version":[{"id":69460,"href":"https:\/\/ohcesarparis.com\/pt-pt\/wp-json\/wp\/v2\/pages\/69445\/revisions\/69460"}],"wp:attachment":[{"href":"https:\/\/ohcesarparis.com\/pt-pt\/wp-json\/wp\/v2\/media?parent=69445"}],"curies":[{"name":"wp","href":"https:\/\/api.w.org\/{rel}","templated":true}]}}