{"id":69391,"date":"2019-06-25T15:32:32","date_gmt":"2019-06-25T13:32:32","guid":{"rendered":"https:\/\/ohcesarparis.com\/tourism-professionals\/"},"modified":"2024-03-22T10:53:16","modified_gmt":"2024-03-22T09:53:16","slug":"tourism-professionals","status":"publish","type":"page","link":"https:\/\/ohcesarparis.com\/pt-pt\/tourism-professionals\/","title":{"rendered":"TOURISM PROFESSIONALS"},"content":{"rendered":"<div class=\"wpb-content-wrapper\">[vc_row row_height_percent=&#8221;0&#8243; back_color=&#8221;color-143597&#8243; back_image=&#8221;59724&#8243; overlay_alpha=&#8221;50&#8243; gutter_size=&#8221;3&#8243; column_width_percent=&#8221;100&#8243; shift_y=&#8221;0&#8243; z_index=&#8221;0&#8243; el_class=&#8221;titre-page&#8221;][vc_column column_width_percent=&#8221;100&#8243; align_horizontal=&#8221;align_center&#8221; gutter_size=&#8221;3&#8243; style=&#8221;dark&#8221; overlay_alpha=&#8221;50&#8243; shift_x=&#8221;0&#8243; shift_y=&#8221;0&#8243; shift_y_down=&#8221;0&#8243; z_index=&#8221;0&#8243; medium_width=&#8221;0&#8243; mobile_width=&#8221;0&#8243; width=&#8221;1\/1&#8243;][vc_column_text]\r\n<h1>Tourism professionals<\/h1>\r\n<h2>Share a unique moment with your customers at the Oh! cabaret. C\u00e9sar<\/h2>\r\n[\/vc_column_text][vc_button button_color=&#8221;accent&#8221; border_width=&#8221;0&#8243; link=&#8221;url:https%3A%2F%2Fohcesarparis.com%2Fen%2Fcontact%2F|&#8221;]Contact us[\/vc_button][\/vc_column][\/vc_row][vc_row unlock_row_content=&#8221;yes&#8221; row_height_percent=&#8221;0&#8243; back_image=&#8221;59552&#8243; back_attachment=&#8221;fixed&#8221; overlay_alpha=&#8221;50&#8243; gutter_size=&#8221;3&#8243; column_width_percent=&#8221;100&#8243; shift_y=&#8221;0&#8243; z_index=&#8221;0&#8243; css=&#8221;.vc_custom_1578673962654{padding-top: 30px !important;padding-bottom: 30px !important;}&#8221;][vc_column width=&#8221;1\/12&#8243;][\/vc_column][vc_column width=&#8221;10\/12&#8243;][vc_row_inner row_inner_height_percent=&#8221;0&#8243; overlay_alpha=&#8221;50&#8243; gutter_size=&#8221;3&#8243; shift_y=&#8221;0&#8243; z_index=&#8221;0&#8243; css=&#8221;.vc_custom_1575303083303{margin-top: 0px !important;padding-top: 20px !important;}&#8221;][vc_column_inner column_width_percent=&#8221;100&#8243; position_vertical=&#8221;middle&#8221; gutter_size=&#8221;3&#8243; overlay_alpha=&#8221;50&#8243; border_color=&#8221;accent&#8221; border_style=&#8221;dotted&#8221; shift_x=&#8221;0&#8243; shift_y=&#8221;0&#8243; shift_y_down=&#8221;0&#8243; z_index=&#8221;0&#8243; medium_width=&#8221;0&#8243; mobile_width=&#8221;0&#8243; width=&#8221;1\/2&#8243; el_class=&#8221;txt-intro&#8221; css=&#8221;.vc_custom_1573574291469{border-left-width: 3px !important;padding-left: 30px !important;}&#8221;][vc_column_text el_class=&#8221;txt-justify&#8221;]\r\n<h4>Introduce your group and IRM clients to a not-to-be-missed Parisian cabaret!<\/h4>\r\n<strong>How can we not think about programming the Oh! C\u00e9sar on your trips to Paris?<\/strong>\r\n\r\nGive your customers unforgettable memories by discovering the Oh! C\u00e9sar, a Parisian cabaret not to be missed! Located in the popular and artistic district of Montparnasse, a stone&#8217;s throw from the train station and at the foot of the emblematic Tower, the Oh! C\u00e9sar is the perfect place to entertain all your customers, whether they are in a group or a GIR.\r\n\r\nTourism professionals benefit from special rates and advantages for organising group or private lunches or dinner shows. The teams from Oh! C\u00e9sar will put their organisational expertise at your disposal to ensure you have an unforgettable experience.\r\n\r\n<strong>Don&#8217;t hesitate to contact Christel, your dedicated contact, to organise a tailor-made event. Treat your customers to a unique experience at the Oh! C\u00e9sar..<\/strong>\r\n\r\n[\/vc_column_text][\/vc_column_inner][vc_column_inner column_width_percent=&#8221;100&#8243; position_vertical=&#8221;middle&#8221; align_horizontal=&#8221;align_center&#8221; gutter_size=&#8221;3&#8243; overlay_alpha=&#8221;50&#8243; shift_x=&#8221;0&#8243; shift_y=&#8221;0&#8243; shift_y_down=&#8221;0&#8243; z_index=&#8221;0&#8243; medium_width=&#8221;0&#8243; mobile_width=&#8221;0&#8243; width=&#8221;1\/4&#8243; css=&#8221;.vc_custom_1575301223338{padding-top: 80px !important;}&#8221;][vc_single_image media=&#8221;59760&#8243; media_width_percent=&#8221;100&#8243; alignment=&#8221;center&#8221;][vc_single_image media=&#8221;60636&#8243; media_width_percent=&#8221;100&#8243; alignment=&#8221;center&#8221;][\/vc_column_inner][vc_column_inner width=&#8221;1\/4&#8243;][vc_single_image media=&#8221;60634&#8243; media_width_percent=&#8221;100&#8243; alignment=&#8221;center&#8221;][vc_single_image media=&#8221;60635&#8243; media_width_percent=&#8221;100&#8243; alignment=&#8221;center&#8221;][\/vc_column_inner][\/vc_row_inner][\/vc_column][vc_column width=&#8221;1\/12&#8243;][\/vc_column][\/vc_row][vc_row row_height_percent=&#8221;0&#8243; override_padding=&#8221;yes&#8221; h_padding=&#8221;0&#8243; top_padding=&#8221;3&#8243; bottom_padding=&#8221;3&#8243; back_color=&#8221;color-xsdn&#8221; overlay_alpha=&#8221;80&#8243; gutter_size=&#8221;0&#8243; column_width_percent=&#8221;100&#8243; shift_y=&#8221;0&#8243; z_index=&#8221;0&#8243; css=&#8221;.vc_custom_1636447195825{padding-top: 30px !important;padding-bottom: 50px !important;}&#8221;][vc_column column_width_percent=&#8221;100&#8243; gutter_size=&#8221;3&#8243; style=&#8221;light&#8221; overlay_alpha=&#8221;50&#8243; shift_x=&#8221;0&#8243; shift_y=&#8221;0&#8243; shift_y_down=&#8221;0&#8243; z_index=&#8221;0&#8243; medium_width=&#8221;0&#8243; mobile_width=&#8221;0&#8243; width=&#8221;2\/4&#8243;][vc_row_inner row_inner_height_percent=&#8221;0&#8243; overlay_alpha=&#8221;50&#8243; gutter_size=&#8221;3&#8243; shift_y=&#8221;0&#8243; z_index=&#8221;0&#8243; css=&#8221;.vc_custom_1578672291274{padding-top: 40px !important;}&#8221;][vc_column_inner column_width_percent=&#8221;100&#8243; position_vertical=&#8221;middle&#8221; gutter_size=&#8221;3&#8243; overlay_alpha=&#8221;50&#8243; shift_x=&#8221;0&#8243; shift_y=&#8221;0&#8243; shift_y_down=&#8221;0&#8243; z_index=&#8221;0&#8243; medium_width=&#8221;0&#8243; mobile_width=&#8221;0&#8243; width=&#8221;1\/4&#8243;][vc_single_image media=&#8221;59578&#8243; media_width_percent=&#8221;50&#8243; alignment=&#8221;right&#8221;][\/vc_column_inner][vc_column_inner column_width_percent=&#8221;100&#8243; gutter_size=&#8221;3&#8243; style=&#8221;light&#8221; overlay_alpha=&#8221;50&#8243; shift_x=&#8221;0&#8243; shift_y=&#8221;0&#8243; shift_y_down=&#8221;0&#8243; z_index=&#8221;0&#8243; medium_width=&#8221;0&#8243; mobile_width=&#8221;0&#8243; width=&#8221;3\/4&#8243;][vc_column_text]\r\n<h2>Participation in trade fairs<\/h2>\r\n<h3>Don&#8217;t hesitate to contact us<strong>\r\n<\/strong><\/h3>\r\n[\/vc_column_text][\/vc_column_inner][\/vc_row_inner][vc_column_text el_class=&#8221;txt-justify&#8221;]The Oh! C\u00e9sar also takes part in trade fairs dedicated to you and in workshops that you organise for your customers, so don&#8217;t hesitate to contact us to meet us or to request our presence at your trade fairs.[\/vc_column_text][\/vc_column][vc_column column_width_percent=&#8221;100&#8243; position_vertical=&#8221;middle&#8221; gutter_size=&#8221;3&#8243; overlay_alpha=&#8221;50&#8243; shift_x=&#8221;0&#8243; shift_y=&#8221;0&#8243; shift_y_down=&#8221;0&#8243; z_index=&#8221;0&#8243; medium_width=&#8221;0&#8243; mobile_width=&#8221;0&#8243; width=&#8221;1\/4&#8243;]<div class=\"ih-item  circle effect10 left_to_right\" >\r\n\t<a class=\"taphover\"  href=\"https:\/\/ohcesarparis.com\/en\/group-lunch\/\" target=\"\"> \r\n\t\t  \r\n\t  <div class=\"img\"><img decoding=\"async\" class=\"responsiveimage\" src=\"https:\/\/ohcesarparis.com\/wp-content\/uploads\/2023\/06\/lunch-menus.png\" alt=\"img\"><\/div>\r\n\t  \r\n\t  \t\t<div class=\"info\">\r\n\t    <div class=\"info-back\" >\r\n\t      <h3><\/h3>\r\n\t      \t    <\/div>\r\n\t  <\/div>\r\n\t  \t<\/a>\r\n<\/div>[\/vc_column][vc_column column_width_percent=&#8221;100&#8243; position_vertical=&#8221;middle&#8221; gutter_size=&#8221;3&#8243; overlay_alpha=&#8221;50&#8243; shift_x=&#8221;0&#8243; shift_y=&#8221;0&#8243; shift_y_down=&#8221;0&#8243; z_index=&#8221;0&#8243; medium_width=&#8221;0&#8243; mobile_width=&#8221;0&#8243; width=&#8221;1\/4&#8243;]<div class=\"ih-item  circle effect10 left_to_right\" >\r\n\t<a class=\"taphover\"  href=\"https:\/\/ohcesarparis.com\/en\/group-dinner\/\" target=\"\"> \r\n\t\t  \r\n\t  <div class=\"img\"><img decoding=\"async\" class=\"responsiveimage\" src=\"https:\/\/ohcesarparis.com\/wp-content\/uploads\/2023\/06\/dinner-menus.png\" alt=\"img\"><\/div>\r\n\t  \r\n\t  \t\t<div class=\"info\">\r\n\t    <div class=\"info-back\" >\r\n\t      <h3><\/h3>\r\n\t      \t    <\/div>\r\n\t  <\/div>\r\n\t  \t<\/a>\r\n<\/div>[\/vc_column][\/vc_row][vc_row row_height_percent=&#8221;0&#8243; back_image=&#8221;59614&#8243; overlay_alpha=&#8221;50&#8243; gutter_size=&#8221;3&#8243; column_width_percent=&#8221;100&#8243; shift_y=&#8221;0&#8243; z_index=&#8221;0&#8243; row_name=&#8221;formulaire&#8221; css=&#8221;.vc_custom_1575037237660{padding-top: 40px !important;padding-bottom: 40px !important;}&#8221;][vc_column column_width_percent=&#8221;100&#8243; gutter_size=&#8221;3&#8243; overlay_alpha=&#8221;50&#8243; shift_x=&#8221;0&#8243; shift_y=&#8221;0&#8243; shift_y_down=&#8221;0&#8243; z_index=&#8221;0&#8243; medium_width=&#8221;0&#8243; mobile_width=&#8221;0&#8243; width=&#8221;1\/1&#8243;][vc_column_text el_class=&#8221;titre-avis&#8221;]\r\n<p style=\"font-size: 30px; font-weight: bold; text-align: center;\"><span style=\"color: #ffffff;\">CONTACT US<\/span><\/p>\r\n\r\n<h2 style=\"text-align: center; margin-top: 0px;\">As you can see, the Oh! C\u00e9sar is the ideal place to go out in Paris!<\/h2>\r\n<h3 style=\"text-align: center;\">Take advantage of a visit to our beautiful capital to discover a legendary Cabaret<\/h3>\r\n[\/vc_column_text][vc_single_image media=&#8221;59478&#8243; media_width_use_pixel=&#8221;yes&#8221; media_ratio=&#8221;one-one&#8221; alignment=&#8221;center&#8221; media_width_pixel=&#8221;45&#8243;][vc_row_inner row_inner_height_percent=&#8221;0&#8243; overlay_alpha=&#8221;50&#8243; gutter_size=&#8221;3&#8243; shift_y=&#8221;0&#8243; z_index=&#8221;0&#8243; el_class=&#8221;form-fond-bleu&#8221; limit_content=&#8221;&#8221;][vc_column_inner width=&#8221;1\/6&#8243;][\/vc_column_inner][vc_column_inner column_width_percent=&#8221;100&#8243; align_horizontal=&#8221;align_center&#8221; gutter_size=&#8221;3&#8243; back_color=&#8221;color-xsdn&#8221; overlay_alpha=&#8221;50&#8243; shift_x=&#8221;0&#8243; shift_y=&#8221;0&#8243; shift_y_down=&#8221;0&#8243; z_index=&#8221;0&#8243; medium_width=&#8221;0&#8243; mobile_width=&#8221;0&#8243; width=&#8221;1\/3&#8243; link_to=&#8221;url:https%3A%2F%2Fohcesarparis.com%2Fen%2Fcontact%2F%23contact-form-ancre&#8221; el_class=&#8221;bloc-mail&#8221;][vc_icon icon=&#8221;fa fa-envelope-o&#8221; icon_color=&#8221;accent&#8221; size=&#8221;fa-3x&#8221; linked_title=&#8221;yes&#8221; text_lead=&#8221;yes&#8221; link=&#8221;url:https%3A%2F%2Fohcesarparis.com%2Fen%2Fcontact%2F%23contact-form-ancre&#8221;]\r\n<h3><span style=\"color: #93181b;\">YOUR REQUEST<\/span><\/h3>\r\n[\/vc_icon][vc_button button_color=&#8221;color-397464&#8243; size=&#8221;btn-link&#8221; radius=&#8221;btn-round&#8221; border_animation=&#8221;btn-ripple-in&#8221; wide=&#8221;yes&#8221; border_width=&#8221;0&#8243; link=&#8221;url:https%3A%2F%2Fohcesarparis.com%2Fen%2Fcontact%2F%23contact-form-ancre&#8221; el_class=&#8221;underline-red&#8221;]By Email : click here[\/vc_button][\/vc_column_inner][vc_column_inner column_width_percent=&#8221;100&#8243; align_horizontal=&#8221;align_center&#8221; gutter_size=&#8221;3&#8243; back_color=&#8221;color-397464&#8243; overlay_alpha=&#8221;50&#8243; shift_x=&#8221;0&#8243; shift_y=&#8221;0&#8243; shift_y_down=&#8221;0&#8243; z_index=&#8221;0&#8243; medium_width=&#8221;0&#8243; mobile_width=&#8221;0&#8243; width=&#8221;1\/3&#8243; link_to=&#8221;url:https%3A%2F%2Fohcesarparis.com%2Fcontact%2F&#8221; el_class=&#8221;bloc-tel&#8221;][vc_icon icon=&#8221;fa fa-phone-handset&#8221; icon_color=&#8221;color-xsdn&#8221; size=&#8221;fa-3x&#8221; linked_title=&#8221;yes&#8221; text_lead=&#8221;yes&#8221; link=&#8221;url:https%3A%2F%2Fohcesarparis.com%2Fcontact%2F&#8221;]\r\n<h3><span style=\"color: #ffffff;\">YOUR REQUEST<\/span><\/h3>\r\n[\/vc_icon][vc_button button_color=&#8221;color-lxmt&#8221; size=&#8221;btn-link&#8221; radius=&#8221;btn-round&#8221; border_animation=&#8221;btn-ripple-in&#8221; wide=&#8221;yes&#8221; hover_fx=&#8221;outlined&#8221; border_width=&#8221;0&#8243; link=&#8221;url:https%3A%2F%2Fohcesarparis.com%2Fen%2Fcontact%2F&#8221; el_class=&#8221;underline&#8221;]BY TELEPHONE: 01 45 44 46 20[\/vc_button][\/vc_column_inner][vc_column_inner width=&#8221;1\/6&#8243;][\/vc_column_inner][\/vc_row_inner][\/vc_column][\/vc_row]<\/div>","protected":false},"excerpt":{"rendered":"[vc_row row_height_percent=&#8221;0&#8243; back_color=&#8221;color-143597&#8243; back_image=&#8221;59724&#8243; overlay_alpha=&#8221;50&#8243; gutter_size=&#8221;3&#8243; column_width_percent=&#8221;100&#8243; shift_y=&#8221;0&#8243; z_index=&#8221;0&#8243; el_class=&#8221;titre-page&#8221;][vc_column column_width_percent=&#8221;100&#8243; align_horizontal=&#8221;align_center&#8221; gutter_size=&#8221;3&#8243; style=&#8221;dark&#8221; overlay_alpha=&#8221;50&#8243; shift_x=&#8221;0&#8243; shift_y=&#8221;0&#8243; shift_y_down=&#8221;0&#8243; z_index=&#8221;0&#8243; medium_width=&#8221;0&#8243; [&hellip;]","protected":false},"author":4,"featured_media":0,"parent":0,"menu_order":0,"comment_status":"closed","ping_status":"closed","template":"","meta":{"footnotes":""},"class_list":["post-69391","page","type-page","status-publish","hentry"],"yoast_head":"<!-- This site is optimized with the Yoast SEO plugin v26.9 - https:\/\/yoast.com\/product\/yoast-seo-wordpress\/ -->\n<title>Reservations for tourism professionals - Cabaret Oh! C\u00e9sar<\/title>\n<meta name=\"description\" content=\"The Oh! C\u00e9sar offers tourism professionals special rates for unforgettable evenings in Paris!\" \/>\n<meta name=\"robots\" content=\"index, follow, max-snippet:-1, max-image-preview:large, max-video-preview:-1\" \/>\n<link rel=\"canonical\" href=\"https:\/\/ohcesarparis.com\/pt-pt\/tourism-professionals\/\" \/>\n<meta property=\"og:locale\" content=\"pt_PT\" \/>\n<meta property=\"og:type\" content=\"article\" \/>\n<meta property=\"og:title\" content=\"Reservations for tourism professionals - Cabaret Oh! C\u00e9sar\" \/>\n<meta property=\"og:description\" content=\"The Oh! C\u00e9sar offers tourism professionals special rates for unforgettable evenings in Paris!\" \/>\n<meta property=\"og:url\" content=\"https:\/\/ohcesarparis.com\/pt-pt\/tourism-professionals\/\" \/>\n<meta property=\"og:site_name\" content=\"Oh C\u00e9sar by C\u00e9sar Palace Paris\" \/>\n<meta property=\"article:publisher\" content=\"https:\/\/www.facebook.com\/CesarPalaceParis\" \/>\n<meta property=\"article:modified_time\" content=\"2024-03-22T09:53:16+00:00\" \/>\n<meta name=\"twitter:card\" content=\"summary_large_image\" \/>\n<meta name=\"twitter:site\" content=\"@CsarPalaceParis\" \/>\n<meta name=\"twitter:label1\" content=\"Tempo estimado de leitura\" \/>\n\t<meta name=\"twitter:data1\" content=\"6 minutos\" \/>\n<script type=\"application\/ld+json\" class=\"yoast-schema-graph\">{\"@context\":\"https:\/\/schema.org\",\"@graph\":[{\"@type\":\"WebPage\",\"@id\":\"https:\/\/ohcesarparis.com\/pt-pt\/tourism-professionals\/\",\"url\":\"https:\/\/ohcesarparis.com\/pt-pt\/tourism-professionals\/\",\"name\":\"Reservations for tourism professionals - Cabaret Oh! C\u00e9sar\",\"isPartOf\":{\"@id\":\"https:\/\/ohcesarparis.com\/pt-pt\/#website\"},\"datePublished\":\"2019-06-25T13:32:32+00:00\",\"dateModified\":\"2024-03-22T09:53:16+00:00\",\"description\":\"The Oh! C\u00e9sar offers tourism professionals special rates for unforgettable evenings in Paris!\",\"breadcrumb\":{\"@id\":\"https:\/\/ohcesarparis.com\/pt-pt\/tourism-professionals\/#breadcrumb\"},\"inLanguage\":\"pt-PT\",\"potentialAction\":[{\"@type\":\"ReadAction\",\"target\":[\"https:\/\/ohcesarparis.com\/pt-pt\/tourism-professionals\/\"]}]},{\"@type\":\"BreadcrumbList\",\"@id\":\"https:\/\/ohcesarparis.com\/pt-pt\/tourism-professionals\/#breadcrumb\",\"itemListElement\":[{\"@type\":\"ListItem\",\"position\":1,\"name\":\"Accueil\",\"item\":\"https:\/\/ohcesarparis.com\/pt-pt\/\"},{\"@type\":\"ListItem\",\"position\":2,\"name\":\"TOURISM PROFESSIONALS\"}]},{\"@type\":\"WebSite\",\"@id\":\"https:\/\/ohcesarparis.com\/pt-pt\/#website\",\"url\":\"https:\/\/ohcesarparis.com\/pt-pt\/\",\"name\":\"Oh C\u00e9sar by C\u00e9sar Palace Paris\",\"description\":\"Passez une soir\u00e9e de r\u00eave au cabaret\",\"publisher\":{\"@id\":\"https:\/\/ohcesarparis.com\/pt-pt\/#organization\"},\"potentialAction\":[{\"@type\":\"SearchAction\",\"target\":{\"@type\":\"EntryPoint\",\"urlTemplate\":\"https:\/\/ohcesarparis.com\/pt-pt\/?s={search_term_string}\"},\"query-input\":{\"@type\":\"PropertyValueSpecification\",\"valueRequired\":true,\"valueName\":\"search_term_string\"}}],\"inLanguage\":\"pt-PT\"},{\"@type\":\"Organization\",\"@id\":\"https:\/\/ohcesarparis.com\/pt-pt\/#organization\",\"name\":\"Oh Cesar Paris\",\"url\":\"https:\/\/ohcesarparis.com\/pt-pt\/\",\"logo\":{\"@type\":\"ImageObject\",\"inLanguage\":\"pt-PT\",\"@id\":\"https:\/\/ohcesarparis.com\/pt-pt\/#\/schema\/logo\/image\/\",\"url\":\"https:\/\/ohcesarparis.com\/wp-content\/uploads\/2017\/03\/logo-oh-cesar-by-cesar-palace-paris.png\",\"contentUrl\":\"https:\/\/ohcesarparis.com\/wp-content\/uploads\/2017\/03\/logo-oh-cesar-by-cesar-palace-paris.png\",\"width\":240,\"height\":70,\"caption\":\"Oh Cesar Paris\"},\"image\":{\"@id\":\"https:\/\/ohcesarparis.com\/pt-pt\/#\/schema\/logo\/image\/\"},\"sameAs\":[\"https:\/\/www.facebook.com\/CesarPalaceParis\",\"https:\/\/x.com\/CsarPalaceParis\",\"https:\/\/www.instagram.com\/cesarpalaceparis\/\"]}]}<\/script>\n<!-- \/ Yoast SEO plugin. -->","yoast_head_json":{"title":"Reservations for tourism professionals - Cabaret Oh! C\u00e9sar","description":"The Oh! C\u00e9sar offers tourism professionals special rates for unforgettable evenings in Paris!","robots":{"index":"index","follow":"follow","max-snippet":"max-snippet:-1","max-image-preview":"max-image-preview:large","max-video-preview":"max-video-preview:-1"},"canonical":"https:\/\/ohcesarparis.com\/pt-pt\/tourism-professionals\/","og_locale":"pt_PT","og_type":"article","og_title":"Reservations for tourism professionals - Cabaret Oh! C\u00e9sar","og_description":"The Oh! C\u00e9sar offers tourism professionals special rates for unforgettable evenings in Paris!","og_url":"https:\/\/ohcesarparis.com\/pt-pt\/tourism-professionals\/","og_site_name":"Oh C\u00e9sar by C\u00e9sar Palace Paris","article_publisher":"https:\/\/www.facebook.com\/CesarPalaceParis","article_modified_time":"2024-03-22T09:53:16+00:00","twitter_card":"summary_large_image","twitter_site":"@CsarPalaceParis","twitter_misc":{"Tempo estimado de leitura":"6 minutos"},"schema":{"@context":"https:\/\/schema.org","@graph":[{"@type":"WebPage","@id":"https:\/\/ohcesarparis.com\/pt-pt\/tourism-professionals\/","url":"https:\/\/ohcesarparis.com\/pt-pt\/tourism-professionals\/","name":"Reservations for tourism professionals - Cabaret Oh! C\u00e9sar","isPartOf":{"@id":"https:\/\/ohcesarparis.com\/pt-pt\/#website"},"datePublished":"2019-06-25T13:32:32+00:00","dateModified":"2024-03-22T09:53:16+00:00","description":"The Oh! C\u00e9sar offers tourism professionals special rates for unforgettable evenings in Paris!","breadcrumb":{"@id":"https:\/\/ohcesarparis.com\/pt-pt\/tourism-professionals\/#breadcrumb"},"inLanguage":"pt-PT","potentialAction":[{"@type":"ReadAction","target":["https:\/\/ohcesarparis.com\/pt-pt\/tourism-professionals\/"]}]},{"@type":"BreadcrumbList","@id":"https:\/\/ohcesarparis.com\/pt-pt\/tourism-professionals\/#breadcrumb","itemListElement":[{"@type":"ListItem","position":1,"name":"Accueil","item":"https:\/\/ohcesarparis.com\/pt-pt\/"},{"@type":"ListItem","position":2,"name":"TOURISM PROFESSIONALS"}]},{"@type":"WebSite","@id":"https:\/\/ohcesarparis.com\/pt-pt\/#website","url":"https:\/\/ohcesarparis.com\/pt-pt\/","name":"Oh C\u00e9sar by C\u00e9sar Palace Paris","description":"Passez une soir\u00e9e de r\u00eave au cabaret","publisher":{"@id":"https:\/\/ohcesarparis.com\/pt-pt\/#organization"},"potentialAction":[{"@type":"SearchAction","target":{"@type":"EntryPoint","urlTemplate":"https:\/\/ohcesarparis.com\/pt-pt\/?s={search_term_string}"},"query-input":{"@type":"PropertyValueSpecification","valueRequired":true,"valueName":"search_term_string"}}],"inLanguage":"pt-PT"},{"@type":"Organization","@id":"https:\/\/ohcesarparis.com\/pt-pt\/#organization","name":"Oh Cesar Paris","url":"https:\/\/ohcesarparis.com\/pt-pt\/","logo":{"@type":"ImageObject","inLanguage":"pt-PT","@id":"https:\/\/ohcesarparis.com\/pt-pt\/#\/schema\/logo\/image\/","url":"https:\/\/ohcesarparis.com\/wp-content\/uploads\/2017\/03\/logo-oh-cesar-by-cesar-palace-paris.png","contentUrl":"https:\/\/ohcesarparis.com\/wp-content\/uploads\/2017\/03\/logo-oh-cesar-by-cesar-palace-paris.png","width":240,"height":70,"caption":"Oh Cesar Paris"},"image":{"@id":"https:\/\/ohcesarparis.com\/pt-pt\/#\/schema\/logo\/image\/"},"sameAs":["https:\/\/www.facebook.com\/CesarPalaceParis","https:\/\/x.com\/CsarPalaceParis","https:\/\/www.instagram.com\/cesarpalaceparis\/"]}]}},"_links":{"self":[{"href":"https:\/\/ohcesarparis.com\/pt-pt\/wp-json\/wp\/v2\/pages\/69391","targetHints":{"allow":["GET"]}}],"collection":[{"href":"https:\/\/ohcesarparis.com\/pt-pt\/wp-json\/wp\/v2\/pages"}],"about":[{"href":"https:\/\/ohcesarparis.com\/pt-pt\/wp-json\/wp\/v2\/types\/page"}],"author":[{"embeddable":true,"href":"https:\/\/ohcesarparis.com\/pt-pt\/wp-json\/wp\/v2\/users\/4"}],"replies":[{"embeddable":true,"href":"https:\/\/ohcesarparis.com\/pt-pt\/wp-json\/wp\/v2\/comments?post=69391"}],"version-history":[{"count":2,"href":"https:\/\/ohcesarparis.com\/pt-pt\/wp-json\/wp\/v2\/pages\/69391\/revisions"}],"predecessor-version":[{"id":70364,"href":"https:\/\/ohcesarparis.com\/pt-pt\/wp-json\/wp\/v2\/pages\/69391\/revisions\/70364"}],"wp:attachment":[{"href":"https:\/\/ohcesarparis.com\/pt-pt\/wp-json\/wp\/v2\/media?parent=69391"}],"curies":[{"name":"wp","href":"https:\/\/api.w.org\/{rel}","templated":true}]}}