{"id":69355,"date":"2020-01-06T15:33:08","date_gmt":"2020-01-06T14:33:08","guid":{"rendered":"https:\/\/ohcesarparis.com\/oh-magic-brunches-cesar\/"},"modified":"2024-03-18T17:17:36","modified_gmt":"2024-03-18T16:17:36","slug":"oh-magic-brunches-cesar","status":"publish","type":"page","link":"https:\/\/ohcesarparis.com\/pt-pt\/oh-magic-brunches-cesar\/","title":{"rendered":"OH! MAGIC BRUNCHES C\u00c9SAR"},"content":{"rendered":"<div class=\"wpb-content-wrapper\">[vc_row row_height_percent=&#8221;0&#8243; back_color=&#8221;color-143597&#8243; back_image=&#8221;59724&#8243; overlay_alpha=&#8221;50&#8243; gutter_size=&#8221;3&#8243; column_width_percent=&#8221;100&#8243; shift_y=&#8221;0&#8243; z_index=&#8221;0&#8243; el_class=&#8221;titre-page&#8221;][vc_column column_width_percent=&#8221;100&#8243; align_horizontal=&#8221;align_center&#8221; gutter_size=&#8221;3&#8243; style=&#8221;dark&#8221; overlay_alpha=&#8221;50&#8243; shift_x=&#8221;0&#8243; shift_y=&#8221;0&#8243; shift_y_down=&#8221;0&#8243; z_index=&#8221;0&#8243; medium_width=&#8221;0&#8243; mobile_width=&#8221;0&#8243; width=&#8221;1\/1&#8243;][vc_column_text]\r\n<h1>OH! MAGIC BRUNCHES C\u00c9SAR.<\/h1>\n<h2><span style=\"color: #ffffff;\">In the company of France&#8217;s greatest magician: Caroline Marx<\/span><\/h2>\r\n[\/vc_column_text][\/vc_column][\/vc_row][vc_row row_height_percent=&#8221;0&#8243; back_color=&#8221;color-xsdn&#8221; back_image=&#8221;59552&#8243; back_repeat=&#8221;no-repeat&#8221; back_position=&#8221;center center&#8221; overlay_alpha=&#8221;50&#8243; gutter_size=&#8221;3&#8243; column_width_percent=&#8221;100&#8243; shift_y=&#8221;0&#8243; z_index=&#8221;0&#8243; css=&#8221;.vc_custom_1578322089012{padding-top: 0px !important;}&#8221;][vc_column column_width_percent=&#8221;100&#8243; align_horizontal=&#8221;align_center&#8221; gutter_size=&#8221;3&#8243; style=&#8221;light&#8221; overlay_alpha=&#8221;50&#8243; shift_x=&#8221;0&#8243; shift_y=&#8221;0&#8243; shift_y_down=&#8221;0&#8243; z_index=&#8221;0&#8243; medium_width=&#8221;0&#8243; mobile_width=&#8221;0&#8243; width=&#8221;1\/2&#8243;][vc_column_text]<a rel=\"noreferrer\" href=\"https:\/\/www.youtube.com\/watch?v=XCWQESZp59c\" class=\"vp-a vp-yt-type vp-modal-click vp-modal-click_shortcode vp-has-img\"><img decoding=\"async\" class=\"vp-img\" src=\"https:\/\/ohcesarparis.com\/wp-content\/uploads\/2020\/01\/affiche-caroline-marx.jpg\"><\/a>\n<p style=\"text-align: center;\">Stage direction : <strong>Christophe Delort<\/strong><\/p>\r\n[\/vc_column_text][vc_column_text]\r\n<h2 style=\"text-align: center;\">Press articles<\/h2>\n<p style=\"text-align: center;\"><em>Click to read the interviews<\/em><\/p>\r\n[\/vc_column_text][vc_gallery el_id=&#8221;gallery-140814&#8243; type=&#8221;carousel&#8221; medias=&#8221;60011,60012&#8243; carousel_lg=&#8221;2&#8243; carousel_md=&#8221;2&#8243; carousel_sm=&#8221;1&#8243; gutter_size=&#8221;3&#8243; carousel_interval=&#8221;3000&#8243; carousel_navspeed=&#8221;400&#8243; stage_padding=&#8221;0&#8243; single_overlay_opacity=&#8221;50&#8243; single_padding=&#8221;2&#8243;][\/vc_column][vc_column column_width_percent=&#8221;100&#8243; gutter_size=&#8221;3&#8243; style=&#8221;light&#8221; overlay_alpha=&#8221;50&#8243; shift_x=&#8221;0&#8243; shift_y=&#8221;0&#8243; shift_y_down=&#8221;0&#8243; z_index=&#8221;0&#8243; medium_width=&#8221;0&#8243; mobile_width=&#8221;0&#8243; width=&#8221;1\/2&#8243; css=&#8221;.vc_custom_1578322418696{padding-top: 40px !important;}&#8221;][vc_row_inner row_inner_height_percent=&#8221;0&#8243; overlay_alpha=&#8221;50&#8243; gutter_size=&#8221;3&#8243; shift_y=&#8221;0&#8243; z_index=&#8221;0&#8243; css=&#8221;.vc_custom_1573637929096{padding-top: 40px !important;}&#8221;][vc_column_inner column_width_percent=&#8221;100&#8243; position_vertical=&#8221;middle&#8221; gutter_size=&#8221;3&#8243; overlay_alpha=&#8221;50&#8243; shift_x=&#8221;0&#8243; shift_y=&#8221;0&#8243; shift_y_down=&#8221;0&#8243; z_index=&#8221;0&#8243; medium_width=&#8221;0&#8243; mobile_width=&#8221;0&#8243; width=&#8221;1\/6&#8243;][vc_single_image media=&#8221;59578&#8243; media_width_use_pixel=&#8221;yes&#8221; alignment=&#8221;right&#8221; media_width_pixel=&#8221;82&#8243;][\/vc_column_inner][vc_column_inner column_width_percent=&#8221;100&#8243; gutter_size=&#8221;3&#8243; style=&#8221;dark&#8221; overlay_alpha=&#8221;50&#8243; shift_x=&#8221;0&#8243; shift_y=&#8221;0&#8243; shift_y_down=&#8221;0&#8243; z_index=&#8221;0&#8243; medium_width=&#8221;0&#8243; mobile_width=&#8221;0&#8243; width=&#8221;5\/6&#8243;][vc_column_text]\r\n<h2 style=\"text-align: left;\">A unique &amp; magical idea<\/h2>\n<h3 style=\"text-align: left;\">Caroline Marx changes the codes of magic&#8230;<strong>\n<\/strong><\/h3>\r\n[\/vc_column_text][\/vc_column_inner][\/vc_row_inner][vc_column_text css_animation=&#8221;left-t-right&#8221;]\r\n<p class=\"p1\">Located at the foot of the Montparnasse Tower, the Oh! C\u00e9sar welcomes you for a breathtaking Sunday brunch.\nStep into this cosy room and get into the cabaret mood, with its superb photos of dancers and artists on the wall. Enjoy an <strong>unusual brunch with an all-you-can-eat buffet<\/strong> featuring a wide range of hot and cold, sweet and savory dishes.<\/p>\r\n[\/vc_column_text][vc_separator sep_color=&#8221;color-588725&#8243; type=&#8221;dotted&#8221; el_width=&#8221;40px&#8221; el_height=&#8221;3px&#8221;][vc_column_text css_animation=&#8221;left-t-right&#8221;]\r\n<h3>Feast your eyes on Caroline Marx&#8217;s &#8220;GIRL POWER&#8221; magic show. We promise you an unforgettable moment, full of humour and energy!<\/h3>\r\n[\/vc_column_text][vc_separator sep_color=&#8221;color-588725&#8243; type=&#8221;dotted&#8221; el_width=&#8221;40px&#8221; el_height=&#8221;3px&#8221;][vc_column_text]\r\n<h2 style=\"text-align: left;\">Dates.<\/h2>\n<h3 style=\"text-align: left;\">Event over<\/h3>\r\n[\/vc_column_text][vc_separator sep_color=&#8221;color-588725&#8243; type=&#8221;dotted&#8221; el_width=&#8221;40px&#8221; el_height=&#8221;3px&#8221;][vc_column_text]\r\n<h2 style=\"text-align: left;\">Brunch formula<\/h2>\n<strong>Brunch from 12.30 pm<\/strong> \/ <strong>Magic show: 2.30 pm<\/strong>\n\nAdult price: <strong>\u20ac59 incl. tax<\/strong>\n\nChildren&#8217;s price: <strong>\u20ac29 incl. VAT up to age 13<\/strong>[\/vc_column_text][vc_separator sep_color=&#8221;color-397464&#8243; type=&#8221;dotted&#8221; el_width=&#8221;40px&#8221; el_height=&#8221;2&#8243;][\/vc_column][\/vc_row][vc_row row_height_percent=&#8221;0&#8243; overlay_alpha=&#8221;50&#8243; gutter_size=&#8221;3&#8243; shift_y=&#8221;0&#8243; desktop_visibility=&#8221;yes&#8221; medium_visibility=&#8221;yes&#8221; mobile_visibility=&#8221;yes&#8221;][vc_column width=&#8221;1\/1&#8243;][vc_accordion][vc_accordion_tab title=&#8221;Evening packages&#8221; tab_id=&#8221;abac085a-04ea-2&#8243;][vc_row_inner][vc_column_inner column_width_percent=&#8221;100&#8243; align_horizontal=&#8221;align_center&#8221; gutter_size=&#8221;3&#8243; overlay_alpha=&#8221;50&#8243; shift_x=&#8221;0&#8243; shift_y=&#8221;0&#8243; z_index=&#8221;0&#8243; medium_width=&#8221;0&#8243; width=&#8221;1\/4&#8243;][vc_column_text]\r\n<h5 style=\"text-align: center;\">Menu\nVIP<\/h5>\n<p style=\"text-align: center;\"><strong>89\u20ac<\/strong><\/p>\n<p style=\"text-align: center;\"><strong>7:30 pm<\/strong> dinner\n\/\n<strong>9pm<\/strong> show<\/p>\r\n[\/vc_column_text][vc_button button_color=&#8221;color-397464&#8243; radius=&#8221;btn-square&#8221; link=&#8221;url:http%3A%2F%2Fohcesarparis.com%2Fwp-content%2Fuploads%2F2017%2F03%2F1-MENU-VIP-CAROLINE-89%E2%82%AC.pdf|target:%20_blank|&#8221;]menu[\/vc_button][\/vc_column_inner][vc_column_inner width=&#8221;1\/4&#8243;][vc_column_text]\r\n<h5 style=\"text-align: center;\">Illusionist menu<\/h5>\n<p style=\"text-align: center;\"><strong>69\u20ac<\/strong><\/p>\n<p style=\"text-align: center;\"><strong>7:30 pm<\/strong> dinner\n\/\n<strong>9pm<\/strong> show<\/p>\r\n[\/vc_column_text][vc_button button_color=&#8221;color-397464&#8243; radius=&#8221;btn-square&#8221; link=&#8221;url:http%3A%2F%2Fohcesarparis.com%2Fwp-content%2Fuploads%2F2017%2F03%2F2-MENU-CAROLINE-69%E2%82%AC.pdf|target:%20_blank|&#8221;]menu[\/vc_button][\/vc_column_inner][vc_column_inner width=&#8221;1\/4&#8243;][vc_column_text]\r\n<h5 style=\"text-align: center;\">Show\n2 glasses<\/h5>\n<p style=\"text-align: center;\"><strong>49\u20ac<\/strong><\/p>\n<p style=\"text-align: center;\"><strong>08:30 pm<\/strong>\n\/\n<strong>09:00pm<\/strong> show<\/p>\r\n[\/vc_column_text][vc_button button_color=&#8221;color-397464&#8243; radius=&#8221;btn-square&#8221; link=&#8221;url:http%3A%2F%2Fohcesarparis.com%2Fwp-content%2Fuploads%2F2017%2F03%2F3-MENU-COUPE-49%E2%82%AC.pdf|target:%20_blank|&#8221;]2 glasses[\/vc_button][\/vc_column_inner][vc_column_inner width=&#8221;1\/4&#8243;][vc_column_text]\r\n<h5 style=\"text-align: center;\">Show\nsingle<\/h5>\n<p style=\"text-align: center;\"><strong>29\u20ac<\/strong><\/p>\n<p style=\"text-align: center;\"><strong>08:30 pm<\/strong>\n\/\n<strong>09:00pm<\/strong> show<\/p>\r\n[\/vc_column_text][vc_button button_color=&#8221;color-397464&#8243; radius=&#8221;btn-square&#8221; link=&#8221;url:http%3A%2F%2Fohcesarparis.com%2Fwp-content%2Fuploads%2F2017%2F03%2F4-SOIREE-SPECTACLE-SEUL-29%E2%82%AC.pdf|target:%20_blank|&#8221;]single[\/vc_button][\/vc_column_inner][\/vc_row_inner][\/vc_accordion_tab][vc_accordion_tab title=&#8221;Lunch packages&#8221; tab_id=&#8221;ed53093a-712c-3&#8243;][vc_row_inner][vc_column_inner column_width_percent=&#8221;100&#8243; align_horizontal=&#8221;align_center&#8221; gutter_size=&#8221;3&#8243; overlay_alpha=&#8221;50&#8243; shift_x=&#8221;0&#8243; shift_y=&#8221;0&#8243; z_index=&#8221;0&#8243; medium_width=&#8221;0&#8243; width=&#8221;1\/4&#8243;][vc_column_text]\r\n<h5 style=\"text-align: center;\">Menu\nVIP<\/h5>\n<p style=\"text-align: center;\"><strong>89\u20ac<\/strong><\/p>\n<p style=\"text-align: center;\"><strong>12:30 pm<\/strong> lunch\n\/\n<strong>2pm<\/strong> show<\/p>\r\n[\/vc_column_text][vc_button button_color=&#8221;color-397464&#8243; radius=&#8221;btn-square&#8221; link=&#8221;url:http%3A%2F%2Fohcesarparis.com%2Fwp-content%2Fuploads%2F2017%2F03%2F1-MENU-VIP-CAROLINE-89%E2%82%AC.pdf|target:%20_blank|&#8221;]menu[\/vc_button][\/vc_column_inner][vc_column_inner width=&#8221;1\/4&#8243;][vc_column_text]\r\n<h5 style=\"text-align: center;\">Illusionist menu<\/h5>\n<p style=\"text-align: center;\"><strong>69\u20ac<\/strong><\/p>\n<p style=\"text-align: center;\"><strong>12:30 pm<\/strong> lunch\n\/\n<strong>2pm<\/strong> show<\/p>\r\n[\/vc_column_text][vc_button button_color=&#8221;color-397464&#8243; radius=&#8221;btn-square&#8221; link=&#8221;url:http%3A%2F%2Fohcesarparis.com%2Fwp-content%2Fuploads%2F2017%2F03%2F2-MENU-CAROLINE-69%E2%82%AC.pdf|target:%20_blank|&#8221;]menu[\/vc_button][\/vc_column_inner][vc_column_inner width=&#8221;1\/4&#8243;][vc_column_text]\r\n<h5 style=\"text-align: center;\">Show\n2 glasses<\/h5>\n<p style=\"text-align: center;\"><strong>49\u20ac<\/strong><\/p>\n<p style=\"text-align: center;\"><strong>01:30pm<\/strong>\n\/\n<strong>2:00pm<\/strong>show<\/p>\r\n[\/vc_column_text][vc_button button_color=&#8221;color-397464&#8243; radius=&#8221;btn-square&#8221; link=&#8221;url:http%3A%2F%2Fohcesarparis.com%2Fwp-content%2Fuploads%2F2017%2F03%2F3-MENU-COUPE-49%E2%82%AC.pdf|target:%20_blank|&#8221;]2 glasses[\/vc_button][\/vc_column_inner][vc_column_inner width=&#8221;1\/4&#8243;][vc_column_text]\r\n<h5 style=\"text-align: center;\">Show\nsingle<\/h5>\n<p style=\"text-align: center;\"><strong>29\u20ac<\/strong><\/p>\n<p style=\"text-align: center;\"><strong>01:30pm<\/strong>\n\/\n<strong>2:00pm<\/strong> show<\/p>\r\n[\/vc_column_text][vc_button button_color=&#8221;color-397464&#8243; radius=&#8221;btn-square&#8221; link=&#8221;url:http%3A%2F%2Fohcesarparis.com%2Fwp-content%2Fuploads%2F2017%2F03%2F4-SOIREE-SPECTACLE-SEUL-29%E2%82%AC.pdf|target:%20_blank|&#8221;]single[\/vc_button][\/vc_column_inner][\/vc_row_inner][\/vc_accordion_tab][vc_accordion_tab title=&#8221;Children&#8217;s evening &amp; lunch packages&#8221; tab_id=&#8221;3257d1c6-7259-1&#8243;][vc_row_inner][vc_column_inner column_width_percent=&#8221;100&#8243; align_horizontal=&#8221;align_center&#8221; gutter_size=&#8221;3&#8243; overlay_alpha=&#8221;50&#8243; shift_x=&#8221;0&#8243; shift_y=&#8221;0&#8243; z_index=&#8221;0&#8243; medium_width=&#8221;0&#8243; width=&#8221;1\/4&#8243;][vc_column_text]\r\n<h5 style=\"text-align: center;\">Menu\nVIP<\/h5>\n<p style=\"text-align: center;\"><strong>59\u20ac<\/strong><\/p>\r\n[\/vc_column_text][vc_button button_color=&#8221;color-397464&#8243; radius=&#8221;btn-square&#8221; link=&#8221;url:http%3A%2F%2Fohcesarparis.com%2Fwp-content%2Fuploads%2F2017%2F03%2F1-MENU-VIP-CAROLINE-89%E2%82%AC.pdf|target:%20_blank|&#8221;]menu[\/vc_button][\/vc_column_inner][vc_column_inner width=&#8221;1\/4&#8243;][vc_column_text]\r\n<h5 style=\"text-align: center;\">Illusionist menu<\/h5>\n<p style=\"text-align: center;\"><strong>49\u20ac<\/strong><\/p>\r\n[\/vc_column_text][vc_button button_color=&#8221;color-397464&#8243; radius=&#8221;btn-square&#8221; link=&#8221;url:http%3A%2F%2Fohcesarparis.com%2Fwp-content%2Fuploads%2F2017%2F03%2F2-MENU-CAROLINE-69%E2%82%AC.pdf|target:%20_blank|&#8221;]menu[\/vc_button][\/vc_column_inner][vc_column_inner width=&#8221;1\/4&#8243;][vc_column_text]\r\n<h5 style=\"text-align: center;\">Show\nsingle<\/h5>\n<p style=\"text-align: center;\"><strong>19\u20ac<\/strong><\/p>\r\n[\/vc_column_text][vc_button button_color=&#8221;color-397464&#8243; radius=&#8221;btn-square&#8221; link=&#8221;url:http%3A%2F%2Fohcesarparis.com%2Fwp-content%2Fuploads%2F2017%2F03%2F3-MENU-COUPE-49%E2%82%AC.pdf|target:%20_blank|&#8221;]menu[\/vc_button][\/vc_column_inner][vc_column_inner width=&#8221;1\/4&#8243;][vc_column_text]\r\n<h5 style=\"text-align: center;\">Additional\nsnack<\/h5>\n<p style=\"text-align: center;\"><strong>6\u20ac<\/strong><\/p>\r\n[\/vc_column_text][\/vc_column_inner][\/vc_row_inner][\/vc_accordion_tab][\/vc_accordion][\/vc_column][\/vc_row]<\/div>","protected":false},"excerpt":{"rendered":"[vc_row row_height_percent=&#8221;0&#8243; back_color=&#8221;color-143597&#8243; back_image=&#8221;59724&#8243; overlay_alpha=&#8221;50&#8243; gutter_size=&#8221;3&#8243; column_width_percent=&#8221;100&#8243; shift_y=&#8221;0&#8243; z_index=&#8221;0&#8243; el_class=&#8221;titre-page&#8221;][vc_column column_width_percent=&#8221;100&#8243; align_horizontal=&#8221;align_center&#8221; gutter_size=&#8221;3&#8243; style=&#8221;dark&#8221; overlay_alpha=&#8221;50&#8243; shift_x=&#8221;0&#8243; shift_y=&#8221;0&#8243; shift_y_down=&#8221;0&#8243; z_index=&#8221;0&#8243; medium_width=&#8221;0&#8243; [&hellip;]","protected":false},"author":4,"featured_media":0,"parent":0,"menu_order":0,"comment_status":"closed","ping_status":"closed","template":"","meta":{"footnotes":""},"class_list":["post-69355","page","type-page","status-publish","hentry"],"yoast_head":"<!-- This site is optimized with the Yoast SEO plugin v26.9 - https:\/\/yoast.com\/product\/yoast-seo-wordpress\/ -->\n<title>Magical brunches at Oh! C\u00e9sar with Caroline Marx<\/title>\n<meta name=\"description\" content=\"Treat yourself to an unusual brunch at Oh! Come and enjoy the &quot;GIRL POWER&quot; magic show by Caroline Marx.\" \/>\n<meta name=\"robots\" content=\"index, follow, max-snippet:-1, max-image-preview:large, max-video-preview:-1\" \/>\n<link rel=\"canonical\" href=\"https:\/\/ohcesarparis.com\/pt-pt\/oh-magic-brunches-cesar\/\" \/>\n<meta property=\"og:locale\" content=\"pt_PT\" \/>\n<meta property=\"og:type\" content=\"article\" \/>\n<meta property=\"og:title\" content=\"Magical brunches at Oh! C\u00e9sar with Caroline Marx\" \/>\n<meta property=\"og:description\" content=\"Treat yourself to an unusual brunch at Oh! Come and enjoy the &quot;GIRL POWER&quot; magic show by Caroline Marx.\" \/>\n<meta property=\"og:url\" content=\"https:\/\/ohcesarparis.com\/pt-pt\/oh-magic-brunches-cesar\/\" \/>\n<meta property=\"og:site_name\" content=\"Oh C\u00e9sar by C\u00e9sar Palace Paris\" \/>\n<meta property=\"article:publisher\" content=\"https:\/\/www.facebook.com\/CesarPalaceParis\" \/>\n<meta property=\"article:modified_time\" content=\"2024-03-18T16:17:36+00:00\" \/>\n<meta name=\"twitter:card\" content=\"summary_large_image\" \/>\n<meta name=\"twitter:site\" content=\"@CsarPalaceParis\" \/>\n<meta name=\"twitter:label1\" content=\"Tempo estimado de leitura\" \/>\n\t<meta name=\"twitter:data1\" content=\"6 minutos\" \/>\n<script type=\"application\/ld+json\" class=\"yoast-schema-graph\">{\"@context\":\"https:\/\/schema.org\",\"@graph\":[{\"@type\":\"WebPage\",\"@id\":\"https:\/\/ohcesarparis.com\/pt-pt\/oh-magic-brunches-cesar\/\",\"url\":\"https:\/\/ohcesarparis.com\/pt-pt\/oh-magic-brunches-cesar\/\",\"name\":\"Magical brunches at Oh! C\u00e9sar with Caroline Marx\",\"isPartOf\":{\"@id\":\"https:\/\/ohcesarparis.com\/pt-pt\/#website\"},\"datePublished\":\"2020-01-06T14:33:08+00:00\",\"dateModified\":\"2024-03-18T16:17:36+00:00\",\"description\":\"Treat yourself to an unusual brunch at Oh! Come and enjoy the \\\"GIRL POWER\\\" magic show by Caroline Marx.\",\"breadcrumb\":{\"@id\":\"https:\/\/ohcesarparis.com\/pt-pt\/oh-magic-brunches-cesar\/#breadcrumb\"},\"inLanguage\":\"pt-PT\",\"potentialAction\":[{\"@type\":\"ReadAction\",\"target\":[\"https:\/\/ohcesarparis.com\/pt-pt\/oh-magic-brunches-cesar\/\"]}]},{\"@type\":\"BreadcrumbList\",\"@id\":\"https:\/\/ohcesarparis.com\/pt-pt\/oh-magic-brunches-cesar\/#breadcrumb\",\"itemListElement\":[{\"@type\":\"ListItem\",\"position\":1,\"name\":\"Accueil\",\"item\":\"https:\/\/ohcesarparis.com\/pt-pt\/\"},{\"@type\":\"ListItem\",\"position\":2,\"name\":\"OH! MAGIC BRUNCHES C\u00c9SAR\"}]},{\"@type\":\"WebSite\",\"@id\":\"https:\/\/ohcesarparis.com\/pt-pt\/#website\",\"url\":\"https:\/\/ohcesarparis.com\/pt-pt\/\",\"name\":\"Oh C\u00e9sar by C\u00e9sar Palace Paris\",\"description\":\"Passez une soir\u00e9e de r\u00eave au cabaret\",\"publisher\":{\"@id\":\"https:\/\/ohcesarparis.com\/pt-pt\/#organization\"},\"potentialAction\":[{\"@type\":\"SearchAction\",\"target\":{\"@type\":\"EntryPoint\",\"urlTemplate\":\"https:\/\/ohcesarparis.com\/pt-pt\/?s={search_term_string}\"},\"query-input\":{\"@type\":\"PropertyValueSpecification\",\"valueRequired\":true,\"valueName\":\"search_term_string\"}}],\"inLanguage\":\"pt-PT\"},{\"@type\":\"Organization\",\"@id\":\"https:\/\/ohcesarparis.com\/pt-pt\/#organization\",\"name\":\"Oh Cesar Paris\",\"url\":\"https:\/\/ohcesarparis.com\/pt-pt\/\",\"logo\":{\"@type\":\"ImageObject\",\"inLanguage\":\"pt-PT\",\"@id\":\"https:\/\/ohcesarparis.com\/pt-pt\/#\/schema\/logo\/image\/\",\"url\":\"https:\/\/ohcesarparis.com\/wp-content\/uploads\/2017\/03\/logo-oh-cesar-by-cesar-palace-paris.png\",\"contentUrl\":\"https:\/\/ohcesarparis.com\/wp-content\/uploads\/2017\/03\/logo-oh-cesar-by-cesar-palace-paris.png\",\"width\":240,\"height\":70,\"caption\":\"Oh Cesar Paris\"},\"image\":{\"@id\":\"https:\/\/ohcesarparis.com\/pt-pt\/#\/schema\/logo\/image\/\"},\"sameAs\":[\"https:\/\/www.facebook.com\/CesarPalaceParis\",\"https:\/\/x.com\/CsarPalaceParis\",\"https:\/\/www.instagram.com\/cesarpalaceparis\/\"]}]}<\/script>\n<!-- \/ Yoast SEO plugin. -->","yoast_head_json":{"title":"Magical brunches at Oh! C\u00e9sar with Caroline Marx","description":"Treat yourself to an unusual brunch at Oh! Come and enjoy the \"GIRL POWER\" magic show by Caroline Marx.","robots":{"index":"index","follow":"follow","max-snippet":"max-snippet:-1","max-image-preview":"max-image-preview:large","max-video-preview":"max-video-preview:-1"},"canonical":"https:\/\/ohcesarparis.com\/pt-pt\/oh-magic-brunches-cesar\/","og_locale":"pt_PT","og_type":"article","og_title":"Magical brunches at Oh! C\u00e9sar with Caroline Marx","og_description":"Treat yourself to an unusual brunch at Oh! Come and enjoy the \"GIRL POWER\" magic show by Caroline Marx.","og_url":"https:\/\/ohcesarparis.com\/pt-pt\/oh-magic-brunches-cesar\/","og_site_name":"Oh C\u00e9sar by C\u00e9sar Palace Paris","article_publisher":"https:\/\/www.facebook.com\/CesarPalaceParis","article_modified_time":"2024-03-18T16:17:36+00:00","twitter_card":"summary_large_image","twitter_site":"@CsarPalaceParis","twitter_misc":{"Tempo estimado de leitura":"6 minutos"},"schema":{"@context":"https:\/\/schema.org","@graph":[{"@type":"WebPage","@id":"https:\/\/ohcesarparis.com\/pt-pt\/oh-magic-brunches-cesar\/","url":"https:\/\/ohcesarparis.com\/pt-pt\/oh-magic-brunches-cesar\/","name":"Magical brunches at Oh! C\u00e9sar with Caroline Marx","isPartOf":{"@id":"https:\/\/ohcesarparis.com\/pt-pt\/#website"},"datePublished":"2020-01-06T14:33:08+00:00","dateModified":"2024-03-18T16:17:36+00:00","description":"Treat yourself to an unusual brunch at Oh! Come and enjoy the \"GIRL POWER\" magic show by Caroline Marx.","breadcrumb":{"@id":"https:\/\/ohcesarparis.com\/pt-pt\/oh-magic-brunches-cesar\/#breadcrumb"},"inLanguage":"pt-PT","potentialAction":[{"@type":"ReadAction","target":["https:\/\/ohcesarparis.com\/pt-pt\/oh-magic-brunches-cesar\/"]}]},{"@type":"BreadcrumbList","@id":"https:\/\/ohcesarparis.com\/pt-pt\/oh-magic-brunches-cesar\/#breadcrumb","itemListElement":[{"@type":"ListItem","position":1,"name":"Accueil","item":"https:\/\/ohcesarparis.com\/pt-pt\/"},{"@type":"ListItem","position":2,"name":"OH! MAGIC BRUNCHES C\u00c9SAR"}]},{"@type":"WebSite","@id":"https:\/\/ohcesarparis.com\/pt-pt\/#website","url":"https:\/\/ohcesarparis.com\/pt-pt\/","name":"Oh C\u00e9sar by C\u00e9sar Palace Paris","description":"Passez une soir\u00e9e de r\u00eave au cabaret","publisher":{"@id":"https:\/\/ohcesarparis.com\/pt-pt\/#organization"},"potentialAction":[{"@type":"SearchAction","target":{"@type":"EntryPoint","urlTemplate":"https:\/\/ohcesarparis.com\/pt-pt\/?s={search_term_string}"},"query-input":{"@type":"PropertyValueSpecification","valueRequired":true,"valueName":"search_term_string"}}],"inLanguage":"pt-PT"},{"@type":"Organization","@id":"https:\/\/ohcesarparis.com\/pt-pt\/#organization","name":"Oh Cesar Paris","url":"https:\/\/ohcesarparis.com\/pt-pt\/","logo":{"@type":"ImageObject","inLanguage":"pt-PT","@id":"https:\/\/ohcesarparis.com\/pt-pt\/#\/schema\/logo\/image\/","url":"https:\/\/ohcesarparis.com\/wp-content\/uploads\/2017\/03\/logo-oh-cesar-by-cesar-palace-paris.png","contentUrl":"https:\/\/ohcesarparis.com\/wp-content\/uploads\/2017\/03\/logo-oh-cesar-by-cesar-palace-paris.png","width":240,"height":70,"caption":"Oh Cesar Paris"},"image":{"@id":"https:\/\/ohcesarparis.com\/pt-pt\/#\/schema\/logo\/image\/"},"sameAs":["https:\/\/www.facebook.com\/CesarPalaceParis","https:\/\/x.com\/CsarPalaceParis","https:\/\/www.instagram.com\/cesarpalaceparis\/"]}]}},"_links":{"self":[{"href":"https:\/\/ohcesarparis.com\/pt-pt\/wp-json\/wp\/v2\/pages\/69355","targetHints":{"allow":["GET"]}}],"collection":[{"href":"https:\/\/ohcesarparis.com\/pt-pt\/wp-json\/wp\/v2\/pages"}],"about":[{"href":"https:\/\/ohcesarparis.com\/pt-pt\/wp-json\/wp\/v2\/types\/page"}],"author":[{"embeddable":true,"href":"https:\/\/ohcesarparis.com\/pt-pt\/wp-json\/wp\/v2\/users\/4"}],"replies":[{"embeddable":true,"href":"https:\/\/ohcesarparis.com\/pt-pt\/wp-json\/wp\/v2\/comments?post=69355"}],"version-history":[{"count":1,"href":"https:\/\/ohcesarparis.com\/pt-pt\/wp-json\/wp\/v2\/pages\/69355\/revisions"}],"predecessor-version":[{"id":69370,"href":"https:\/\/ohcesarparis.com\/pt-pt\/wp-json\/wp\/v2\/pages\/69355\/revisions\/69370"}],"wp:attachment":[{"href":"https:\/\/ohcesarparis.com\/pt-pt\/wp-json\/wp\/v2\/media?parent=69355"}],"curies":[{"name":"wp","href":"https:\/\/api.w.org\/{rel}","templated":true}]}}