{"id":69208,"date":"2023-03-30T10:26:01","date_gmt":"2023-03-30T08:26:01","guid":{"rendered":"https:\/\/ohcesarparis.com\/show-without-dinner\/"},"modified":"2024-03-22T10:44:13","modified_gmt":"2024-03-22T09:44:13","slug":"show-without-dinner","status":"publish","type":"page","link":"https:\/\/ohcesarparis.com\/pt-pt\/show-without-dinner\/","title":{"rendered":"Show without dinner"},"content":{"rendered":"<div class=\"wpb-content-wrapper\">[vc_row row_height_percent=&#8221;0&#8243; back_color=&#8221;color-143597&#8243; back_image=&#8221;59724&#8243; overlay_alpha=&#8221;50&#8243; gutter_size=&#8221;3&#8243; column_width_percent=&#8221;100&#8243; shift_y=&#8221;0&#8243; z_index=&#8221;0&#8243; el_class=&#8221;titre-page&#8221;][vc_column column_width_percent=&#8221;100&#8243; align_horizontal=&#8221;align_center&#8221; gutter_size=&#8221;3&#8243; style=&#8221;dark&#8221; overlay_alpha=&#8221;50&#8243; shift_x=&#8221;0&#8243; shift_y=&#8221;0&#8243; shift_y_down=&#8221;0&#8243; z_index=&#8221;0&#8243; medium_width=&#8221;0&#8243; mobile_width=&#8221;0&#8243; width=&#8221;1\/1&#8243;][vc_column_text]<\/p>\r\n<h1>Show without dinner<\/h1>\r\n<h2>Going out in Paris<\/h2>\r\n<p>[\/vc_column_text][vc_button button_color=&#8221;accent&#8221; border_width=&#8221;0&#8243; link=&#8221;url:https%3A%2F%2Fohcesarparis.com%2Fen%2Fcontact%2F|&#8221;]Contact us[\/vc_button][\/vc_column][\/vc_row][vc_row row_height_percent=&#8221;0&#8243; back_image=&#8221;59614&#8243; overlay_alpha=&#8221;50&#8243; gutter_size=&#8221;3&#8243; column_width_percent=&#8221;100&#8243; shift_y=&#8221;0&#8243; z_index=&#8221;0&#8243; row_name=&#8221;formulaire&#8221; css=&#8221;.vc_custom_1680190888477{padding-top: 40px !important;}&#8221; el_class=&#8221;admin-resa&#8221;][vc_column width=&#8221;1\/2&#8243;][vc_single_image media=&#8221;66747&#8243; media_width_percent=&#8221;100&#8243;][\/vc_column][vc_column column_width_percent=&#8221;100&#8243; gutter_size=&#8221;3&#8243; overlay_alpha=&#8221;50&#8243; shift_x=&#8221;0&#8243; shift_y=&#8221;0&#8243; shift_y_down=&#8221;0&#8243; z_index=&#8221;0&#8243; medium_width=&#8221;0&#8243; mobile_width=&#8221;0&#8243; width=&#8221;1\/2&#8243;][vc_raw_html]JTNDc2NyaXB0JTIwdHlwZSUzRCUyMnRleHQlMkZqYXZhc2NyaXB0JTIyJTIwc3JjJTNEJTIyaHR0cHMlM0ElMkYlMkZ3d3cudG91cmJpei1nZXN0aW9uLm5ldCUyRnVzZXIlMkZvaGFwcHljZXNhciUyRnByZC5waHAlM0ZhY3QlM0Rqcy1mcmFtZS1oJTI2YW1wJTNCaWQlM0QxMDAlMjIlM0UlM0MlMkZzY3JpcHQlM0UlMEElM0NzY3JpcHQlMjB0eXBlJTNEJTIydGV4dCUyRmphdmFzY3JpcHQlMjIlM0UlMEFmdW5jdGlvbiUyMG1vbnRyZUZyYW1lMiUyOG4lMjklN0IlMEElMDl2YXIlMjB1cmxfcGFuaWVyJTIwJTNEJTIwJTIyaHR0cHMlM0ElMkYlMkZvaGNlc2FycGFyaXMuY29tJTJGZW4lMkZjYXJ0JTJGJTIyJTNCJTBBJTA5dmFyJTIwdGJVcmwlMjAlM0QlMjAlMjdodHRwcyUzQSUyRiUyRnd3dy50b3VyYml6LWdlc3Rpb24ubmV0JTJGdXNlciUyRm9oYXBweWNlc2FyJTJGcHJkLnBocCUzRnJlc3BvbnNpdmUlM0QxJTI2dGl0cmUlM0QxJTI2bGclM0RFTiUyNnVybHBhbmllciUzRCUyNyUyMCUyQiUyMHVybF9wYW5pZXIlMjAlMkIlMjAlMjclMjZpZCUzRCUyNyUyQm4lM0IlMEElMDlkb2N1bWVudC5nZXRFbGVtZW50QnlJZCUyOCUyMkJCX0ZyYW1lXzEwMCUyMiUyOS5zcmMlMjAlM0QlMjB0YlVybCUzQiUwQSU3RCUwQSUzQyUyRnNjcmlwdCUzRSUwQSUzQ3AlM0UlM0MlMkZwJTNFJTNDZGl2JTNFJTNDaW5wdXQlMjBuYW1lJTNEJTIybGlzdGVSYWRpbyUyMiUyMHR5cGUlM0QlMjJyYWRpbyUyMiUyMGlkJTNEJTIyYnQxJTIyJTIwdmFsdWUlM0QlMjIxMDAlMjIlMjBvbmNsaWNrJTNEJTIybW9udHJlRnJhbWUyJTI4dGhpcy52YWx1ZSUyOSUyMiUyMGNoZWNrZWQlM0UlMjAlM0NsYWJlbCUyMGZvciUzRCUyMmJ0MSUyMiUzRVNJTkdMRSUyMEVWRU5JTkclMjBTSE9XJTNDJTJGbGFiZWwlM0UlM0MlMkZkaXYlM0UlMEElMEElM0NkaXYlMjBzdHlsZSUzRCUyMmhlaWdodCUzQTgwMHB4JTNCJTIyJTNFJTBBJTNDc2NyaXB0JTIwdHlwZSUzRCUyMnRleHQlMkZqYXZhc2NyaXB0JTIyJTIwc3JjJTNEJTIyaHR0cHMlM0ElMkYlMkZ3d3cudG91cmJpei1nZXN0aW9uLm5ldCUyRnVzZXIlMkZvaGFwcHljZXNhciUyRnByZC5waHAlM0ZhY3QlM0RpZnJhbWUtcmVzcG9uc2l2ZSUyNmFtcCUzQmlkJTNEMTAwJTI2YW1wJTNCbGclM0RFTiUyNmFtcCUzQnVybHBhbmllciUzRCUyMGh0dHBzJTNBJTJGJTJGb2hjZXNhcnBhcmlzLmNvbSUyRmVuJTJGY2FydCUyRiUyNmFtcCUzQnRpdHJlJTNEMSUyMiUzRSUzQyUyRnNjcmlwdCUzRSUwQSUzQyUyRmRpdiUzRSUwQQ==[\/vc_raw_html][\/vc_column][\/vc_row][vc_row row_height_percent=&#8221;0&#8243; back_image=&#8221;59614&#8243; overlay_alpha=&#8221;50&#8243; gutter_size=&#8221;3&#8243; column_width_percent=&#8221;100&#8243; shift_y=&#8221;0&#8243; z_index=&#8221;0&#8243; row_name=&#8221;formulaire&#8221; css=&#8221;.vc_custom_1575037237660{padding-top: 40px !important;padding-bottom: 40px !important;}&#8221;][vc_column column_width_percent=&#8221;100&#8243; gutter_size=&#8221;3&#8243; overlay_alpha=&#8221;50&#8243; shift_x=&#8221;0&#8243; shift_y=&#8221;0&#8243; shift_y_down=&#8221;0&#8243; z_index=&#8221;0&#8243; medium_width=&#8221;0&#8243; mobile_width=&#8221;0&#8243; width=&#8221;1\/1&#8243;][vc_column_text el_class=&#8221;titre-avis&#8221;]\r\n<p style=\"font-size: 30px; font-weight: bold; text-align: center;\"><span style=\"color: #ffffff;\">CONTACT US<\/span><\/p>\r\n<h2 style=\"text-align: center; margin-top: 0px;\">As you can see, the Oh! C\u00e9sar is the ideal place to go out in Paris!<\/h2>\r\n<h3 style=\"text-align: center;\">Take advantage of a visit to our beautiful capital to discover a legendary Cabaret<\/h3>\r\n<p>[\/vc_column_text][vc_single_image media=&#8221;59478&#8243; media_width_use_pixel=&#8221;yes&#8221; media_ratio=&#8221;one-one&#8221; alignment=&#8221;center&#8221; media_width_pixel=&#8221;45&#8243;][vc_row_inner row_inner_height_percent=&#8221;0&#8243; overlay_alpha=&#8221;50&#8243; gutter_size=&#8221;3&#8243; shift_y=&#8221;0&#8243; z_index=&#8221;0&#8243; el_class=&#8221;form-fond-bleu&#8221; limit_content=&#8221;&#8221;][vc_column_inner width=&#8221;1\/6&#8243;][\/vc_column_inner][vc_column_inner column_width_percent=&#8221;100&#8243; align_horizontal=&#8221;align_center&#8221; gutter_size=&#8221;3&#8243; back_color=&#8221;color-xsdn&#8221; overlay_alpha=&#8221;50&#8243; shift_x=&#8221;0&#8243; shift_y=&#8221;0&#8243; shift_y_down=&#8221;0&#8243; z_index=&#8221;0&#8243; medium_width=&#8221;0&#8243; mobile_width=&#8221;0&#8243; width=&#8221;1\/3&#8243; link_to=&#8221;url:https%3A%2F%2Fohcesarparis.com%2Fen%2Fcontact%2F%23contact-form-ancre&#8221; el_class=&#8221;bloc-mail&#8221;][vc_icon icon=&#8221;fa fa-envelope-o&#8221; icon_color=&#8221;accent&#8221; size=&#8221;fa-3x&#8221; linked_title=&#8221;yes&#8221; text_lead=&#8221;yes&#8221; link=&#8221;url:https%3A%2F%2Fohcesarparis.com%2Fen%2Fcontact%2F%23contact-form-ancre&#8221;]\r\n<h3><span style=\"color: #93181b;\">YOUR REQUEST<\/span><\/h3>\r\n<p>[\/vc_icon][vc_button button_color=&#8221;color-397464&#8243; size=&#8221;btn-link&#8221; radius=&#8221;btn-round&#8221; border_animation=&#8221;btn-ripple-in&#8221; wide=&#8221;yes&#8221; border_width=&#8221;0&#8243; link=&#8221;url:https%3A%2F%2Fohcesarparis.com%2Fen%2Fcontact%2F%23contact-form-ancre&#8221; el_class=&#8221;underline-red&#8221;]By Email : click here[\/vc_button][\/vc_column_inner][vc_column_inner column_width_percent=&#8221;100&#8243; align_horizontal=&#8221;align_center&#8221; gutter_size=&#8221;3&#8243; back_color=&#8221;color-397464&#8243; overlay_alpha=&#8221;50&#8243; shift_x=&#8221;0&#8243; shift_y=&#8221;0&#8243; shift_y_down=&#8221;0&#8243; z_index=&#8221;0&#8243; medium_width=&#8221;0&#8243; mobile_width=&#8221;0&#8243; width=&#8221;1\/3&#8243; link_to=&#8221;url:https%3A%2F%2Fohcesarparis.com%2Fcontact%2F&#8221; el_class=&#8221;bloc-tel&#8221;][vc_icon icon=&#8221;fa fa-phone-handset&#8221; icon_color=&#8221;color-xsdn&#8221; size=&#8221;fa-3x&#8221; linked_title=&#8221;yes&#8221; text_lead=&#8221;yes&#8221; link=&#8221;url:https%3A%2F%2Fohcesarparis.com%2Fcontact%2F&#8221;]\r\n<h3><span style=\"color: #ffffff;\">YOUR REQUEST<\/span><\/h3>\r\n<p>[\/vc_icon][vc_button button_color=&#8221;color-lxmt&#8221; size=&#8221;btn-link&#8221; radius=&#8221;btn-round&#8221; border_animation=&#8221;btn-ripple-in&#8221; wide=&#8221;yes&#8221; hover_fx=&#8221;outlined&#8221; border_width=&#8221;0&#8243; link=&#8221;url:https%3A%2F%2Fohcesarparis.com%2Fcontact%2F|&#8221; el_class=&#8221;underline&#8221;]BY TELEPHONE: 01 45 44 46 20[\/vc_button][\/vc_column_inner][vc_column_inner width=&#8221;1\/6&#8243;][\/vc_column_inner][\/vc_row_inner][\/vc_column][\/vc_row]<\/p>\r\n<\/div>","protected":false},"excerpt":{"rendered":"[vc_row row_height_percent=&#8221;0&#8243; back_color=&#8221;color-143597&#8243; back_image=&#8221;59724&#8243; overlay_alpha=&#8221;50&#8243; gutter_size=&#8221;3&#8243; column_width_percent=&#8221;100&#8243; shift_y=&#8221;0&#8243; z_index=&#8221;0&#8243; el_class=&#8221;titre-page&#8221;][vc_column column_width_percent=&#8221;100&#8243; align_horizontal=&#8221;align_center&#8221; gutter_size=&#8221;3&#8243; style=&#8221;dark&#8221; overlay_alpha=&#8221;50&#8243; shift_x=&#8221;0&#8243; shift_y=&#8221;0&#8243; shift_y_down=&#8221;0&#8243; z_index=&#8221;0&#8243; medium_width=&#8221;0&#8243; [&hellip;]","protected":false},"author":6,"featured_media":0,"parent":0,"menu_order":0,"comment_status":"closed","ping_status":"closed","template":"","meta":{"footnotes":""},"class_list":["post-69208","page","type-page","status-publish","hentry"],"yoast_head":"<!-- This site is optimized with the Yoast SEO plugin v26.9 - https:\/\/yoast.com\/product\/yoast-seo-wordpress\/ -->\n<title>Show without dinner - Cabaret Oh! C\u00e9sar<\/title>\n<meta name=\"description\" content=\"Treat yourself to an exceptional evening at Oh! C\u00e9sar-Paris and enjoy a show in the pure tradition of Parisian cabaret.\" \/>\n<meta name=\"robots\" content=\"index, follow, max-snippet:-1, max-image-preview:large, max-video-preview:-1\" \/>\n<link rel=\"canonical\" href=\"https:\/\/ohcesarparis.com\/pt-pt\/show-without-dinner\/\" \/>\n<meta property=\"og:locale\" content=\"pt_PT\" \/>\n<meta property=\"og:type\" content=\"article\" \/>\n<meta property=\"og:title\" content=\"Show without dinner - Cabaret Oh! C\u00e9sar\" \/>\n<meta property=\"og:description\" content=\"Treat yourself to an exceptional evening at Oh! C\u00e9sar-Paris and enjoy a show in the pure tradition of Parisian cabaret.\" \/>\n<meta property=\"og:url\" content=\"https:\/\/ohcesarparis.com\/pt-pt\/show-without-dinner\/\" \/>\n<meta property=\"og:site_name\" content=\"Oh C\u00e9sar by C\u00e9sar Palace Paris\" \/>\n<meta property=\"article:publisher\" content=\"https:\/\/www.facebook.com\/CesarPalaceParis\" \/>\n<meta property=\"article:modified_time\" content=\"2024-03-22T09:44:13+00:00\" \/>\n<meta name=\"twitter:card\" content=\"summary_large_image\" \/>\n<meta name=\"twitter:site\" content=\"@CsarPalaceParis\" \/>\n<meta name=\"twitter:label1\" content=\"Tempo estimado de leitura\" \/>\n\t<meta name=\"twitter:data1\" content=\"3 minutos\" \/>\n<script type=\"application\/ld+json\" class=\"yoast-schema-graph\">{\"@context\":\"https:\/\/schema.org\",\"@graph\":[{\"@type\":\"WebPage\",\"@id\":\"https:\/\/ohcesarparis.com\/pt-pt\/show-without-dinner\/\",\"url\":\"https:\/\/ohcesarparis.com\/pt-pt\/show-without-dinner\/\",\"name\":\"Show without dinner - Cabaret Oh! C\u00e9sar\",\"isPartOf\":{\"@id\":\"https:\/\/ohcesarparis.com\/pt-pt\/#website\"},\"datePublished\":\"2023-03-30T08:26:01+00:00\",\"dateModified\":\"2024-03-22T09:44:13+00:00\",\"description\":\"Treat yourself to an exceptional evening at Oh! C\u00e9sar-Paris and enjoy a show in the pure tradition of Parisian cabaret.\",\"breadcrumb\":{\"@id\":\"https:\/\/ohcesarparis.com\/pt-pt\/show-without-dinner\/#breadcrumb\"},\"inLanguage\":\"pt-PT\",\"potentialAction\":[{\"@type\":\"ReadAction\",\"target\":[\"https:\/\/ohcesarparis.com\/pt-pt\/show-without-dinner\/\"]}]},{\"@type\":\"BreadcrumbList\",\"@id\":\"https:\/\/ohcesarparis.com\/pt-pt\/show-without-dinner\/#breadcrumb\",\"itemListElement\":[{\"@type\":\"ListItem\",\"position\":1,\"name\":\"Accueil\",\"item\":\"https:\/\/ohcesarparis.com\/pt-pt\/\"},{\"@type\":\"ListItem\",\"position\":2,\"name\":\"Show without dinner\"}]},{\"@type\":\"WebSite\",\"@id\":\"https:\/\/ohcesarparis.com\/pt-pt\/#website\",\"url\":\"https:\/\/ohcesarparis.com\/pt-pt\/\",\"name\":\"Oh C\u00e9sar by C\u00e9sar Palace Paris\",\"description\":\"Passez une soir\u00e9e de r\u00eave au cabaret\",\"publisher\":{\"@id\":\"https:\/\/ohcesarparis.com\/pt-pt\/#organization\"},\"potentialAction\":[{\"@type\":\"SearchAction\",\"target\":{\"@type\":\"EntryPoint\",\"urlTemplate\":\"https:\/\/ohcesarparis.com\/pt-pt\/?s={search_term_string}\"},\"query-input\":{\"@type\":\"PropertyValueSpecification\",\"valueRequired\":true,\"valueName\":\"search_term_string\"}}],\"inLanguage\":\"pt-PT\"},{\"@type\":\"Organization\",\"@id\":\"https:\/\/ohcesarparis.com\/pt-pt\/#organization\",\"name\":\"Oh Cesar Paris\",\"url\":\"https:\/\/ohcesarparis.com\/pt-pt\/\",\"logo\":{\"@type\":\"ImageObject\",\"inLanguage\":\"pt-PT\",\"@id\":\"https:\/\/ohcesarparis.com\/pt-pt\/#\/schema\/logo\/image\/\",\"url\":\"https:\/\/ohcesarparis.com\/wp-content\/uploads\/2017\/03\/logo-oh-cesar-by-cesar-palace-paris.png\",\"contentUrl\":\"https:\/\/ohcesarparis.com\/wp-content\/uploads\/2017\/03\/logo-oh-cesar-by-cesar-palace-paris.png\",\"width\":240,\"height\":70,\"caption\":\"Oh Cesar Paris\"},\"image\":{\"@id\":\"https:\/\/ohcesarparis.com\/pt-pt\/#\/schema\/logo\/image\/\"},\"sameAs\":[\"https:\/\/www.facebook.com\/CesarPalaceParis\",\"https:\/\/x.com\/CsarPalaceParis\",\"https:\/\/www.instagram.com\/cesarpalaceparis\/\"]}]}<\/script>\n<!-- \/ Yoast SEO plugin. -->","yoast_head_json":{"title":"Show without dinner - Cabaret Oh! C\u00e9sar","description":"Treat yourself to an exceptional evening at Oh! C\u00e9sar-Paris and enjoy a show in the pure tradition of Parisian cabaret.","robots":{"index":"index","follow":"follow","max-snippet":"max-snippet:-1","max-image-preview":"max-image-preview:large","max-video-preview":"max-video-preview:-1"},"canonical":"https:\/\/ohcesarparis.com\/pt-pt\/show-without-dinner\/","og_locale":"pt_PT","og_type":"article","og_title":"Show without dinner - Cabaret Oh! C\u00e9sar","og_description":"Treat yourself to an exceptional evening at Oh! C\u00e9sar-Paris and enjoy a show in the pure tradition of Parisian cabaret.","og_url":"https:\/\/ohcesarparis.com\/pt-pt\/show-without-dinner\/","og_site_name":"Oh C\u00e9sar by C\u00e9sar Palace Paris","article_publisher":"https:\/\/www.facebook.com\/CesarPalaceParis","article_modified_time":"2024-03-22T09:44:13+00:00","twitter_card":"summary_large_image","twitter_site":"@CsarPalaceParis","twitter_misc":{"Tempo estimado de leitura":"3 minutos"},"schema":{"@context":"https:\/\/schema.org","@graph":[{"@type":"WebPage","@id":"https:\/\/ohcesarparis.com\/pt-pt\/show-without-dinner\/","url":"https:\/\/ohcesarparis.com\/pt-pt\/show-without-dinner\/","name":"Show without dinner - Cabaret Oh! C\u00e9sar","isPartOf":{"@id":"https:\/\/ohcesarparis.com\/pt-pt\/#website"},"datePublished":"2023-03-30T08:26:01+00:00","dateModified":"2024-03-22T09:44:13+00:00","description":"Treat yourself to an exceptional evening at Oh! C\u00e9sar-Paris and enjoy a show in the pure tradition of Parisian cabaret.","breadcrumb":{"@id":"https:\/\/ohcesarparis.com\/pt-pt\/show-without-dinner\/#breadcrumb"},"inLanguage":"pt-PT","potentialAction":[{"@type":"ReadAction","target":["https:\/\/ohcesarparis.com\/pt-pt\/show-without-dinner\/"]}]},{"@type":"BreadcrumbList","@id":"https:\/\/ohcesarparis.com\/pt-pt\/show-without-dinner\/#breadcrumb","itemListElement":[{"@type":"ListItem","position":1,"name":"Accueil","item":"https:\/\/ohcesarparis.com\/pt-pt\/"},{"@type":"ListItem","position":2,"name":"Show without dinner"}]},{"@type":"WebSite","@id":"https:\/\/ohcesarparis.com\/pt-pt\/#website","url":"https:\/\/ohcesarparis.com\/pt-pt\/","name":"Oh C\u00e9sar by C\u00e9sar Palace Paris","description":"Passez une soir\u00e9e de r\u00eave au cabaret","publisher":{"@id":"https:\/\/ohcesarparis.com\/pt-pt\/#organization"},"potentialAction":[{"@type":"SearchAction","target":{"@type":"EntryPoint","urlTemplate":"https:\/\/ohcesarparis.com\/pt-pt\/?s={search_term_string}"},"query-input":{"@type":"PropertyValueSpecification","valueRequired":true,"valueName":"search_term_string"}}],"inLanguage":"pt-PT"},{"@type":"Organization","@id":"https:\/\/ohcesarparis.com\/pt-pt\/#organization","name":"Oh Cesar Paris","url":"https:\/\/ohcesarparis.com\/pt-pt\/","logo":{"@type":"ImageObject","inLanguage":"pt-PT","@id":"https:\/\/ohcesarparis.com\/pt-pt\/#\/schema\/logo\/image\/","url":"https:\/\/ohcesarparis.com\/wp-content\/uploads\/2017\/03\/logo-oh-cesar-by-cesar-palace-paris.png","contentUrl":"https:\/\/ohcesarparis.com\/wp-content\/uploads\/2017\/03\/logo-oh-cesar-by-cesar-palace-paris.png","width":240,"height":70,"caption":"Oh Cesar Paris"},"image":{"@id":"https:\/\/ohcesarparis.com\/pt-pt\/#\/schema\/logo\/image\/"},"sameAs":["https:\/\/www.facebook.com\/CesarPalaceParis","https:\/\/x.com\/CsarPalaceParis","https:\/\/www.instagram.com\/cesarpalaceparis\/"]}]}},"_links":{"self":[{"href":"https:\/\/ohcesarparis.com\/pt-pt\/wp-json\/wp\/v2\/pages\/69208","targetHints":{"allow":["GET"]}}],"collection":[{"href":"https:\/\/ohcesarparis.com\/pt-pt\/wp-json\/wp\/v2\/pages"}],"about":[{"href":"https:\/\/ohcesarparis.com\/pt-pt\/wp-json\/wp\/v2\/types\/page"}],"author":[{"embeddable":true,"href":"https:\/\/ohcesarparis.com\/pt-pt\/wp-json\/wp\/v2\/users\/6"}],"replies":[{"embeddable":true,"href":"https:\/\/ohcesarparis.com\/pt-pt\/wp-json\/wp\/v2\/comments?post=69208"}],"version-history":[{"count":2,"href":"https:\/\/ohcesarparis.com\/pt-pt\/wp-json\/wp\/v2\/pages\/69208\/revisions"}],"predecessor-version":[{"id":70348,"href":"https:\/\/ohcesarparis.com\/pt-pt\/wp-json\/wp\/v2\/pages\/69208\/revisions\/70348"}],"wp:attachment":[{"href":"https:\/\/ohcesarparis.com\/pt-pt\/wp-json\/wp\/v2\/media?parent=69208"}],"curies":[{"name":"wp","href":"https:\/\/api.w.org\/{rel}","templated":true}]}}