{"id":69363,"date":"2019-11-29T11:20:22","date_gmt":"2019-11-29T10:20:22","guid":{"rendered":"https:\/\/ohcesarparis.com\/birthday\/"},"modified":"2025-07-22T16:54:21","modified_gmt":"2025-07-22T14:54:21","slug":"birthday","status":"publish","type":"page","link":"https:\/\/ohcesarparis.com\/it\/birthday\/","title":{"rendered":"Birthday"},"content":{"rendered":"<div class=\"wpb-content-wrapper\">[vc_row row_height_percent=&#8221;0&#8243; back_color=&#8221;color-143597&#8243; back_image=&#8221;59724&#8243; overlay_alpha=&#8221;50&#8243; gutter_size=&#8221;3&#8243; column_width_percent=&#8221;100&#8243; shift_y=&#8221;0&#8243; z_index=&#8221;0&#8243; el_class=&#8221;titre-page&#8221;][vc_column column_width_percent=&#8221;100&#8243; align_horizontal=&#8221;align_center&#8221; gutter_size=&#8221;3&#8243; style=&#8221;dark&#8221; overlay_alpha=&#8221;50&#8243; shift_x=&#8221;0&#8243; shift_y=&#8221;0&#8243; shift_y_down=&#8221;0&#8243; z_index=&#8221;0&#8243; medium_width=&#8221;0&#8243; mobile_width=&#8221;0&#8243; width=&#8221;1\/1&#8243;][vc_column_text]\r\n<h1>Birthday<\/h1>\r\n<h2>Come and experience your own unique moment!<\/h2>\r\n[\/vc_column_text][vc_button button_color=&#8221;accent&#8221; border_width=&#8221;0&#8243; link=&#8221;url:https%3A%2F%2Fohcesarparis.com%2Fen%2Fcontact%2F|&#8221;]Contact us[\/vc_button][\/vc_column][\/vc_row][vc_row row_height_percent=&#8221;0&#8243; override_padding=&#8221;yes&#8221; h_padding=&#8221;2&#8243; top_padding=&#8221;0&#8243; bottom_padding=&#8221;2&#8243; back_color=&#8221;color-jevc&#8221; back_image=&#8221;59614&#8243; back_attachment=&#8221;fixed&#8221; overlay_alpha=&#8221;50&#8243; gutter_size=&#8221;3&#8243; column_width_percent=&#8221;100&#8243; shift_y=&#8221;0&#8243; z_index=&#8221;0&#8243; row_name=&#8221;resa&#8221; el_class=&#8221;titre-clara prog-menu prog-dates admin-resa&#8221; css=&#8221;.vc_custom_1680179047387{padding-top: 100px !important;padding-bottom: 100px !important;}&#8221;][vc_column column_width_percent=&#8221;100&#8243; align_horizontal=&#8221;align_center&#8221; gutter_size=&#8221;3&#8243; overlay_alpha=&#8221;50&#8243; shift_x=&#8221;0&#8243; shift_y=&#8221;0&#8243; z_index=&#8221;0&#8243; medium_width=&#8221;0&#8243; width=&#8221;1\/2&#8243;][vc_accordion active_tab=&#8221;1&#8243; el_id=&#8221;anchor-date&#8221;][vc_accordion_tab gutter_size=&#8221;2&#8243; column_padding=&#8221;2&#8243; title=&#8221;Special birthday menu &#8211; \u20ac138 incl. VAT \/ person&#8221; tab_id=&#8221;1650449530584-4-4167578334869116794068770011679414140348&#8243;][vc_row_inner][vc_column_inner column_width_percent=&#8221;100&#8243; align_horizontal=&#8221;align_center&#8221; gutter_size=&#8221;3&#8243; overlay_alpha=&#8221;50&#8243; shift_x=&#8221;0&#8243; shift_y=&#8221;0&#8243; shift_y_down=&#8221;0&#8243; z_index=&#8221;0&#8243; medium_width=&#8221;0&#8243; mobile_width=&#8221;0&#8243; width=&#8221;1\/1&#8243;][vc_column_text el_class=&#8221;menu-resto&#8221; uncode_shortcode_id=&#8221;131999&#8243;]\r\n<h2 style=\"text-align: center;\">Special birthday menu<strong>\r\n<\/strong><\/h2>\r\n<p style=\"text-align: center;\"><strong><span style=\"color: #93181b; font-size: 25px; margin-top: 0;\">138 \u20ac INCL. VAT<\/span><\/strong><span style=\"color: #93181b;\"> \/ person<\/span><\/p>\r\n<p style=\"text-align: center;\">Includes aperitif, dinner, 1\/2 wine, show, club<\/p>\r\n<p style=\"text-align: center;\"><img decoding=\"async\" class=\"\" src=\"https:\/\/ohcesarparis.com\/wp-content\/uploads\/2020\/02\/clock.png\" alt=\"\" width=\"18\" height=\"18\" \/> Arrival from 7:30 pm to 8:00 pm<\/p>\r\n\u00a0[\/vc_column_text][vc_empty_space empty_h=&#8221;2&#8243;][vc_button button_color=&#8221;color-588725&#8243; radius=&#8221;btn-square&#8221; border_width=&#8221;0&#8243; display=&#8221;inline&#8221; link=&#8221;url:https%3A%2F%2Fohcesarparis.com%2Fwp-content%2Fuploads%2F2024%2F08%2FMENU-ANNIVERSAIRE-CESAR.pdf|title:Special%20birthday%20menu|target:_blank&#8221; el_class=&#8221;inline admin-resa&#8221;]View menu[\/vc_button][\/vc_column_inner][\/vc_row_inner][\/vc_accordion_tab][\/vc_accordion][\/vc_column][vc_column width=&#8221;1\/2&#8243;][vc_raw_html]JTNDc2NyaXB0JTIwdHlwZSUzRCUyMnRleHQlMkZqYXZhc2NyaXB0JTIyJTIwc3JjJTNEJTIyaHR0cHMlM0ElMkYlMkZ3d3cudG91cmJpei1nZXN0aW9uLm5ldCUyRnVzZXIlMkZvaGFwcHljZXNhciUyRnByZC5waHAlM0ZhY3QlM0Rqcy1mcmFtZS1oJTI2YW1wJTNCaWQlM0Q0MiUyMiUzRSUzQyUyRnNjcmlwdCUzRSUwQSUzQ3NjcmlwdCUyMHR5cGUlM0QlMjJ0ZXh0JTJGamF2YXNjcmlwdCUyMiUzRSUwQWZ1bmN0aW9uJTIwbW9udHJlRnJhbWUyJTI4biUyOSU3QiUwQSUwOXZhciUyMHVybF9wYW5pZXIlMjAlM0QlMjAlMjJodHRwcyUzQSUyRiUyRm9oY2VzYXJwYXJpcy5jb20lMkZlbiUyRmNhcnQlMjIlM0IlMEElMDl2YXIlMjB0YlVybCUyMCUzRCUyMCUyN2h0dHBzJTNBJTJGJTJGd3d3LnRvdXJiaXotZ2VzdGlvbi5uZXQlMkZ1c2VyJTJGb2hhcHB5Y2VzYXIlMkZwcmQucGhwJTNGcmVzcG9uc2l2ZSUzRDElMjZ0aXRyZSUzRDElMjZsZyUzREVOJTI2dXJscGFuaWVyJTNEJTI3JTIwJTJCJTIwdXJsX3BhbmllciUyMCUyQiUyMCUyNyUyNmlkJTNEJTI3JTJCbiUzQiUwQSUwOWRvY3VtZW50LmdldEVsZW1lbnRCeUlkJTI4JTIyQkJfRnJhbWVfNDIlMjIlMjkuc3JjJTIwJTNEJTIwdGJVcmwlM0IlMEElN0QlMEElM0MlMkZzY3JpcHQlM0UlMEElM0NwJTNFJTNDJTJGcCUzRSUzQ2RpdiUzRSUzQ2lucHV0JTIwbmFtZSUzRCUyMmxpc3RlUmFkaW8lMjIlMjB0eXBlJTNEJTIycmFkaW8lMjIlMjBpZCUzRCUyMmJ0MSUyMiUyMHZhbHVlJTNEJTIyNDIlMjIlMjBvbmNsaWNrJTNEJTIybW9udHJlRnJhbWUyJTI4dGhpcy52YWx1ZSUyOSUyMiUyMGNoZWNrZWQlM0UlMjAlM0NsYWJlbCUyMGZvciUzRCUyMmJ0MSUyMiUzRUJJUlRIREFZJTIwTUVOVSUzQyUyRmxhYmVsJTNFJTNDJTJGZGl2JTNFJTBBJTBBJTNDZGl2JTIwc3R5bGUlM0QlMjJoZWlnaHQlM0E4MDBweCUzQiUyMiUzRSUwQSUzQ3NjcmlwdCUyMHR5cGUlM0QlMjJ0ZXh0JTJGamF2YXNjcmlwdCUyMiUyMHNyYyUzRCUyMmh0dHBzJTNBJTJGJTJGd3d3LnRvdXJiaXotZ2VzdGlvbi5uZXQlMkZ1c2VyJTJGb2hhcHB5Y2VzYXIlMkZwcmQucGhwJTNGYWN0JTNEaWZyYW1lLXJlc3BvbnNpdmUlMjZhbXAlM0JpZCUzRDQyJTI2YW1wJTNCbGclM0RFTiUyNmFtcCUzQnVybHBhbmllciUzRGh0dHBzJTNBJTJGJTJGb2hjZXNhcnBhcmlzLmNvbSUyRmVuJTJGY2FydCUyNmFtcCUzQnRpdHJlJTNEMSUyMiUzRSUzQyUyRnNjcmlwdCUzRSUwQSUzQyUyRmRpdiUzRSUwQQ==[\/vc_raw_html][\/vc_column][\/vc_row][vc_row unlock_row_content=&#8221;yes&#8221; row_height_percent=&#8221;0&#8243; back_image=&#8221;59552&#8243; back_repeat=&#8221;no-repeat&#8221; back_attachment=&#8221;fixed&#8221; overlay_alpha=&#8221;50&#8243; gutter_size=&#8221;3&#8243; column_width_percent=&#8221;100&#8243; shift_y=&#8221;0&#8243; z_index=&#8221;0&#8243; css=&#8221;.vc_custom_1575299830934{border-bottom-width: 60px !important;padding-top: 40px !important;}&#8221;][vc_column column_width_percent=&#8221;100&#8243; gutter_size=&#8221;3&#8243; overlay_alpha=&#8221;50&#8243; shift_x=&#8221;0&#8243; shift_y=&#8221;0&#8243; z_index=&#8221;0&#8243; medium_width=&#8221;0&#8243; width=&#8221;1\/12&#8243;][\/vc_column][vc_column width=&#8221;10\/12&#8243;][vc_column_text]\r\n<h2 style=\"text-align: center;\">Celebrate your birthday with our artists<\/h2>\r\n<h3 style=\"text-align: center;\">Throw a wild party<\/h3>\r\n[\/vc_column_text][vc_row_inner][vc_column_inner width=&#8221;1\/3&#8243;][\/vc_column_inner][vc_column_inner width=&#8221;1\/3&#8243;][vc_single_image media=&#8221;59570&#8243; media_width_percent=&#8221;8&#8243; alignment=&#8221;center&#8221;][\/vc_column_inner][vc_column_inner width=&#8221;1\/3&#8243;][\/vc_column_inner][\/vc_row_inner][vc_row_inner row_inner_height_percent=&#8221;0&#8243; overlay_alpha=&#8221;50&#8243; gutter_size=&#8221;3&#8243; shift_y=&#8221;0&#8243; z_index=&#8221;0&#8243; css=&#8221;.vc_custom_1573575079642{margin-top: 0px !important;padding-top: 0px !important;}&#8221;][vc_column_inner column_width_percent=&#8221;100&#8243; position_vertical=&#8221;middle&#8221; gutter_size=&#8221;3&#8243; overlay_alpha=&#8221;50&#8243; border_color=&#8221;accent&#8221; border_style=&#8221;dotted&#8221; shift_x=&#8221;0&#8243; shift_y=&#8221;0&#8243; shift_y_down=&#8221;0&#8243; z_index=&#8221;0&#8243; medium_width=&#8221;0&#8243; mobile_width=&#8221;0&#8243; width=&#8221;1\/4&#8243; el_class=&#8221;txt-intro&#8221; css=&#8221;.vc_custom_1573574291469{border-left-width: 3px !important;padding-left: 30px !important;}&#8221;][vc_column_text el_class=&#8221;txt-justify&#8221;]\r\n<h4>Your evening<\/h4>\r\nAu Oh!! C\u00e9sar, your birthday will be celebrated with panache! Enjoy an evening where you&#8217;ll be the center of attention. Our team has an exceptional evening in store for you, surrounded by friends and family.\r\n\r\nStart with a lively dinner where our artists and Master of Ceremonies will do their utmost to set the mood. And when you least expect it, it&#8217;s showtime! Dancers, comedians, aerial acrobats, musicians and magicians take turns to bring you a colorful, emotionally-charged show.\r\n\r\nAnd the evening doesn&#8217;t end there! Once the show is over, <strong>the Oh! C\u00e9sar transforms into a club until 1.45am, so you can keep the party going on the dance floor.<\/strong>\r\n\r\n<strong>So, are you ready to celebrate your birthday in style?<\/strong>[\/vc_column_text][\/vc_column_inner][vc_column_inner column_width_percent=&#8221;100&#8243; position_vertical=&#8221;middle&#8221; align_horizontal=&#8221;align_center&#8221; gutter_size=&#8221;3&#8243; overlay_alpha=&#8221;50&#8243; shift_x=&#8221;0&#8243; shift_y=&#8221;0&#8243; shift_y_down=&#8221;0&#8243; z_index=&#8221;0&#8243; medium_width=&#8221;0&#8243; mobile_width=&#8221;0&#8243; width=&#8221;1\/2&#8243;][vc_single_image media=&#8221;63479&#8243; media_width_percent=&#8221;100&#8243;][vc_empty_space empty_h=&#8221;1&#8243;][\/vc_column_inner][vc_column_inner column_width_percent=&#8221;100&#8243; position_vertical=&#8221;middle&#8221; gutter_size=&#8221;3&#8243; overlay_alpha=&#8221;50&#8243; border_color=&#8221;accent&#8221; border_style=&#8221;dotted&#8221; shift_x=&#8221;0&#8243; shift_y=&#8221;0&#8243; shift_y_down=&#8221;0&#8243; z_index=&#8221;0&#8243; medium_width=&#8221;0&#8243; mobile_width=&#8221;0&#8243; width=&#8221;1\/4&#8243; el_class=&#8221;txt-intro&#8221; css=&#8221;.vc_custom_1573574416636{border-right-width: 3px !important;padding-right: 30px !important;}&#8221;][vc_column_text el_class=&#8221;txt-justify&#8221;]\r\n<h4>An available team<\/h4>\r\nOur team is available to respond to all your requests and offer you an event tailored to your needs and expectations. We&#8217;ll be happy to help you organize your birthday party, whether it&#8217;s an intimate evening with a small group or a larger affair with lots of guests.\r\n\r\n<strong>Don&#8217;t hesitate to contact us for more information about our services and to book your evening at the Oh! cabaret. C\u00e9sar..<\/strong>\r\n\r\n[\/vc_column_text][\/vc_column_inner][\/vc_row_inner][vc_row_inner row_inner_height_percent=&#8221;0&#8243; overlay_alpha=&#8221;50&#8243; gutter_size=&#8221;3&#8243; shift_y=&#8221;0&#8243; z_index=&#8221;0&#8243; el_class=&#8221;button-center&#8221;][vc_column_inner column_width_percent=&#8221;100&#8243; align_horizontal=&#8221;align_center&#8221; gutter_size=&#8221;3&#8243; overlay_alpha=&#8221;50&#8243; shift_x=&#8221;0&#8243; shift_y=&#8221;0&#8243; shift_y_down=&#8221;0&#8243; z_index=&#8221;0&#8243; medium_width=&#8221;0&#8243; mobile_width=&#8221;0&#8243; width=&#8221;2\/12&#8243;][\/vc_column_inner][vc_column_inner column_width_percent=&#8221;100&#8243; align_horizontal=&#8221;align_center&#8221; gutter_size=&#8221;3&#8243; overlay_alpha=&#8221;50&#8243; shift_x=&#8221;0&#8243; shift_y=&#8221;0&#8243; shift_y_down=&#8221;0&#8243; z_index=&#8221;0&#8243; medium_width=&#8221;0&#8243; mobile_width=&#8221;0&#8243; width=&#8221;4\/12&#8243;][vc_button button_color=&#8221;color-513739&#8243; radius=&#8221;btn-square&#8221; border_width=&#8221;0&#8243; link=&#8221;url:https%3A%2F%2Fohcesarparis.com%2Fen%2Fat-lolas%2F|title:The%20Parisian%20review%20of%20Oh%21C%C3%A9sar|&#8221;]+ more on our magazine[\/vc_button][\/vc_column_inner][vc_column_inner column_width_percent=&#8221;100&#8243; align_horizontal=&#8221;align_center&#8221; gutter_size=&#8221;3&#8243; overlay_alpha=&#8221;50&#8243; shift_x=&#8221;0&#8243; shift_y=&#8221;0&#8243; shift_y_down=&#8221;0&#8243; z_index=&#8221;0&#8243; medium_width=&#8221;0&#8243; mobile_width=&#8221;0&#8243; width=&#8221;4\/12&#8243;][vc_button button_color=&#8221;color-513739&#8243; radius=&#8221;btn-square&#8221; border_width=&#8221;0&#8243; display=&#8221;inline&#8221; link=&#8221;url:https%3A%2F%2Fohcesarparis.com%2Fwp-content%2Fuploads%2F2022%2F11%2FMENUS-ANNIVERSAIRE-CESAR-22-23.pdf|title:Special%20birthday%20menu|target:_blank|&#8221; el_class=&#8221;inline&#8221;]Special birthday menu[\/vc_button][\/vc_column_inner][vc_column_inner width=&#8221;2\/12&#8243;][\/vc_column_inner][\/vc_row_inner][vc_empty_space empty_h=&#8221;3&#8243;][\/vc_column][vc_column width=&#8221;1\/12&#8243;][\/vc_column][\/vc_row][vc_row row_height_percent=&#8221;0&#8243; back_image=&#8221;59614&#8243; overlay_alpha=&#8221;50&#8243; gutter_size=&#8221;3&#8243; column_width_percent=&#8221;100&#8243; shift_y=&#8221;0&#8243; z_index=&#8221;0&#8243; row_name=&#8221;formulaire&#8221; css=&#8221;.vc_custom_1575037237660{padding-top: 40px !important;padding-bottom: 40px !important;}&#8221;][vc_column column_width_percent=&#8221;100&#8243; gutter_size=&#8221;3&#8243; overlay_alpha=&#8221;50&#8243; shift_x=&#8221;0&#8243; shift_y=&#8221;0&#8243; shift_y_down=&#8221;0&#8243; z_index=&#8221;0&#8243; medium_width=&#8221;0&#8243; mobile_width=&#8221;0&#8243; width=&#8221;1\/1&#8243;][vc_column_text el_class=&#8221;titre-avis&#8221;]\r\n<p style=\"font-size: 30px; font-weight: bold; text-align: center;\"><span style=\"color: #ffffff;\">CONTACT US<\/span><\/p>\r\n\r\n<h2 style=\"text-align: center; margin-top: 0px;\">As you can see, the Oh! C\u00e9sar Paris is the ideal place to go out in Paris!<\/h2>\r\n<h3 style=\"text-align: center;\">Take advantage of a visit to our beautiful capital to discover a legendary Cabaret<\/h3>\r\n[\/vc_column_text][vc_single_image media=&#8221;59478&#8243; media_width_use_pixel=&#8221;yes&#8221; media_ratio=&#8221;one-one&#8221; alignment=&#8221;center&#8221; media_width_pixel=&#8221;45&#8243;][vc_row_inner row_inner_height_percent=&#8221;0&#8243; overlay_alpha=&#8221;50&#8243; gutter_size=&#8221;3&#8243; shift_y=&#8221;0&#8243; z_index=&#8221;0&#8243; el_class=&#8221;form-fond-bleu&#8221; limit_content=&#8221;&#8221;][vc_column_inner width=&#8221;1\/6&#8243;][\/vc_column_inner][vc_column_inner column_width_percent=&#8221;100&#8243; align_horizontal=&#8221;align_center&#8221; gutter_size=&#8221;3&#8243; back_color=&#8221;color-xsdn&#8221; overlay_alpha=&#8221;50&#8243; shift_x=&#8221;0&#8243; shift_y=&#8221;0&#8243; shift_y_down=&#8221;0&#8243; z_index=&#8221;0&#8243; medium_width=&#8221;0&#8243; mobile_width=&#8221;0&#8243; width=&#8221;1\/3&#8243; link_to=&#8221;url:https%3A%2F%2Fohcesarparis.com%2Fcontact%2F%23contact-form&#8221; el_class=&#8221;bloc-mail&#8221;][vc_icon icon=&#8221;fa fa-envelope-o&#8221; icon_color=&#8221;accent&#8221; size=&#8221;fa-3x&#8221; linked_title=&#8221;yes&#8221; text_lead=&#8221;yes&#8221; link=&#8221;url:https%3A%2F%2Fohcesarparis.com%2Fen%2Fcontact%2F%23contact-form-ancre|&#8221;]\r\n<h3><span style=\"color: #93181b;\">YOUR REQUEST<\/span><\/h3>\r\n[\/vc_icon][vc_button button_color=&#8221;color-397464&#8243; size=&#8221;btn-link&#8221; link=&#8221;url:https%3A%2F%2Fohcesarparis.com%2Fen%2Fcontact%2F%23contact-form-ancre|&#8221; el_class=&#8221;underline-red&#8221;]By Email : click here[\/vc_button][\/vc_column_inner][vc_column_inner column_width_percent=&#8221;100&#8243; align_horizontal=&#8221;align_center&#8221; gutter_size=&#8221;3&#8243; back_color=&#8221;color-397464&#8243; overlay_alpha=&#8221;50&#8243; shift_x=&#8221;0&#8243; shift_y=&#8221;0&#8243; shift_y_down=&#8221;0&#8243; z_index=&#8221;0&#8243; medium_width=&#8221;0&#8243; mobile_width=&#8221;0&#8243; width=&#8221;1\/3&#8243; link_to=&#8221;url:https%3A%2F%2Fohcesarparis.com%2Fcontact%2F&#8221; el_class=&#8221;bloc-tel&#8221;][vc_icon icon=&#8221;fa fa-phone-handset&#8221; icon_color=&#8221;color-xsdn&#8221; size=&#8221;fa-3x&#8221; linked_title=&#8221;yes&#8221; text_lead=&#8221;yes&#8221; link=&#8221;url:https%3A%2F%2Fohcesarparis.com%2Fen%2Fcontact%2F|&#8221;]\r\n<h3><span style=\"color: #ffffff;\">YOUR REQUEST<\/span><\/h3>\r\n[\/vc_icon][vc_button button_color=&#8221;color-lxmt&#8221; size=&#8221;btn-link&#8221; link=&#8221;url:https%3A%2F%2Fohcesarparis.com%2Fen%2Fcontact%2F|&#8221; el_class=&#8221;underline&#8221;]BY PHONE: 01 45 44 46 20[\/vc_button][\/vc_column_inner][vc_column_inner width=&#8221;1\/6&#8243;][\/vc_column_inner][\/vc_row_inner][\/vc_column][\/vc_row]<\/div>","protected":false},"excerpt":{"rendered":"[vc_row row_height_percent=&#8221;0&#8243; back_color=&#8221;color-143597&#8243; back_image=&#8221;59724&#8243; overlay_alpha=&#8221;50&#8243; gutter_size=&#8221;3&#8243; column_width_percent=&#8221;100&#8243; shift_y=&#8221;0&#8243; z_index=&#8221;0&#8243; el_class=&#8221;titre-page&#8221;][vc_column column_width_percent=&#8221;100&#8243; align_horizontal=&#8221;align_center&#8221; gutter_size=&#8221;3&#8243; style=&#8221;dark&#8221; overlay_alpha=&#8221;50&#8243; shift_x=&#8221;0&#8243; shift_y=&#8221;0&#8243; shift_y_down=&#8221;0&#8243; z_index=&#8221;0&#8243; medium_width=&#8221;0&#8243; [&hellip;]","protected":false},"author":6,"featured_media":0,"parent":0,"menu_order":0,"comment_status":"closed","ping_status":"closed","template":"","meta":{"footnotes":""},"class_list":["post-69363","page","type-page","status-publish","hentry"],"yoast_head":"<!-- This site is optimized with the Yoast SEO plugin v26.9 - https:\/\/yoast.com\/product\/yoast-seo-wordpress\/ -->\n<title>Celebrate your birthday with our artists - Cabaret Oh! C\u00e9sar<\/title>\n<meta name=\"description\" content=\"Enjoy an evening where you&#039;ll be the center of attention... Surrounded by artists, rhinestones, sequins and a crazy atmosphere!\" \/>\n<meta name=\"robots\" content=\"index, follow, max-snippet:-1, max-image-preview:large, max-video-preview:-1\" \/>\n<link rel=\"canonical\" href=\"https:\/\/ohcesarparis.com\/it\/birthday\/\" \/>\n<meta property=\"og:locale\" content=\"it_IT\" \/>\n<meta property=\"og:type\" content=\"article\" \/>\n<meta property=\"og:title\" content=\"Celebrate your birthday with our artists - Cabaret Oh! C\u00e9sar\" \/>\n<meta property=\"og:description\" content=\"Enjoy an evening where you&#039;ll be the center of attention... Surrounded by artists, rhinestones, sequins and a crazy atmosphere!\" \/>\n<meta property=\"og:url\" content=\"https:\/\/ohcesarparis.com\/it\/birthday\/\" \/>\n<meta property=\"og:site_name\" content=\"Oh C\u00e9sar by C\u00e9sar Palace Paris\" \/>\n<meta property=\"article:publisher\" content=\"https:\/\/www.facebook.com\/CesarPalaceParis\" \/>\n<meta property=\"article:modified_time\" content=\"2025-07-22T14:54:21+00:00\" \/>\n<meta property=\"og:image\" content=\"https:\/\/ohcesarparis.com\/wp-content\/uploads\/2020\/02\/clock.png\" \/>\n<meta name=\"twitter:card\" content=\"summary_large_image\" \/>\n<meta name=\"twitter:site\" content=\"@CsarPalaceParis\" \/>\n<meta name=\"twitter:label1\" content=\"Tempo di lettura stimato\" \/>\n\t<meta name=\"twitter:data1\" content=\"8 minuti\" \/>\n<script type=\"application\/ld+json\" class=\"yoast-schema-graph\">{\"@context\":\"https:\/\/schema.org\",\"@graph\":[{\"@type\":\"WebPage\",\"@id\":\"https:\/\/ohcesarparis.com\/it\/birthday\/\",\"url\":\"https:\/\/ohcesarparis.com\/it\/birthday\/\",\"name\":\"Celebrate your birthday with our artists - Cabaret Oh! C\u00e9sar\",\"isPartOf\":{\"@id\":\"https:\/\/ohcesarparis.com\/it\/#website\"},\"primaryImageOfPage\":{\"@id\":\"https:\/\/ohcesarparis.com\/it\/birthday\/#primaryimage\"},\"image\":{\"@id\":\"https:\/\/ohcesarparis.com\/it\/birthday\/#primaryimage\"},\"thumbnailUrl\":\"https:\/\/ohcesarparis.com\/wp-content\/uploads\/2020\/02\/clock.png\",\"datePublished\":\"2019-11-29T10:20:22+00:00\",\"dateModified\":\"2025-07-22T14:54:21+00:00\",\"description\":\"Enjoy an evening where you'll be the center of attention... Surrounded by artists, rhinestones, sequins and a crazy atmosphere!\",\"breadcrumb\":{\"@id\":\"https:\/\/ohcesarparis.com\/it\/birthday\/#breadcrumb\"},\"inLanguage\":\"it-IT\",\"potentialAction\":[{\"@type\":\"ReadAction\",\"target\":[\"https:\/\/ohcesarparis.com\/it\/birthday\/\"]}]},{\"@type\":\"ImageObject\",\"inLanguage\":\"it-IT\",\"@id\":\"https:\/\/ohcesarparis.com\/it\/birthday\/#primaryimage\",\"url\":\"https:\/\/ohcesarparis.com\/wp-content\/uploads\/2020\/02\/clock.png\",\"contentUrl\":\"https:\/\/ohcesarparis.com\/wp-content\/uploads\/2020\/02\/clock.png\"},{\"@type\":\"BreadcrumbList\",\"@id\":\"https:\/\/ohcesarparis.com\/it\/birthday\/#breadcrumb\",\"itemListElement\":[{\"@type\":\"ListItem\",\"position\":1,\"name\":\"Accueil\",\"item\":\"https:\/\/ohcesarparis.com\/it\/\"},{\"@type\":\"ListItem\",\"position\":2,\"name\":\"Birthday\"}]},{\"@type\":\"WebSite\",\"@id\":\"https:\/\/ohcesarparis.com\/it\/#website\",\"url\":\"https:\/\/ohcesarparis.com\/it\/\",\"name\":\"Oh C\u00e9sar by C\u00e9sar Palace Paris\",\"description\":\"Passez une soir\u00e9e de r\u00eave au cabaret\",\"publisher\":{\"@id\":\"https:\/\/ohcesarparis.com\/it\/#organization\"},\"potentialAction\":[{\"@type\":\"SearchAction\",\"target\":{\"@type\":\"EntryPoint\",\"urlTemplate\":\"https:\/\/ohcesarparis.com\/it\/?s={search_term_string}\"},\"query-input\":{\"@type\":\"PropertyValueSpecification\",\"valueRequired\":true,\"valueName\":\"search_term_string\"}}],\"inLanguage\":\"it-IT\"},{\"@type\":\"Organization\",\"@id\":\"https:\/\/ohcesarparis.com\/it\/#organization\",\"name\":\"Oh Cesar Paris\",\"url\":\"https:\/\/ohcesarparis.com\/it\/\",\"logo\":{\"@type\":\"ImageObject\",\"inLanguage\":\"it-IT\",\"@id\":\"https:\/\/ohcesarparis.com\/it\/#\/schema\/logo\/image\/\",\"url\":\"https:\/\/ohcesarparis.com\/wp-content\/uploads\/2017\/03\/logo-oh-cesar-by-cesar-palace-paris.png\",\"contentUrl\":\"https:\/\/ohcesarparis.com\/wp-content\/uploads\/2017\/03\/logo-oh-cesar-by-cesar-palace-paris.png\",\"width\":240,\"height\":70,\"caption\":\"Oh Cesar Paris\"},\"image\":{\"@id\":\"https:\/\/ohcesarparis.com\/it\/#\/schema\/logo\/image\/\"},\"sameAs\":[\"https:\/\/www.facebook.com\/CesarPalaceParis\",\"https:\/\/x.com\/CsarPalaceParis\",\"https:\/\/www.instagram.com\/cesarpalaceparis\/\"]}]}<\/script>\n<!-- \/ Yoast SEO plugin. -->","yoast_head_json":{"title":"Celebrate your birthday with our artists - Cabaret Oh! C\u00e9sar","description":"Enjoy an evening where you'll be the center of attention... Surrounded by artists, rhinestones, sequins and a crazy atmosphere!","robots":{"index":"index","follow":"follow","max-snippet":"max-snippet:-1","max-image-preview":"max-image-preview:large","max-video-preview":"max-video-preview:-1"},"canonical":"https:\/\/ohcesarparis.com\/it\/birthday\/","og_locale":"it_IT","og_type":"article","og_title":"Celebrate your birthday with our artists - Cabaret Oh! C\u00e9sar","og_description":"Enjoy an evening where you'll be the center of attention... Surrounded by artists, rhinestones, sequins and a crazy atmosphere!","og_url":"https:\/\/ohcesarparis.com\/it\/birthday\/","og_site_name":"Oh C\u00e9sar by C\u00e9sar Palace Paris","article_publisher":"https:\/\/www.facebook.com\/CesarPalaceParis","article_modified_time":"2025-07-22T14:54:21+00:00","og_image":[{"url":"https:\/\/ohcesarparis.com\/wp-content\/uploads\/2020\/02\/clock.png","type":"","width":"","height":""}],"twitter_card":"summary_large_image","twitter_site":"@CsarPalaceParis","twitter_misc":{"Tempo di lettura stimato":"8 minuti"},"schema":{"@context":"https:\/\/schema.org","@graph":[{"@type":"WebPage","@id":"https:\/\/ohcesarparis.com\/it\/birthday\/","url":"https:\/\/ohcesarparis.com\/it\/birthday\/","name":"Celebrate your birthday with our artists - Cabaret Oh! C\u00e9sar","isPartOf":{"@id":"https:\/\/ohcesarparis.com\/it\/#website"},"primaryImageOfPage":{"@id":"https:\/\/ohcesarparis.com\/it\/birthday\/#primaryimage"},"image":{"@id":"https:\/\/ohcesarparis.com\/it\/birthday\/#primaryimage"},"thumbnailUrl":"https:\/\/ohcesarparis.com\/wp-content\/uploads\/2020\/02\/clock.png","datePublished":"2019-11-29T10:20:22+00:00","dateModified":"2025-07-22T14:54:21+00:00","description":"Enjoy an evening where you'll be the center of attention... Surrounded by artists, rhinestones, sequins and a crazy atmosphere!","breadcrumb":{"@id":"https:\/\/ohcesarparis.com\/it\/birthday\/#breadcrumb"},"inLanguage":"it-IT","potentialAction":[{"@type":"ReadAction","target":["https:\/\/ohcesarparis.com\/it\/birthday\/"]}]},{"@type":"ImageObject","inLanguage":"it-IT","@id":"https:\/\/ohcesarparis.com\/it\/birthday\/#primaryimage","url":"https:\/\/ohcesarparis.com\/wp-content\/uploads\/2020\/02\/clock.png","contentUrl":"https:\/\/ohcesarparis.com\/wp-content\/uploads\/2020\/02\/clock.png"},{"@type":"BreadcrumbList","@id":"https:\/\/ohcesarparis.com\/it\/birthday\/#breadcrumb","itemListElement":[{"@type":"ListItem","position":1,"name":"Accueil","item":"https:\/\/ohcesarparis.com\/it\/"},{"@type":"ListItem","position":2,"name":"Birthday"}]},{"@type":"WebSite","@id":"https:\/\/ohcesarparis.com\/it\/#website","url":"https:\/\/ohcesarparis.com\/it\/","name":"Oh C\u00e9sar by C\u00e9sar Palace Paris","description":"Passez une soir\u00e9e de r\u00eave au cabaret","publisher":{"@id":"https:\/\/ohcesarparis.com\/it\/#organization"},"potentialAction":[{"@type":"SearchAction","target":{"@type":"EntryPoint","urlTemplate":"https:\/\/ohcesarparis.com\/it\/?s={search_term_string}"},"query-input":{"@type":"PropertyValueSpecification","valueRequired":true,"valueName":"search_term_string"}}],"inLanguage":"it-IT"},{"@type":"Organization","@id":"https:\/\/ohcesarparis.com\/it\/#organization","name":"Oh Cesar Paris","url":"https:\/\/ohcesarparis.com\/it\/","logo":{"@type":"ImageObject","inLanguage":"it-IT","@id":"https:\/\/ohcesarparis.com\/it\/#\/schema\/logo\/image\/","url":"https:\/\/ohcesarparis.com\/wp-content\/uploads\/2017\/03\/logo-oh-cesar-by-cesar-palace-paris.png","contentUrl":"https:\/\/ohcesarparis.com\/wp-content\/uploads\/2017\/03\/logo-oh-cesar-by-cesar-palace-paris.png","width":240,"height":70,"caption":"Oh Cesar Paris"},"image":{"@id":"https:\/\/ohcesarparis.com\/it\/#\/schema\/logo\/image\/"},"sameAs":["https:\/\/www.facebook.com\/CesarPalaceParis","https:\/\/x.com\/CsarPalaceParis","https:\/\/www.instagram.com\/cesarpalaceparis\/"]}]}},"_links":{"self":[{"href":"https:\/\/ohcesarparis.com\/it\/wp-json\/wp\/v2\/pages\/69363","targetHints":{"allow":["GET"]}}],"collection":[{"href":"https:\/\/ohcesarparis.com\/it\/wp-json\/wp\/v2\/pages"}],"about":[{"href":"https:\/\/ohcesarparis.com\/it\/wp-json\/wp\/v2\/types\/page"}],"author":[{"embeddable":true,"href":"https:\/\/ohcesarparis.com\/it\/wp-json\/wp\/v2\/users\/6"}],"replies":[{"embeddable":true,"href":"https:\/\/ohcesarparis.com\/it\/wp-json\/wp\/v2\/comments?post=69363"}],"version-history":[{"count":11,"href":"https:\/\/ohcesarparis.com\/it\/wp-json\/wp\/v2\/pages\/69363\/revisions"}],"predecessor-version":[{"id":73626,"href":"https:\/\/ohcesarparis.com\/it\/wp-json\/wp\/v2\/pages\/69363\/revisions\/73626"}],"wp:attachment":[{"href":"https:\/\/ohcesarparis.com\/it\/wp-json\/wp\/v2\/media?parent=69363"}],"curies":[{"name":"wp","href":"https:\/\/api.w.org\/{rel}","templated":true}]}}