{"id":69321,"date":"2020-01-13T10:23:03","date_gmt":"2020-01-13T09:23:03","guid":{"rendered":"https:\/\/ohcesarparis.com\/seminar\/"},"modified":"2024-03-22T10:54:07","modified_gmt":"2024-03-22T09:54:07","slug":"seminar","status":"publish","type":"page","link":"https:\/\/ohcesarparis.com\/it\/seminar\/","title":{"rendered":"Seminar"},"content":{"rendered":"<div class=\"wpb-content-wrapper\">[vc_row row_height_percent=&#8221;0&#8243; back_color=&#8221;color-143597&#8243; back_image=&#8221;59724&#8243; overlay_alpha=&#8221;50&#8243; gutter_size=&#8221;3&#8243; column_width_percent=&#8221;100&#8243; shift_y=&#8221;0&#8243; z_index=&#8221;0&#8243; el_class=&#8221;titre-page&#8221;][vc_column column_width_percent=&#8221;100&#8243; align_horizontal=&#8221;align_center&#8221; gutter_size=&#8221;3&#8243; style=&#8221;dark&#8221; overlay_alpha=&#8221;50&#8243; shift_x=&#8221;0&#8243; shift_y=&#8221;0&#8243; shift_y_down=&#8221;0&#8243; z_index=&#8221;0&#8243; medium_width=&#8221;0&#8243; mobile_width=&#8221;0&#8243; width=&#8221;1\/1&#8243;][vc_column_text]\r\n<h1>Seminar<\/h1>\r\n<h2>Give your employees a change of scenery for your annual seminar!<\/h2>\r\n[\/vc_column_text][vc_button button_color=&#8221;accent&#8221; border_width=&#8221;0&#8243; link=&#8221;url:https%3A%2F%2Fohcesarparis.com%2Fen%2Fcontact%2F|&#8221;]Contact us[\/vc_button][\/vc_column][\/vc_row][vc_row unlock_row_content=&#8221;yes&#8221; row_height_percent=&#8221;0&#8243; back_image=&#8221;59552&#8243; back_repeat=&#8221;no-repeat&#8221; back_attachment=&#8221;fixed&#8221; overlay_alpha=&#8221;50&#8243; gutter_size=&#8221;3&#8243; column_width_percent=&#8221;100&#8243; shift_y=&#8221;0&#8243; z_index=&#8221;0&#8243; css=&#8221;.vc_custom_1575299830934{border-bottom-width: 60px !important;padding-top: 40px !important;}&#8221;][vc_column column_width_percent=&#8221;100&#8243; gutter_size=&#8221;3&#8243; overlay_alpha=&#8221;50&#8243; shift_x=&#8221;0&#8243; shift_y=&#8221;0&#8243; z_index=&#8221;0&#8243; medium_width=&#8221;0&#8243; width=&#8221;1\/12&#8243;][\/vc_column][vc_column width=&#8221;10\/12&#8243;][vc_column_text]\r\n<h2 style=\"text-align: center;\">Think outside the box with originality<\/h2>\r\n<h3 style=\"text-align: center;\">Take advantage of an unusual and unexpected setting to surprise your employees at your annual seminar<\/h3>\r\n[\/vc_column_text][vc_single_image media=&#8221;59570&#8243; media_width_use_pixel=&#8221;yes&#8221; alignment=&#8221;center&#8221; media_width_pixel=&#8221;45&#8243;][vc_row_inner row_inner_height_percent=&#8221;0&#8243; overlay_alpha=&#8221;50&#8243; gutter_size=&#8221;3&#8243; shift_y=&#8221;0&#8243; z_index=&#8221;0&#8243; css=&#8221;.vc_custom_1573575079642{margin-top: 0px !important;padding-top: 0px !important;}&#8221;][vc_column_inner column_width_percent=&#8221;100&#8243; position_vertical=&#8221;middle&#8221; gutter_size=&#8221;3&#8243; overlay_alpha=&#8221;50&#8243; border_color=&#8221;accent&#8221; border_style=&#8221;dotted&#8221; shift_x=&#8221;0&#8243; shift_y=&#8221;0&#8243; shift_y_down=&#8221;0&#8243; z_index=&#8221;0&#8243; medium_width=&#8221;0&#8243; mobile_width=&#8221;0&#8243; width=&#8221;1\/4&#8243; el_class=&#8221;txt-intro&#8221; css=&#8221;.vc_custom_1573574291469{border-left-width: 3px !important;padding-left: 30px !important;}&#8221;][vc_column_text el_class=&#8221;txt-justify&#8221;]\r\n<h4 style=\"text-align: left;\">Rent the Oh! C\u00e9sar<\/h4>\r\n<strong>Take a moment&#8217;s respite with the help of our teams and their expertise.<\/strong> Whether your event lasts half a day, a full day or an evening, <strong>the OH! C\u00e9sar opens its doors to you from 07.00am to 02:00am<\/strong> for your event, at Oh ! C\u00e9sar, you&#8217;re right at home!\r\n\r\n<strong> Benefit from :<\/strong>\r\n<ul>\r\n \t<li style=\"text-align: left;\">The modularity of the room<\/li>\r\n \t<li style=\"text-align: left;\">High-quality technical equipment<\/li>\r\n \t<li style=\"text-align: left;\">Setting up the event of your choice (plenary meeting, conference, etc.)<\/li>\r\n \t<li style=\"text-align: left;\">250 m\u00b2 of space including a Lounge and Bar area<\/li>\r\n \t<li style=\"text-align: left;\">From the cabaret&#8217;s main stage<\/li>\r\n \t<li style=\"text-align: left;\">From the centre stage<\/li>\r\n \t<li style=\"text-align: left;\">And the expertise of all our teams<\/li>\r\n<\/ul>\r\n[\/vc_column_text][\/vc_column_inner][vc_column_inner column_width_percent=&#8221;100&#8243; position_vertical=&#8221;middle&#8221; align_horizontal=&#8221;align_center&#8221; gutter_size=&#8221;3&#8243; overlay_alpha=&#8221;50&#8243; shift_x=&#8221;0&#8243; shift_y=&#8221;0&#8243; shift_y_down=&#8221;0&#8243; z_index=&#8221;0&#8243; medium_width=&#8221;0&#8243; mobile_width=&#8221;0&#8243; width=&#8221;1\/2&#8243;][vc_single_image media=&#8221;60688&#8243; media_width_percent=&#8221;100&#8243;][vc_empty_space empty_h=&#8221;1&#8243;][vc_button button_color=&#8221;color-513739&#8243; radius=&#8221;btn-square&#8221; border_width=&#8221;0&#8243; link=&#8221;url:https%3A%2F%2Fohcesarparis.com%2Fen%2Fprivatization%2F|title:The%20Parisian%20review%20of%20Oh%21C%C3%A9sar|&#8221;]Privatize the Oh! C\u00e9sar[\/vc_button][\/vc_column_inner][vc_column_inner column_width_percent=&#8221;100&#8243; position_vertical=&#8221;middle&#8221; gutter_size=&#8221;3&#8243; overlay_alpha=&#8221;50&#8243; border_color=&#8221;accent&#8221; border_style=&#8221;dotted&#8221; shift_x=&#8221;0&#8243; shift_y=&#8221;0&#8243; shift_y_down=&#8221;0&#8243; z_index=&#8221;0&#8243; medium_width=&#8221;0&#8243; mobile_width=&#8221;0&#8243; width=&#8221;1\/4&#8243; el_class=&#8221;txt-intro&#8221; css=&#8221;.vc_custom_1573574416636{border-right-width: 3px !important;padding-right: 30px !important;}&#8221;][vc_column_text el_class=&#8221;txt-justify&#8221;]\r\n<h4 style=\"text-align: left;\">Offer your guests an exceptional dining experience<\/h4>\r\nNeed to <strong>take a break or have some refreshment time<\/strong> during your seminar? We can organise <strong>a cocktail reception, lunch or dinner<\/strong> for you?\r\n\r\n<strong>The head chef and his team will concoct a tailor-made meal<\/strong> or <strong>gourmet break<\/strong>, <strong>sweet and\/or savoury<\/strong>, to delight every taste bud.\r\n\r\n<strong><span style=\"color: #93181b;\">The entire OH team! C\u00e9sar will be happy to offer you a seminar that reflects the image of your company!<\/span><\/strong>[\/vc_column_text][\/vc_column_inner][\/vc_row_inner][vc_empty_space empty_h=&#8221;3&#8243;][\/vc_column][vc_column width=&#8221;1\/12&#8243;][\/vc_column][\/vc_row][vc_row row_height_percent=&#8221;0&#8243; back_image=&#8221;59614&#8243; overlay_alpha=&#8221;50&#8243; gutter_size=&#8221;3&#8243; column_width_percent=&#8221;100&#8243; shift_y=&#8221;0&#8243; z_index=&#8221;0&#8243; row_name=&#8221;formulaire&#8221; css=&#8221;.vc_custom_1575037237660{padding-top: 40px !important;padding-bottom: 40px !important;}&#8221;][vc_column column_width_percent=&#8221;100&#8243; gutter_size=&#8221;3&#8243; overlay_alpha=&#8221;50&#8243; shift_x=&#8221;0&#8243; shift_y=&#8221;0&#8243; shift_y_down=&#8221;0&#8243; z_index=&#8221;0&#8243; medium_width=&#8221;0&#8243; mobile_width=&#8221;0&#8243; width=&#8221;1\/1&#8243;][vc_column_text el_class=&#8221;titre-avis&#8221;]\r\n<p style=\"font-size: 30px; font-weight: bold; text-align: center;\"><span style=\"color: #ffffff;\">CONTACT US<\/span><\/p>\r\n\r\n<h2 style=\"text-align: center; margin-top: 0px;\">As you can see, the Oh! C\u00e9sar is the ideal place to go out in Paris!<\/h2>\r\n<h3 style=\"text-align: center;\">Take advantage of a visit to our beautiful capital to discover a legendary Cabaret<\/h3>\r\n[\/vc_column_text][vc_single_image media=&#8221;59478&#8243; media_width_use_pixel=&#8221;yes&#8221; media_ratio=&#8221;one-one&#8221; alignment=&#8221;center&#8221; media_width_pixel=&#8221;45&#8243;][vc_row_inner row_inner_height_percent=&#8221;0&#8243; overlay_alpha=&#8221;50&#8243; gutter_size=&#8221;3&#8243; shift_y=&#8221;0&#8243; z_index=&#8221;0&#8243; el_class=&#8221;form-fond-bleu&#8221; limit_content=&#8221;&#8221;][vc_column_inner width=&#8221;1\/6&#8243;][\/vc_column_inner][vc_column_inner column_width_percent=&#8221;100&#8243; align_horizontal=&#8221;align_center&#8221; gutter_size=&#8221;3&#8243; back_color=&#8221;color-xsdn&#8221; overlay_alpha=&#8221;50&#8243; shift_x=&#8221;0&#8243; shift_y=&#8221;0&#8243; shift_y_down=&#8221;0&#8243; z_index=&#8221;0&#8243; medium_width=&#8221;0&#8243; mobile_width=&#8221;0&#8243; width=&#8221;1\/3&#8243; link_to=&#8221;url:https%3A%2F%2Fohcesarparis.com%2Fen%2Fcontact%2F%23contact-form-ancre&#8221; el_class=&#8221;bloc-mail&#8221;][vc_icon icon=&#8221;fa fa-envelope-o&#8221; icon_color=&#8221;accent&#8221; size=&#8221;fa-3x&#8221; linked_title=&#8221;yes&#8221; text_lead=&#8221;yes&#8221; link=&#8221;url:https%3A%2F%2Fohcesarparis.com%2Fen%2Fcontact%2F%23contact-form-ancre&#8221;]\r\n<h3><span style=\"color: #93181b;\">YOUR REQUEST<\/span><\/h3>\r\n[\/vc_icon][vc_button button_color=&#8221;color-397464&#8243; size=&#8221;btn-link&#8221; radius=&#8221;btn-round&#8221; border_animation=&#8221;btn-ripple-in&#8221; wide=&#8221;yes&#8221; border_width=&#8221;0&#8243; link=&#8221;url:https%3A%2F%2Fohcesarparis.com%2Fen%2Fcontact%2F%23contact-form-ancre&#8221; el_class=&#8221;underline-red&#8221;]By Email : click here[\/vc_button][\/vc_column_inner][vc_column_inner column_width_percent=&#8221;100&#8243; align_horizontal=&#8221;align_center&#8221; gutter_size=&#8221;3&#8243; back_color=&#8221;color-397464&#8243; overlay_alpha=&#8221;50&#8243; shift_x=&#8221;0&#8243; shift_y=&#8221;0&#8243; shift_y_down=&#8221;0&#8243; z_index=&#8221;0&#8243; medium_width=&#8221;0&#8243; mobile_width=&#8221;0&#8243; width=&#8221;1\/3&#8243; link_to=&#8221;url:https%3A%2F%2Fohcesarparis.com%2Fcontact%2F&#8221; el_class=&#8221;bloc-tel&#8221;][vc_icon icon=&#8221;fa fa-phone-handset&#8221; icon_color=&#8221;color-xsdn&#8221; size=&#8221;fa-3x&#8221; linked_title=&#8221;yes&#8221; text_lead=&#8221;yes&#8221; link=&#8221;url:https%3A%2F%2Fohcesarparis.com%2Fcontact%2F&#8221;]\r\n<h3><span style=\"color: #ffffff;\">YOUR REQUEST<\/span><\/h3>\r\n[\/vc_icon][vc_button button_color=&#8221;color-lxmt&#8221; size=&#8221;btn-link&#8221; radius=&#8221;btn-round&#8221; border_animation=&#8221;btn-ripple-in&#8221; wide=&#8221;yes&#8221; hover_fx=&#8221;outlined&#8221; border_width=&#8221;0&#8243; link=&#8221;url:https%3A%2F%2Fohcesarparis.com%2Fen%2Fcontact%2F&#8221; el_class=&#8221;underline&#8221;]BY TELEPHONE: 01 45 44 46 20[\/vc_button][\/vc_column_inner][vc_column_inner width=&#8221;1\/6&#8243;][\/vc_column_inner][\/vc_row_inner][\/vc_column][\/vc_row]<\/div>","protected":false},"excerpt":{"rendered":"[vc_row row_height_percent=&#8221;0&#8243; back_color=&#8221;color-143597&#8243; back_image=&#8221;59724&#8243; overlay_alpha=&#8221;50&#8243; gutter_size=&#8221;3&#8243; column_width_percent=&#8221;100&#8243; shift_y=&#8221;0&#8243; z_index=&#8221;0&#8243; el_class=&#8221;titre-page&#8221;][vc_column column_width_percent=&#8221;100&#8243; align_horizontal=&#8221;align_center&#8221; gutter_size=&#8221;3&#8243; style=&#8221;dark&#8221; overlay_alpha=&#8221;50&#8243; shift_x=&#8221;0&#8243; shift_y=&#8221;0&#8243; shift_y_down=&#8221;0&#8243; z_index=&#8221;0&#8243; medium_width=&#8221;0&#8243; [&hellip;]","protected":false},"author":6,"featured_media":0,"parent":0,"menu_order":0,"comment_status":"closed","ping_status":"closed","template":"","meta":{"footnotes":""},"class_list":["post-69321","page","type-page","status-publish","hentry"],"yoast_head":"<!-- This site is optimized with the Yoast SEO plugin v26.9 - https:\/\/yoast.com\/product\/yoast-seo-wordpress\/ -->\n<title>Surprise your employees for your annual seminar - Cabaret Oh! C\u00e9sar<\/title>\n<meta name=\"description\" content=\"Take advantage of a 250 m2 space in Paris in an unusual setting to host your seminars and offer your guests an exceptional dining experience.\" \/>\n<meta name=\"robots\" content=\"index, follow, max-snippet:-1, max-image-preview:large, max-video-preview:-1\" \/>\n<link rel=\"canonical\" href=\"https:\/\/ohcesarparis.com\/it\/seminar\/\" \/>\n<meta property=\"og:locale\" content=\"it_IT\" \/>\n<meta property=\"og:type\" content=\"article\" \/>\n<meta property=\"og:title\" content=\"Surprise your employees for your annual seminar - Cabaret Oh! C\u00e9sar\" \/>\n<meta property=\"og:description\" content=\"Take advantage of a 250 m2 space in Paris in an unusual setting to host your seminars and offer your guests an exceptional dining experience.\" \/>\n<meta property=\"og:url\" content=\"https:\/\/ohcesarparis.com\/it\/seminar\/\" \/>\n<meta property=\"og:site_name\" content=\"Oh C\u00e9sar by C\u00e9sar Palace Paris\" \/>\n<meta property=\"article:publisher\" content=\"https:\/\/www.facebook.com\/CesarPalaceParis\" \/>\n<meta property=\"article:modified_time\" content=\"2024-03-22T09:54:07+00:00\" \/>\n<meta name=\"twitter:card\" content=\"summary_large_image\" \/>\n<meta name=\"twitter:site\" content=\"@CsarPalaceParis\" \/>\n<meta name=\"twitter:label1\" content=\"Tempo di lettura stimato\" \/>\n\t<meta name=\"twitter:data1\" content=\"5 minuti\" \/>\n<script type=\"application\/ld+json\" class=\"yoast-schema-graph\">{\"@context\":\"https:\/\/schema.org\",\"@graph\":[{\"@type\":\"WebPage\",\"@id\":\"https:\/\/ohcesarparis.com\/it\/seminar\/\",\"url\":\"https:\/\/ohcesarparis.com\/it\/seminar\/\",\"name\":\"Surprise your employees for your annual seminar - Cabaret Oh! C\u00e9sar\",\"isPartOf\":{\"@id\":\"https:\/\/ohcesarparis.com\/it\/#website\"},\"datePublished\":\"2020-01-13T09:23:03+00:00\",\"dateModified\":\"2024-03-22T09:54:07+00:00\",\"description\":\"Take advantage of a 250 m2 space in Paris in an unusual setting to host your seminars and offer your guests an exceptional dining experience.\",\"breadcrumb\":{\"@id\":\"https:\/\/ohcesarparis.com\/it\/seminar\/#breadcrumb\"},\"inLanguage\":\"it-IT\",\"potentialAction\":[{\"@type\":\"ReadAction\",\"target\":[\"https:\/\/ohcesarparis.com\/it\/seminar\/\"]}]},{\"@type\":\"BreadcrumbList\",\"@id\":\"https:\/\/ohcesarparis.com\/it\/seminar\/#breadcrumb\",\"itemListElement\":[{\"@type\":\"ListItem\",\"position\":1,\"name\":\"Accueil\",\"item\":\"https:\/\/ohcesarparis.com\/it\/\"},{\"@type\":\"ListItem\",\"position\":2,\"name\":\"Seminar\"}]},{\"@type\":\"WebSite\",\"@id\":\"https:\/\/ohcesarparis.com\/it\/#website\",\"url\":\"https:\/\/ohcesarparis.com\/it\/\",\"name\":\"Oh C\u00e9sar by C\u00e9sar Palace Paris\",\"description\":\"Passez une soir\u00e9e de r\u00eave au cabaret\",\"publisher\":{\"@id\":\"https:\/\/ohcesarparis.com\/it\/#organization\"},\"potentialAction\":[{\"@type\":\"SearchAction\",\"target\":{\"@type\":\"EntryPoint\",\"urlTemplate\":\"https:\/\/ohcesarparis.com\/it\/?s={search_term_string}\"},\"query-input\":{\"@type\":\"PropertyValueSpecification\",\"valueRequired\":true,\"valueName\":\"search_term_string\"}}],\"inLanguage\":\"it-IT\"},{\"@type\":\"Organization\",\"@id\":\"https:\/\/ohcesarparis.com\/it\/#organization\",\"name\":\"Oh Cesar Paris\",\"url\":\"https:\/\/ohcesarparis.com\/it\/\",\"logo\":{\"@type\":\"ImageObject\",\"inLanguage\":\"it-IT\",\"@id\":\"https:\/\/ohcesarparis.com\/it\/#\/schema\/logo\/image\/\",\"url\":\"https:\/\/ohcesarparis.com\/wp-content\/uploads\/2017\/03\/logo-oh-cesar-by-cesar-palace-paris.png\",\"contentUrl\":\"https:\/\/ohcesarparis.com\/wp-content\/uploads\/2017\/03\/logo-oh-cesar-by-cesar-palace-paris.png\",\"width\":240,\"height\":70,\"caption\":\"Oh Cesar Paris\"},\"image\":{\"@id\":\"https:\/\/ohcesarparis.com\/it\/#\/schema\/logo\/image\/\"},\"sameAs\":[\"https:\/\/www.facebook.com\/CesarPalaceParis\",\"https:\/\/x.com\/CsarPalaceParis\",\"https:\/\/www.instagram.com\/cesarpalaceparis\/\"]}]}<\/script>\n<!-- \/ Yoast SEO plugin. -->","yoast_head_json":{"title":"Surprise your employees for your annual seminar - Cabaret Oh! C\u00e9sar","description":"Take advantage of a 250 m2 space in Paris in an unusual setting to host your seminars and offer your guests an exceptional dining experience.","robots":{"index":"index","follow":"follow","max-snippet":"max-snippet:-1","max-image-preview":"max-image-preview:large","max-video-preview":"max-video-preview:-1"},"canonical":"https:\/\/ohcesarparis.com\/it\/seminar\/","og_locale":"it_IT","og_type":"article","og_title":"Surprise your employees for your annual seminar - Cabaret Oh! C\u00e9sar","og_description":"Take advantage of a 250 m2 space in Paris in an unusual setting to host your seminars and offer your guests an exceptional dining experience.","og_url":"https:\/\/ohcesarparis.com\/it\/seminar\/","og_site_name":"Oh C\u00e9sar by C\u00e9sar Palace Paris","article_publisher":"https:\/\/www.facebook.com\/CesarPalaceParis","article_modified_time":"2024-03-22T09:54:07+00:00","twitter_card":"summary_large_image","twitter_site":"@CsarPalaceParis","twitter_misc":{"Tempo di lettura stimato":"5 minuti"},"schema":{"@context":"https:\/\/schema.org","@graph":[{"@type":"WebPage","@id":"https:\/\/ohcesarparis.com\/it\/seminar\/","url":"https:\/\/ohcesarparis.com\/it\/seminar\/","name":"Surprise your employees for your annual seminar - Cabaret Oh! C\u00e9sar","isPartOf":{"@id":"https:\/\/ohcesarparis.com\/it\/#website"},"datePublished":"2020-01-13T09:23:03+00:00","dateModified":"2024-03-22T09:54:07+00:00","description":"Take advantage of a 250 m2 space in Paris in an unusual setting to host your seminars and offer your guests an exceptional dining experience.","breadcrumb":{"@id":"https:\/\/ohcesarparis.com\/it\/seminar\/#breadcrumb"},"inLanguage":"it-IT","potentialAction":[{"@type":"ReadAction","target":["https:\/\/ohcesarparis.com\/it\/seminar\/"]}]},{"@type":"BreadcrumbList","@id":"https:\/\/ohcesarparis.com\/it\/seminar\/#breadcrumb","itemListElement":[{"@type":"ListItem","position":1,"name":"Accueil","item":"https:\/\/ohcesarparis.com\/it\/"},{"@type":"ListItem","position":2,"name":"Seminar"}]},{"@type":"WebSite","@id":"https:\/\/ohcesarparis.com\/it\/#website","url":"https:\/\/ohcesarparis.com\/it\/","name":"Oh C\u00e9sar by C\u00e9sar Palace Paris","description":"Passez une soir\u00e9e de r\u00eave au cabaret","publisher":{"@id":"https:\/\/ohcesarparis.com\/it\/#organization"},"potentialAction":[{"@type":"SearchAction","target":{"@type":"EntryPoint","urlTemplate":"https:\/\/ohcesarparis.com\/it\/?s={search_term_string}"},"query-input":{"@type":"PropertyValueSpecification","valueRequired":true,"valueName":"search_term_string"}}],"inLanguage":"it-IT"},{"@type":"Organization","@id":"https:\/\/ohcesarparis.com\/it\/#organization","name":"Oh Cesar Paris","url":"https:\/\/ohcesarparis.com\/it\/","logo":{"@type":"ImageObject","inLanguage":"it-IT","@id":"https:\/\/ohcesarparis.com\/it\/#\/schema\/logo\/image\/","url":"https:\/\/ohcesarparis.com\/wp-content\/uploads\/2017\/03\/logo-oh-cesar-by-cesar-palace-paris.png","contentUrl":"https:\/\/ohcesarparis.com\/wp-content\/uploads\/2017\/03\/logo-oh-cesar-by-cesar-palace-paris.png","width":240,"height":70,"caption":"Oh Cesar Paris"},"image":{"@id":"https:\/\/ohcesarparis.com\/it\/#\/schema\/logo\/image\/"},"sameAs":["https:\/\/www.facebook.com\/CesarPalaceParis","https:\/\/x.com\/CsarPalaceParis","https:\/\/www.instagram.com\/cesarpalaceparis\/"]}]}},"_links":{"self":[{"href":"https:\/\/ohcesarparis.com\/it\/wp-json\/wp\/v2\/pages\/69321","targetHints":{"allow":["GET"]}}],"collection":[{"href":"https:\/\/ohcesarparis.com\/it\/wp-json\/wp\/v2\/pages"}],"about":[{"href":"https:\/\/ohcesarparis.com\/it\/wp-json\/wp\/v2\/types\/page"}],"author":[{"embeddable":true,"href":"https:\/\/ohcesarparis.com\/it\/wp-json\/wp\/v2\/users\/6"}],"replies":[{"embeddable":true,"href":"https:\/\/ohcesarparis.com\/it\/wp-json\/wp\/v2\/comments?post=69321"}],"version-history":[{"count":2,"href":"https:\/\/ohcesarparis.com\/it\/wp-json\/wp\/v2\/pages\/69321\/revisions"}],"predecessor-version":[{"id":70367,"href":"https:\/\/ohcesarparis.com\/it\/wp-json\/wp\/v2\/pages\/69321\/revisions\/70367"}],"wp:attachment":[{"href":"https:\/\/ohcesarparis.com\/it\/wp-json\/wp\/v2\/media?parent=69321"}],"curies":[{"name":"wp","href":"https:\/\/api.w.org\/{rel}","templated":true}]}}