{"id":69204,"date":"2023-07-19T10:25:12","date_gmt":"2023-07-19T08:25:12","guid":{"rendered":"https:\/\/ohcesarparis.com\/christmas-eve\/"},"modified":"2025-07-08T17:02:34","modified_gmt":"2025-07-08T15:02:34","slug":"christmas-eve","status":"publish","type":"page","link":"https:\/\/ohcesarparis.com\/it\/christmas-eve\/","title":{"rendered":"Christmas Eve"},"content":{"rendered":"<div class=\"wpb-content-wrapper\">[vc_row row_height_percent=&#8221;0&#8243; back_color=&#8221;color-143597&#8243; back_image=&#8221;59724&#8243; overlay_alpha=&#8221;50&#8243; gutter_size=&#8221;3&#8243; column_width_percent=&#8221;100&#8243; shift_y=&#8221;0&#8243; z_index=&#8221;0&#8243; el_class=&#8221;titre-page&#8221;][vc_column column_width_percent=&#8221;100&#8243; align_horizontal=&#8221;align_center&#8221; gutter_size=&#8221;3&#8243; style=&#8221;dark&#8221; overlay_alpha=&#8221;50&#8243; shift_x=&#8221;0&#8243; shift_y=&#8221;0&#8243; shift_y_down=&#8221;0&#8243; z_index=&#8221;0&#8243; medium_width=&#8221;0&#8243; mobile_width=&#8221;0&#8243; width=&#8221;1\/1&#8243;][vc_column_text]<\/p>\r\n<h1>Christmas evening<\/h1>\r\n<h2>Come and celebrate Christmas Eve at Oh! C\u00e9sar<\/h2>\r\n<p>[\/vc_column_text][\/vc_column][\/vc_row][vc_row row_height_percent=&#8221;0&#8243; back_image=&#8221;59614&#8243; overlay_alpha=&#8221;50&#8243; gutter_size=&#8221;3&#8243; column_width_percent=&#8221;100&#8243; shift_y=&#8221;0&#8243; z_index=&#8221;0&#8243; css=&#8221;.vc_custom_1578392744914{padding-top: 20px !important;padding-bottom: 40px !important;}&#8221; el_class=&#8221;red&#8221;][vc_column column_width_percent=&#8221;100&#8243; gutter_size=&#8221;3&#8243; style=&#8221;light&#8221; overlay_alpha=&#8221;50&#8243; shift_x=&#8221;0&#8243; shift_y=&#8221;0&#8243; shift_y_down=&#8221;0&#8243; z_index=&#8221;0&#8243; medium_width=&#8221;0&#8243; mobile_width=&#8221;0&#8243; width=&#8221;1\/1&#8243;][vc_row_inner][vc_column_inner column_width_percent=&#8221;100&#8243; position_vertical=&#8221;middle&#8221; gutter_size=&#8221;3&#8243; overlay_alpha=&#8221;50&#8243; shift_x=&#8221;0&#8243; shift_y=&#8221;0&#8243; shift_y_down=&#8221;0&#8243; z_index=&#8221;0&#8243; medium_width=&#8221;0&#8243; mobile_width=&#8221;0&#8243; width=&#8221;1\/12&#8243;][vc_single_image media=&#8221;59478&#8243; media_width_percent=&#8221;100&#8243; alignment=&#8221;center&#8221;][\/vc_column_inner][vc_column_inner column_width_percent=&#8221;100&#8243; position_vertical=&#8221;middle&#8221; gutter_size=&#8221;3&#8243; overlay_alpha=&#8221;50&#8243; shift_x=&#8221;0&#8243; shift_y=&#8221;0&#8243; shift_y_down=&#8221;0&#8243; z_index=&#8221;0&#8243; medium_width=&#8221;0&#8243; mobile_width=&#8221;0&#8243; width=&#8221;11\/12&#8243;][vc_column_text]<\/p>\r\n<h2>Christmas Eve menu<\/h2>\r\n<h3>Celebrate with Oh! C\u00e9sar<\/h3>\r\n<p>[\/vc_column_text][\/vc_column_inner][\/vc_row_inner][vc_column_text el_class=&#8221;txt-justify&#8221;]Everything is in place for an exceptional end to the year! A special Christmas Eve meal will delight you with a whirlwind of flavours designed by our Chef. <strong>In a festive and convivial atmosphere<\/strong>, the Master of Ceremonies will present the Christmas revue!<\/p>\r\n<p><strong>A show full of emotion<\/strong>: you&#8217;ll go from amazement to laughter! Your evening will be full of joy, humour, conviviality and festive spirit.<\/p>\r\n<p>To finish, enjoy the dancefloor until the end of the night! Cotillions, fancy dress and presents: <strong>a festive Christmas<\/strong>! Go ahead, choose Oh! C\u00e9sar for this magical evening.[\/vc_column_text][vc_row_inner][vc_column_inner width=&#8221;1\/3&#8243;][\/vc_column_inner][vc_column_inner column_width_percent=&#8221;100&#8243; align_horizontal=&#8221;align_center&#8221; gutter_size=&#8221;3&#8243; overlay_alpha=&#8221;50&#8243; shift_x=&#8221;0&#8243; shift_y=&#8221;0&#8243; shift_y_down=&#8221;0&#8243; z_index=&#8221;0&#8243; medium_width=&#8221;0&#8243; mobile_width=&#8221;0&#8243; width=&#8221;1\/3&#8243;][vc_button button_color=&#8221;accent&#8221; radius=&#8221;btn-square&#8221; border_width=&#8221;0&#8243; link=&#8221;url:https%3A%2F%2Fohcesarparis.com%2Fen%2Fcontact%2F|title:Contact|&#8221;]CONTACT US[\/vc_button][\/vc_column_inner][vc_column_inner column_width_percent=&#8221;100&#8243; align_horizontal=&#8221;align_center&#8221; gutter_size=&#8221;3&#8243; overlay_alpha=&#8221;50&#8243; shift_x=&#8221;0&#8243; shift_y=&#8221;0&#8243; shift_y_down=&#8221;0&#8243; z_index=&#8221;0&#8243; medium_width=&#8221;0&#8243; mobile_width=&#8221;0&#8243; width=&#8221;1\/3&#8243;][\/vc_column_inner][\/vc_row_inner][\/vc_column][\/vc_row][vc_row row_height_percent=&#8221;0&#8243; override_padding=&#8221;yes&#8221; h_padding=&#8221;2&#8243; top_padding=&#8221;0&#8243; bottom_padding=&#8221;2&#8243; back_color=&#8221;color-jevc&#8221; back_image=&#8221;59614&#8243; back_attachment=&#8221;fixed&#8221; overlay_alpha=&#8221;50&#8243; gutter_size=&#8221;3&#8243; column_width_percent=&#8221;100&#8243; shift_y=&#8221;0&#8243; z_index=&#8221;0&#8243; row_name=&#8221;titre-clara&#8221; el_class=&#8221;titre-clara prog-menu prog-dates admin-resa&#8221; css=&#8221;.vc_custom_1679414620535{padding-top: 100px !important;padding-bottom: 100px !important;}&#8221;][vc_column column_width_percent=&#8221;100&#8243; align_horizontal=&#8221;align_center&#8221; gutter_size=&#8221;3&#8243; overlay_alpha=&#8221;50&#8243; shift_x=&#8221;0&#8243; shift_y=&#8221;0&#8243; z_index=&#8221;0&#8243; medium_width=&#8221;0&#8243; width=&#8221;1\/2&#8243;][vc_accordion active_tab=&#8221;1&#8243; el_id=&#8221;anchor-date&#8221; el_class=&#8221;menu-accordion&#8221;][vc_accordion_tab title=&#8221;Vip Christmas Eve menu&#8221; tab_id=&#8221;1650449530584-4-4167578334869116794068770011536-4b0b&#8221;][vc_row_inner][vc_column_inner width=&#8221;1\/1&#8243;][vc_column_text el_class=&#8221;menu-resto&#8221;]\r\n<h2 style=\"text-align: center;\">Vip Christmas Eve menu<strong><br \/>\r\n<\/strong><\/h2>\r\n<p style=\"text-align: center;\"><strong><span style=\"color: #93181b; font-size: 25px; margin-top: 0;\">189 \u20ac incl. VAT\/<\/span><\/strong><span style=\"color: #93181b;\">person<\/span><\/p>\r\n<p style=\"text-align: center;\">Non-refundable offer<\/p>\r\n<p style=\"text-align: center;\">Includes dinner, show, club<\/p>\r\n<p style=\"text-align: center;\"><img decoding=\"async\" class=\"\" src=\"https:\/\/ohcesarparis.com\/wp-content\/uploads\/2020\/02\/clock.png\" alt=\"\" width=\"18\" height=\"18\" \/> Arrival from 7:30 pm to 8:00 pm<\/p>\r\n<p>[\/vc_column_text][vc_button button_color=&#8221;accent&#8221; radius=&#8221;btn-square&#8221; border_width=&#8221;0&#8243; icon_position=&#8221;right&#8221; icon=&#8221;fa fa-glass&#8221; link=&#8221;url:https%3A%2F%2Fohcesarparis.com%2Fwp-content%2Fuploads%2F2025%2F07%2FMENU-DE-NOEIL-VIP-ANGLAIS.pdf|target:_blank&#8221; el_class=&#8221;reserver-menu&#8221; button_color_type=&#8221;uncode-palette&#8221; uncode_shortcode_id=&#8221;192234&#8243;]SEE THE MENU[\/vc_button][\/vc_column_inner][\/vc_row_inner][\/vc_accordion_tab][vc_accordion_tab title=&#8221;Christmas Eve menu&#8221; tab_id=&#8221;1674115839163-3-0167578334869116794068770011536-4b0b&#8221;][vc_row_inner][vc_column_inner width=&#8221;1\/1&#8243;][vc_column_text el_class=&#8221;menu-resto&#8221;]\r\n<h2 style=\"text-align: center;\">Christmas Eve menu<strong><br \/>\r\n<\/strong><\/h2>\r\n<p style=\"text-align: center;\"><strong><span style=\"color: #93181b; font-size: 25px; margin-top: 0;\">164 \u20ac incl. VAT<\/span><\/strong>\/<span style=\"color: #93181b;\">person<\/span><\/p>\r\n<p style=\"text-align: center;\">Non-refundable offer<\/p>\r\n<p style=\"text-align: center;\">Includes dinner, show, club<\/p>\r\n<p style=\"text-align: center;\"><img decoding=\"async\" class=\"\" src=\"https:\/\/ohcesarparis.com\/wp-content\/uploads\/2020\/02\/clock.png\" alt=\"\" width=\"18\" height=\"18\" \/> Arrival from 7:30 pm to 8:00 pm<\/p>\r\n<p>[\/vc_column_text][vc_button button_color=&#8221;accent&#8221; radius=&#8221;btn-square&#8221; border_width=&#8221;0&#8243; icon_position=&#8221;right&#8221; icon=&#8221;fa fa-glass&#8221; link=&#8221;url:https%3A%2F%2Fohcesarparis.com%2Fwp-content%2Fuploads%2F2025%2F07%2FMENU-DE-NOEL-EN-ANGLAIS.pdf|target:_blank&#8221; el_class=&#8221;reserver-menu&#8221; button_color_type=&#8221;uncode-palette&#8221; uncode_shortcode_id=&#8221;984488&#8243;]SEE THE MENU[\/vc_button][\/vc_column_inner][\/vc_row_inner][\/vc_accordion_tab][\/vc_accordion][\/vc_column][vc_column width=&#8221;1\/2&#8243;][vc_raw_html]PHNjcmlwdCB0eXBlPSJ0ZXh0L2phdmFzY3JpcHQiIHNyYz0iaHR0cHM6Ly93d3cudG91cmJpei1nZXN0aW9uLm5ldC91c2VyL29oYXBweWNlc2FyL3ByZC5waHA\/YWN0PWpzLWZyYW1lLWgmYW1wO2lkPTQ2Ij48L3NjcmlwdD4KPHNjcmlwdCB0eXBlPSJ0ZXh0L2phdmFzY3JpcHQiPgpmdW5jdGlvbiBtb250cmVGcmFtZTIobil7Cgl2YXIgdXJsX3BhbmllciA9ICJodHRwczovL29oY2VzYXJwYXJpcy5jb20vcGFuaWVyIjsKCXZhciB0YlVybCA9ICdodHRwczovL3d3dy50b3VyYml6LWdlc3Rpb24ubmV0L3VzZXIvb2hhcHB5Y2VzYXIvcHJkLnBocD9yZXNwb25zaXZlPTEmdGl0cmU9MSZsZz1GUiZ1cmxwYW5pZXI9JyArIHVybF9wYW5pZXIgKyAnJmlkPScrbjsKCWRvY3VtZW50LmdldEVsZW1lbnRCeUlkKCJCQl9GcmFtZV80NiIpLnNyYyA9IHRiVXJsOwp9Cjwvc2NyaXB0Pgo8cD4KPC9wPjxkaXY+PGlucHV0IG5hbWU9Imxpc3RlUmFkaW8iIHR5cGU9InJhZGlvIiBjbGFzcz0icm0xIiBpZD0iYnQyIiB2YWx1ZT0iNDciIG9uY2xpY2s9Im1vbnRyZUZyYW1lMih0aGlzLnZhbHVlKSIgY2hlY2tlZD4gPGxhYmVsIGZvcj0iYnQyIj5DSFJJU1RNQVMgRVZFIE1FTlUgMjAyNCBWSVA8L2xhYmVsPjwvZGl2Pgo8ZGl2PjxpbnB1dCBuYW1lPSJsaXN0ZVJhZGlvIiB0eXBlPSJyYWRpbyIgY2xhc3M9InJtMiIgaWQ9ImJ0MSIgdmFsdWU9IjQ2IiBvbmNsaWNrPSJtb250cmVGcmFtZTIodGhpcy52YWx1ZSkiPiA8bGFiZWwgZm9yPSJidDEiPkNIUklTVE1BUyBFVkUgTUVOVSAyMDI0PC9sYWJlbD48L2Rpdj4KCjxkaXYgc3R5bGU9ImhlaWdodDo4MDBweDsiPgo8c2NyaXB0IHR5cGU9InRleHQvamF2YXNjcmlwdCIgc3JjPSJodHRwczovL3d3dy50b3VyYml6LWdlc3Rpb24ubmV0L3VzZXIvb2hhcHB5Y2VzYXIvcHJkLnBocD9hY3Q9aWZyYW1lLXJlc3BvbnNpdmUmYW1wO2lkPTQ2JmFtcDtsZz1GUiZhbXA7dXJscGFuaWVyPWh0dHBzOi8vb2hjZXNhcnBhcmlzLmNvbS9wYW5pZXImYW1wO3RpdHJlPTEiPjwvc2NyaXB0Pgo8L2Rpdj4=[\/vc_raw_html][\/vc_column][\/vc_row][vc_row row_height_percent=&#8221;0&#8243; overlay_alpha=&#8221;50&#8243; gutter_size=&#8221;3&#8243; shift_y=&#8221;0&#8243; css=&#8221;.vc_custom_1499761806782{margin-top: 60px !important;margin-bottom: 60px !important;}&#8221;][vc_column width=&#8221;1\/2&#8243;][vc_column_text]<\/p>\r\n<h2 style=\"text-align: left;\">Your dinner show at the cabaret<\/h2>\r\n<p><strong>The Oh! C\u00e9sar is the place to be for a festive and unforgettable Christmas Eve!<\/strong><\/p>\r\n<p>For New Year&#8217;s Eve 2023, the Oh! C\u00e9sar has prepared an exceptional evening for you!<\/p>\r\n<p>Your evening begins with an exceptional gourmet <strong>dinner<\/strong> to tantalise your taste buds.<\/p>\r\n<p><strong>Open your eyes! <\/strong><\/p>\r\n<p>Notre Ma\u00eetre de C\u00e9r\u00e9monie vous emm\u00e8ne avec \u00e9l\u00e9gance dans l&#8217;univers p\u00e9tillant du Oh! C\u00e9sar.. Glamour and humour will be the watchwords of your evening! Dancers, comedians, aerial acrobats, musicians&#8230;. will give you a unique experience. Artists will be all around you! After the show, fancy a cocktail or dancing the night away? For the occasion, the club will be waiting for you until 4am!<\/p>\r\n<p><strong>So get ready for the Oh! C\u00e9sar for an unforgettable Christmas Eve?<br \/>\r\n<\/strong><\/p>\r\n<p><strong>For an original, festive and unforgettable Christmas Eve in Paris in 2023:<\/strong><\/p>\r\n<p>See you on 24 December at Oh! C\u00e9sar ![\/vc_column_text][\/vc_column][vc_column width=&#8221;1\/2&#8243;][vc_column_text]<\/p>\r\n<h2>Your OH! C\u00c9SAR<\/h2>\r\n<h5>Enter the world of Oh! C\u00e9sar and let yourself be carried away by the magic of the Cabaret show.<\/h5>\r\n<p><strong><span style=\"color: #93181b!important;\">19h30 :<\/span><\/strong> <strong><span style=\"color: #93181b!important;\">Doors open, followed by a lively, gourmet and exceptional dinnerstrong<br \/>\r\n<\/span><\/strong>, Various artistic performances punctuate your starters, main courses and desserts for a lively, gourmet and exceptional dinner specially designed for the festive season, which will take you right through to the show.<br \/>\r\n<strong><span style=\"color: #93181b!important;\">~~~~~~,<br \/>\r\nThe show<br \/>\r\n, <span style=\"color: #333333;\">WATCH THE EYES<\/span><br \/>\r\n<\/span><\/strong> The show begins and our Master of Ceremonies elegantly leads you into the sparkling world of Oh! C\u00e9sar..<br \/>\r\n<strong>Glamour and humour will be the watchwords of your festive evening<br \/>\r\n<\/strong>Discover incredible talents in one exceptional show. Dancers, comedians, aerial acrobats, musicians and magicians will bring you to life.<br \/>\r\na unique experience for your Christmas Eve. <strong>The artists will be everywhere, all around you!<br \/>\r\n<\/strong><strong><span style=\"color: #800000;\">~~~~~~<\/span><br \/>\r\n<span style=\"color: #93181b!important;\">Club<br \/>\r\n<\/span><\/strong> After the show, fancy a cocktail? Feel like dancing?<br \/>\r\nThe <strong>club<\/strong> is waiting for you until 4am for Christmas Eve!<\/p>\r\n<h5 style=\"text-align: justify;\"><span style=\"color: #800000;\"><strong>So, are you ready to experience Oh! C\u00e9sar ?<\/strong><\/span><\/h5>\r\n<p>[\/vc_column_text][\/vc_column][\/vc_row]<\/p>\r\n<\/div>","protected":false},"excerpt":{"rendered":"[vc_row row_height_percent=&#8221;0&#8243; back_color=&#8221;color-143597&#8243; back_image=&#8221;59724&#8243; overlay_alpha=&#8221;50&#8243; gutter_size=&#8221;3&#8243; column_width_percent=&#8221;100&#8243; shift_y=&#8221;0&#8243; z_index=&#8221;0&#8243; el_class=&#8221;titre-page&#8221;][vc_column column_width_percent=&#8221;100&#8243; align_horizontal=&#8221;align_center&#8221; gutter_size=&#8221;3&#8243; style=&#8221;dark&#8221; overlay_alpha=&#8221;50&#8243; shift_x=&#8221;0&#8243; shift_y=&#8221;0&#8243; shift_y_down=&#8221;0&#8243; z_index=&#8221;0&#8243; medium_width=&#8221;0&#8243; [&hellip;]","protected":false},"author":6,"featured_media":0,"parent":0,"menu_order":0,"comment_status":"closed","ping_status":"closed","template":"","meta":{"footnotes":""},"class_list":["post-69204","page","type-page","status-publish","hentry"],"yoast_head":"<!-- This site is optimized with the Yoast SEO plugin v26.9 - https:\/\/yoast.com\/product\/yoast-seo-wordpress\/ -->\n<title>New Year&#039;s Eve menus in Paris - Oh ! C\u00e9sar<\/title>\n<meta name=\"description\" content=\"Discover the exceptional menus at Oh! C\u00e9sar for your New Year&#039;s Eve party. The Oh! C\u00e9sar promises you a festive and original evening.\" \/>\n<meta name=\"robots\" content=\"index, follow, max-snippet:-1, max-image-preview:large, max-video-preview:-1\" \/>\n<link rel=\"canonical\" href=\"https:\/\/ohcesarparis.com\/it\/christmas-eve\/\" \/>\n<meta property=\"og:locale\" content=\"it_IT\" \/>\n<meta property=\"og:type\" content=\"article\" \/>\n<meta property=\"og:title\" content=\"New Year&#039;s Eve menus in Paris - Oh ! C\u00e9sar\" \/>\n<meta property=\"og:description\" content=\"Discover the exceptional menus at Oh! C\u00e9sar for your New Year&#039;s Eve party. The Oh! C\u00e9sar promises you a festive and original evening.\" \/>\n<meta property=\"og:url\" content=\"https:\/\/ohcesarparis.com\/it\/christmas-eve\/\" \/>\n<meta property=\"og:site_name\" content=\"Oh C\u00e9sar by C\u00e9sar Palace Paris\" \/>\n<meta property=\"article:publisher\" content=\"https:\/\/www.facebook.com\/CesarPalaceParis\" \/>\n<meta property=\"article:modified_time\" content=\"2025-07-08T15:02:34+00:00\" \/>\n<meta property=\"og:image\" content=\"https:\/\/ohcesarparis.com\/wp-content\/uploads\/2020\/02\/clock.png\" \/>\n<meta name=\"twitter:card\" content=\"summary_large_image\" \/>\n<meta name=\"twitter:site\" content=\"@CsarPalaceParis\" \/>\n<meta name=\"twitter:label1\" content=\"Tempo di lettura stimato\" \/>\n\t<meta name=\"twitter:data1\" content=\"4 minuti\" \/>\n<script type=\"application\/ld+json\" class=\"yoast-schema-graph\">{\"@context\":\"https:\/\/schema.org\",\"@graph\":[{\"@type\":\"WebPage\",\"@id\":\"https:\/\/ohcesarparis.com\/it\/christmas-eve\/\",\"url\":\"https:\/\/ohcesarparis.com\/it\/christmas-eve\/\",\"name\":\"New Year's Eve menus in Paris - Oh ! C\u00e9sar\",\"isPartOf\":{\"@id\":\"https:\/\/ohcesarparis.com\/it\/#website\"},\"primaryImageOfPage\":{\"@id\":\"https:\/\/ohcesarparis.com\/it\/christmas-eve\/#primaryimage\"},\"image\":{\"@id\":\"https:\/\/ohcesarparis.com\/it\/christmas-eve\/#primaryimage\"},\"thumbnailUrl\":\"https:\/\/ohcesarparis.com\/wp-content\/uploads\/2020\/02\/clock.png\",\"datePublished\":\"2023-07-19T08:25:12+00:00\",\"dateModified\":\"2025-07-08T15:02:34+00:00\",\"description\":\"Discover the exceptional menus at Oh! C\u00e9sar for your New Year's Eve party. The Oh! C\u00e9sar promises you a festive and original evening.\",\"breadcrumb\":{\"@id\":\"https:\/\/ohcesarparis.com\/it\/christmas-eve\/#breadcrumb\"},\"inLanguage\":\"it-IT\",\"potentialAction\":[{\"@type\":\"ReadAction\",\"target\":[\"https:\/\/ohcesarparis.com\/it\/christmas-eve\/\"]}]},{\"@type\":\"ImageObject\",\"inLanguage\":\"it-IT\",\"@id\":\"https:\/\/ohcesarparis.com\/it\/christmas-eve\/#primaryimage\",\"url\":\"https:\/\/ohcesarparis.com\/wp-content\/uploads\/2020\/02\/clock.png\",\"contentUrl\":\"https:\/\/ohcesarparis.com\/wp-content\/uploads\/2020\/02\/clock.png\"},{\"@type\":\"BreadcrumbList\",\"@id\":\"https:\/\/ohcesarparis.com\/it\/christmas-eve\/#breadcrumb\",\"itemListElement\":[{\"@type\":\"ListItem\",\"position\":1,\"name\":\"Accueil\",\"item\":\"https:\/\/ohcesarparis.com\/it\/\"},{\"@type\":\"ListItem\",\"position\":2,\"name\":\"Christmas Eve\"}]},{\"@type\":\"WebSite\",\"@id\":\"https:\/\/ohcesarparis.com\/it\/#website\",\"url\":\"https:\/\/ohcesarparis.com\/it\/\",\"name\":\"Oh C\u00e9sar by C\u00e9sar Palace Paris\",\"description\":\"Passez une soir\u00e9e de r\u00eave au cabaret\",\"publisher\":{\"@id\":\"https:\/\/ohcesarparis.com\/it\/#organization\"},\"potentialAction\":[{\"@type\":\"SearchAction\",\"target\":{\"@type\":\"EntryPoint\",\"urlTemplate\":\"https:\/\/ohcesarparis.com\/it\/?s={search_term_string}\"},\"query-input\":{\"@type\":\"PropertyValueSpecification\",\"valueRequired\":true,\"valueName\":\"search_term_string\"}}],\"inLanguage\":\"it-IT\"},{\"@type\":\"Organization\",\"@id\":\"https:\/\/ohcesarparis.com\/it\/#organization\",\"name\":\"Oh Cesar Paris\",\"url\":\"https:\/\/ohcesarparis.com\/it\/\",\"logo\":{\"@type\":\"ImageObject\",\"inLanguage\":\"it-IT\",\"@id\":\"https:\/\/ohcesarparis.com\/it\/#\/schema\/logo\/image\/\",\"url\":\"https:\/\/ohcesarparis.com\/wp-content\/uploads\/2017\/03\/logo-oh-cesar-by-cesar-palace-paris.png\",\"contentUrl\":\"https:\/\/ohcesarparis.com\/wp-content\/uploads\/2017\/03\/logo-oh-cesar-by-cesar-palace-paris.png\",\"width\":240,\"height\":70,\"caption\":\"Oh Cesar Paris\"},\"image\":{\"@id\":\"https:\/\/ohcesarparis.com\/it\/#\/schema\/logo\/image\/\"},\"sameAs\":[\"https:\/\/www.facebook.com\/CesarPalaceParis\",\"https:\/\/x.com\/CsarPalaceParis\",\"https:\/\/www.instagram.com\/cesarpalaceparis\/\"]}]}<\/script>\n<!-- \/ Yoast SEO plugin. -->","yoast_head_json":{"title":"New Year's Eve menus in Paris - Oh ! C\u00e9sar","description":"Discover the exceptional menus at Oh! C\u00e9sar for your New Year's Eve party. The Oh! C\u00e9sar promises you a festive and original evening.","robots":{"index":"index","follow":"follow","max-snippet":"max-snippet:-1","max-image-preview":"max-image-preview:large","max-video-preview":"max-video-preview:-1"},"canonical":"https:\/\/ohcesarparis.com\/it\/christmas-eve\/","og_locale":"it_IT","og_type":"article","og_title":"New Year's Eve menus in Paris - Oh ! C\u00e9sar","og_description":"Discover the exceptional menus at Oh! C\u00e9sar for your New Year's Eve party. The Oh! C\u00e9sar promises you a festive and original evening.","og_url":"https:\/\/ohcesarparis.com\/it\/christmas-eve\/","og_site_name":"Oh C\u00e9sar by C\u00e9sar Palace Paris","article_publisher":"https:\/\/www.facebook.com\/CesarPalaceParis","article_modified_time":"2025-07-08T15:02:34+00:00","og_image":[{"url":"https:\/\/ohcesarparis.com\/wp-content\/uploads\/2020\/02\/clock.png","type":"","width":"","height":""}],"twitter_card":"summary_large_image","twitter_site":"@CsarPalaceParis","twitter_misc":{"Tempo di lettura stimato":"4 minuti"},"schema":{"@context":"https:\/\/schema.org","@graph":[{"@type":"WebPage","@id":"https:\/\/ohcesarparis.com\/it\/christmas-eve\/","url":"https:\/\/ohcesarparis.com\/it\/christmas-eve\/","name":"New Year's Eve menus in Paris - Oh ! C\u00e9sar","isPartOf":{"@id":"https:\/\/ohcesarparis.com\/it\/#website"},"primaryImageOfPage":{"@id":"https:\/\/ohcesarparis.com\/it\/christmas-eve\/#primaryimage"},"image":{"@id":"https:\/\/ohcesarparis.com\/it\/christmas-eve\/#primaryimage"},"thumbnailUrl":"https:\/\/ohcesarparis.com\/wp-content\/uploads\/2020\/02\/clock.png","datePublished":"2023-07-19T08:25:12+00:00","dateModified":"2025-07-08T15:02:34+00:00","description":"Discover the exceptional menus at Oh! C\u00e9sar for your New Year's Eve party. The Oh! C\u00e9sar promises you a festive and original evening.","breadcrumb":{"@id":"https:\/\/ohcesarparis.com\/it\/christmas-eve\/#breadcrumb"},"inLanguage":"it-IT","potentialAction":[{"@type":"ReadAction","target":["https:\/\/ohcesarparis.com\/it\/christmas-eve\/"]}]},{"@type":"ImageObject","inLanguage":"it-IT","@id":"https:\/\/ohcesarparis.com\/it\/christmas-eve\/#primaryimage","url":"https:\/\/ohcesarparis.com\/wp-content\/uploads\/2020\/02\/clock.png","contentUrl":"https:\/\/ohcesarparis.com\/wp-content\/uploads\/2020\/02\/clock.png"},{"@type":"BreadcrumbList","@id":"https:\/\/ohcesarparis.com\/it\/christmas-eve\/#breadcrumb","itemListElement":[{"@type":"ListItem","position":1,"name":"Accueil","item":"https:\/\/ohcesarparis.com\/it\/"},{"@type":"ListItem","position":2,"name":"Christmas Eve"}]},{"@type":"WebSite","@id":"https:\/\/ohcesarparis.com\/it\/#website","url":"https:\/\/ohcesarparis.com\/it\/","name":"Oh C\u00e9sar by C\u00e9sar Palace Paris","description":"Passez une soir\u00e9e de r\u00eave au cabaret","publisher":{"@id":"https:\/\/ohcesarparis.com\/it\/#organization"},"potentialAction":[{"@type":"SearchAction","target":{"@type":"EntryPoint","urlTemplate":"https:\/\/ohcesarparis.com\/it\/?s={search_term_string}"},"query-input":{"@type":"PropertyValueSpecification","valueRequired":true,"valueName":"search_term_string"}}],"inLanguage":"it-IT"},{"@type":"Organization","@id":"https:\/\/ohcesarparis.com\/it\/#organization","name":"Oh Cesar Paris","url":"https:\/\/ohcesarparis.com\/it\/","logo":{"@type":"ImageObject","inLanguage":"it-IT","@id":"https:\/\/ohcesarparis.com\/it\/#\/schema\/logo\/image\/","url":"https:\/\/ohcesarparis.com\/wp-content\/uploads\/2017\/03\/logo-oh-cesar-by-cesar-palace-paris.png","contentUrl":"https:\/\/ohcesarparis.com\/wp-content\/uploads\/2017\/03\/logo-oh-cesar-by-cesar-palace-paris.png","width":240,"height":70,"caption":"Oh Cesar Paris"},"image":{"@id":"https:\/\/ohcesarparis.com\/it\/#\/schema\/logo\/image\/"},"sameAs":["https:\/\/www.facebook.com\/CesarPalaceParis","https:\/\/x.com\/CsarPalaceParis","https:\/\/www.instagram.com\/cesarpalaceparis\/"]}]}},"_links":{"self":[{"href":"https:\/\/ohcesarparis.com\/it\/wp-json\/wp\/v2\/pages\/69204","targetHints":{"allow":["GET"]}}],"collection":[{"href":"https:\/\/ohcesarparis.com\/it\/wp-json\/wp\/v2\/pages"}],"about":[{"href":"https:\/\/ohcesarparis.com\/it\/wp-json\/wp\/v2\/types\/page"}],"author":[{"embeddable":true,"href":"https:\/\/ohcesarparis.com\/it\/wp-json\/wp\/v2\/users\/6"}],"replies":[{"embeddable":true,"href":"https:\/\/ohcesarparis.com\/it\/wp-json\/wp\/v2\/comments?post=69204"}],"version-history":[{"count":4,"href":"https:\/\/ohcesarparis.com\/it\/wp-json\/wp\/v2\/pages\/69204\/revisions"}],"predecessor-version":[{"id":73478,"href":"https:\/\/ohcesarparis.com\/it\/wp-json\/wp\/v2\/pages\/69204\/revisions\/73478"}],"wp:attachment":[{"href":"https:\/\/ohcesarparis.com\/it\/wp-json\/wp\/v2\/media?parent=69204"}],"curies":[{"name":"wp","href":"https:\/\/api.w.org\/{rel}","templated":true}]}}