{"id":69117,"date":"2024-03-06T09:39:52","date_gmt":"2024-03-06T08:39:52","guid":{"rendered":"https:\/\/ohcesarparis.com\/?page_id=69117"},"modified":"2024-03-25T17:14:08","modified_gmt":"2024-03-25T16:14:08","slug":"esprimo-la-mia-opinione","status":"publish","type":"page","link":"https:\/\/ohcesarparis.com\/it\/esprimo-la-mia-opinione\/","title":{"rendered":"Esprimo la mia opinione"},"content":{"rendered":"<div class=\"wpb-content-wrapper\">[vc_row row_height_percent=&#8221;0&#8243; back_color=&#8221;color-143597&#8243; back_image=&#8221;59724&#8243; overlay_alpha=&#8221;50&#8243; gutter_size=&#8221;3&#8243; column_width_percent=&#8221;100&#8243; shift_y=&#8221;0&#8243; z_index=&#8221;0&#8243; el_class=&#8221;titre-page&#8221;][vc_column column_width_percent=&#8221;100&#8243; align_horizontal=&#8221;align_center&#8221; gutter_size=&#8221;3&#8243; style=&#8221;dark&#8221; overlay_alpha=&#8221;50&#8243; shift_x=&#8221;0&#8243; shift_y=&#8221;0&#8243; shift_y_down=&#8221;0&#8243; z_index=&#8221;0&#8243; medium_width=&#8221;0&#8243; mobile_width=&#8221;0&#8243; width=&#8221;1\/1&#8243; el_class=&#8221;form-fond-bleu&#8221;][vc_column_text]<img decoding=\"async\" class=\" wp-image-69002 aligncenter\" src=\"https:\/\/ohcesarparis.com\/wp-content\/uploads\/2024\/03\/5-stars-300x177.png\" alt=\"\" width=\"158\" height=\"74\" \/>[\/vc_column_text][vc_column_text]\r\n<h1>Esprimo la mia opinione<\/h1>\r\n<h2>Dateci la vostra opinione e aiutateci a migliorare!<\/h2>\r\n[\/vc_column_text][\/vc_column][\/vc_row][vc_row row_height_percent=&#8221;0&#8243; override_padding=&#8221;yes&#8221; h_padding=&#8221;2&#8243; top_padding=&#8221;0&#8243; bottom_padding=&#8221;2&#8243; back_color=&#8221;color-jevc&#8221; back_image=&#8221;59614&#8243; back_attachment=&#8221;fixed&#8221; overlay_alpha=&#8221;50&#8243; gutter_size=&#8221;3&#8243; column_width_percent=&#8221;100&#8243; shift_y=&#8221;0&#8243; z_index=&#8221;0&#8243; row_name=&#8221;reservation&#8221; el_class=&#8221;titre-clara prog-menu prog-dates admin-resa form-avis&#8221; css=&#8221;.vc_custom_1710413650477{padding-top: 100px !important;padding-bottom: 100px !important;}&#8221;][vc_column column_width_percent=&#8221;100&#8243; align_horizontal=&#8221;align_center&#8221; gutter_size=&#8221;3&#8243; overlay_alpha=&#8221;50&#8243; shift_x=&#8221;0&#8243; shift_y=&#8221;0&#8243; shift_y_down=&#8221;0&#8243; z_index=&#8221;0&#8243; medium_width=&#8221;0&#8243; mobile_width=&#8221;0&#8243; width=&#8221;1\/1&#8243; el_class=&#8221;form-fond-bleu&#8221;][vc_raw_html]PGRpdiBjbGFzcz0icmF0aW5nIHRleHQtY2VudGVyIj4gPHNwYW4gY2xhc3M9InN0YXJzLWNvbnRhaW5lciIgc2NvcmU9IjAiIGlkPSIyMDI0Ij4gPHNwYW4gaWQ9InN0YXI1IiBjbGFzcz0iZmEgc3RhciBmYS0yeCIgc3Rhci1zY29yZT0iNSI+PGEgaHJlZj0iaHR0cHM6Ly9nLnBhZ2Uvci9DYWNQS25OVzd3TmdFQkUvcmV2aWV3Ij48L2E+PC9zcGFuPjxzcGFuIGlkPSJzdGFyNCIgY2xhc3M9ImZhIHN0YXIiIHN0YXItc2NvcmU9IjQiPjxhIGhyZWY9Imh0dHBzOi8vZy5wYWdlL3IvQ2FjUEtuTlc3d05nRUJFL3JldmlldyI+PC9hPjwvc3Bhbj4gPHNwYW4gaWQ9InN0YXIzIiBjbGFzcz0iZmEgc3RhciIgc3Rhci1zY29yZT0iMyI+PC9zcGFuPiA8c3BhbiBpZD0ic3RhcjIiIGNsYXNzPSJmYSBzdGFyIiBzdGFyLXNjb3JlPSIyIj48L3NwYW4+IDxzcGFuIGlkPSJzdGFyMSIgY2xhc3M9ImZhIHN0YXIiIHN0YXItc2NvcmU9IjEiPjwvc3Bhbj4gPC9zcGFuPiA8L2Rpdj4=[\/vc_raw_html]\n<div class=\"wpcf7 no-js\" id=\"wpcf7-f70234-o1\" lang=\"it-IT\" dir=\"ltr\" data-wpcf7-id=\"70234\">\n<div class=\"screen-reader-response\"><p role=\"status\" aria-live=\"polite\" aria-atomic=\"true\"><\/p> <ul><\/ul><\/div>\n<form action=\"\/it\/wp-json\/wp\/v2\/pages\/69117#wpcf7-f70234-o1\" method=\"post\" class=\"wpcf7-form init\" aria-label=\"Modulo di contatto\" novalidate=\"novalidate\" data-status=\"init\">\n<fieldset class=\"hidden-fields-container\"><input type=\"hidden\" name=\"_wpcf7\" value=\"70234\" \/><input type=\"hidden\" name=\"_wpcf7_version\" value=\"6.1.5\" \/><input type=\"hidden\" name=\"_wpcf7_locale\" value=\"it_IT\" \/><input type=\"hidden\" name=\"_wpcf7_unit_tag\" value=\"wpcf7-f70234-o1\" \/><input type=\"hidden\" name=\"_wpcf7_container_post\" value=\"0\" \/><input type=\"hidden\" name=\"_wpcf7_posted_data_hash\" value=\"\" \/><input type=\"hidden\" name=\"_wpcf7_recaptcha_response\" value=\"\" \/>\n<\/fieldset>\n<p><span class=\"wpcf7-form-control-wrap\" data-name=\"your-message\"><textarea cols=\"40\" rows=\"10\" maxlength=\"2000\" class=\"wpcf7-form-control wpcf7-textarea\" aria-invalid=\"false\" placeholder=\"Raccontateci la vostra esperienza con noi!\" name=\"your-message\"><\/textarea><\/span>\n<\/p>\n<p style=\"text-align:center!important;\">Se desiderate essere contattati, lasciateci i vostri dati di contatto.\n<\/p>\n<div class=\"wpcf7-inline-wrapper\">\n\t<p class=\"wpcf7-inline-field\"><span class=\"wpcf7-form-control-wrap\" data-name=\"nom\"><input size=\"40\" maxlength=\"400\" class=\"wpcf7-form-control wpcf7-text\" aria-invalid=\"false\" placeholder=\"Nome \/ Cognome\" value=\"\" type=\"text\" name=\"nom\" \/><\/span>\n\t<\/p>\n\t<p class=\"wpcf7-inline-field\"><span class=\"wpcf7-form-control-wrap\" data-name=\"email\"><input size=\"40\" maxlength=\"400\" class=\"wpcf7-form-control wpcf7-email wpcf7-text wpcf7-validates-as-email\" aria-invalid=\"false\" placeholder=\"Email\" value=\"\" type=\"email\" name=\"email\" \/><\/span>\n\t<\/p>\n\t<p class=\"wpcf7-inline-field\"><span class=\"wpcf7-form-control-wrap\" data-name=\"tel\"><input size=\"40\" maxlength=\"400\" class=\"wpcf7-form-control wpcf7-text\" aria-invalid=\"false\" placeholder=\"Telefono\" value=\"\" type=\"text\" name=\"tel\" \/><\/span>\n\t<\/p>\n<\/div>\n<p style=\"text-align:center!important;\"><input class=\"wpcf7-form-control wpcf7-submit has-spinner btn btn-accent btn-circle btn-form-contact-all btn-form-page-contact\" type=\"submit\" value=\"Inviare\" \/>\n<\/p><div class=\"wpcf7-response-output\" aria-hidden=\"true\"><\/div>\n<\/form>\n<\/div>\n[\/vc_column][\/vc_row]<\/div>","protected":false},"excerpt":{"rendered":"[vc_row row_height_percent=&#8221;0&#8243; back_color=&#8221;color-143597&#8243; back_image=&#8221;59724&#8243; overlay_alpha=&#8221;50&#8243; gutter_size=&#8221;3&#8243; column_width_percent=&#8221;100&#8243; shift_y=&#8221;0&#8243; z_index=&#8221;0&#8243; el_class=&#8221;titre-page&#8221;][vc_column column_width_percent=&#8221;100&#8243; align_horizontal=&#8221;align_center&#8221; gutter_size=&#8221;3&#8243; style=&#8221;dark&#8221; overlay_alpha=&#8221;50&#8243; shift_x=&#8221;0&#8243; shift_y=&#8221;0&#8243; shift_y_down=&#8221;0&#8243; z_index=&#8221;0&#8243; medium_width=&#8221;0&#8243; [&hellip;]","protected":false},"author":6,"featured_media":0,"parent":0,"menu_order":0,"comment_status":"closed","ping_status":"closed","template":"","meta":{"footnotes":""},"class_list":["post-69117","page","type-page","status-publish","hentry"],"yoast_head":"<!-- This site is optimized with the Yoast SEO plugin v26.9 - https:\/\/yoast.com\/product\/yoast-seo-wordpress\/ -->\n<title>Esprimo la mia opinione - Cabaret Oh! C\u00e9sar<\/title>\n<meta name=\"description\" content=\"Dateci la vostra opinione e aiutateci a migliorare! Siamo sempre alla ricerca di modi per migliorare, quindi condividete la vostra esperienza...\" \/>\n<meta name=\"robots\" content=\"index, follow, max-snippet:-1, max-image-preview:large, max-video-preview:-1\" \/>\n<link rel=\"canonical\" href=\"https:\/\/ohcesarparis.com\/it\/esprimo-la-mia-opinione\/\" \/>\n<meta property=\"og:locale\" content=\"it_IT\" \/>\n<meta property=\"og:type\" content=\"article\" \/>\n<meta property=\"og:title\" content=\"Esprimo la mia opinione - Cabaret Oh! C\u00e9sar\" \/>\n<meta property=\"og:description\" content=\"Dateci la vostra opinione e aiutateci a migliorare! Siamo sempre alla ricerca di modi per migliorare, quindi condividete la vostra esperienza...\" \/>\n<meta property=\"og:url\" content=\"https:\/\/ohcesarparis.com\/it\/esprimo-la-mia-opinione\/\" \/>\n<meta property=\"og:site_name\" content=\"Oh C\u00e9sar by C\u00e9sar Palace Paris\" \/>\n<meta property=\"article:publisher\" content=\"https:\/\/www.facebook.com\/CesarPalaceParis\" \/>\n<meta property=\"article:modified_time\" content=\"2024-03-25T16:14:08+00:00\" \/>\n<meta property=\"og:image\" content=\"https:\/\/ohcesarparis.com\/wp-content\/uploads\/2024\/03\/5-stars-300x177.png\" \/>\n<meta name=\"twitter:card\" content=\"summary_large_image\" \/>\n<meta name=\"twitter:site\" content=\"@CsarPalaceParis\" \/>\n<meta name=\"twitter:label1\" content=\"Tempo di lettura stimato\" \/>\n\t<meta name=\"twitter:data1\" content=\"1 minuto\" \/>\n<script type=\"application\/ld+json\" class=\"yoast-schema-graph\">{\"@context\":\"https:\/\/schema.org\",\"@graph\":[{\"@type\":\"WebPage\",\"@id\":\"https:\/\/ohcesarparis.com\/it\/esprimo-la-mia-opinione\/\",\"url\":\"https:\/\/ohcesarparis.com\/it\/esprimo-la-mia-opinione\/\",\"name\":\"Esprimo la mia opinione - Cabaret Oh! C\u00e9sar\",\"isPartOf\":{\"@id\":\"https:\/\/ohcesarparis.com\/it\/#website\"},\"primaryImageOfPage\":{\"@id\":\"https:\/\/ohcesarparis.com\/it\/esprimo-la-mia-opinione\/#primaryimage\"},\"image\":{\"@id\":\"https:\/\/ohcesarparis.com\/it\/esprimo-la-mia-opinione\/#primaryimage\"},\"thumbnailUrl\":\"https:\/\/ohcesarparis.com\/wp-content\/uploads\/2024\/03\/5-stars-300x177.png\",\"datePublished\":\"2024-03-06T08:39:52+00:00\",\"dateModified\":\"2024-03-25T16:14:08+00:00\",\"description\":\"Dateci la vostra opinione e aiutateci a migliorare! Siamo sempre alla ricerca di modi per migliorare, quindi condividete la vostra esperienza...\",\"breadcrumb\":{\"@id\":\"https:\/\/ohcesarparis.com\/it\/esprimo-la-mia-opinione\/#breadcrumb\"},\"inLanguage\":\"it-IT\",\"potentialAction\":[{\"@type\":\"ReadAction\",\"target\":[\"https:\/\/ohcesarparis.com\/it\/esprimo-la-mia-opinione\/\"]}]},{\"@type\":\"ImageObject\",\"inLanguage\":\"it-IT\",\"@id\":\"https:\/\/ohcesarparis.com\/it\/esprimo-la-mia-opinione\/#primaryimage\",\"url\":\"https:\/\/ohcesarparis.com\/wp-content\/uploads\/2024\/03\/5-stars-300x177.png\",\"contentUrl\":\"https:\/\/ohcesarparis.com\/wp-content\/uploads\/2024\/03\/5-stars-300x177.png\"},{\"@type\":\"BreadcrumbList\",\"@id\":\"https:\/\/ohcesarparis.com\/it\/esprimo-la-mia-opinione\/#breadcrumb\",\"itemListElement\":[{\"@type\":\"ListItem\",\"position\":1,\"name\":\"Accueil\",\"item\":\"https:\/\/ohcesarparis.com\/it\/\"},{\"@type\":\"ListItem\",\"position\":2,\"name\":\"Esprimo la mia opinione\"}]},{\"@type\":\"WebSite\",\"@id\":\"https:\/\/ohcesarparis.com\/it\/#website\",\"url\":\"https:\/\/ohcesarparis.com\/it\/\",\"name\":\"Oh C\u00e9sar by C\u00e9sar Palace Paris\",\"description\":\"Passez une soir\u00e9e de r\u00eave au cabaret\",\"publisher\":{\"@id\":\"https:\/\/ohcesarparis.com\/it\/#organization\"},\"potentialAction\":[{\"@type\":\"SearchAction\",\"target\":{\"@type\":\"EntryPoint\",\"urlTemplate\":\"https:\/\/ohcesarparis.com\/it\/?s={search_term_string}\"},\"query-input\":{\"@type\":\"PropertyValueSpecification\",\"valueRequired\":true,\"valueName\":\"search_term_string\"}}],\"inLanguage\":\"it-IT\"},{\"@type\":\"Organization\",\"@id\":\"https:\/\/ohcesarparis.com\/it\/#organization\",\"name\":\"Oh Cesar Paris\",\"url\":\"https:\/\/ohcesarparis.com\/it\/\",\"logo\":{\"@type\":\"ImageObject\",\"inLanguage\":\"it-IT\",\"@id\":\"https:\/\/ohcesarparis.com\/it\/#\/schema\/logo\/image\/\",\"url\":\"https:\/\/ohcesarparis.com\/wp-content\/uploads\/2017\/03\/logo-oh-cesar-by-cesar-palace-paris.png\",\"contentUrl\":\"https:\/\/ohcesarparis.com\/wp-content\/uploads\/2017\/03\/logo-oh-cesar-by-cesar-palace-paris.png\",\"width\":240,\"height\":70,\"caption\":\"Oh Cesar Paris\"},\"image\":{\"@id\":\"https:\/\/ohcesarparis.com\/it\/#\/schema\/logo\/image\/\"},\"sameAs\":[\"https:\/\/www.facebook.com\/CesarPalaceParis\",\"https:\/\/x.com\/CsarPalaceParis\",\"https:\/\/www.instagram.com\/cesarpalaceparis\/\"]}]}<\/script>\n<!-- \/ Yoast SEO plugin. -->","yoast_head_json":{"title":"Esprimo la mia opinione - Cabaret Oh! C\u00e9sar","description":"Dateci la vostra opinione e aiutateci a migliorare! Siamo sempre alla ricerca di modi per migliorare, quindi condividete la vostra esperienza...","robots":{"index":"index","follow":"follow","max-snippet":"max-snippet:-1","max-image-preview":"max-image-preview:large","max-video-preview":"max-video-preview:-1"},"canonical":"https:\/\/ohcesarparis.com\/it\/esprimo-la-mia-opinione\/","og_locale":"it_IT","og_type":"article","og_title":"Esprimo la mia opinione - Cabaret Oh! C\u00e9sar","og_description":"Dateci la vostra opinione e aiutateci a migliorare! Siamo sempre alla ricerca di modi per migliorare, quindi condividete la vostra esperienza...","og_url":"https:\/\/ohcesarparis.com\/it\/esprimo-la-mia-opinione\/","og_site_name":"Oh C\u00e9sar by C\u00e9sar Palace Paris","article_publisher":"https:\/\/www.facebook.com\/CesarPalaceParis","article_modified_time":"2024-03-25T16:14:08+00:00","og_image":[{"url":"https:\/\/ohcesarparis.com\/wp-content\/uploads\/2024\/03\/5-stars-300x177.png","type":"","width":"","height":""}],"twitter_card":"summary_large_image","twitter_site":"@CsarPalaceParis","twitter_misc":{"Tempo di lettura stimato":"1 minuto"},"schema":{"@context":"https:\/\/schema.org","@graph":[{"@type":"WebPage","@id":"https:\/\/ohcesarparis.com\/it\/esprimo-la-mia-opinione\/","url":"https:\/\/ohcesarparis.com\/it\/esprimo-la-mia-opinione\/","name":"Esprimo la mia opinione - Cabaret Oh! C\u00e9sar","isPartOf":{"@id":"https:\/\/ohcesarparis.com\/it\/#website"},"primaryImageOfPage":{"@id":"https:\/\/ohcesarparis.com\/it\/esprimo-la-mia-opinione\/#primaryimage"},"image":{"@id":"https:\/\/ohcesarparis.com\/it\/esprimo-la-mia-opinione\/#primaryimage"},"thumbnailUrl":"https:\/\/ohcesarparis.com\/wp-content\/uploads\/2024\/03\/5-stars-300x177.png","datePublished":"2024-03-06T08:39:52+00:00","dateModified":"2024-03-25T16:14:08+00:00","description":"Dateci la vostra opinione e aiutateci a migliorare! Siamo sempre alla ricerca di modi per migliorare, quindi condividete la vostra esperienza...","breadcrumb":{"@id":"https:\/\/ohcesarparis.com\/it\/esprimo-la-mia-opinione\/#breadcrumb"},"inLanguage":"it-IT","potentialAction":[{"@type":"ReadAction","target":["https:\/\/ohcesarparis.com\/it\/esprimo-la-mia-opinione\/"]}]},{"@type":"ImageObject","inLanguage":"it-IT","@id":"https:\/\/ohcesarparis.com\/it\/esprimo-la-mia-opinione\/#primaryimage","url":"https:\/\/ohcesarparis.com\/wp-content\/uploads\/2024\/03\/5-stars-300x177.png","contentUrl":"https:\/\/ohcesarparis.com\/wp-content\/uploads\/2024\/03\/5-stars-300x177.png"},{"@type":"BreadcrumbList","@id":"https:\/\/ohcesarparis.com\/it\/esprimo-la-mia-opinione\/#breadcrumb","itemListElement":[{"@type":"ListItem","position":1,"name":"Accueil","item":"https:\/\/ohcesarparis.com\/it\/"},{"@type":"ListItem","position":2,"name":"Esprimo la mia opinione"}]},{"@type":"WebSite","@id":"https:\/\/ohcesarparis.com\/it\/#website","url":"https:\/\/ohcesarparis.com\/it\/","name":"Oh C\u00e9sar by C\u00e9sar Palace Paris","description":"Passez une soir\u00e9e de r\u00eave au cabaret","publisher":{"@id":"https:\/\/ohcesarparis.com\/it\/#organization"},"potentialAction":[{"@type":"SearchAction","target":{"@type":"EntryPoint","urlTemplate":"https:\/\/ohcesarparis.com\/it\/?s={search_term_string}"},"query-input":{"@type":"PropertyValueSpecification","valueRequired":true,"valueName":"search_term_string"}}],"inLanguage":"it-IT"},{"@type":"Organization","@id":"https:\/\/ohcesarparis.com\/it\/#organization","name":"Oh Cesar Paris","url":"https:\/\/ohcesarparis.com\/it\/","logo":{"@type":"ImageObject","inLanguage":"it-IT","@id":"https:\/\/ohcesarparis.com\/it\/#\/schema\/logo\/image\/","url":"https:\/\/ohcesarparis.com\/wp-content\/uploads\/2017\/03\/logo-oh-cesar-by-cesar-palace-paris.png","contentUrl":"https:\/\/ohcesarparis.com\/wp-content\/uploads\/2017\/03\/logo-oh-cesar-by-cesar-palace-paris.png","width":240,"height":70,"caption":"Oh Cesar Paris"},"image":{"@id":"https:\/\/ohcesarparis.com\/it\/#\/schema\/logo\/image\/"},"sameAs":["https:\/\/www.facebook.com\/CesarPalaceParis","https:\/\/x.com\/CsarPalaceParis","https:\/\/www.instagram.com\/cesarpalaceparis\/"]}]}},"_links":{"self":[{"href":"https:\/\/ohcesarparis.com\/it\/wp-json\/wp\/v2\/pages\/69117","targetHints":{"allow":["GET"]}}],"collection":[{"href":"https:\/\/ohcesarparis.com\/it\/wp-json\/wp\/v2\/pages"}],"about":[{"href":"https:\/\/ohcesarparis.com\/it\/wp-json\/wp\/v2\/types\/page"}],"author":[{"embeddable":true,"href":"https:\/\/ohcesarparis.com\/it\/wp-json\/wp\/v2\/users\/6"}],"replies":[{"embeddable":true,"href":"https:\/\/ohcesarparis.com\/it\/wp-json\/wp\/v2\/comments?post=69117"}],"version-history":[{"count":5,"href":"https:\/\/ohcesarparis.com\/it\/wp-json\/wp\/v2\/pages\/69117\/revisions"}],"predecessor-version":[{"id":70250,"href":"https:\/\/ohcesarparis.com\/it\/wp-json\/wp\/v2\/pages\/69117\/revisions\/70250"}],"wp:attachment":[{"href":"https:\/\/ohcesarparis.com\/it\/wp-json\/wp\/v2\/media?parent=69117"}],"curies":[{"name":"wp","href":"https:\/\/api.w.org\/{rel}","templated":true}]}}