{"id":69733,"date":"2017-03-07T15:40:21","date_gmt":"2017-03-07T14:40:21","guid":{"rendered":"https:\/\/ohcesarparis.com\/the-cabaret-2\/"},"modified":"2024-03-18T17:19:33","modified_gmt":"2024-03-18T16:19:33","slug":"the-cabaret-2","status":"publish","type":"page","link":"https:\/\/ohcesarparis.com\/es\/the-cabaret-2\/","title":{"rendered":"The Cabaret"},"content":{"rendered":"<div class=\"wpb-content-wrapper\">[vc_row row_height_percent=\u00bb0&#8243; back_color=\u00bbcolor-143597&#8243; back_image=\u00bb59724&#8243; overlay_alpha=\u00bb50&#8243; gutter_size=\u00bb3&#8243; column_width_percent=\u00bb100&#8243; shift_y=\u00bb0&#8243; z_index=\u00bb0&#8243; el_class=\u00bbtitre-page\u00bb][vc_column column_width_percent=\u00bb100&#8243; align_horizontal=\u00bbalign_center\u00bb gutter_size=\u00bb3&#8243; style=\u00bbdark\u00bb overlay_alpha=\u00bb50&#8243; shift_x=\u00bb0&#8243; shift_y=\u00bb0&#8243; shift_y_down=\u00bb0&#8243; z_index=\u00bb0&#8243; medium_width=\u00bb0&#8243; mobile_width=\u00bb0&#8243; width=\u00bb1\/1&#8243;][vc_column_text]\r\n<h1>The cabaret<\/h1>\r\n<h2>An exceptional place<\/h2>\r\n[\/vc_column_text][vc_button button_color=\u00bbaccent\u00bb border_width=\u00bb0&#8243; link=\u00bburl:https%3A%2F%2Fohcesarparis.com%2Fen%2Fcontact%2F|\u00bb]Contact us[\/vc_button][\/vc_column][\/vc_row][vc_row row_height_percent=\u00bb0&#8243; overlay_alpha=\u00bb50&#8243; gutter_size=\u00bb3&#8243; shift_y=\u00bb0&#8243; css=\u00bb.vc_custom_1499768138887{padding-top: 40px !important;padding-bottom: 40px !important;}\u00bb][vc_column column_width_percent=\u00bb100&#8243; position_vertical=\u00bbmiddle\u00bb gutter_size=\u00bb3&#8243; overlay_alpha=\u00bb50&#8243; shift_x=\u00bb0&#8243; shift_y=\u00bb0&#8243; shift_y_down=\u00bb0&#8243; z_index=\u00bb0&#8243; medium_width=\u00bb0&#8243; mobile_width=\u00bb0&#8243; width=\u00bb1\/2&#8243;][vc_single_image media=\u00bb59919&#8243; media_width_percent=\u00bb100&#8243;][\/vc_column][vc_column column_width_percent=\u00bb100&#8243; position_vertical=\u00bbmiddle\u00bb gutter_size=\u00bb3&#8243; overlay_alpha=\u00bb50&#8243; shift_x=\u00bb0&#8243; shift_y=\u00bb0&#8243; shift_y_down=\u00bb0&#8243; z_index=\u00bb0&#8243; medium_width=\u00bb0&#8243; mobile_width=\u00bb0&#8243; width=\u00bb1\/2&#8243;][vc_row_inner row_inner_height_percent=\u00bb0&#8243; overlay_alpha=\u00bb50&#8243; gutter_size=\u00bb3&#8243; shift_y=\u00bb0&#8243; z_index=\u00bb0&#8243; css=\u00bb.vc_custom_1573637929096{padding-top: 40px !important;}\u00bb][vc_column_inner column_width_percent=\u00bb100&#8243; position_vertical=\u00bbmiddle\u00bb gutter_size=\u00bb3&#8243; overlay_alpha=\u00bb50&#8243; shift_x=\u00bb0&#8243; shift_y=\u00bb0&#8243; shift_y_down=\u00bb0&#8243; z_index=\u00bb0&#8243; medium_width=\u00bb0&#8243; mobile_width=\u00bb0&#8243; width=\u00bb1\/6&#8243;][vc_single_image media=\u00bb59578&#8243; media_width_percent=\u00bb100&#8243; alignment=\u00bbright\u00bb][\/vc_column_inner][vc_column_inner width=\u00bb5\/6&#8243;][vc_column_text]\r\n<h2 style=\"text-align: left;\">A family story&#8230;<\/h2>\r\n<h3 style=\"text-align: left;\">The Oh! C\u00e9sar by C\u00e9sar Palace Paris<strong>\r\n<\/strong><\/h3>\r\n[\/vc_column_text][\/vc_column_inner][\/vc_row_inner][vc_column_text]Continuing the story of a legendary show family, <strong>Oh! C\u00e9sar Paris<\/strong> cabaret is owned and directed by Frank Clerico since July 2011.\r\n\r\nAs a descendant of the largest cabaret family in Paris, the Clerico family, creators of the Lido de Paris and the Moulin Rouge, Frank is an expert in the field.\r\n\r\nHe was also President of the Lido de Paris for many years. Today, at Oh! C\u00e9sar, Frank has surrounded himself with a skilled team to revitalize this unique Parisian party venue.\r\n\r\n<strong>Come and discover this incredible family story, and let yourself be carried away by the festive atmosphere at Cabaret Oh! C\u00e9sar..<\/strong>[\/vc_column_text][\/vc_column][\/vc_row][vc_row row_height_percent=\u00bb0&#8243; back_image=\u00bb59552&#8243; back_repeat=\u00bbno-repeat\u00bb back_attachment=\u00bbfixed\u00bb overlay_alpha=\u00bb50&#8243; gutter_size=\u00bb3&#8243; column_width_percent=\u00bb100&#8243; shift_y=\u00bb0&#8243; z_index=\u00bb0&#8243; css=\u00bb.vc_custom_1578061658154{padding-top: 40px !important;padding-bottom: 40px !important;}\u00bb][vc_column width=\u00bb1\/1&#8243;][vc_row_inner][vc_column_inner width=\u00bb1\/1&#8243;][vc_column_text]\r\n<h2 style=\"text-align: center;\">&#8230;but also a team<\/h2>\r\n<h3 style=\"text-align: center;\">Professional and attentive<\/h3>\r\n[\/vc_column_text][\/vc_column_inner][\/vc_row_inner][vc_column_text el_class=\u00bbtxt-justify\u00bb]At Cabaret Oh! C\u00e9sar Paris, we believe in the strength of a solid, experienced team. That&#8217;s why <strong>Frank Clerico, our director with a passion for live entertainment<\/strong>, has surrounded himself with a dynamic, professional team, led by experts such as <strong>Manu Pinto<\/strong>, formerly of Lido de Paris and Bobino, as well as <strong>Laurence<\/strong>, the cabaret&#8217;s doyenne, <strong>Christel<\/strong>, formerly of Ch\u00e2teau de Chantilly, and <strong>Th\u00e9o<\/strong>, the new arrival.[\/vc_column_text][\/vc_column][\/vc_row][vc_row row_height_percent=\u00bb0&#8243; back_image=\u00bb59614&#8243; overlay_alpha=\u00bb50&#8243; gutter_size=\u00bb3&#8243; column_width_percent=\u00bb100&#8243; shift_y=\u00bb0&#8243; z_index=\u00bb0&#8243; row_name=\u00bbformulaire\u00bb css=\u00bb.vc_custom_1575037237660{padding-top: 40px !important;padding-bottom: 40px !important;}\u00bb][vc_column column_width_percent=\u00bb100&#8243; gutter_size=\u00bb3&#8243; overlay_alpha=\u00bb50&#8243; shift_x=\u00bb0&#8243; shift_y=\u00bb0&#8243; shift_y_down=\u00bb0&#8243; z_index=\u00bb0&#8243; medium_width=\u00bb0&#8243; mobile_width=\u00bb0&#8243; width=\u00bb1\/1&#8243;][vc_column_text el_class=\u00bbtitre-avis\u00bb]\r\n<p style=\"font-size: 30px; font-weight: bold; text-align: center;\"><span style=\"color: #ffffff;\">CONTACT US<\/span><\/p>\r\n\r\n<h2 style=\"text-align: center; margin-top: 0px;\">As you can see, the Oh! C\u00e9sar Paris is the ideal place to go out in Paris!<\/h2>\r\n<h3 style=\"text-align: center;\">Take advantage of a visit to our beautiful capital to discover a legendary Cabaret<\/h3>\r\n[\/vc_column_text][vc_single_image media=\u00bb59478&#8243; media_width_use_pixel=\u00bbyes\u00bb media_ratio=\u00bbone-one\u00bb alignment=\u00bbcenter\u00bb media_width_pixel=\u00bb45&#8243;][vc_row_inner row_inner_height_percent=\u00bb0&#8243; overlay_alpha=\u00bb50&#8243; gutter_size=\u00bb3&#8243; shift_y=\u00bb0&#8243; z_index=\u00bb0&#8243; el_class=\u00bbform-fond-bleu\u00bb limit_content=\u00bb\u00bb][vc_column_inner width=\u00bb1\/6&#8243;][\/vc_column_inner][vc_column_inner column_width_percent=\u00bb100&#8243; align_horizontal=\u00bbalign_center\u00bb gutter_size=\u00bb3&#8243; back_color=\u00bbcolor-xsdn\u00bb overlay_alpha=\u00bb50&#8243; shift_x=\u00bb0&#8243; shift_y=\u00bb0&#8243; shift_y_down=\u00bb0&#8243; z_index=\u00bb0&#8243; medium_width=\u00bb0&#8243; mobile_width=\u00bb0&#8243; width=\u00bb1\/3&#8243; link_to=\u00bburl:https%3A%2F%2Fohcesarparis.com%2Fcontact%2F%23contact-form\u00bb el_class=\u00bbbloc-mail\u00bb][vc_icon icon=\u00bbfa fa-envelope-o\u00bb icon_color=\u00bbaccent\u00bb size=\u00bbfa-3x\u00bb linked_title=\u00bbyes\u00bb text_lead=\u00bbyes\u00bb link=\u00bburl:https%3A%2F%2Fohcesarparis.com%2Fcontact%2F%23contact-form-ancre\u00bb]\r\n<h3><span style=\"color: #93181b;\">YOUR REQUEST<\/span><\/h3>\r\n[\/vc_icon][vc_button button_color=\u00bbcolor-397464&#8243; size=\u00bbbtn-link\u00bb radius=\u00bbbtn-round\u00bb border_animation=\u00bbbtn-ripple-in\u00bb wide=\u00bbyes\u00bb border_width=\u00bb0&#8243; link=\u00bburl:https%3A%2F%2Fohcesarparis.com%2Fen%2Fcontact%2F%23contact-form-ancre|\u00bb el_class=\u00bbunderline-red\u00bb]By Email : click here[\/vc_button][\/vc_column_inner][vc_column_inner column_width_percent=\u00bb100&#8243; align_horizontal=\u00bbalign_center\u00bb gutter_size=\u00bb3&#8243; back_color=\u00bbcolor-397464&#8243; overlay_alpha=\u00bb50&#8243; shift_x=\u00bb0&#8243; shift_y=\u00bb0&#8243; shift_y_down=\u00bb0&#8243; z_index=\u00bb0&#8243; medium_width=\u00bb0&#8243; mobile_width=\u00bb0&#8243; width=\u00bb1\/3&#8243; link_to=\u00bburl:https%3A%2F%2Fohcesarparis.com%2Fcontact%2F\u00bb el_class=\u00bbbloc-tel\u00bb][vc_icon icon=\u00bbfa fa-phone-handset\u00bb icon_color=\u00bbcolor-xsdn\u00bb size=\u00bbfa-3x\u00bb linked_title=\u00bbyes\u00bb text_lead=\u00bbyes\u00bb link=\u00bburl:https%3A%2F%2Fohcesarparis.com%2Fcontact%2F\u00bb]\r\n<h3><span style=\"color: #ffffff;\">YOUR REQUEST<\/span><\/h3>\r\n[\/vc_icon][vc_button button_color=\u00bbcolor-lxmt\u00bb size=\u00bbbtn-link\u00bb radius=\u00bbbtn-round\u00bb border_animation=\u00bbbtn-ripple-in\u00bb wide=\u00bbyes\u00bb hover_fx=\u00bboutlined\u00bb border_width=\u00bb0&#8243; link=\u00bburl:https%3A%2F%2Fohcesarparis.com%2Fen%2Fcontact%2F|\u00bb el_class=\u00bbunderline\u00bb]BY PHONE: 01 45 44 46 20[\/vc_button][\/vc_column_inner][vc_column_inner width=\u00bb1\/6&#8243;][\/vc_column_inner][\/vc_row_inner][\/vc_column][\/vc_row]<\/div>","protected":false},"excerpt":{"rendered":"[vc_row row_height_percent=\u00bb0&#8243; back_color=\u00bbcolor-143597&#8243; back_image=\u00bb59724&#8243; overlay_alpha=\u00bb50&#8243; gutter_size=\u00bb3&#8243; column_width_percent=\u00bb100&#8243; shift_y=\u00bb0&#8243; z_index=\u00bb0&#8243; el_class=\u00bbtitre-page\u00bb][vc_column column_width_percent=\u00bb100&#8243; align_horizontal=\u00bbalign_center\u00bb gutter_size=\u00bb3&#8243; style=\u00bbdark\u00bb overlay_alpha=\u00bb50&#8243; shift_x=\u00bb0&#8243; shift_y=\u00bb0&#8243; shift_y_down=\u00bb0&#8243; z_index=\u00bb0&#8243; medium_width=\u00bb0&#8243; [&hellip;]","protected":false},"author":4,"featured_media":0,"parent":0,"menu_order":0,"comment_status":"closed","ping_status":"closed","template":"","meta":{"footnotes":""},"class_list":["post-69733","page","type-page","status-publish","hentry"],"yoast_head":"<!-- This site is optimized with the Yoast SEO plugin v26.9 - https:\/\/yoast.com\/product\/yoast-seo-wordpress\/ -->\n<title>History of our Cabaret - Cabaret Oh! C\u00e9sar<\/title>\n<meta name=\"description\" content=\"The Oh! C\u00e9sar has been owned by Frank CLERICO since July 2011. Discover an exceptional venue staffed by a dynamic, professional team!\" \/>\n<meta name=\"robots\" content=\"index, follow, max-snippet:-1, max-image-preview:large, max-video-preview:-1\" \/>\n<link rel=\"canonical\" href=\"https:\/\/ohcesarparis.com\/es\/the-cabaret-2\/\" \/>\n<meta property=\"og:locale\" content=\"es_ES\" \/>\n<meta property=\"og:type\" content=\"article\" \/>\n<meta property=\"og:title\" content=\"History of our Cabaret - Cabaret Oh! C\u00e9sar\" \/>\n<meta property=\"og:description\" content=\"The Oh! C\u00e9sar has been owned by Frank CLERICO since July 2011. Discover an exceptional venue staffed by a dynamic, professional team!\" \/>\n<meta property=\"og:url\" content=\"https:\/\/ohcesarparis.com\/es\/the-cabaret-2\/\" \/>\n<meta property=\"og:site_name\" content=\"Oh C\u00e9sar by C\u00e9sar Palace Paris\" \/>\n<meta property=\"article:publisher\" content=\"https:\/\/www.facebook.com\/CesarPalaceParis\" \/>\n<meta property=\"article:modified_time\" content=\"2024-03-18T16:19:33+00:00\" \/>\n<meta name=\"twitter:card\" content=\"summary_large_image\" \/>\n<meta name=\"twitter:site\" content=\"@CsarPalaceParis\" \/>\n<meta name=\"twitter:label1\" content=\"Tiempo de lectura\" \/>\n\t<meta name=\"twitter:data1\" content=\"5 minutos\" \/>\n<script type=\"application\/ld+json\" class=\"yoast-schema-graph\">{\"@context\":\"https:\/\/schema.org\",\"@graph\":[{\"@type\":\"WebPage\",\"@id\":\"https:\/\/ohcesarparis.com\/es\/the-cabaret-2\/\",\"url\":\"https:\/\/ohcesarparis.com\/es\/the-cabaret-2\/\",\"name\":\"History of our Cabaret - Cabaret Oh! C\u00e9sar\",\"isPartOf\":{\"@id\":\"https:\/\/ohcesarparis.com\/es\/#website\"},\"datePublished\":\"2017-03-07T14:40:21+00:00\",\"dateModified\":\"2024-03-18T16:19:33+00:00\",\"description\":\"The Oh! C\u00e9sar has been owned by Frank CLERICO since July 2011. Discover an exceptional venue staffed by a dynamic, professional team!\",\"breadcrumb\":{\"@id\":\"https:\/\/ohcesarparis.com\/es\/the-cabaret-2\/#breadcrumb\"},\"inLanguage\":\"es\",\"potentialAction\":[{\"@type\":\"ReadAction\",\"target\":[\"https:\/\/ohcesarparis.com\/es\/the-cabaret-2\/\"]}]},{\"@type\":\"BreadcrumbList\",\"@id\":\"https:\/\/ohcesarparis.com\/es\/the-cabaret-2\/#breadcrumb\",\"itemListElement\":[{\"@type\":\"ListItem\",\"position\":1,\"name\":\"Accueil\",\"item\":\"https:\/\/ohcesarparis.com\/es\/\"},{\"@type\":\"ListItem\",\"position\":2,\"name\":\"The Cabaret\"}]},{\"@type\":\"WebSite\",\"@id\":\"https:\/\/ohcesarparis.com\/es\/#website\",\"url\":\"https:\/\/ohcesarparis.com\/es\/\",\"name\":\"Oh C\u00e9sar by C\u00e9sar Palace Paris\",\"description\":\"Passez une soir\u00e9e de r\u00eave au cabaret\",\"publisher\":{\"@id\":\"https:\/\/ohcesarparis.com\/es\/#organization\"},\"potentialAction\":[{\"@type\":\"SearchAction\",\"target\":{\"@type\":\"EntryPoint\",\"urlTemplate\":\"https:\/\/ohcesarparis.com\/es\/?s={search_term_string}\"},\"query-input\":{\"@type\":\"PropertyValueSpecification\",\"valueRequired\":true,\"valueName\":\"search_term_string\"}}],\"inLanguage\":\"es\"},{\"@type\":\"Organization\",\"@id\":\"https:\/\/ohcesarparis.com\/es\/#organization\",\"name\":\"Oh Cesar Paris\",\"url\":\"https:\/\/ohcesarparis.com\/es\/\",\"logo\":{\"@type\":\"ImageObject\",\"inLanguage\":\"es\",\"@id\":\"https:\/\/ohcesarparis.com\/es\/#\/schema\/logo\/image\/\",\"url\":\"https:\/\/ohcesarparis.com\/wp-content\/uploads\/2017\/03\/logo-oh-cesar-by-cesar-palace-paris.png\",\"contentUrl\":\"https:\/\/ohcesarparis.com\/wp-content\/uploads\/2017\/03\/logo-oh-cesar-by-cesar-palace-paris.png\",\"width\":240,\"height\":70,\"caption\":\"Oh Cesar Paris\"},\"image\":{\"@id\":\"https:\/\/ohcesarparis.com\/es\/#\/schema\/logo\/image\/\"},\"sameAs\":[\"https:\/\/www.facebook.com\/CesarPalaceParis\",\"https:\/\/x.com\/CsarPalaceParis\",\"https:\/\/www.instagram.com\/cesarpalaceparis\/\"]}]}<\/script>\n<!-- \/ Yoast SEO plugin. -->","yoast_head_json":{"title":"History of our Cabaret - Cabaret Oh! C\u00e9sar","description":"The Oh! C\u00e9sar has been owned by Frank CLERICO since July 2011. Discover an exceptional venue staffed by a dynamic, professional team!","robots":{"index":"index","follow":"follow","max-snippet":"max-snippet:-1","max-image-preview":"max-image-preview:large","max-video-preview":"max-video-preview:-1"},"canonical":"https:\/\/ohcesarparis.com\/es\/the-cabaret-2\/","og_locale":"es_ES","og_type":"article","og_title":"History of our Cabaret - Cabaret Oh! C\u00e9sar","og_description":"The Oh! C\u00e9sar has been owned by Frank CLERICO since July 2011. Discover an exceptional venue staffed by a dynamic, professional team!","og_url":"https:\/\/ohcesarparis.com\/es\/the-cabaret-2\/","og_site_name":"Oh C\u00e9sar by C\u00e9sar Palace Paris","article_publisher":"https:\/\/www.facebook.com\/CesarPalaceParis","article_modified_time":"2024-03-18T16:19:33+00:00","twitter_card":"summary_large_image","twitter_site":"@CsarPalaceParis","twitter_misc":{"Tiempo de lectura":"5 minutos"},"schema":{"@context":"https:\/\/schema.org","@graph":[{"@type":"WebPage","@id":"https:\/\/ohcesarparis.com\/es\/the-cabaret-2\/","url":"https:\/\/ohcesarparis.com\/es\/the-cabaret-2\/","name":"History of our Cabaret - Cabaret Oh! C\u00e9sar","isPartOf":{"@id":"https:\/\/ohcesarparis.com\/es\/#website"},"datePublished":"2017-03-07T14:40:21+00:00","dateModified":"2024-03-18T16:19:33+00:00","description":"The Oh! C\u00e9sar has been owned by Frank CLERICO since July 2011. Discover an exceptional venue staffed by a dynamic, professional team!","breadcrumb":{"@id":"https:\/\/ohcesarparis.com\/es\/the-cabaret-2\/#breadcrumb"},"inLanguage":"es","potentialAction":[{"@type":"ReadAction","target":["https:\/\/ohcesarparis.com\/es\/the-cabaret-2\/"]}]},{"@type":"BreadcrumbList","@id":"https:\/\/ohcesarparis.com\/es\/the-cabaret-2\/#breadcrumb","itemListElement":[{"@type":"ListItem","position":1,"name":"Accueil","item":"https:\/\/ohcesarparis.com\/es\/"},{"@type":"ListItem","position":2,"name":"The Cabaret"}]},{"@type":"WebSite","@id":"https:\/\/ohcesarparis.com\/es\/#website","url":"https:\/\/ohcesarparis.com\/es\/","name":"Oh C\u00e9sar by C\u00e9sar Palace Paris","description":"Passez une soir\u00e9e de r\u00eave au cabaret","publisher":{"@id":"https:\/\/ohcesarparis.com\/es\/#organization"},"potentialAction":[{"@type":"SearchAction","target":{"@type":"EntryPoint","urlTemplate":"https:\/\/ohcesarparis.com\/es\/?s={search_term_string}"},"query-input":{"@type":"PropertyValueSpecification","valueRequired":true,"valueName":"search_term_string"}}],"inLanguage":"es"},{"@type":"Organization","@id":"https:\/\/ohcesarparis.com\/es\/#organization","name":"Oh Cesar Paris","url":"https:\/\/ohcesarparis.com\/es\/","logo":{"@type":"ImageObject","inLanguage":"es","@id":"https:\/\/ohcesarparis.com\/es\/#\/schema\/logo\/image\/","url":"https:\/\/ohcesarparis.com\/wp-content\/uploads\/2017\/03\/logo-oh-cesar-by-cesar-palace-paris.png","contentUrl":"https:\/\/ohcesarparis.com\/wp-content\/uploads\/2017\/03\/logo-oh-cesar-by-cesar-palace-paris.png","width":240,"height":70,"caption":"Oh Cesar Paris"},"image":{"@id":"https:\/\/ohcesarparis.com\/es\/#\/schema\/logo\/image\/"},"sameAs":["https:\/\/www.facebook.com\/CesarPalaceParis","https:\/\/x.com\/CsarPalaceParis","https:\/\/www.instagram.com\/cesarpalaceparis\/"]}]}},"_links":{"self":[{"href":"https:\/\/ohcesarparis.com\/es\/wp-json\/wp\/v2\/pages\/69733","targetHints":{"allow":["GET"]}}],"collection":[{"href":"https:\/\/ohcesarparis.com\/es\/wp-json\/wp\/v2\/pages"}],"about":[{"href":"https:\/\/ohcesarparis.com\/es\/wp-json\/wp\/v2\/types\/page"}],"author":[{"embeddable":true,"href":"https:\/\/ohcesarparis.com\/es\/wp-json\/wp\/v2\/users\/4"}],"replies":[{"embeddable":true,"href":"https:\/\/ohcesarparis.com\/es\/wp-json\/wp\/v2\/comments?post=69733"}],"version-history":[{"count":1,"href":"https:\/\/ohcesarparis.com\/es\/wp-json\/wp\/v2\/pages\/69733\/revisions"}],"predecessor-version":[{"id":69748,"href":"https:\/\/ohcesarparis.com\/es\/wp-json\/wp\/v2\/pages\/69733\/revisions\/69748"}],"wp:attachment":[{"href":"https:\/\/ohcesarparis.com\/es\/wp-json\/wp\/v2\/media?parent=69733"}],"curies":[{"name":"wp","href":"https:\/\/api.w.org\/{rel}","templated":true}]}}