{"id":69649,"date":"2017-03-07T18:17:13","date_gmt":"2017-03-07T17:17:13","guid":{"rendered":"https:\/\/ohcesarparis.com\/opening-times-and-access\/"},"modified":"2024-03-18T17:19:15","modified_gmt":"2024-03-18T16:19:15","slug":"opening-times-and-access","status":"publish","type":"page","link":"https:\/\/ohcesarparis.com\/es\/opening-times-and-access\/","title":{"rendered":"Opening times and access"},"content":{"rendered":"<div class=\"wpb-content-wrapper\">[vc_row row_height_percent=\u00bb0&#8243; back_color=\u00bbcolor-143597&#8243; back_image=\u00bb59724&#8243; overlay_alpha=\u00bb50&#8243; gutter_size=\u00bb3&#8243; column_width_percent=\u00bb100&#8243; shift_y=\u00bb0&#8243; z_index=\u00bb0&#8243; el_class=\u00bbtitre-page\u00bb][vc_column column_width_percent=\u00bb100&#8243; align_horizontal=\u00bbalign_center\u00bb gutter_size=\u00bb3&#8243; style=\u00bbdark\u00bb overlay_alpha=\u00bb50&#8243; shift_x=\u00bb0&#8243; shift_y=\u00bb0&#8243; shift_y_down=\u00bb0&#8243; z_index=\u00bb0&#8243; medium_width=\u00bb0&#8243; mobile_width=\u00bb0&#8243; width=\u00bb1\/1&#8243;][vc_column_text]\r\n<h1>Going to the cabaret<\/h1>\n<h2>All the practical information<\/h2>\r\n[\/vc_column_text][\/vc_column][\/vc_row][vc_row][vc_column width=\u00bb1\/1&#8243;][vc_column_text]\r\n<h2>How can you find us?<\/h2>\r\n[\/vc_column_text][vc_row_inner row_inner_height_percent=\u00bb0&#8243; overlay_alpha=\u00bb50&#8243; gutter_size=\u00bb0&#8243; shift_y=\u00bb0&#8243;][vc_column_inner width=\u00bb1\/2&#8243;][vc_column_text]\r\n<ul>\n \t<li>Doors open: 7.30pm<\/li>\n \t<li>Show: 10.00 pm<\/li>\n<\/ul>\r\n[\/vc_column_text][\/vc_column_inner][vc_column_inner width=\u00bb1\/2&#8243;][vc_column_text]\r\n<ul>\n \t<li>Evening dance: 11.15pm<\/li>\n \t<li>Closing time: 2.00 a.m.<\/li>\n<\/ul>\r\n[\/vc_column_text][\/vc_column_inner][\/vc_row_inner][\/vc_column][\/vc_row][vc_row][vc_column width=\u00bb1\/1&#8243;][vc_gmaps zoom=\u00bb14&#8243; map_saturation=\u00bb-20&#8243; map_brightness=\u00bb5&#8243; latlon=\u00bb48.843644, 2.320881&#8243; address=\u00bb23 Avenue du Maine, 75015 Paris, France\u00bb size=\u00bb300&#8243;][\/vc_column][\/vc_row][vc_row row_height_percent=\u00bb0&#8243; overlay_alpha=\u00bb50&#8243; gutter_size=\u00bb3&#8243; shift_y=\u00bb0&#8243; css=\u00bb.vc_custom_1499783362508{padding-bottom: 40px !important;}\u00bb][vc_column width=\u00bb1\/1&#8243;][vc_column_text]Our Cabaret in Paris is located at the foot of the <strong>Montparnasse Tower.<\/strong> It&#8217;s an ideal place to go out in Paris. We welcome you for dinner and a show or lunch and a show.\n\nBy car, metro, bus or train, <strong>the Oh! C\u00e9sar<\/strong> is easily accessible: ideal for going out in Paris!\n<h2>How do I get there by public transport?<\/h2>\n<strong>By metro:<\/strong> Montparnasse-Bienven\u00fce stop, on lines 4, 6, 12 and 13. To get to our Cabaret in Paris, take the Place Bienven\u00fce exit. One look and you&#8217;re sure to find Oh! C\u00e9sar..\n\n<strong>By bus:<\/strong> If you want to get out and about in Paris, there are a number of bus routes that will take you to our Cabaret \u00e0 Paris via the Gare Montparnasse, including the \u00abAvenue du Maine\u00bb and \u00abPlace du 18 Juin\u00bb stops. Information on the <a href=\"http:\/\/www.ratp.fr\">RATP.<\/a>\n<h2>How do I get there by car?<\/h2>\n<strong>P\u00e9riph\u00e9rique Sud<\/strong>, exit \u00abPorte de Versailles Parc des Expositions\u00bb: take rue de Vaugirard -&gt; Boulevard Pasteur -&gt; Boulevard Vaugirard -&gt; Avenue du Maine, where our Cabaret in Paris is located.\n\n<strong>P\u00e9riph\u00e9rique Nord<\/strong>, sortie \u00ab Porte d\u2019Orl\u00e9ans \u00bb : take Avenue du G\u00e9n\u00e9ral Leclerc -&gt; Avenue du Maine, where our Cabaret in Paris is located.[\/vc_column_text][vc_column_text]\r\n<h2>Car parking, a preferential rate for you&#8230;<\/h2>\nWe have a <strong>partnership with Inter-parking France<\/strong>, the car park of the Tour Montparnasse, which <strong>is 200 metres from our Cabaret in Paris.<\/strong> Would you like to travel by car? Make the most of your evening at Cabaret Oh! C\u00e9sar and benefit from a night package at <strong>\u20ac8 incl. VAT.<\/strong><strong>\n<\/strong>[\/vc_column_text][vc_single_image media=\u00bb54861&#8243; media_width_percent=\u00bb100&#8243; alignment=\u00bbcenter\u00bb][vc_column_text]The ticket is valid from <strong>7pm to 9am.<\/strong> The entrance to the car park is <strong>3 minutes from the Cabaret<\/strong>, via rue du d\u00e9part or rue de l&#8217;arriv\u00e9e (the car park is located <strong>under the Tour Montparnasse<\/strong>).\nTo take advantage of this offer, you normally buy a <strong>ticket at the car park entrance<\/strong> and ask for <strong>your voucher at the end of your evening.<\/strong>\n\n<em>As part of an agreement between Inter-parking and Oh! C\u00e9sar, le Cabaret accepts no responsibility if the tickets do not work. In the event of a malfunction, please contact the inter-parking night watchman.<\/em>\n\n<strong>We hope you enjoy your evening out in Paris!<\/strong>[\/vc_column_text][\/vc_column][\/vc_row]<\/div>","protected":false},"excerpt":{"rendered":"[vc_row row_height_percent=\u00bb0&#8243; back_color=\u00bbcolor-143597&#8243; back_image=\u00bb59724&#8243; overlay_alpha=\u00bb50&#8243; gutter_size=\u00bb3&#8243; column_width_percent=\u00bb100&#8243; shift_y=\u00bb0&#8243; z_index=\u00bb0&#8243; el_class=\u00bbtitre-page\u00bb][vc_column column_width_percent=\u00bb100&#8243; align_horizontal=\u00bbalign_center\u00bb gutter_size=\u00bb3&#8243; style=\u00bbdark\u00bb overlay_alpha=\u00bb50&#8243; shift_x=\u00bb0&#8243; shift_y=\u00bb0&#8243; shift_y_down=\u00bb0&#8243; z_index=\u00bb0&#8243; medium_width=\u00bb0&#8243; [&hellip;]","protected":false},"author":4,"featured_media":0,"parent":0,"menu_order":0,"comment_status":"closed","ping_status":"closed","template":"","meta":{"footnotes":""},"class_list":["post-69649","page","type-page","status-publish","hentry"],"yoast_head":"<!-- This site is optimized with the Yoast SEO plugin v26.9 - https:\/\/yoast.com\/product\/yoast-seo-wordpress\/ -->\n<title>Opening hours and access to the Cabaret - Cabaret Oh! C\u00e9sar<\/title>\n<meta name=\"description\" content=\"The Oh! C\u00e9sar is located at the foot of the Montparnasse Tower. It&#039;s easy to get to by car, metro, bus or train, making it the ideal place to go out in Paris!\" \/>\n<meta name=\"robots\" content=\"index, follow, max-snippet:-1, max-image-preview:large, max-video-preview:-1\" \/>\n<link rel=\"canonical\" href=\"https:\/\/ohcesarparis.com\/es\/opening-times-and-access\/\" \/>\n<meta property=\"og:locale\" content=\"es_ES\" \/>\n<meta property=\"og:type\" content=\"article\" \/>\n<meta property=\"og:title\" content=\"Opening hours and access to the Cabaret - Cabaret Oh! C\u00e9sar\" \/>\n<meta property=\"og:description\" content=\"The Oh! C\u00e9sar is located at the foot of the Montparnasse Tower. It&#039;s easy to get to by car, metro, bus or train, making it the ideal place to go out in Paris!\" \/>\n<meta property=\"og:url\" content=\"https:\/\/ohcesarparis.com\/es\/opening-times-and-access\/\" \/>\n<meta property=\"og:site_name\" content=\"Oh C\u00e9sar by C\u00e9sar Palace Paris\" \/>\n<meta property=\"article:publisher\" content=\"https:\/\/www.facebook.com\/CesarPalaceParis\" \/>\n<meta property=\"article:modified_time\" content=\"2024-03-18T16:19:15+00:00\" \/>\n<meta name=\"twitter:card\" content=\"summary_large_image\" \/>\n<meta name=\"twitter:site\" content=\"@CsarPalaceParis\" \/>\n<meta name=\"twitter:label1\" content=\"Tiempo de lectura\" \/>\n\t<meta name=\"twitter:data1\" content=\"3 minutos\" \/>\n<script type=\"application\/ld+json\" class=\"yoast-schema-graph\">{\"@context\":\"https:\/\/schema.org\",\"@graph\":[{\"@type\":\"WebPage\",\"@id\":\"https:\/\/ohcesarparis.com\/es\/opening-times-and-access\/\",\"url\":\"https:\/\/ohcesarparis.com\/es\/opening-times-and-access\/\",\"name\":\"Opening hours and access to the Cabaret - Cabaret Oh! C\u00e9sar\",\"isPartOf\":{\"@id\":\"https:\/\/ohcesarparis.com\/es\/#website\"},\"datePublished\":\"2017-03-07T17:17:13+00:00\",\"dateModified\":\"2024-03-18T16:19:15+00:00\",\"description\":\"The Oh! C\u00e9sar is located at the foot of the Montparnasse Tower. It's easy to get to by car, metro, bus or train, making it the ideal place to go out in Paris!\",\"breadcrumb\":{\"@id\":\"https:\/\/ohcesarparis.com\/es\/opening-times-and-access\/#breadcrumb\"},\"inLanguage\":\"es\",\"potentialAction\":[{\"@type\":\"ReadAction\",\"target\":[\"https:\/\/ohcesarparis.com\/es\/opening-times-and-access\/\"]}]},{\"@type\":\"BreadcrumbList\",\"@id\":\"https:\/\/ohcesarparis.com\/es\/opening-times-and-access\/#breadcrumb\",\"itemListElement\":[{\"@type\":\"ListItem\",\"position\":1,\"name\":\"Accueil\",\"item\":\"https:\/\/ohcesarparis.com\/es\/\"},{\"@type\":\"ListItem\",\"position\":2,\"name\":\"Opening times and access\"}]},{\"@type\":\"WebSite\",\"@id\":\"https:\/\/ohcesarparis.com\/es\/#website\",\"url\":\"https:\/\/ohcesarparis.com\/es\/\",\"name\":\"Oh C\u00e9sar by C\u00e9sar Palace Paris\",\"description\":\"Passez une soir\u00e9e de r\u00eave au cabaret\",\"publisher\":{\"@id\":\"https:\/\/ohcesarparis.com\/es\/#organization\"},\"potentialAction\":[{\"@type\":\"SearchAction\",\"target\":{\"@type\":\"EntryPoint\",\"urlTemplate\":\"https:\/\/ohcesarparis.com\/es\/?s={search_term_string}\"},\"query-input\":{\"@type\":\"PropertyValueSpecification\",\"valueRequired\":true,\"valueName\":\"search_term_string\"}}],\"inLanguage\":\"es\"},{\"@type\":\"Organization\",\"@id\":\"https:\/\/ohcesarparis.com\/es\/#organization\",\"name\":\"Oh Cesar Paris\",\"url\":\"https:\/\/ohcesarparis.com\/es\/\",\"logo\":{\"@type\":\"ImageObject\",\"inLanguage\":\"es\",\"@id\":\"https:\/\/ohcesarparis.com\/es\/#\/schema\/logo\/image\/\",\"url\":\"https:\/\/ohcesarparis.com\/wp-content\/uploads\/2017\/03\/logo-oh-cesar-by-cesar-palace-paris.png\",\"contentUrl\":\"https:\/\/ohcesarparis.com\/wp-content\/uploads\/2017\/03\/logo-oh-cesar-by-cesar-palace-paris.png\",\"width\":240,\"height\":70,\"caption\":\"Oh Cesar Paris\"},\"image\":{\"@id\":\"https:\/\/ohcesarparis.com\/es\/#\/schema\/logo\/image\/\"},\"sameAs\":[\"https:\/\/www.facebook.com\/CesarPalaceParis\",\"https:\/\/x.com\/CsarPalaceParis\",\"https:\/\/www.instagram.com\/cesarpalaceparis\/\"]}]}<\/script>\n<!-- \/ Yoast SEO plugin. -->","yoast_head_json":{"title":"Opening hours and access to the Cabaret - Cabaret Oh! C\u00e9sar","description":"The Oh! C\u00e9sar is located at the foot of the Montparnasse Tower. It's easy to get to by car, metro, bus or train, making it the ideal place to go out in Paris!","robots":{"index":"index","follow":"follow","max-snippet":"max-snippet:-1","max-image-preview":"max-image-preview:large","max-video-preview":"max-video-preview:-1"},"canonical":"https:\/\/ohcesarparis.com\/es\/opening-times-and-access\/","og_locale":"es_ES","og_type":"article","og_title":"Opening hours and access to the Cabaret - Cabaret Oh! C\u00e9sar","og_description":"The Oh! C\u00e9sar is located at the foot of the Montparnasse Tower. It's easy to get to by car, metro, bus or train, making it the ideal place to go out in Paris!","og_url":"https:\/\/ohcesarparis.com\/es\/opening-times-and-access\/","og_site_name":"Oh C\u00e9sar by C\u00e9sar Palace Paris","article_publisher":"https:\/\/www.facebook.com\/CesarPalaceParis","article_modified_time":"2024-03-18T16:19:15+00:00","twitter_card":"summary_large_image","twitter_site":"@CsarPalaceParis","twitter_misc":{"Tiempo de lectura":"3 minutos"},"schema":{"@context":"https:\/\/schema.org","@graph":[{"@type":"WebPage","@id":"https:\/\/ohcesarparis.com\/es\/opening-times-and-access\/","url":"https:\/\/ohcesarparis.com\/es\/opening-times-and-access\/","name":"Opening hours and access to the Cabaret - Cabaret Oh! C\u00e9sar","isPartOf":{"@id":"https:\/\/ohcesarparis.com\/es\/#website"},"datePublished":"2017-03-07T17:17:13+00:00","dateModified":"2024-03-18T16:19:15+00:00","description":"The Oh! C\u00e9sar is located at the foot of the Montparnasse Tower. It's easy to get to by car, metro, bus or train, making it the ideal place to go out in Paris!","breadcrumb":{"@id":"https:\/\/ohcesarparis.com\/es\/opening-times-and-access\/#breadcrumb"},"inLanguage":"es","potentialAction":[{"@type":"ReadAction","target":["https:\/\/ohcesarparis.com\/es\/opening-times-and-access\/"]}]},{"@type":"BreadcrumbList","@id":"https:\/\/ohcesarparis.com\/es\/opening-times-and-access\/#breadcrumb","itemListElement":[{"@type":"ListItem","position":1,"name":"Accueil","item":"https:\/\/ohcesarparis.com\/es\/"},{"@type":"ListItem","position":2,"name":"Opening times and access"}]},{"@type":"WebSite","@id":"https:\/\/ohcesarparis.com\/es\/#website","url":"https:\/\/ohcesarparis.com\/es\/","name":"Oh C\u00e9sar by C\u00e9sar Palace Paris","description":"Passez une soir\u00e9e de r\u00eave au cabaret","publisher":{"@id":"https:\/\/ohcesarparis.com\/es\/#organization"},"potentialAction":[{"@type":"SearchAction","target":{"@type":"EntryPoint","urlTemplate":"https:\/\/ohcesarparis.com\/es\/?s={search_term_string}"},"query-input":{"@type":"PropertyValueSpecification","valueRequired":true,"valueName":"search_term_string"}}],"inLanguage":"es"},{"@type":"Organization","@id":"https:\/\/ohcesarparis.com\/es\/#organization","name":"Oh Cesar Paris","url":"https:\/\/ohcesarparis.com\/es\/","logo":{"@type":"ImageObject","inLanguage":"es","@id":"https:\/\/ohcesarparis.com\/es\/#\/schema\/logo\/image\/","url":"https:\/\/ohcesarparis.com\/wp-content\/uploads\/2017\/03\/logo-oh-cesar-by-cesar-palace-paris.png","contentUrl":"https:\/\/ohcesarparis.com\/wp-content\/uploads\/2017\/03\/logo-oh-cesar-by-cesar-palace-paris.png","width":240,"height":70,"caption":"Oh Cesar Paris"},"image":{"@id":"https:\/\/ohcesarparis.com\/es\/#\/schema\/logo\/image\/"},"sameAs":["https:\/\/www.facebook.com\/CesarPalaceParis","https:\/\/x.com\/CsarPalaceParis","https:\/\/www.instagram.com\/cesarpalaceparis\/"]}]}},"_links":{"self":[{"href":"https:\/\/ohcesarparis.com\/es\/wp-json\/wp\/v2\/pages\/69649","targetHints":{"allow":["GET"]}}],"collection":[{"href":"https:\/\/ohcesarparis.com\/es\/wp-json\/wp\/v2\/pages"}],"about":[{"href":"https:\/\/ohcesarparis.com\/es\/wp-json\/wp\/v2\/types\/page"}],"author":[{"embeddable":true,"href":"https:\/\/ohcesarparis.com\/es\/wp-json\/wp\/v2\/users\/4"}],"replies":[{"embeddable":true,"href":"https:\/\/ohcesarparis.com\/es\/wp-json\/wp\/v2\/comments?post=69649"}],"version-history":[{"count":2,"href":"https:\/\/ohcesarparis.com\/es\/wp-json\/wp\/v2\/pages\/69649\/revisions"}],"predecessor-version":[{"id":69664,"href":"https:\/\/ohcesarparis.com\/es\/wp-json\/wp\/v2\/pages\/69649\/revisions\/69664"}],"wp:attachment":[{"href":"https:\/\/ohcesarparis.com\/es\/wp-json\/wp\/v2\/media?parent=69649"}],"curies":[{"name":"wp","href":"https:\/\/api.w.org\/{rel}","templated":true}]}}