{"id":69642,"date":"2017-03-07T22:39:55","date_gmt":"2017-03-07T21:39:55","guid":{"rendered":"https:\/\/ohcesarparis.com\/valentines-day\/"},"modified":"2024-08-27T17:27:33","modified_gmt":"2024-08-27T15:27:33","slug":"valentines-day","status":"publish","type":"page","link":"https:\/\/ohcesarparis.com\/es\/valentines-day\/","title":{"rendered":"Valentine&#8217;s Day"},"content":{"rendered":"<div class=\"wpb-content-wrapper\">[vc_row row_height_percent=\u00bb0&#8243; back_color=\u00bbcolor-143597&#8243; back_image=\u00bb59724&#8243; overlay_alpha=\u00bb50&#8243; gutter_size=\u00bb3&#8243; column_width_percent=\u00bb100&#8243; shift_y=\u00bb0&#8243; z_index=\u00bb0&#8243; el_class=\u00bbtitre-page\u00bb][vc_column column_width_percent=\u00bb100&#8243; align_horizontal=\u00bbalign_center\u00bb gutter_size=\u00bb3&#8243; style=\u00bbdark\u00bb overlay_alpha=\u00bb50&#8243; shift_x=\u00bb0&#8243; shift_y=\u00bb0&#8243; shift_y_down=\u00bb0&#8243; z_index=\u00bb0&#8243; medium_width=\u00bb0&#8243; mobile_width=\u00bb0&#8243; width=\u00bb1\/1&#8243;][vc_column_text]\r\n<h1>Valentine&#8217;s Day evening<\/h1>\r\n<h2>Come and celebrate Valentine&#8217;s Day at Oh! C\u00e9sar<\/h2>\r\n[\/vc_column_text][\/vc_column][\/vc_row][vc_row row_height_percent=\u00bb0&#8243; override_padding=\u00bbyes\u00bb h_padding=\u00bb2&#8243; top_padding=\u00bb0&#8243; bottom_padding=\u00bb2&#8243; back_color=\u00bbcolor-jevc\u00bb back_image=\u00bb68305&#8243; back_attachment=\u00bbfixed\u00bb overlay_alpha=\u00bb50&#8243; gutter_size=\u00bb3&#8243; column_width_percent=\u00bb100&#8243; shift_y=\u00bb0&#8243; z_index=\u00bb0&#8243; row_name=\u00bbtitre-clara\u00bb el_class=\u00bbtitre-clara prog-menu prog-dates admin-resa\u00bb css=\u00bb.vc_custom_1702043475877{padding-top: 100px !important;padding-bottom: 100px !important;}\u00bb][vc_column column_width_percent=\u00bb100&#8243; align_horizontal=\u00bbalign_center\u00bb gutter_size=\u00bb3&#8243; overlay_alpha=\u00bb50&#8243; shift_x=\u00bb0&#8243; shift_y=\u00bb0&#8243; z_index=\u00bb0&#8243; medium_width=\u00bb0&#8243; width=\u00bb1\/2&#8243;][vc_accordion active_tab=\u00bb1&#8243; el_id=\u00bbanchor-date\u00bb el_class=\u00bbmenu-accordion\u00bb][vc_accordion_tab title=\u00bbValentine&#8217;s Day Menu &#8211; \u20ac143 incl. VAT \/ person\u00bb tab_id=\u00bb1650449530584-4-41675783348691167940687700116795855226901704710133939&#8243;][vc_row_inner][vc_column_inner width=\u00bb1\/1&#8243;][vc_column_text el_class=\u00bbmenu-resto\u00bb]\r\n<h2 style=\"text-align: center;\">Valentine&#8217;s menu<strong>\r\n<\/strong><\/h2>\r\n<p style=\"text-align: center;\"><strong><span style=\"color: #93181b; font-size: 25px; margin-top: 0;\">143 \u20ac incl. VAT<\/span><\/strong>\/<span style=\"color: #93181b;\">person<\/span><\/p>\r\n<p style=\"text-align: center;\">Includes dinner, show, club<\/p>\r\n<p style=\"text-align: center;\"><img decoding=\"async\" class=\"\" src=\"https:\/\/ohcesarparis.com\/wp-content\/uploads\/2020\/02\/clock.png\" alt=\"\" width=\"18\" height=\"18\" \/> Arrival from 7:30 pm to 8:00 pm<\/p>\r\n[\/vc_column_text][vc_button button_color=\u00bbaccent\u00bb radius=\u00bbbtn-square\u00bb border_width=\u00bb0&#8243; link=\u00bburl:https%3A%2F%2Fohcesarparis.com%2Fwp-content%2Fuploads%2F2024%2F08%2FMENU-SAINT-VALENTIN-1.pdf|target:_blank\u00bb]View Menu[\/vc_button][\/vc_column_inner][\/vc_row_inner][\/vc_accordion_tab][vc_accordion_tab title=\u00bbVIP Valentine&#8217;s Day Menu- \u20ac165 incl. VAT \/ person\u00bb tab_id=\u00bb1650449588119-5-21675783348691167940687700116795855226901704710133939&#8243;][vc_row_inner][vc_column_inner width=\u00bb1\/1&#8243;][vc_column_text el_class=\u00bbmenu-resto red\u00bb]\r\n<h2 style=\"text-align: center;\">Vip Valentine\u2019s menu<strong>\r\n<\/strong><\/h2>\r\n<p style=\"text-align: center;\"><strong><span style=\"color: #93181b; font-size: 25px; margin-top: 0;\">\u20ac165 incl. tax<\/span><\/strong><span style=\"color: #93181b;\">\/person<\/span><\/p>\r\n<p style=\"text-align: center;\">Includes <span id=\"page4R_mcid26\" class=\"markedContent\"><span dir=\"ltr\" role=\"presentation\">Dinner, Show, Club<\/span><\/span>\r\n<span id=\"page4R_mcid28\" class=\"markedContent\"><span dir=\"ltr\" role=\"presentation\">VIP area &amp; Champagne MUMM<\/span><\/span><em>\r\n<\/em>\r\n<img decoding=\"async\" class=\"\" src=\"https:\/\/ohcesarparis.com\/wp-content\/uploads\/2020\/02\/clock.png\" alt=\"\" width=\"18\" height=\"18\" \/> Arrival from 7:30 pm to 8:00 pm<\/p>\r\n[\/vc_column_text][vc_button button_color=\u00bbaccent\u00bb radius=\u00bbbtn-square\u00bb border_width=\u00bb0&#8243; link=\u00bburl:https%3A%2F%2Fohcesarparis.com%2Fwp-content%2Fuploads%2F2024%2F08%2FMENU-SAINT-VALENTIN-vip.pdf|target:_blank\u00bb]View Menu[\/vc_button][\/vc_column_inner][\/vc_row_inner][\/vc_accordion_tab][\/vc_accordion][\/vc_column][vc_column width=\u00bb1\/2&#8243;][vc_raw_html]JTNDc2NyaXB0JTIwdHlwZSUzRCUyMnRleHQlMkZqYXZhc2NyaXB0JTIyJTIwc3JjJTNEJTIyaHR0cHMlM0ElMkYlMkZ3d3cudG91cmJpei1nZXN0aW9uLm5ldCUyRnVzZXIlMkZvaGFwcHljZXNhciUyRnByZC5waHAlM0ZhY3QlM0Rqcy1mcmFtZS1oJTI2aWQlM0QyNTElMjIlM0UlM0MlMkZzY3JpcHQlM0UlMEElM0NzY3JpcHQlMjB0eXBlJTNEJTIydGV4dCUyRmphdmFzY3JpcHQlMjIlM0UlMEFmdW5jdGlvbiUyMG1vbnRyZUZyYW1lMiUyOG4lMjklN0IlMEElMDl2YXIlMjB1cmxfcGFuaWVyJTIwJTNEJTIwJTIyaHR0cHMlM0ElMkYlMkZvaGNlc2FycGFyaXMuY29tJTJGcGFuaWVyJTIyJTNCJTBBJTA5dmFyJTIwdGJVcmwlMjAlM0QlMjAlMjdodHRwcyUzQSUyRiUyRnd3dy50b3VyYml6LWdlc3Rpb24ubmV0JTJGdXNlciUyRm9oYXBweWNlc2FyJTJGcHJkLnBocCUzRnJlc3BvbnNpdmUlM0QxJTI2dGl0cmUlM0QxJTI2bGclM0RGUiUyNnVybHBhbmllciUzRCUyNyUyMCUyQiUyMHVybF9wYW5pZXIlMjAlMkIlMjAlMjclMjZpZCUzRCUyNyUyQm4lM0IlMEElMDlkb2N1bWVudC5nZXRFbGVtZW50QnlJZCUyOCUyMkJCX0ZyYW1lXzI1MSUyMiUyOS5zcmMlMjAlM0QlMjB0YlVybCUzQiUwQSU3RCUwQSUzQyUyRnNjcmlwdCUzRSUwQSUzQ3AlM0UlM0NkaXYlM0UlM0NpbnB1dCUyMG5hbWUlM0QlMjdsaXN0ZVJhZGlvJTI3JTIwY2xhc3MlM0QlMjdybTElMjclMjB0eXBlJTNEJTI3cmFkaW8lMjclMjBpZCUzRGJ0MSUyMHZhbHVlJTNEJTI3MjUxJTI3JTIwb25jbGljayUzRCUyN21vbnRyZUZyYW1lMiUyOHRoaXMudmFsdWUlMjklMjclMjBjaGVja2VkJTNFJTIwJTNDbGFiZWwlMjBmb3IlM0QlMjdidDElMjclM0VWQUxFTlRJTkUlMjdTJTIwREFZJTIwTUVOVSUzQyUyRmxhYmVsJTNFJTNDJTJGZGl2JTNFJTBBJTNDZGl2JTNFJTNDaW5wdXQlMjBuYW1lJTNEJTI3bGlzdGVSYWRpbyUyNyUyMGNsYXNzJTNEJTI3cm0yJTI3JTIwdHlwZSUzRCUyN3JhZGlvJTI3JTIwaWQlM0RidDIlMjB2YWx1ZSUzRCUyNzI1MiUyNyUyMG9uY2xpY2slM0QlMjdtb250cmVGcmFtZTIlMjh0aGlzLnZhbHVlJTI5JTI3JTIwJTNFJTIwJTNDbGFiZWwlMjBmb3IlM0QlMjdidDIlMjclM0VWSVAlMjBWQUxFTlRJTkUlMjdTJTIwREFZJTIwTUVOVSUzQyUyRmxhYmVsJTNFJTNDJTJGZGl2JTNFJTBBJTNDJTJGcCUzRSUwQSUzQ2RpdiUyMHN0eWxlJTNEJTIyaGVpZ2h0JTNBODAwcHglM0IlMjIlM0UlMEElM0NzY3JpcHQlMjB0eXBlJTNEJTIydGV4dCUyRmphdmFzY3JpcHQlMjIlMjBzcmMlM0QlMjJodHRwcyUzQSUyRiUyRnd3dy50b3VyYml6LWdlc3Rpb24ubmV0JTJGdXNlciUyRm9oYXBweWNlc2FyJTJGcHJkLnBocCUzRmFjdCUzRGlmcmFtZS1yZXNwb25zaXZlJTI2aWQlM0QyNTElMjZsZyUzREZSJTI2dXJscGFuaWVyJTNEaHR0cHMlM0ElMkYlMkZvaGNlc2FycGFyaXMuY29tJTJGcGFuaWVyJTI2dGl0cmUlM0QxJTIyJTNFJTNDJTJGc2NyaXB0JTNFJTBBJTNDJTJGZGl2JTNFJTBB[\/vc_raw_html][\/vc_column][\/vc_row][vc_row row_height_percent=\u00bb0&#8243; back_image=\u00bb60160&#8243; overlay_color=\u00bbcolor-xsdn\u00bb overlay_alpha=\u00bb30&#8243; gutter_size=\u00bb3&#8243; column_width_percent=\u00bb100&#8243; border_color=\u00bbcolor-gyho\u00bb shift_y=\u00bb0&#8243; z_index=\u00bb0&#8243; row_name=\u00bbJourdelan\u00bb css=\u00bb.vc_custom_1578392309814{border-top-width: 1px !important;border-bottom-width: 1px !important;padding-top: 40px !important;padding-bottom: 40px !important;}\u00bb][vc_column width=\u00bb1\/1&#8243;][vc_row_inner][vc_column_inner column_width_percent=\u00bb100&#8243; position_vertical=\u00bbmiddle\u00bb align_horizontal=\u00bbalign_center\u00bb gutter_size=\u00bb3&#8243; overlay_alpha=\u00bb50&#8243; shift_x=\u00bb0&#8243; shift_y=\u00bb0&#8243; shift_y_down=\u00bb0&#8243; z_index=\u00bb0&#8243; medium_width=\u00bb0&#8243; mobile_width=\u00bb0&#8243; width=\u00bb1\/1&#8243;][vc_column_text]\r\n<h2 style=\"text-align: center;\">Valentine&#8217;s Day dinner and show menu<\/h2>\r\n<h3 style=\"text-align: center;\">Invite your loved one for a magical moment<\/h3>\r\n[\/vc_column_text][vc_single_image media=\u00bb59478&#8243; media_width_percent=\u00bb5&#8243; alignment=\u00bbcenter\u00bb][\/vc_column_inner][\/vc_row_inner][vc_column_text el_class=\u00bbtxt-justify\u00bb]Get ready&#8230; The Oh! C\u00e9sar has everything you and your soul mate need for a unique Valentine&#8217;s Day. Enter the charming, sensual and magical world of our Cabaret.\r\n\r\nThe Oh! C\u00e9sar opens its doors and gives you a warm welcome, to get this Valentine&#8217;s Day celebration off to a great start. Take a romantic seat in our atypical room. Our Chef has put together a special Valentine&#8217;s Day meal for you to enjoy.\r\n\r\nThe Master of Ceremonies makes his entrance and announces the wonders that await you for your evening. A unique romantic moment thanks to the most humorous of Parisian revues. <strong>Take your Valentine with you Oh! C\u00e9sar, for a unique and unforgettable Valentine&#8217;s Day.<\/strong>[\/vc_column_text][vc_row_inner row_inner_height_percent=\u00bb0&#8243; overlay_alpha=\u00bb50&#8243; gutter_size=\u00bb3&#8243; shift_y=\u00bb0&#8243; z_index=\u00bb0&#8243; css=\u00bb.vc_custom_1672657305454{padding-bottom: 50px !important;}\u00bb][vc_column_inner width=\u00bb1\/12&#8243;][\/vc_column_inner][vc_column_inner column_width_percent=\u00bb100&#8243; align_horizontal=\u00bbalign_center\u00bb gutter_size=\u00bb3&#8243; overlay_alpha=\u00bb50&#8243; shift_x=\u00bb0&#8243; shift_y=\u00bb0&#8243; shift_y_down=\u00bb0&#8243; z_index=\u00bb0&#8243; medium_width=\u00bb0&#8243; mobile_width=\u00bb0&#8243; width=\u00bb4\/12&#8243;][vc_single_image media=\u00bb66745&#8243; media_width_percent=\u00bb80&#8243; alignment=\u00bbcenter\u00bb][vc_button button_color=\u00bbaccent\u00bb radius=\u00bbbtn-square\u00bb border_width=\u00bb0&#8243; link=\u00bburl:https%3A%2F%2Fohcesarparis.com%2Fwp-content%2Fuploads%2F2024%2F01%2FMENU-SAINT-VALENTIN-143E.pdf|target:_blank\u00bb]View menu[\/vc_button][\/vc_column_inner][vc_column_inner width=\u00bb2\/12&#8243;][\/vc_column_inner][vc_column_inner column_width_percent=\u00bb100&#8243; align_horizontal=\u00bbalign_center\u00bb gutter_size=\u00bb3&#8243; overlay_alpha=\u00bb50&#8243; shift_x=\u00bb0&#8243; shift_y=\u00bb0&#8243; shift_y_down=\u00bb0&#8243; z_index=\u00bb0&#8243; medium_width=\u00bb0&#8243; mobile_width=\u00bb0&#8243; width=\u00bb4\/12&#8243;][vc_single_image media=\u00bb66753&#8243; media_width_percent=\u00bb80&#8243; alignment=\u00bbcenter\u00bb][vc_button button_color=\u00bbaccent\u00bb radius=\u00bbbtn-square\u00bb border_width=\u00bb0&#8243; link=\u00bburl:https%3A%2F%2Fohcesarparis.com%2Fwp-content%2Fuploads%2F2024%2F01%2FMENU-SAINT-VALENTIN-VIP-165E.pdf|target:_blank\u00bb]View menu[\/vc_button][\/vc_column_inner][vc_column_inner width=\u00bb1\/12&#8243;][\/vc_column_inner][\/vc_row_inner][vc_empty_space empty_h=\u00bb2&#8243;][\/vc_column][\/vc_row][vc_row row_height_percent=\u00bb0&#8243; back_image=\u00bb59614&#8243; overlay_alpha=\u00bb50&#8243; gutter_size=\u00bb3&#8243; column_width_percent=\u00bb100&#8243; shift_y=\u00bb0&#8243; z_index=\u00bb0&#8243; row_name=\u00bbformulaire\u00bb css=\u00bb.vc_custom_1575037237660{padding-top: 40px !important;padding-bottom: 40px !important;}\u00bb][vc_column column_width_percent=\u00bb100&#8243; gutter_size=\u00bb3&#8243; overlay_alpha=\u00bb50&#8243; shift_x=\u00bb0&#8243; shift_y=\u00bb0&#8243; shift_y_down=\u00bb0&#8243; z_index=\u00bb0&#8243; medium_width=\u00bb0&#8243; mobile_width=\u00bb0&#8243; width=\u00bb1\/1&#8243;][vc_column_text el_class=\u00bbtitre-avis\u00bb]\r\n<p style=\"font-size: 30px; font-weight: bold; text-align: center;\"><span style=\"color: #ffffff;\">CONTACT US<\/span><\/p>\r\n\r\n<h2 style=\"text-align: center; margin-top: 0px;\">As you can see, the Oh! C\u00e9sar is the ideal place to go out in Paris!<\/h2>\r\n<h3 style=\"text-align: center;\">Take advantage of a visit to our beautiful capital to discover a legendary Cabaret<\/h3>\r\n[\/vc_column_text][vc_single_image media=\u00bb59478&#8243; media_width_use_pixel=\u00bbyes\u00bb media_ratio=\u00bbone-one\u00bb alignment=\u00bbcenter\u00bb media_width_pixel=\u00bb45&#8243;][vc_row_inner row_inner_height_percent=\u00bb0&#8243; overlay_alpha=\u00bb50&#8243; gutter_size=\u00bb3&#8243; shift_y=\u00bb0&#8243; z_index=\u00bb0&#8243; el_class=\u00bbform-fond-bleu\u00bb limit_content=\u00bb\u00bb][vc_column_inner width=\u00bb1\/6&#8243;][\/vc_column_inner][vc_column_inner column_width_percent=\u00bb100&#8243; align_horizontal=\u00bbalign_center\u00bb gutter_size=\u00bb3&#8243; back_color=\u00bbcolor-xsdn\u00bb overlay_alpha=\u00bb50&#8243; shift_x=\u00bb0&#8243; shift_y=\u00bb0&#8243; shift_y_down=\u00bb0&#8243; z_index=\u00bb0&#8243; medium_width=\u00bb0&#8243; mobile_width=\u00bb0&#8243; width=\u00bb1\/3&#8243; link_to=\u00bburl:https%3A%2F%2Fohcesarparis.com%2Fcontact%2F%23contact-form\u00bb el_class=\u00bbbloc-mail\u00bb][vc_icon icon=\u00bbfa fa-envelope-o\u00bb icon_color=\u00bbaccent\u00bb size=\u00bbfa-3x\u00bb linked_title=\u00bbyes\u00bb text_lead=\u00bbyes\u00bb link=\u00bburl:https%3A%2F%2Fohcesarparis.com%2Fcontact%2F%23contact-form-ancre\u00bb]\r\n<h3><span style=\"color: #93181b;\">YOUR REQUEST<\/span><\/h3>\r\n[\/vc_icon][vc_button button_color=\u00bbcolor-397464&#8243; size=\u00bbbtn-link\u00bb radius=\u00bbbtn-round\u00bb border_animation=\u00bbbtn-ripple-in\u00bb wide=\u00bbyes\u00bb border_width=\u00bb0&#8243; link=\u00bburl:https%3A%2F%2Fohcesarparis.com%2Fen%2Fcontact%2F%23contact-form-ancre|\u00bb el_class=\u00bbunderline-red\u00bb]By Email : click here[\/vc_button][\/vc_column_inner][vc_column_inner column_width_percent=\u00bb100&#8243; align_horizontal=\u00bbalign_center\u00bb gutter_size=\u00bb3&#8243; back_color=\u00bbcolor-397464&#8243; overlay_alpha=\u00bb50&#8243; shift_x=\u00bb0&#8243; shift_y=\u00bb0&#8243; shift_y_down=\u00bb0&#8243; z_index=\u00bb0&#8243; medium_width=\u00bb0&#8243; mobile_width=\u00bb0&#8243; width=\u00bb1\/3&#8243; link_to=\u00bburl:https%3A%2F%2Fohcesarparis.com%2Fcontact%2F\u00bb el_class=\u00bbbloc-tel\u00bb][vc_icon icon=\u00bbfa fa-phone-handset\u00bb icon_color=\u00bbcolor-xsdn\u00bb size=\u00bbfa-3x\u00bb linked_title=\u00bbyes\u00bb text_lead=\u00bbyes\u00bb link=\u00bburl:https%3A%2F%2Fohcesarparis.com%2Fcontact%2F\u00bb]\r\n<h3><span style=\"color: #ffffff;\">YOUR REQUEST<\/span><\/h3>\r\n[\/vc_icon][vc_button button_color=\u00bbcolor-lxmt\u00bb size=\u00bbbtn-link\u00bb radius=\u00bbbtn-round\u00bb border_animation=\u00bbbtn-ripple-in\u00bb wide=\u00bbyes\u00bb hover_fx=\u00bboutlined\u00bb border_width=\u00bb0&#8243; link=\u00bburl:https%3A%2F%2Fohcesarparis.com%2Fen%2Fcontact%2F|\u00bb el_class=\u00bbunderline\u00bb]BY PHONE: 01 45 44 46 20[\/vc_button][\/vc_column_inner][vc_column_inner width=\u00bb1\/6&#8243;][\/vc_column_inner][\/vc_row_inner][\/vc_column][\/vc_row]<\/div>","protected":false},"excerpt":{"rendered":"[vc_row row_height_percent=\u00bb0&#8243; back_color=\u00bbcolor-143597&#8243; back_image=\u00bb59724&#8243; overlay_alpha=\u00bb50&#8243; gutter_size=\u00bb3&#8243; column_width_percent=\u00bb100&#8243; shift_y=\u00bb0&#8243; z_index=\u00bb0&#8243; el_class=\u00bbtitre-page\u00bb][vc_column column_width_percent=\u00bb100&#8243; align_horizontal=\u00bbalign_center\u00bb gutter_size=\u00bb3&#8243; style=\u00bbdark\u00bb overlay_alpha=\u00bb50&#8243; shift_x=\u00bb0&#8243; shift_y=\u00bb0&#8243; shift_y_down=\u00bb0&#8243; z_index=\u00bb0&#8243; medium_width=\u00bb0&#8243; [&hellip;]","protected":false},"author":4,"featured_media":0,"parent":0,"menu_order":0,"comment_status":"closed","ping_status":"closed","template":"","meta":{"footnotes":""},"class_list":["post-69642","page","type-page","status-publish","hentry"],"yoast_head":"<!-- This site is optimized with the Yoast SEO plugin v26.9 - https:\/\/yoast.com\/product\/yoast-seo-wordpress\/ -->\n<title>Valentine&#039;s Cabaret Evening in Paris - Cabaret Oh! C\u00e9sar<\/title>\n<meta name=\"description\" content=\"Enjoy a unique evening in the Cabaret Oh! C\u00e9sar to spend an exceptional Valentine&#039;s Day in Paris.\" \/>\n<meta name=\"robots\" content=\"index, follow, max-snippet:-1, max-image-preview:large, max-video-preview:-1\" \/>\n<link rel=\"canonical\" href=\"https:\/\/ohcesarparis.com\/es\/valentines-day\/\" \/>\n<meta property=\"og:locale\" content=\"es_ES\" \/>\n<meta property=\"og:type\" content=\"article\" \/>\n<meta property=\"og:title\" content=\"Valentine&#039;s Cabaret Evening in Paris - Cabaret Oh! C\u00e9sar\" \/>\n<meta property=\"og:description\" content=\"Enjoy a unique evening in the Cabaret Oh! C\u00e9sar to spend an exceptional Valentine&#039;s Day in Paris.\" \/>\n<meta property=\"og:url\" content=\"https:\/\/ohcesarparis.com\/es\/valentines-day\/\" \/>\n<meta property=\"og:site_name\" content=\"Oh C\u00e9sar by C\u00e9sar Palace Paris\" \/>\n<meta property=\"article:publisher\" content=\"https:\/\/www.facebook.com\/CesarPalaceParis\" \/>\n<meta property=\"article:modified_time\" content=\"2024-08-27T15:27:33+00:00\" \/>\n<meta property=\"og:image\" content=\"https:\/\/ohcesarparis.com\/wp-content\/uploads\/2020\/02\/clock.png\" \/>\n<meta name=\"twitter:card\" content=\"summary_large_image\" \/>\n<meta name=\"twitter:site\" content=\"@CsarPalaceParis\" \/>\n<meta name=\"twitter:label1\" content=\"Tiempo de lectura\" \/>\n\t<meta name=\"twitter:data1\" content=\"7 minutos\" \/>\n<script type=\"application\/ld+json\" class=\"yoast-schema-graph\">{\"@context\":\"https:\/\/schema.org\",\"@graph\":[{\"@type\":\"WebPage\",\"@id\":\"https:\/\/ohcesarparis.com\/es\/valentines-day\/\",\"url\":\"https:\/\/ohcesarparis.com\/es\/valentines-day\/\",\"name\":\"Valentine's Cabaret Evening in Paris - Cabaret Oh! C\u00e9sar\",\"isPartOf\":{\"@id\":\"https:\/\/ohcesarparis.com\/es\/#website\"},\"primaryImageOfPage\":{\"@id\":\"https:\/\/ohcesarparis.com\/es\/valentines-day\/#primaryimage\"},\"image\":{\"@id\":\"https:\/\/ohcesarparis.com\/es\/valentines-day\/#primaryimage\"},\"thumbnailUrl\":\"https:\/\/ohcesarparis.com\/wp-content\/uploads\/2020\/02\/clock.png\",\"datePublished\":\"2017-03-07T21:39:55+00:00\",\"dateModified\":\"2024-08-27T15:27:33+00:00\",\"description\":\"Enjoy a unique evening in the Cabaret Oh! C\u00e9sar to spend an exceptional Valentine's Day in Paris.\",\"breadcrumb\":{\"@id\":\"https:\/\/ohcesarparis.com\/es\/valentines-day\/#breadcrumb\"},\"inLanguage\":\"es\",\"potentialAction\":[{\"@type\":\"ReadAction\",\"target\":[\"https:\/\/ohcesarparis.com\/es\/valentines-day\/\"]}]},{\"@type\":\"ImageObject\",\"inLanguage\":\"es\",\"@id\":\"https:\/\/ohcesarparis.com\/es\/valentines-day\/#primaryimage\",\"url\":\"https:\/\/ohcesarparis.com\/wp-content\/uploads\/2020\/02\/clock.png\",\"contentUrl\":\"https:\/\/ohcesarparis.com\/wp-content\/uploads\/2020\/02\/clock.png\"},{\"@type\":\"BreadcrumbList\",\"@id\":\"https:\/\/ohcesarparis.com\/es\/valentines-day\/#breadcrumb\",\"itemListElement\":[{\"@type\":\"ListItem\",\"position\":1,\"name\":\"Accueil\",\"item\":\"https:\/\/ohcesarparis.com\/es\/\"},{\"@type\":\"ListItem\",\"position\":2,\"name\":\"Valentine&#8217;s Day\"}]},{\"@type\":\"WebSite\",\"@id\":\"https:\/\/ohcesarparis.com\/es\/#website\",\"url\":\"https:\/\/ohcesarparis.com\/es\/\",\"name\":\"Oh C\u00e9sar by C\u00e9sar Palace Paris\",\"description\":\"Passez une soir\u00e9e de r\u00eave au cabaret\",\"publisher\":{\"@id\":\"https:\/\/ohcesarparis.com\/es\/#organization\"},\"potentialAction\":[{\"@type\":\"SearchAction\",\"target\":{\"@type\":\"EntryPoint\",\"urlTemplate\":\"https:\/\/ohcesarparis.com\/es\/?s={search_term_string}\"},\"query-input\":{\"@type\":\"PropertyValueSpecification\",\"valueRequired\":true,\"valueName\":\"search_term_string\"}}],\"inLanguage\":\"es\"},{\"@type\":\"Organization\",\"@id\":\"https:\/\/ohcesarparis.com\/es\/#organization\",\"name\":\"Oh Cesar Paris\",\"url\":\"https:\/\/ohcesarparis.com\/es\/\",\"logo\":{\"@type\":\"ImageObject\",\"inLanguage\":\"es\",\"@id\":\"https:\/\/ohcesarparis.com\/es\/#\/schema\/logo\/image\/\",\"url\":\"https:\/\/ohcesarparis.com\/wp-content\/uploads\/2017\/03\/logo-oh-cesar-by-cesar-palace-paris.png\",\"contentUrl\":\"https:\/\/ohcesarparis.com\/wp-content\/uploads\/2017\/03\/logo-oh-cesar-by-cesar-palace-paris.png\",\"width\":240,\"height\":70,\"caption\":\"Oh Cesar Paris\"},\"image\":{\"@id\":\"https:\/\/ohcesarparis.com\/es\/#\/schema\/logo\/image\/\"},\"sameAs\":[\"https:\/\/www.facebook.com\/CesarPalaceParis\",\"https:\/\/x.com\/CsarPalaceParis\",\"https:\/\/www.instagram.com\/cesarpalaceparis\/\"]}]}<\/script>\n<!-- \/ Yoast SEO plugin. -->","yoast_head_json":{"title":"Valentine's Cabaret Evening in Paris - Cabaret Oh! C\u00e9sar","description":"Enjoy a unique evening in the Cabaret Oh! C\u00e9sar to spend an exceptional Valentine's Day in Paris.","robots":{"index":"index","follow":"follow","max-snippet":"max-snippet:-1","max-image-preview":"max-image-preview:large","max-video-preview":"max-video-preview:-1"},"canonical":"https:\/\/ohcesarparis.com\/es\/valentines-day\/","og_locale":"es_ES","og_type":"article","og_title":"Valentine's Cabaret Evening in Paris - Cabaret Oh! C\u00e9sar","og_description":"Enjoy a unique evening in the Cabaret Oh! C\u00e9sar to spend an exceptional Valentine's Day in Paris.","og_url":"https:\/\/ohcesarparis.com\/es\/valentines-day\/","og_site_name":"Oh C\u00e9sar by C\u00e9sar Palace Paris","article_publisher":"https:\/\/www.facebook.com\/CesarPalaceParis","article_modified_time":"2024-08-27T15:27:33+00:00","og_image":[{"url":"https:\/\/ohcesarparis.com\/wp-content\/uploads\/2020\/02\/clock.png","type":"","width":"","height":""}],"twitter_card":"summary_large_image","twitter_site":"@CsarPalaceParis","twitter_misc":{"Tiempo de lectura":"7 minutos"},"schema":{"@context":"https:\/\/schema.org","@graph":[{"@type":"WebPage","@id":"https:\/\/ohcesarparis.com\/es\/valentines-day\/","url":"https:\/\/ohcesarparis.com\/es\/valentines-day\/","name":"Valentine's Cabaret Evening in Paris - Cabaret Oh! C\u00e9sar","isPartOf":{"@id":"https:\/\/ohcesarparis.com\/es\/#website"},"primaryImageOfPage":{"@id":"https:\/\/ohcesarparis.com\/es\/valentines-day\/#primaryimage"},"image":{"@id":"https:\/\/ohcesarparis.com\/es\/valentines-day\/#primaryimage"},"thumbnailUrl":"https:\/\/ohcesarparis.com\/wp-content\/uploads\/2020\/02\/clock.png","datePublished":"2017-03-07T21:39:55+00:00","dateModified":"2024-08-27T15:27:33+00:00","description":"Enjoy a unique evening in the Cabaret Oh! C\u00e9sar to spend an exceptional Valentine's Day in Paris.","breadcrumb":{"@id":"https:\/\/ohcesarparis.com\/es\/valentines-day\/#breadcrumb"},"inLanguage":"es","potentialAction":[{"@type":"ReadAction","target":["https:\/\/ohcesarparis.com\/es\/valentines-day\/"]}]},{"@type":"ImageObject","inLanguage":"es","@id":"https:\/\/ohcesarparis.com\/es\/valentines-day\/#primaryimage","url":"https:\/\/ohcesarparis.com\/wp-content\/uploads\/2020\/02\/clock.png","contentUrl":"https:\/\/ohcesarparis.com\/wp-content\/uploads\/2020\/02\/clock.png"},{"@type":"BreadcrumbList","@id":"https:\/\/ohcesarparis.com\/es\/valentines-day\/#breadcrumb","itemListElement":[{"@type":"ListItem","position":1,"name":"Accueil","item":"https:\/\/ohcesarparis.com\/es\/"},{"@type":"ListItem","position":2,"name":"Valentine&#8217;s Day"}]},{"@type":"WebSite","@id":"https:\/\/ohcesarparis.com\/es\/#website","url":"https:\/\/ohcesarparis.com\/es\/","name":"Oh C\u00e9sar by C\u00e9sar Palace Paris","description":"Passez une soir\u00e9e de r\u00eave au cabaret","publisher":{"@id":"https:\/\/ohcesarparis.com\/es\/#organization"},"potentialAction":[{"@type":"SearchAction","target":{"@type":"EntryPoint","urlTemplate":"https:\/\/ohcesarparis.com\/es\/?s={search_term_string}"},"query-input":{"@type":"PropertyValueSpecification","valueRequired":true,"valueName":"search_term_string"}}],"inLanguage":"es"},{"@type":"Organization","@id":"https:\/\/ohcesarparis.com\/es\/#organization","name":"Oh Cesar Paris","url":"https:\/\/ohcesarparis.com\/es\/","logo":{"@type":"ImageObject","inLanguage":"es","@id":"https:\/\/ohcesarparis.com\/es\/#\/schema\/logo\/image\/","url":"https:\/\/ohcesarparis.com\/wp-content\/uploads\/2017\/03\/logo-oh-cesar-by-cesar-palace-paris.png","contentUrl":"https:\/\/ohcesarparis.com\/wp-content\/uploads\/2017\/03\/logo-oh-cesar-by-cesar-palace-paris.png","width":240,"height":70,"caption":"Oh Cesar Paris"},"image":{"@id":"https:\/\/ohcesarparis.com\/es\/#\/schema\/logo\/image\/"},"sameAs":["https:\/\/www.facebook.com\/CesarPalaceParis","https:\/\/x.com\/CsarPalaceParis","https:\/\/www.instagram.com\/cesarpalaceparis\/"]}]}},"_links":{"self":[{"href":"https:\/\/ohcesarparis.com\/es\/wp-json\/wp\/v2\/pages\/69642","targetHints":{"allow":["GET"]}}],"collection":[{"href":"https:\/\/ohcesarparis.com\/es\/wp-json\/wp\/v2\/pages"}],"about":[{"href":"https:\/\/ohcesarparis.com\/es\/wp-json\/wp\/v2\/types\/page"}],"author":[{"embeddable":true,"href":"https:\/\/ohcesarparis.com\/es\/wp-json\/wp\/v2\/users\/4"}],"replies":[{"embeddable":true,"href":"https:\/\/ohcesarparis.com\/es\/wp-json\/wp\/v2\/comments?post=69642"}],"version-history":[{"count":2,"href":"https:\/\/ohcesarparis.com\/es\/wp-json\/wp\/v2\/pages\/69642\/revisions"}],"predecessor-version":[{"id":71426,"href":"https:\/\/ohcesarparis.com\/es\/wp-json\/wp\/v2\/pages\/69642\/revisions\/71426"}],"wp:attachment":[{"href":"https:\/\/ohcesarparis.com\/es\/wp-json\/wp\/v2\/media?parent=69642"}],"curies":[{"name":"wp","href":"https:\/\/api.w.org\/{rel}","templated":true}]}}