{"id":69586,"date":"2017-03-09T16:21:14","date_gmt":"2017-03-09T15:21:14","guid":{"rendered":"https:\/\/ohcesarparis.com\/at-lolas\/"},"modified":"2024-09-17T17:14:20","modified_gmt":"2024-09-17T15:14:20","slug":"at-lolas","status":"publish","type":"page","link":"https:\/\/ohcesarparis.com\/es\/at-lolas\/","title":{"rendered":"At Lola&#8217;s"},"content":{"rendered":"<div class=\"wpb-content-wrapper\">[vc_row row_height_percent=\u00bb0&#8243; back_color=\u00bbcolor-143597&#8243; back_image=\u00bb59724&#8243; overlay_alpha=\u00bb50&#8243; gutter_size=\u00bb3&#8243; column_width_percent=\u00bb100&#8243; shift_y=\u00bb0&#8243; z_index=\u00bb0&#8243; el_class=\u00bbtitre-page\u00bb][vc_column column_width_percent=\u00bb100&#8243; align_horizontal=\u00bbalign_center\u00bb gutter_size=\u00bb3&#8243; style=\u00bbdark\u00bb overlay_alpha=\u00bb50&#8243; shift_x=\u00bb0&#8243; shift_y=\u00bb0&#8243; shift_y_down=\u00bb0&#8243; z_index=\u00bb0&#8243; medium_width=\u00bb0&#8243; mobile_width=\u00bb0&#8243; width=\u00bb1\/1&#8243;][vc_column_text]\r\n<h1>At Lola&#8217;s<\/h1>\r\n<h2>Let yourself dream during an evening&#8230;<\/h2>\r\n[\/vc_column_text][vc_button button_color=\u00bbaccent\u00bb border_width=\u00bb0&#8243; link=\u00bburl:https%3A%2F%2Fohcesarparis.com%2Fen%2Fcontact%2F\u00bb]Contact us[\/vc_button][\/vc_column][\/vc_row][vc_row row_height_percent=\u00bb0&#8243; overlay_alpha=\u00bb50&#8243; gutter_size=\u00bb3&#8243; shift_y=\u00bb0&#8243; css=\u00bb.vc_custom_1499775649792{margin-top: 40px !important;margin-bottom: 40px !important;}\u00bb][vc_column column_width_percent=\u00bb100&#8243; position_vertical=\u00bbmiddle\u00bb gutter_size=\u00bb3&#8243; overlay_alpha=\u00bb50&#8243; shift_x=\u00bb0&#8243; shift_y=\u00bb0&#8243; shift_y_down=\u00bb0&#8243; z_index=\u00bb0&#8243; medium_width=\u00bb0&#8243; mobile_width=\u00bb0&#8243; width=\u00bb1\/2&#8243;][vc_single_image media=\u00bb61591&#8243; media_width_percent=\u00bb100&#8243; alignment=\u00bbcenter\u00bb][\/vc_column][vc_column column_width_percent=\u00bb100&#8243; position_vertical=\u00bbmiddle\u00bb gutter_size=\u00bb3&#8243; overlay_alpha=\u00bb50&#8243; shift_x=\u00bb0&#8243; shift_y=\u00bb0&#8243; shift_y_down=\u00bb0&#8243; z_index=\u00bb0&#8243; medium_width=\u00bb0&#8243; mobile_width=\u00bb0&#8243; width=\u00bb1\/2&#8243;][vc_row_inner row_inner_height_percent=\u00bb0&#8243; overlay_alpha=\u00bb50&#8243; gutter_size=\u00bb3&#8243; shift_y=\u00bb0&#8243; z_index=\u00bb0&#8243; limit_content=\u00bb\u00bb][vc_column_inner column_width_percent=\u00bb100&#8243; position_vertical=\u00bbmiddle\u00bb gutter_size=\u00bb3&#8243; overlay_alpha=\u00bb50&#8243; shift_x=\u00bb0&#8243; shift_y=\u00bb0&#8243; shift_y_down=\u00bb0&#8243; z_index=\u00bb0&#8243; medium_width=\u00bb0&#8243; mobile_width=\u00bb0&#8243; width=\u00bb1\/6&#8243;][vc_single_image media=\u00bb59578&#8243; media_width_use_pixel=\u00bbyes\u00bb media_ratio=\u00bbone-one\u00bb alignment=\u00bbright\u00bb media_width_pixel=\u00bb82&#8243;][\/vc_column_inner][vc_column_inner width=\u00bb5\/6&#8243;][vc_column_text]\r\n<h2 style=\"text-align: left;\">Welcome<\/h2>\r\n<h3 style=\"text-align: left;\">To Oh C\u00e9sar !<\/h3>\r\n[\/vc_column_text][\/vc_column_inner][\/vc_row_inner][vc_column_text]<strong>Enjoy an unforgettable evening at the Oh C\u00e9sar cabaret &#8211; Paris ! Book your tickets now!<\/strong>\r\n\r\nLooking for a unique experience in Paris? Enter the magical world of the Oh C\u00e9sar cabaret and treat yourself to a magical evening. Come and discover our must-see show \u2018Chez Lola\u2019, a celebration of authentic Parisian cabaret that combines glamour, elegance and entertainment.\r\n\r\nIn a warm atmosphere, with red velvet walls and subdued lighting, immerse yourself in a dinner show where every moment is designed to fill you with wonder. The \u2018Chez Lola\u2019 show will transport you to a world of dreams for 1h30 of pure entertainment. Our dancers, talented artists, magicians and exceptional performances will take you away from everyday life.\r\n\r\nThroughout the evening, enjoy gourmet French cuisine, carefully prepared by our chefs. Quality French meats, seasonal vegetables and exceptional wines selected by Ren\u00e9 Duclos will guarantee you a fabulous dinner.\r\n\r\nAfter the show, the party continues with festive music and dancing to prolong the magic of this unique evening.\r\n<h3>Why choose Oh C\u00e9sar &#8211; Paris?<\/h3>\r\n<ul>\r\n \t<li>A Paris cabaret combining tradition and modernity<\/li>\r\n \t<li>A captivating show that will dazzle you for 1h30<\/li>\r\n \t<li>Refined French cuisine prepared with local produce<\/li>\r\n \t<li>A warm and festive atmosphere for a complete evening<\/li>\r\n<\/ul>\r\nBook your tickets today to experience Oh C\u00e9sar &#8211; Paris. Places are limited, so don&#8217;t wait any longer to guarantee your evening at one of the best cabarets in Paris. Whether it&#8217;s for a birthday party, a night out as a couple, or simply to experience a moment out of time, Oh C\u00e9sar is the perfect destination.\r\n\r\n<strong>Don&#8217;t miss this opportunity! Come and experience an unforgettable evening at the Oh C\u00e9sar &#8211; Paris cabaret and let us surprise you. Book now and immerse yourself in the magical world of Parisian cabaret.<\/strong>\r\n\r\n&nbsp;\r\n\r\n[\/vc_column_text][\/vc_column][\/vc_row][vc_row row_height_percent=\u00bb0&#8243; overlay_alpha=\u00bb50&#8243; gutter_size=\u00bb3&#8243; column_width_percent=\u00bb100&#8243; shift_y=\u00bb0&#8243; z_index=\u00bb0&#8243; desktop_visibility=\u00bbyes\u00bb medium_visibility=\u00bbyes\u00bb mobile_visibility=\u00bbyes\u00bb inverted_device_order=\u00bbyes\u00bb][vc_column width=\u00bb1\/2&#8243;][vc_row_inner row_inner_height_percent=\u00bb0&#8243; overlay_alpha=\u00bb50&#8243; gutter_size=\u00bb3&#8243; shift_y=\u00bb0&#8243; z_index=\u00bb0&#8243;][vc_column_inner column_width_percent=\u00bb100&#8243; position_vertical=\u00bbmiddle\u00bb gutter_size=\u00bb3&#8243; overlay_alpha=\u00bb50&#8243; shift_x=\u00bb0&#8243; shift_y=\u00bb0&#8243; shift_y_down=\u00bb0&#8243; z_index=\u00bb0&#8243; medium_width=\u00bb0&#8243; mobile_width=\u00bb0&#8243; width=\u00bb1\/6&#8243;][vc_single_image media=\u00bb59578&#8243; media_width_use_pixel=\u00bbyes\u00bb alignment=\u00bbright\u00bb media_width_pixel=\u00bb82&#8243;][\/vc_column_inner][vc_column_inner width=\u00bb5\/6&#8243;][vc_column_text]\r\n<h2 style=\"text-align: left;\">Live-Streaming<\/h2>\r\n<h3 style=\"text-align: left;\">The show in your home, for you<\/h3>\r\n[\/vc_column_text][\/vc_column_inner][\/vc_row_inner][vc_column_text]You can&#8217;t come to us, so we&#8217;ll come to you.\r\n\r\nSit back, be entertained and let yourself be swept away by our Folie-Parisienne show on <strong>Saturday, June 26 and July 10, 2021<\/strong> <strong>Live Streaming\r\n<\/strong>[\/vc_column_text][vc_button button_color=\u00bbaccent\u00bb radius=\u00bbbtn-square\u00bb border_width=\u00bb0&#8243; link=\u00bburl:https%3A%2F%2Fohcesarparis.com%2Ffolie-parisienne-en-streaming%2F|title:Folie%20Parisienne%20en%20streaming%20old|target:%20_blank|\u00bb]MORE INFORMATION ON THE LIVE STREAMING SHOW[\/vc_button][\/vc_column][vc_column width=\u00bb1\/2&#8243;][vc_single_image media=\u00bb59760&#8243; media_width_percent=\u00bb100&#8243; alignment=\u00bbcenter\u00bb][\/vc_column][\/vc_row][vc_row row_height_percent=\u00bb0&#8243; back_image=\u00bb59552&#8243; back_attachment=\u00bbfixed\u00bb overlay_color=\u00bbcolor-xsdn\u00bb overlay_alpha=\u00bb50&#8243; gutter_size=\u00bb3&#8243; column_width_percent=\u00bb100&#8243; shift_y=\u00bb0&#8243; z_index=\u00bb0&#8243; css=\u00bb.vc_custom_1578324292450{padding-top: 10px !important;padding-bottom: 40px !important;}\u00bb][vc_column column_width_percent=\u00bb100&#8243; position_vertical=\u00bbmiddle\u00bb gutter_size=\u00bb3&#8243; overlay_alpha=\u00bb50&#8243; shift_x=\u00bb0&#8243; shift_y=\u00bb0&#8243; z_index=\u00bb0&#8243; medium_width=\u00bb0&#8243; width=\u00bb1\/1&#8243;][vc_row_inner row_inner_height_percent=\u00bb0&#8243; overlay_alpha=\u00bb50&#8243; gutter_size=\u00bb3&#8243; shift_y=\u00bb0&#8243; z_index=\u00bb0&#8243; css=\u00bb.vc_custom_1631629643858{padding-top: 40px !important;}\u00bb limit_content=\u00bb\u00bb el_id=\u00bbvideo-spectacle\u00bb][vc_column_inner column_width_percent=\u00bb100&#8243; position_vertical=\u00bbmiddle\u00bb align_horizontal=\u00bbalign_center\u00bb gutter_size=\u00bb3&#8243; overlay_alpha=\u00bb50&#8243; shift_x=\u00bb0&#8243; shift_y=\u00bb0&#8243; shift_y_down=\u00bb0&#8243; z_index=\u00bb0&#8243; medium_width=\u00bb0&#8243; mobile_width=\u00bb0&#8243; width=\u00bb1\/1&#8243;][vc_column_text]\r\n<h2 style=\"text-align: center;\">The show<\/h2>\r\n<h3 style=\"text-align: center;\">The Oh! C\u00e9sar by C\u00e9sar Palace Paris<strong>\r\n<\/strong><\/h3>\r\n[\/vc_column_text][vc_single_image media=\u00bb59578&#8243; media_width_use_pixel=\u00bbyes\u00bb alignment=\u00bbcenter\u00bb media_width_pixel=\u00bb45&#8243;][\/vc_column_inner][\/vc_row_inner][vc_row_inner limit_content=\u00bb\u00bb][vc_column_inner width=\u00bb1\/6&#8243;][\/vc_column_inner][vc_column_inner width=\u00bb4\/6&#8243;][vc_raw_html]PGlmcmFtZSB3aWR0aD0iNTYwIiBoZWlnaHQ9IjMxNSIgc3JjPSJodHRwczovL3d3dy55b3V0dWJlLmNvbS9lbWJlZC8xdjZJbnE1aWRJRSIgZnJhbWVib3JkZXI9IjAiIGFsbG93PSJhdXRvcGxheTsgZW5jcnlwdGVkLW1lZGlhIiBhbGxvd2Z1bGxzY3JlZW49IiI+PC9pZnJhbWU+[\/vc_raw_html][vc_column_text el_class=\u00bbtxt-justify\u00bb]The craze for cabarets in recent years is no longer in doubt, which is why in order to be even closer to your desires and expectations <strong>the Cabaret C\u00e9sar-Palace is transformed into OH! C\u00e9sar<\/strong> for even crazier evenings.\r\n\r\nIn this <strong>new, original and unique party venue, big surprises<\/strong> await you. An evening of <strong>performance art, glamour and humor,<\/strong> punctuating your appetizers, main courses and desserts to carry you through to the show.[\/vc_column_text][\/vc_column_inner][vc_column_inner width=\u00bb1\/6&#8243;][\/vc_column_inner][\/vc_row_inner][vc_row_inner limit_content=\u00bb\u00bb][vc_column_inner column_width_percent=\u00bb100&#8243; align_horizontal=\u00bbalign_center\u00bb gutter_size=\u00bb3&#8243; overlay_alpha=\u00bb50&#8243; shift_x=\u00bb0&#8243; shift_y=\u00bb0&#8243; shift_y_down=\u00bb0&#8243; z_index=\u00bb0&#8243; medium_width=\u00bb0&#8243; mobile_width=\u00bb0&#8243; width=\u00bb1\/1&#8243;][vc_button button_color=\u00bbaccent\u00bb radius=\u00bbbtn-square\u00bb border_width=\u00bb0&#8243; link=\u00bburl:https%3A%2F%2Fohcesarparis.com%2Fen%2Fthe-cabaret%2F|title:The%20Cabaret\u00bb]THE CABARET[\/vc_button][\/vc_column_inner][\/vc_row_inner][\/vc_column][\/vc_row][vc_row row_height_percent=\u00bb0&#8243; back_image=\u00bb59552&#8243; overlay_alpha=\u00bb50&#8243; gutter_size=\u00bb3&#8243; column_width_percent=\u00bb100&#8243; shift_y=\u00bb0&#8243; z_index=\u00bb0&#8243;][vc_column column_width_percent=\u00bb100&#8243; gutter_size=\u00bb3&#8243; style=\u00bbdark\u00bb overlay_alpha=\u00bb50&#8243; shift_x=\u00bb0&#8243; shift_y=\u00bb0&#8243; z_index=\u00bb0&#8243; medium_width=\u00bb0&#8243; width=\u00bb1\/1&#8243;][vc_gallery el_id=\u00bbgallery-183093&#8243; medias=\u00bb65331,65330,65329,65328,65327,65326,65325,65324,65323,65322,65321,65320,65319,65318&#8243; gutter_size=\u00bb3&#8243; screen_lg=\u00bb1000&#8243; screen_md=\u00bb600&#8243; screen_sm=\u00bb480&#8243; single_overlay_opacity=\u00bb50&#8243; single_padding=\u00bb2&#8243;][vc_row_inner][vc_column_inner column_width_percent=\u00bb100&#8243; align_horizontal=\u00bbalign_center\u00bb gutter_size=\u00bb3&#8243; overlay_alpha=\u00bb50&#8243; shift_x=\u00bb0&#8243; shift_y=\u00bb0&#8243; shift_y_down=\u00bb0&#8243; z_index=\u00bb0&#8243; medium_width=\u00bb0&#8243; mobile_width=\u00bb0&#8243; width=\u00bb1\/1&#8243;][vc_column_text]Photo credit: Alain Fretet[\/vc_column_text][\/vc_column_inner][\/vc_row_inner][\/vc_column][\/vc_row][vc_row row_height_percent=\u00bb0&#8243; back_image=\u00bb59614&#8243; overlay_alpha=\u00bb50&#8243; gutter_size=\u00bb3&#8243; column_width_percent=\u00bb100&#8243; shift_y=\u00bb0&#8243; z_index=\u00bb0&#8243; row_name=\u00bbformulaire\u00bb css=\u00bb.vc_custom_1575037237660{padding-top: 40px !important;padding-bottom: 40px !important;}\u00bb][vc_column column_width_percent=\u00bb100&#8243; gutter_size=\u00bb3&#8243; overlay_alpha=\u00bb50&#8243; shift_x=\u00bb0&#8243; shift_y=\u00bb0&#8243; shift_y_down=\u00bb0&#8243; z_index=\u00bb0&#8243; medium_width=\u00bb0&#8243; mobile_width=\u00bb0&#8243; width=\u00bb1\/1&#8243;][vc_column_text el_class=\u00bbtitre-avis\u00bb]\r\n<p style=\"font-size: 30px; font-weight: bold; text-align: center;\"><span style=\"color: #ffffff;\">CONTACT US<\/span><\/p>\r\n\r\n<h2 style=\"text-align: center; margin-top: 0px;\">As you can see, the Oh! C\u00e9sar is the ideal place to go out in Paris!<\/h2>\r\n<h3 style=\"text-align: center;\">Take advantage of a visit to our beautiful capital to discover a legendary Cabaret<\/h3>\r\n[\/vc_column_text][vc_single_image media=\u00bb59478&#8243; media_width_use_pixel=\u00bbyes\u00bb media_ratio=\u00bbone-one\u00bb alignment=\u00bbcenter\u00bb media_width_pixel=\u00bb45&#8243;][vc_row_inner row_inner_height_percent=\u00bb0&#8243; overlay_alpha=\u00bb50&#8243; gutter_size=\u00bb3&#8243; shift_y=\u00bb0&#8243; z_index=\u00bb0&#8243; el_class=\u00bbform-fond-bleu\u00bb limit_content=\u00bb\u00bb][vc_column_inner width=\u00bb1\/6&#8243;][\/vc_column_inner][vc_column_inner column_width_percent=\u00bb100&#8243; align_horizontal=\u00bbalign_center\u00bb gutter_size=\u00bb3&#8243; back_color=\u00bbcolor-xsdn\u00bb overlay_alpha=\u00bb50&#8243; shift_x=\u00bb0&#8243; shift_y=\u00bb0&#8243; shift_y_down=\u00bb0&#8243; z_index=\u00bb0&#8243; medium_width=\u00bb0&#8243; mobile_width=\u00bb0&#8243; width=\u00bb1\/3&#8243; link_to=\u00bburl:https%3A%2F%2Fohcesarparis.com%2Fen%2Fcontact%2F%23contact-form-ancre\u00bb el_class=\u00bbbloc-mail\u00bb][vc_icon icon=\u00bbfa fa-envelope-o\u00bb icon_color=\u00bbaccent\u00bb size=\u00bbfa-3x\u00bb linked_title=\u00bbyes\u00bb text_lead=\u00bbyes\u00bb link=\u00bburl:https%3A%2F%2Fohcesarparis.com%2Fen%2Fcontact%2F%23contact-form-ancre\u00bb]\r\n<h3><span style=\"color: #93181b;\">YOUR REQUEST<\/span><\/h3>\r\n[\/vc_icon][vc_button button_color=\u00bbcolor-397464&#8243; size=\u00bbbtn-link\u00bb radius=\u00bbbtn-round\u00bb border_animation=\u00bbbtn-ripple-in\u00bb wide=\u00bbyes\u00bb border_width=\u00bb0&#8243; link=\u00bburl:https%3A%2F%2Fohcesarparis.com%2Fen%2Fcontact%2F%23contact-form-ancre\u00bb el_class=\u00bbunderline-red\u00bb]By Email : click here[\/vc_button][\/vc_column_inner][vc_column_inner column_width_percent=\u00bb100&#8243; align_horizontal=\u00bbalign_center\u00bb gutter_size=\u00bb3&#8243; back_color=\u00bbcolor-397464&#8243; overlay_alpha=\u00bb50&#8243; shift_x=\u00bb0&#8243; shift_y=\u00bb0&#8243; shift_y_down=\u00bb0&#8243; z_index=\u00bb0&#8243; medium_width=\u00bb0&#8243; mobile_width=\u00bb0&#8243; width=\u00bb1\/3&#8243; link_to=\u00bburl:https%3A%2F%2Fohcesarparis.com%2Fcontact%2F\u00bb el_class=\u00bbbloc-tel\u00bb][vc_icon icon=\u00bbfa fa-phone-handset\u00bb icon_color=\u00bbcolor-xsdn\u00bb size=\u00bbfa-3x\u00bb linked_title=\u00bbyes\u00bb text_lead=\u00bbyes\u00bb link=\u00bburl:https%3A%2F%2Fohcesarparis.com%2Fcontact%2F\u00bb]\r\n<h3><span style=\"color: #ffffff;\">YOUR REQUEST<\/span><\/h3>\r\n[\/vc_icon][vc_button button_color=\u00bbcolor-lxmt\u00bb size=\u00bbbtn-link\u00bb radius=\u00bbbtn-round\u00bb border_animation=\u00bbbtn-ripple-in\u00bb wide=\u00bbyes\u00bb hover_fx=\u00bboutlined\u00bb border_width=\u00bb0&#8243; link=\u00bburl:https%3A%2F%2Fohcesarparis.com%2Fcontact%2F|\u00bb el_class=\u00bbunderline\u00bb]BY TELEPHONE: 01 45 44 46 20[\/vc_button][\/vc_column_inner][vc_column_inner width=\u00bb1\/6&#8243;][\/vc_column_inner][\/vc_row_inner][\/vc_column][\/vc_row]<\/div>","protected":false},"excerpt":{"rendered":"[vc_row row_height_percent=\u00bb0&#8243; back_color=\u00bbcolor-143597&#8243; back_image=\u00bb59724&#8243; overlay_alpha=\u00bb50&#8243; gutter_size=\u00bb3&#8243; column_width_percent=\u00bb100&#8243; shift_y=\u00bb0&#8243; z_index=\u00bb0&#8243; el_class=\u00bbtitre-page\u00bb][vc_column column_width_percent=\u00bb100&#8243; align_horizontal=\u00bbalign_center\u00bb gutter_size=\u00bb3&#8243; style=\u00bbdark\u00bb overlay_alpha=\u00bb50&#8243; shift_x=\u00bb0&#8243; shift_y=\u00bb0&#8243; shift_y_down=\u00bb0&#8243; z_index=\u00bb0&#8243; medium_width=\u00bb0&#8243; [&hellip;]","protected":false},"author":4,"featured_media":0,"parent":0,"menu_order":0,"comment_status":"closed","ping_status":"closed","template":"","meta":{"footnotes":""},"class_list":["post-69586","page","type-page","status-publish","hentry"],"yoast_head":"<!-- This site is optimized with the Yoast SEO plugin v26.9 - https:\/\/yoast.com\/product\/yoast-seo-wordpress\/ -->\n<title>Cabaret Show-Club in Paris - Cabaret Oh! C\u00e9sar<\/title>\n<meta name=\"description\" content=\"Let yourself dream during a unique and unforgettable evening... Our show starts at 10.30pm, followed by the Club from 11.30pm until 1.45am.\" \/>\n<meta name=\"robots\" content=\"index, follow, max-snippet:-1, max-image-preview:large, max-video-preview:-1\" \/>\n<link rel=\"canonical\" href=\"https:\/\/ohcesarparis.com\/es\/at-lolas\/\" \/>\n<meta property=\"og:locale\" content=\"es_ES\" \/>\n<meta property=\"og:type\" content=\"article\" \/>\n<meta property=\"og:title\" content=\"Cabaret Show-Club in Paris - Cabaret Oh! C\u00e9sar\" \/>\n<meta property=\"og:description\" content=\"Let yourself dream during a unique and unforgettable evening... Our show starts at 10.30pm, followed by the Club from 11.30pm until 1.45am.\" \/>\n<meta property=\"og:url\" content=\"https:\/\/ohcesarparis.com\/es\/at-lolas\/\" \/>\n<meta property=\"og:site_name\" content=\"Oh C\u00e9sar by C\u00e9sar Palace Paris\" \/>\n<meta property=\"article:publisher\" content=\"https:\/\/www.facebook.com\/CesarPalaceParis\" \/>\n<meta property=\"article:modified_time\" content=\"2024-09-17T15:14:20+00:00\" \/>\n<meta name=\"twitter:card\" content=\"summary_large_image\" \/>\n<meta name=\"twitter:site\" content=\"@CsarPalaceParis\" \/>\n<meta name=\"twitter:label1\" content=\"Tiempo de lectura\" \/>\n\t<meta name=\"twitter:data1\" content=\"8 minutos\" \/>\n<script type=\"application\/ld+json\" class=\"yoast-schema-graph\">{\"@context\":\"https:\/\/schema.org\",\"@graph\":[{\"@type\":\"WebPage\",\"@id\":\"https:\/\/ohcesarparis.com\/es\/at-lolas\/\",\"url\":\"https:\/\/ohcesarparis.com\/es\/at-lolas\/\",\"name\":\"Cabaret Show-Club in Paris - Cabaret Oh! C\u00e9sar\",\"isPartOf\":{\"@id\":\"https:\/\/ohcesarparis.com\/es\/#website\"},\"datePublished\":\"2017-03-09T15:21:14+00:00\",\"dateModified\":\"2024-09-17T15:14:20+00:00\",\"description\":\"Let yourself dream during a unique and unforgettable evening... Our show starts at 10.30pm, followed by the Club from 11.30pm until 1.45am.\",\"breadcrumb\":{\"@id\":\"https:\/\/ohcesarparis.com\/es\/at-lolas\/#breadcrumb\"},\"inLanguage\":\"es\",\"potentialAction\":[{\"@type\":\"ReadAction\",\"target\":[\"https:\/\/ohcesarparis.com\/es\/at-lolas\/\"]}]},{\"@type\":\"BreadcrumbList\",\"@id\":\"https:\/\/ohcesarparis.com\/es\/at-lolas\/#breadcrumb\",\"itemListElement\":[{\"@type\":\"ListItem\",\"position\":1,\"name\":\"Accueil\",\"item\":\"https:\/\/ohcesarparis.com\/es\/\"},{\"@type\":\"ListItem\",\"position\":2,\"name\":\"At Lola&#8217;s\"}]},{\"@type\":\"WebSite\",\"@id\":\"https:\/\/ohcesarparis.com\/es\/#website\",\"url\":\"https:\/\/ohcesarparis.com\/es\/\",\"name\":\"Oh C\u00e9sar by C\u00e9sar Palace Paris\",\"description\":\"Passez une soir\u00e9e de r\u00eave au cabaret\",\"publisher\":{\"@id\":\"https:\/\/ohcesarparis.com\/es\/#organization\"},\"potentialAction\":[{\"@type\":\"SearchAction\",\"target\":{\"@type\":\"EntryPoint\",\"urlTemplate\":\"https:\/\/ohcesarparis.com\/es\/?s={search_term_string}\"},\"query-input\":{\"@type\":\"PropertyValueSpecification\",\"valueRequired\":true,\"valueName\":\"search_term_string\"}}],\"inLanguage\":\"es\"},{\"@type\":\"Organization\",\"@id\":\"https:\/\/ohcesarparis.com\/es\/#organization\",\"name\":\"Oh Cesar Paris\",\"url\":\"https:\/\/ohcesarparis.com\/es\/\",\"logo\":{\"@type\":\"ImageObject\",\"inLanguage\":\"es\",\"@id\":\"https:\/\/ohcesarparis.com\/es\/#\/schema\/logo\/image\/\",\"url\":\"https:\/\/ohcesarparis.com\/wp-content\/uploads\/2017\/03\/logo-oh-cesar-by-cesar-palace-paris.png\",\"contentUrl\":\"https:\/\/ohcesarparis.com\/wp-content\/uploads\/2017\/03\/logo-oh-cesar-by-cesar-palace-paris.png\",\"width\":240,\"height\":70,\"caption\":\"Oh Cesar Paris\"},\"image\":{\"@id\":\"https:\/\/ohcesarparis.com\/es\/#\/schema\/logo\/image\/\"},\"sameAs\":[\"https:\/\/www.facebook.com\/CesarPalaceParis\",\"https:\/\/x.com\/CsarPalaceParis\",\"https:\/\/www.instagram.com\/cesarpalaceparis\/\"]}]}<\/script>\n<!-- \/ Yoast SEO plugin. -->","yoast_head_json":{"title":"Cabaret Show-Club in Paris - Cabaret Oh! C\u00e9sar","description":"Let yourself dream during a unique and unforgettable evening... Our show starts at 10.30pm, followed by the Club from 11.30pm until 1.45am.","robots":{"index":"index","follow":"follow","max-snippet":"max-snippet:-1","max-image-preview":"max-image-preview:large","max-video-preview":"max-video-preview:-1"},"canonical":"https:\/\/ohcesarparis.com\/es\/at-lolas\/","og_locale":"es_ES","og_type":"article","og_title":"Cabaret Show-Club in Paris - Cabaret Oh! C\u00e9sar","og_description":"Let yourself dream during a unique and unforgettable evening... Our show starts at 10.30pm, followed by the Club from 11.30pm until 1.45am.","og_url":"https:\/\/ohcesarparis.com\/es\/at-lolas\/","og_site_name":"Oh C\u00e9sar by C\u00e9sar Palace Paris","article_publisher":"https:\/\/www.facebook.com\/CesarPalaceParis","article_modified_time":"2024-09-17T15:14:20+00:00","twitter_card":"summary_large_image","twitter_site":"@CsarPalaceParis","twitter_misc":{"Tiempo de lectura":"8 minutos"},"schema":{"@context":"https:\/\/schema.org","@graph":[{"@type":"WebPage","@id":"https:\/\/ohcesarparis.com\/es\/at-lolas\/","url":"https:\/\/ohcesarparis.com\/es\/at-lolas\/","name":"Cabaret Show-Club in Paris - Cabaret Oh! C\u00e9sar","isPartOf":{"@id":"https:\/\/ohcesarparis.com\/es\/#website"},"datePublished":"2017-03-09T15:21:14+00:00","dateModified":"2024-09-17T15:14:20+00:00","description":"Let yourself dream during a unique and unforgettable evening... Our show starts at 10.30pm, followed by the Club from 11.30pm until 1.45am.","breadcrumb":{"@id":"https:\/\/ohcesarparis.com\/es\/at-lolas\/#breadcrumb"},"inLanguage":"es","potentialAction":[{"@type":"ReadAction","target":["https:\/\/ohcesarparis.com\/es\/at-lolas\/"]}]},{"@type":"BreadcrumbList","@id":"https:\/\/ohcesarparis.com\/es\/at-lolas\/#breadcrumb","itemListElement":[{"@type":"ListItem","position":1,"name":"Accueil","item":"https:\/\/ohcesarparis.com\/es\/"},{"@type":"ListItem","position":2,"name":"At Lola&#8217;s"}]},{"@type":"WebSite","@id":"https:\/\/ohcesarparis.com\/es\/#website","url":"https:\/\/ohcesarparis.com\/es\/","name":"Oh C\u00e9sar by C\u00e9sar Palace Paris","description":"Passez une soir\u00e9e de r\u00eave au cabaret","publisher":{"@id":"https:\/\/ohcesarparis.com\/es\/#organization"},"potentialAction":[{"@type":"SearchAction","target":{"@type":"EntryPoint","urlTemplate":"https:\/\/ohcesarparis.com\/es\/?s={search_term_string}"},"query-input":{"@type":"PropertyValueSpecification","valueRequired":true,"valueName":"search_term_string"}}],"inLanguage":"es"},{"@type":"Organization","@id":"https:\/\/ohcesarparis.com\/es\/#organization","name":"Oh Cesar Paris","url":"https:\/\/ohcesarparis.com\/es\/","logo":{"@type":"ImageObject","inLanguage":"es","@id":"https:\/\/ohcesarparis.com\/es\/#\/schema\/logo\/image\/","url":"https:\/\/ohcesarparis.com\/wp-content\/uploads\/2017\/03\/logo-oh-cesar-by-cesar-palace-paris.png","contentUrl":"https:\/\/ohcesarparis.com\/wp-content\/uploads\/2017\/03\/logo-oh-cesar-by-cesar-palace-paris.png","width":240,"height":70,"caption":"Oh Cesar Paris"},"image":{"@id":"https:\/\/ohcesarparis.com\/es\/#\/schema\/logo\/image\/"},"sameAs":["https:\/\/www.facebook.com\/CesarPalaceParis","https:\/\/x.com\/CsarPalaceParis","https:\/\/www.instagram.com\/cesarpalaceparis\/"]}]}},"_links":{"self":[{"href":"https:\/\/ohcesarparis.com\/es\/wp-json\/wp\/v2\/pages\/69586","targetHints":{"allow":["GET"]}}],"collection":[{"href":"https:\/\/ohcesarparis.com\/es\/wp-json\/wp\/v2\/pages"}],"about":[{"href":"https:\/\/ohcesarparis.com\/es\/wp-json\/wp\/v2\/types\/page"}],"author":[{"embeddable":true,"href":"https:\/\/ohcesarparis.com\/es\/wp-json\/wp\/v2\/users\/4"}],"replies":[{"embeddable":true,"href":"https:\/\/ohcesarparis.com\/es\/wp-json\/wp\/v2\/comments?post=69586"}],"version-history":[{"count":2,"href":"https:\/\/ohcesarparis.com\/es\/wp-json\/wp\/v2\/pages\/69586\/revisions"}],"predecessor-version":[{"id":71607,"href":"https:\/\/ohcesarparis.com\/es\/wp-json\/wp\/v2\/pages\/69586\/revisions\/71607"}],"wp:attachment":[{"href":"https:\/\/ohcesarparis.com\/es\/wp-json\/wp\/v2\/media?parent=69586"}],"curies":[{"name":"wp","href":"https:\/\/api.w.org\/{rel}","templated":true}]}}