{"id":69356,"date":"2020-01-06T15:33:08","date_gmt":"2020-01-06T14:33:08","guid":{"rendered":"https:\/\/ohcesarparis.com\/oh-magic-brunches-cesar\/"},"modified":"2024-03-18T17:17:36","modified_gmt":"2024-03-18T16:17:36","slug":"oh-magic-brunches-cesar","status":"publish","type":"page","link":"https:\/\/ohcesarparis.com\/es\/oh-magic-brunches-cesar\/","title":{"rendered":"OH! MAGIC BRUNCHES C\u00c9SAR"},"content":{"rendered":"<div class=\"wpb-content-wrapper\">[vc_row row_height_percent=\u00bb0&#8243; back_color=\u00bbcolor-143597&#8243; back_image=\u00bb59724&#8243; overlay_alpha=\u00bb50&#8243; gutter_size=\u00bb3&#8243; column_width_percent=\u00bb100&#8243; shift_y=\u00bb0&#8243; z_index=\u00bb0&#8243; el_class=\u00bbtitre-page\u00bb][vc_column column_width_percent=\u00bb100&#8243; align_horizontal=\u00bbalign_center\u00bb gutter_size=\u00bb3&#8243; style=\u00bbdark\u00bb overlay_alpha=\u00bb50&#8243; shift_x=\u00bb0&#8243; shift_y=\u00bb0&#8243; shift_y_down=\u00bb0&#8243; z_index=\u00bb0&#8243; medium_width=\u00bb0&#8243; mobile_width=\u00bb0&#8243; width=\u00bb1\/1&#8243;][vc_column_text]\r\n<h1>OH! MAGIC BRUNCHES C\u00c9SAR.<\/h1>\n<h2><span style=\"color: #ffffff;\">In the company of France&#8217;s greatest magician: Caroline Marx<\/span><\/h2>\r\n[\/vc_column_text][\/vc_column][\/vc_row][vc_row row_height_percent=\u00bb0&#8243; back_color=\u00bbcolor-xsdn\u00bb back_image=\u00bb59552&#8243; back_repeat=\u00bbno-repeat\u00bb back_position=\u00bbcenter center\u00bb overlay_alpha=\u00bb50&#8243; gutter_size=\u00bb3&#8243; column_width_percent=\u00bb100&#8243; shift_y=\u00bb0&#8243; z_index=\u00bb0&#8243; css=\u00bb.vc_custom_1578322089012{padding-top: 0px !important;}\u00bb][vc_column column_width_percent=\u00bb100&#8243; align_horizontal=\u00bbalign_center\u00bb gutter_size=\u00bb3&#8243; style=\u00bblight\u00bb overlay_alpha=\u00bb50&#8243; shift_x=\u00bb0&#8243; shift_y=\u00bb0&#8243; shift_y_down=\u00bb0&#8243; z_index=\u00bb0&#8243; medium_width=\u00bb0&#8243; mobile_width=\u00bb0&#8243; width=\u00bb1\/2&#8243;][vc_column_text]<a rel=\"noreferrer\" href=\"https:\/\/www.youtube.com\/watch?v=XCWQESZp59c\" class=\"vp-a vp-yt-type vp-modal-click vp-modal-click_shortcode vp-has-img\"><img decoding=\"async\" class=\"vp-img\" src=\"https:\/\/ohcesarparis.com\/wp-content\/uploads\/2020\/01\/affiche-caroline-marx.jpg\"><\/a>\n<p style=\"text-align: center;\">Stage direction : <strong>Christophe Delort<\/strong><\/p>\r\n[\/vc_column_text][vc_column_text]\r\n<h2 style=\"text-align: center;\">Press articles<\/h2>\n<p style=\"text-align: center;\"><em>Click to read the interviews<\/em><\/p>\r\n[\/vc_column_text][vc_gallery el_id=\u00bbgallery-140814&#8243; type=\u00bbcarousel\u00bb medias=\u00bb60011,60012&#8243; carousel_lg=\u00bb2&#8243; carousel_md=\u00bb2&#8243; carousel_sm=\u00bb1&#8243; gutter_size=\u00bb3&#8243; carousel_interval=\u00bb3000&#8243; carousel_navspeed=\u00bb400&#8243; stage_padding=\u00bb0&#8243; single_overlay_opacity=\u00bb50&#8243; single_padding=\u00bb2&#8243;][\/vc_column][vc_column column_width_percent=\u00bb100&#8243; gutter_size=\u00bb3&#8243; style=\u00bblight\u00bb overlay_alpha=\u00bb50&#8243; shift_x=\u00bb0&#8243; shift_y=\u00bb0&#8243; shift_y_down=\u00bb0&#8243; z_index=\u00bb0&#8243; medium_width=\u00bb0&#8243; mobile_width=\u00bb0&#8243; width=\u00bb1\/2&#8243; css=\u00bb.vc_custom_1578322418696{padding-top: 40px !important;}\u00bb][vc_row_inner row_inner_height_percent=\u00bb0&#8243; overlay_alpha=\u00bb50&#8243; gutter_size=\u00bb3&#8243; shift_y=\u00bb0&#8243; z_index=\u00bb0&#8243; css=\u00bb.vc_custom_1573637929096{padding-top: 40px !important;}\u00bb][vc_column_inner column_width_percent=\u00bb100&#8243; position_vertical=\u00bbmiddle\u00bb gutter_size=\u00bb3&#8243; overlay_alpha=\u00bb50&#8243; shift_x=\u00bb0&#8243; shift_y=\u00bb0&#8243; shift_y_down=\u00bb0&#8243; z_index=\u00bb0&#8243; medium_width=\u00bb0&#8243; mobile_width=\u00bb0&#8243; width=\u00bb1\/6&#8243;][vc_single_image media=\u00bb59578&#8243; media_width_use_pixel=\u00bbyes\u00bb alignment=\u00bbright\u00bb media_width_pixel=\u00bb82&#8243;][\/vc_column_inner][vc_column_inner column_width_percent=\u00bb100&#8243; gutter_size=\u00bb3&#8243; style=\u00bbdark\u00bb overlay_alpha=\u00bb50&#8243; shift_x=\u00bb0&#8243; shift_y=\u00bb0&#8243; shift_y_down=\u00bb0&#8243; z_index=\u00bb0&#8243; medium_width=\u00bb0&#8243; mobile_width=\u00bb0&#8243; width=\u00bb5\/6&#8243;][vc_column_text]\r\n<h2 style=\"text-align: left;\">A unique &amp; magical idea<\/h2>\n<h3 style=\"text-align: left;\">Caroline Marx changes the codes of magic&#8230;<strong>\n<\/strong><\/h3>\r\n[\/vc_column_text][\/vc_column_inner][\/vc_row_inner][vc_column_text css_animation=\u00bbleft-t-right\u00bb]\r\n<p class=\"p1\">Located at the foot of the Montparnasse Tower, the Oh! C\u00e9sar welcomes you for a breathtaking Sunday brunch.\nStep into this cosy room and get into the cabaret mood, with its superb photos of dancers and artists on the wall. Enjoy an <strong>unusual brunch with an all-you-can-eat buffet<\/strong> featuring a wide range of hot and cold, sweet and savory dishes.<\/p>\r\n[\/vc_column_text][vc_separator sep_color=\u00bbcolor-588725&#8243; type=\u00bbdotted\u00bb el_width=\u00bb40px\u00bb el_height=\u00bb3px\u00bb][vc_column_text css_animation=\u00bbleft-t-right\u00bb]\r\n<h3>Feast your eyes on Caroline Marx&#8217;s \u00abGIRL POWER\u00bb magic show. We promise you an unforgettable moment, full of humour and energy!<\/h3>\r\n[\/vc_column_text][vc_separator sep_color=\u00bbcolor-588725&#8243; type=\u00bbdotted\u00bb el_width=\u00bb40px\u00bb el_height=\u00bb3px\u00bb][vc_column_text]\r\n<h2 style=\"text-align: left;\">Dates.<\/h2>\n<h3 style=\"text-align: left;\">Event over<\/h3>\r\n[\/vc_column_text][vc_separator sep_color=\u00bbcolor-588725&#8243; type=\u00bbdotted\u00bb el_width=\u00bb40px\u00bb el_height=\u00bb3px\u00bb][vc_column_text]\r\n<h2 style=\"text-align: left;\">Brunch formula<\/h2>\n<strong>Brunch from 12.30 pm<\/strong> \/ <strong>Magic show: 2.30 pm<\/strong>\n\nAdult price: <strong>\u20ac59 incl. tax<\/strong>\n\nChildren&#8217;s price: <strong>\u20ac29 incl. VAT up to age 13<\/strong>[\/vc_column_text][vc_separator sep_color=\u00bbcolor-397464&#8243; type=\u00bbdotted\u00bb el_width=\u00bb40px\u00bb el_height=\u00bb2&#8243;][\/vc_column][\/vc_row][vc_row row_height_percent=\u00bb0&#8243; overlay_alpha=\u00bb50&#8243; gutter_size=\u00bb3&#8243; shift_y=\u00bb0&#8243; desktop_visibility=\u00bbyes\u00bb medium_visibility=\u00bbyes\u00bb mobile_visibility=\u00bbyes\u00bb][vc_column width=\u00bb1\/1&#8243;][vc_accordion][vc_accordion_tab title=\u00bbEvening packages\u00bb tab_id=\u00bbabac085a-04ea-2&#8243;][vc_row_inner][vc_column_inner column_width_percent=\u00bb100&#8243; align_horizontal=\u00bbalign_center\u00bb gutter_size=\u00bb3&#8243; overlay_alpha=\u00bb50&#8243; shift_x=\u00bb0&#8243; shift_y=\u00bb0&#8243; z_index=\u00bb0&#8243; medium_width=\u00bb0&#8243; width=\u00bb1\/4&#8243;][vc_column_text]\r\n<h5 style=\"text-align: center;\">Menu\nVIP<\/h5>\n<p style=\"text-align: center;\"><strong>89\u20ac<\/strong><\/p>\n<p style=\"text-align: center;\"><strong>7:30 pm<\/strong> dinner\n\/\n<strong>9pm<\/strong> show<\/p>\r\n[\/vc_column_text][vc_button button_color=\u00bbcolor-397464&#8243; radius=\u00bbbtn-square\u00bb link=\u00bburl:http%3A%2F%2Fohcesarparis.com%2Fwp-content%2Fuploads%2F2017%2F03%2F1-MENU-VIP-CAROLINE-89%E2%82%AC.pdf|target:%20_blank|\u00bb]menu[\/vc_button][\/vc_column_inner][vc_column_inner width=\u00bb1\/4&#8243;][vc_column_text]\r\n<h5 style=\"text-align: center;\">Illusionist menu<\/h5>\n<p style=\"text-align: center;\"><strong>69\u20ac<\/strong><\/p>\n<p style=\"text-align: center;\"><strong>7:30 pm<\/strong> dinner\n\/\n<strong>9pm<\/strong> show<\/p>\r\n[\/vc_column_text][vc_button button_color=\u00bbcolor-397464&#8243; radius=\u00bbbtn-square\u00bb link=\u00bburl:http%3A%2F%2Fohcesarparis.com%2Fwp-content%2Fuploads%2F2017%2F03%2F2-MENU-CAROLINE-69%E2%82%AC.pdf|target:%20_blank|\u00bb]menu[\/vc_button][\/vc_column_inner][vc_column_inner width=\u00bb1\/4&#8243;][vc_column_text]\r\n<h5 style=\"text-align: center;\">Show\n2 glasses<\/h5>\n<p style=\"text-align: center;\"><strong>49\u20ac<\/strong><\/p>\n<p style=\"text-align: center;\"><strong>08:30 pm<\/strong>\n\/\n<strong>09:00pm<\/strong> show<\/p>\r\n[\/vc_column_text][vc_button button_color=\u00bbcolor-397464&#8243; radius=\u00bbbtn-square\u00bb link=\u00bburl:http%3A%2F%2Fohcesarparis.com%2Fwp-content%2Fuploads%2F2017%2F03%2F3-MENU-COUPE-49%E2%82%AC.pdf|target:%20_blank|\u00bb]2 glasses[\/vc_button][\/vc_column_inner][vc_column_inner width=\u00bb1\/4&#8243;][vc_column_text]\r\n<h5 style=\"text-align: center;\">Show\nsingle<\/h5>\n<p style=\"text-align: center;\"><strong>29\u20ac<\/strong><\/p>\n<p style=\"text-align: center;\"><strong>08:30 pm<\/strong>\n\/\n<strong>09:00pm<\/strong> show<\/p>\r\n[\/vc_column_text][vc_button button_color=\u00bbcolor-397464&#8243; radius=\u00bbbtn-square\u00bb link=\u00bburl:http%3A%2F%2Fohcesarparis.com%2Fwp-content%2Fuploads%2F2017%2F03%2F4-SOIREE-SPECTACLE-SEUL-29%E2%82%AC.pdf|target:%20_blank|\u00bb]single[\/vc_button][\/vc_column_inner][\/vc_row_inner][\/vc_accordion_tab][vc_accordion_tab title=\u00bbLunch packages\u00bb tab_id=\u00bbed53093a-712c-3&#8243;][vc_row_inner][vc_column_inner column_width_percent=\u00bb100&#8243; align_horizontal=\u00bbalign_center\u00bb gutter_size=\u00bb3&#8243; overlay_alpha=\u00bb50&#8243; shift_x=\u00bb0&#8243; shift_y=\u00bb0&#8243; z_index=\u00bb0&#8243; medium_width=\u00bb0&#8243; width=\u00bb1\/4&#8243;][vc_column_text]\r\n<h5 style=\"text-align: center;\">Menu\nVIP<\/h5>\n<p style=\"text-align: center;\"><strong>89\u20ac<\/strong><\/p>\n<p style=\"text-align: center;\"><strong>12:30 pm<\/strong> lunch\n\/\n<strong>2pm<\/strong> show<\/p>\r\n[\/vc_column_text][vc_button button_color=\u00bbcolor-397464&#8243; radius=\u00bbbtn-square\u00bb link=\u00bburl:http%3A%2F%2Fohcesarparis.com%2Fwp-content%2Fuploads%2F2017%2F03%2F1-MENU-VIP-CAROLINE-89%E2%82%AC.pdf|target:%20_blank|\u00bb]menu[\/vc_button][\/vc_column_inner][vc_column_inner width=\u00bb1\/4&#8243;][vc_column_text]\r\n<h5 style=\"text-align: center;\">Illusionist menu<\/h5>\n<p style=\"text-align: center;\"><strong>69\u20ac<\/strong><\/p>\n<p style=\"text-align: center;\"><strong>12:30 pm<\/strong> lunch\n\/\n<strong>2pm<\/strong> show<\/p>\r\n[\/vc_column_text][vc_button button_color=\u00bbcolor-397464&#8243; radius=\u00bbbtn-square\u00bb link=\u00bburl:http%3A%2F%2Fohcesarparis.com%2Fwp-content%2Fuploads%2F2017%2F03%2F2-MENU-CAROLINE-69%E2%82%AC.pdf|target:%20_blank|\u00bb]menu[\/vc_button][\/vc_column_inner][vc_column_inner width=\u00bb1\/4&#8243;][vc_column_text]\r\n<h5 style=\"text-align: center;\">Show\n2 glasses<\/h5>\n<p style=\"text-align: center;\"><strong>49\u20ac<\/strong><\/p>\n<p style=\"text-align: center;\"><strong>01:30pm<\/strong>\n\/\n<strong>2:00pm<\/strong>show<\/p>\r\n[\/vc_column_text][vc_button button_color=\u00bbcolor-397464&#8243; radius=\u00bbbtn-square\u00bb link=\u00bburl:http%3A%2F%2Fohcesarparis.com%2Fwp-content%2Fuploads%2F2017%2F03%2F3-MENU-COUPE-49%E2%82%AC.pdf|target:%20_blank|\u00bb]2 glasses[\/vc_button][\/vc_column_inner][vc_column_inner width=\u00bb1\/4&#8243;][vc_column_text]\r\n<h5 style=\"text-align: center;\">Show\nsingle<\/h5>\n<p style=\"text-align: center;\"><strong>29\u20ac<\/strong><\/p>\n<p style=\"text-align: center;\"><strong>01:30pm<\/strong>\n\/\n<strong>2:00pm<\/strong> show<\/p>\r\n[\/vc_column_text][vc_button button_color=\u00bbcolor-397464&#8243; radius=\u00bbbtn-square\u00bb link=\u00bburl:http%3A%2F%2Fohcesarparis.com%2Fwp-content%2Fuploads%2F2017%2F03%2F4-SOIREE-SPECTACLE-SEUL-29%E2%82%AC.pdf|target:%20_blank|\u00bb]single[\/vc_button][\/vc_column_inner][\/vc_row_inner][\/vc_accordion_tab][vc_accordion_tab title=\u00bbChildren&#8217;s evening &amp; lunch packages\u00bb tab_id=\u00bb3257d1c6-7259-1&#8243;][vc_row_inner][vc_column_inner column_width_percent=\u00bb100&#8243; align_horizontal=\u00bbalign_center\u00bb gutter_size=\u00bb3&#8243; overlay_alpha=\u00bb50&#8243; shift_x=\u00bb0&#8243; shift_y=\u00bb0&#8243; z_index=\u00bb0&#8243; medium_width=\u00bb0&#8243; width=\u00bb1\/4&#8243;][vc_column_text]\r\n<h5 style=\"text-align: center;\">Menu\nVIP<\/h5>\n<p style=\"text-align: center;\"><strong>59\u20ac<\/strong><\/p>\r\n[\/vc_column_text][vc_button button_color=\u00bbcolor-397464&#8243; radius=\u00bbbtn-square\u00bb link=\u00bburl:http%3A%2F%2Fohcesarparis.com%2Fwp-content%2Fuploads%2F2017%2F03%2F1-MENU-VIP-CAROLINE-89%E2%82%AC.pdf|target:%20_blank|\u00bb]menu[\/vc_button][\/vc_column_inner][vc_column_inner width=\u00bb1\/4&#8243;][vc_column_text]\r\n<h5 style=\"text-align: center;\">Illusionist menu<\/h5>\n<p style=\"text-align: center;\"><strong>49\u20ac<\/strong><\/p>\r\n[\/vc_column_text][vc_button button_color=\u00bbcolor-397464&#8243; radius=\u00bbbtn-square\u00bb link=\u00bburl:http%3A%2F%2Fohcesarparis.com%2Fwp-content%2Fuploads%2F2017%2F03%2F2-MENU-CAROLINE-69%E2%82%AC.pdf|target:%20_blank|\u00bb]menu[\/vc_button][\/vc_column_inner][vc_column_inner width=\u00bb1\/4&#8243;][vc_column_text]\r\n<h5 style=\"text-align: center;\">Show\nsingle<\/h5>\n<p style=\"text-align: center;\"><strong>19\u20ac<\/strong><\/p>\r\n[\/vc_column_text][vc_button button_color=\u00bbcolor-397464&#8243; radius=\u00bbbtn-square\u00bb link=\u00bburl:http%3A%2F%2Fohcesarparis.com%2Fwp-content%2Fuploads%2F2017%2F03%2F3-MENU-COUPE-49%E2%82%AC.pdf|target:%20_blank|\u00bb]menu[\/vc_button][\/vc_column_inner][vc_column_inner width=\u00bb1\/4&#8243;][vc_column_text]\r\n<h5 style=\"text-align: center;\">Additional\nsnack<\/h5>\n<p style=\"text-align: center;\"><strong>6\u20ac<\/strong><\/p>\r\n[\/vc_column_text][\/vc_column_inner][\/vc_row_inner][\/vc_accordion_tab][\/vc_accordion][\/vc_column][\/vc_row]<\/div>","protected":false},"excerpt":{"rendered":"[vc_row row_height_percent=\u00bb0&#8243; back_color=\u00bbcolor-143597&#8243; back_image=\u00bb59724&#8243; overlay_alpha=\u00bb50&#8243; gutter_size=\u00bb3&#8243; column_width_percent=\u00bb100&#8243; shift_y=\u00bb0&#8243; z_index=\u00bb0&#8243; el_class=\u00bbtitre-page\u00bb][vc_column column_width_percent=\u00bb100&#8243; align_horizontal=\u00bbalign_center\u00bb gutter_size=\u00bb3&#8243; style=\u00bbdark\u00bb overlay_alpha=\u00bb50&#8243; shift_x=\u00bb0&#8243; shift_y=\u00bb0&#8243; shift_y_down=\u00bb0&#8243; z_index=\u00bb0&#8243; medium_width=\u00bb0&#8243; [&hellip;]","protected":false},"author":4,"featured_media":0,"parent":0,"menu_order":0,"comment_status":"closed","ping_status":"closed","template":"","meta":{"footnotes":""},"class_list":["post-69356","page","type-page","status-publish","hentry"],"yoast_head":"<!-- This site is optimized with the Yoast SEO plugin v26.9 - https:\/\/yoast.com\/product\/yoast-seo-wordpress\/ -->\n<title>Magical brunches at Oh! C\u00e9sar with Caroline Marx<\/title>\n<meta name=\"description\" content=\"Treat yourself to an unusual brunch at Oh! Come and enjoy the &quot;GIRL POWER&quot; magic show by Caroline Marx.\" \/>\n<meta name=\"robots\" content=\"index, follow, max-snippet:-1, max-image-preview:large, max-video-preview:-1\" \/>\n<link rel=\"canonical\" href=\"https:\/\/ohcesarparis.com\/es\/oh-magic-brunches-cesar\/\" \/>\n<meta property=\"og:locale\" content=\"es_ES\" \/>\n<meta property=\"og:type\" content=\"article\" \/>\n<meta property=\"og:title\" content=\"Magical brunches at Oh! C\u00e9sar with Caroline Marx\" \/>\n<meta property=\"og:description\" content=\"Treat yourself to an unusual brunch at Oh! Come and enjoy the &quot;GIRL POWER&quot; magic show by Caroline Marx.\" \/>\n<meta property=\"og:url\" content=\"https:\/\/ohcesarparis.com\/es\/oh-magic-brunches-cesar\/\" \/>\n<meta property=\"og:site_name\" content=\"Oh C\u00e9sar by C\u00e9sar Palace Paris\" \/>\n<meta property=\"article:publisher\" content=\"https:\/\/www.facebook.com\/CesarPalaceParis\" \/>\n<meta property=\"article:modified_time\" content=\"2024-03-18T16:17:36+00:00\" \/>\n<meta name=\"twitter:card\" content=\"summary_large_image\" \/>\n<meta name=\"twitter:site\" content=\"@CsarPalaceParis\" \/>\n<meta name=\"twitter:label1\" content=\"Tiempo de lectura\" \/>\n\t<meta name=\"twitter:data1\" content=\"6 minutos\" \/>\n<script type=\"application\/ld+json\" class=\"yoast-schema-graph\">{\"@context\":\"https:\/\/schema.org\",\"@graph\":[{\"@type\":\"WebPage\",\"@id\":\"https:\/\/ohcesarparis.com\/es\/oh-magic-brunches-cesar\/\",\"url\":\"https:\/\/ohcesarparis.com\/es\/oh-magic-brunches-cesar\/\",\"name\":\"Magical brunches at Oh! C\u00e9sar with Caroline Marx\",\"isPartOf\":{\"@id\":\"https:\/\/ohcesarparis.com\/es\/#website\"},\"datePublished\":\"2020-01-06T14:33:08+00:00\",\"dateModified\":\"2024-03-18T16:17:36+00:00\",\"description\":\"Treat yourself to an unusual brunch at Oh! Come and enjoy the \\\"GIRL POWER\\\" magic show by Caroline Marx.\",\"breadcrumb\":{\"@id\":\"https:\/\/ohcesarparis.com\/es\/oh-magic-brunches-cesar\/#breadcrumb\"},\"inLanguage\":\"es\",\"potentialAction\":[{\"@type\":\"ReadAction\",\"target\":[\"https:\/\/ohcesarparis.com\/es\/oh-magic-brunches-cesar\/\"]}]},{\"@type\":\"BreadcrumbList\",\"@id\":\"https:\/\/ohcesarparis.com\/es\/oh-magic-brunches-cesar\/#breadcrumb\",\"itemListElement\":[{\"@type\":\"ListItem\",\"position\":1,\"name\":\"Accueil\",\"item\":\"https:\/\/ohcesarparis.com\/es\/\"},{\"@type\":\"ListItem\",\"position\":2,\"name\":\"OH! MAGIC BRUNCHES C\u00c9SAR\"}]},{\"@type\":\"WebSite\",\"@id\":\"https:\/\/ohcesarparis.com\/es\/#website\",\"url\":\"https:\/\/ohcesarparis.com\/es\/\",\"name\":\"Oh C\u00e9sar by C\u00e9sar Palace Paris\",\"description\":\"Passez une soir\u00e9e de r\u00eave au cabaret\",\"publisher\":{\"@id\":\"https:\/\/ohcesarparis.com\/es\/#organization\"},\"potentialAction\":[{\"@type\":\"SearchAction\",\"target\":{\"@type\":\"EntryPoint\",\"urlTemplate\":\"https:\/\/ohcesarparis.com\/es\/?s={search_term_string}\"},\"query-input\":{\"@type\":\"PropertyValueSpecification\",\"valueRequired\":true,\"valueName\":\"search_term_string\"}}],\"inLanguage\":\"es\"},{\"@type\":\"Organization\",\"@id\":\"https:\/\/ohcesarparis.com\/es\/#organization\",\"name\":\"Oh Cesar Paris\",\"url\":\"https:\/\/ohcesarparis.com\/es\/\",\"logo\":{\"@type\":\"ImageObject\",\"inLanguage\":\"es\",\"@id\":\"https:\/\/ohcesarparis.com\/es\/#\/schema\/logo\/image\/\",\"url\":\"https:\/\/ohcesarparis.com\/wp-content\/uploads\/2017\/03\/logo-oh-cesar-by-cesar-palace-paris.png\",\"contentUrl\":\"https:\/\/ohcesarparis.com\/wp-content\/uploads\/2017\/03\/logo-oh-cesar-by-cesar-palace-paris.png\",\"width\":240,\"height\":70,\"caption\":\"Oh Cesar Paris\"},\"image\":{\"@id\":\"https:\/\/ohcesarparis.com\/es\/#\/schema\/logo\/image\/\"},\"sameAs\":[\"https:\/\/www.facebook.com\/CesarPalaceParis\",\"https:\/\/x.com\/CsarPalaceParis\",\"https:\/\/www.instagram.com\/cesarpalaceparis\/\"]}]}<\/script>\n<!-- \/ Yoast SEO plugin. -->","yoast_head_json":{"title":"Magical brunches at Oh! C\u00e9sar with Caroline Marx","description":"Treat yourself to an unusual brunch at Oh! Come and enjoy the \"GIRL POWER\" magic show by Caroline Marx.","robots":{"index":"index","follow":"follow","max-snippet":"max-snippet:-1","max-image-preview":"max-image-preview:large","max-video-preview":"max-video-preview:-1"},"canonical":"https:\/\/ohcesarparis.com\/es\/oh-magic-brunches-cesar\/","og_locale":"es_ES","og_type":"article","og_title":"Magical brunches at Oh! C\u00e9sar with Caroline Marx","og_description":"Treat yourself to an unusual brunch at Oh! Come and enjoy the \"GIRL POWER\" magic show by Caroline Marx.","og_url":"https:\/\/ohcesarparis.com\/es\/oh-magic-brunches-cesar\/","og_site_name":"Oh C\u00e9sar by C\u00e9sar Palace Paris","article_publisher":"https:\/\/www.facebook.com\/CesarPalaceParis","article_modified_time":"2024-03-18T16:17:36+00:00","twitter_card":"summary_large_image","twitter_site":"@CsarPalaceParis","twitter_misc":{"Tiempo de lectura":"6 minutos"},"schema":{"@context":"https:\/\/schema.org","@graph":[{"@type":"WebPage","@id":"https:\/\/ohcesarparis.com\/es\/oh-magic-brunches-cesar\/","url":"https:\/\/ohcesarparis.com\/es\/oh-magic-brunches-cesar\/","name":"Magical brunches at Oh! C\u00e9sar with Caroline Marx","isPartOf":{"@id":"https:\/\/ohcesarparis.com\/es\/#website"},"datePublished":"2020-01-06T14:33:08+00:00","dateModified":"2024-03-18T16:17:36+00:00","description":"Treat yourself to an unusual brunch at Oh! Come and enjoy the \"GIRL POWER\" magic show by Caroline Marx.","breadcrumb":{"@id":"https:\/\/ohcesarparis.com\/es\/oh-magic-brunches-cesar\/#breadcrumb"},"inLanguage":"es","potentialAction":[{"@type":"ReadAction","target":["https:\/\/ohcesarparis.com\/es\/oh-magic-brunches-cesar\/"]}]},{"@type":"BreadcrumbList","@id":"https:\/\/ohcesarparis.com\/es\/oh-magic-brunches-cesar\/#breadcrumb","itemListElement":[{"@type":"ListItem","position":1,"name":"Accueil","item":"https:\/\/ohcesarparis.com\/es\/"},{"@type":"ListItem","position":2,"name":"OH! MAGIC BRUNCHES C\u00c9SAR"}]},{"@type":"WebSite","@id":"https:\/\/ohcesarparis.com\/es\/#website","url":"https:\/\/ohcesarparis.com\/es\/","name":"Oh C\u00e9sar by C\u00e9sar Palace Paris","description":"Passez une soir\u00e9e de r\u00eave au cabaret","publisher":{"@id":"https:\/\/ohcesarparis.com\/es\/#organization"},"potentialAction":[{"@type":"SearchAction","target":{"@type":"EntryPoint","urlTemplate":"https:\/\/ohcesarparis.com\/es\/?s={search_term_string}"},"query-input":{"@type":"PropertyValueSpecification","valueRequired":true,"valueName":"search_term_string"}}],"inLanguage":"es"},{"@type":"Organization","@id":"https:\/\/ohcesarparis.com\/es\/#organization","name":"Oh Cesar Paris","url":"https:\/\/ohcesarparis.com\/es\/","logo":{"@type":"ImageObject","inLanguage":"es","@id":"https:\/\/ohcesarparis.com\/es\/#\/schema\/logo\/image\/","url":"https:\/\/ohcesarparis.com\/wp-content\/uploads\/2017\/03\/logo-oh-cesar-by-cesar-palace-paris.png","contentUrl":"https:\/\/ohcesarparis.com\/wp-content\/uploads\/2017\/03\/logo-oh-cesar-by-cesar-palace-paris.png","width":240,"height":70,"caption":"Oh Cesar Paris"},"image":{"@id":"https:\/\/ohcesarparis.com\/es\/#\/schema\/logo\/image\/"},"sameAs":["https:\/\/www.facebook.com\/CesarPalaceParis","https:\/\/x.com\/CsarPalaceParis","https:\/\/www.instagram.com\/cesarpalaceparis\/"]}]}},"_links":{"self":[{"href":"https:\/\/ohcesarparis.com\/es\/wp-json\/wp\/v2\/pages\/69356","targetHints":{"allow":["GET"]}}],"collection":[{"href":"https:\/\/ohcesarparis.com\/es\/wp-json\/wp\/v2\/pages"}],"about":[{"href":"https:\/\/ohcesarparis.com\/es\/wp-json\/wp\/v2\/types\/page"}],"author":[{"embeddable":true,"href":"https:\/\/ohcesarparis.com\/es\/wp-json\/wp\/v2\/users\/4"}],"replies":[{"embeddable":true,"href":"https:\/\/ohcesarparis.com\/es\/wp-json\/wp\/v2\/comments?post=69356"}],"version-history":[{"count":1,"href":"https:\/\/ohcesarparis.com\/es\/wp-json\/wp\/v2\/pages\/69356\/revisions"}],"predecessor-version":[{"id":69371,"href":"https:\/\/ohcesarparis.com\/es\/wp-json\/wp\/v2\/pages\/69356\/revisions\/69371"}],"wp:attachment":[{"href":"https:\/\/ohcesarparis.com\/es\/wp-json\/wp\/v2\/media?parent=69356"}],"curies":[{"name":"wp","href":"https:\/\/api.w.org\/{rel}","templated":true}]}}