{"id":69323,"date":"2020-01-13T10:23:03","date_gmt":"2020-01-13T09:23:03","guid":{"rendered":"https:\/\/ohcesarparis.com\/seminar\/"},"modified":"2024-03-22T10:54:08","modified_gmt":"2024-03-22T09:54:08","slug":"seminar","status":"publish","type":"page","link":"https:\/\/ohcesarparis.com\/es\/seminar\/","title":{"rendered":"Seminar"},"content":{"rendered":"<div class=\"wpb-content-wrapper\">[vc_row row_height_percent=\u00bb0&#8243; back_color=\u00bbcolor-143597&#8243; back_image=\u00bb59724&#8243; overlay_alpha=\u00bb50&#8243; gutter_size=\u00bb3&#8243; column_width_percent=\u00bb100&#8243; shift_y=\u00bb0&#8243; z_index=\u00bb0&#8243; el_class=\u00bbtitre-page\u00bb][vc_column column_width_percent=\u00bb100&#8243; align_horizontal=\u00bbalign_center\u00bb gutter_size=\u00bb3&#8243; style=\u00bbdark\u00bb overlay_alpha=\u00bb50&#8243; shift_x=\u00bb0&#8243; shift_y=\u00bb0&#8243; shift_y_down=\u00bb0&#8243; z_index=\u00bb0&#8243; medium_width=\u00bb0&#8243; mobile_width=\u00bb0&#8243; width=\u00bb1\/1&#8243;][vc_column_text]\r\n<h1>Seminar<\/h1>\r\n<h2>Give your employees a change of scenery for your annual seminar!<\/h2>\r\n[\/vc_column_text][vc_button button_color=\u00bbaccent\u00bb border_width=\u00bb0&#8243; link=\u00bburl:https%3A%2F%2Fohcesarparis.com%2Fen%2Fcontact%2F|\u00bb]Contact us[\/vc_button][\/vc_column][\/vc_row][vc_row unlock_row_content=\u00bbyes\u00bb row_height_percent=\u00bb0&#8243; back_image=\u00bb59552&#8243; back_repeat=\u00bbno-repeat\u00bb back_attachment=\u00bbfixed\u00bb overlay_alpha=\u00bb50&#8243; gutter_size=\u00bb3&#8243; column_width_percent=\u00bb100&#8243; shift_y=\u00bb0&#8243; z_index=\u00bb0&#8243; css=\u00bb.vc_custom_1575299830934{border-bottom-width: 60px !important;padding-top: 40px !important;}\u00bb][vc_column column_width_percent=\u00bb100&#8243; gutter_size=\u00bb3&#8243; overlay_alpha=\u00bb50&#8243; shift_x=\u00bb0&#8243; shift_y=\u00bb0&#8243; z_index=\u00bb0&#8243; medium_width=\u00bb0&#8243; width=\u00bb1\/12&#8243;][\/vc_column][vc_column width=\u00bb10\/12&#8243;][vc_column_text]\r\n<h2 style=\"text-align: center;\">Think outside the box with originality<\/h2>\r\n<h3 style=\"text-align: center;\">Take advantage of an unusual and unexpected setting to surprise your employees at your annual seminar<\/h3>\r\n[\/vc_column_text][vc_single_image media=\u00bb59570&#8243; media_width_use_pixel=\u00bbyes\u00bb alignment=\u00bbcenter\u00bb media_width_pixel=\u00bb45&#8243;][vc_row_inner row_inner_height_percent=\u00bb0&#8243; overlay_alpha=\u00bb50&#8243; gutter_size=\u00bb3&#8243; shift_y=\u00bb0&#8243; z_index=\u00bb0&#8243; css=\u00bb.vc_custom_1573575079642{margin-top: 0px !important;padding-top: 0px !important;}\u00bb][vc_column_inner column_width_percent=\u00bb100&#8243; position_vertical=\u00bbmiddle\u00bb gutter_size=\u00bb3&#8243; overlay_alpha=\u00bb50&#8243; border_color=\u00bbaccent\u00bb border_style=\u00bbdotted\u00bb shift_x=\u00bb0&#8243; shift_y=\u00bb0&#8243; shift_y_down=\u00bb0&#8243; z_index=\u00bb0&#8243; medium_width=\u00bb0&#8243; mobile_width=\u00bb0&#8243; width=\u00bb1\/4&#8243; el_class=\u00bbtxt-intro\u00bb css=\u00bb.vc_custom_1573574291469{border-left-width: 3px !important;padding-left: 30px !important;}\u00bb][vc_column_text el_class=\u00bbtxt-justify\u00bb]\r\n<h4 style=\"text-align: left;\">Rent the Oh! C\u00e9sar<\/h4>\r\n<strong>Take a moment&#8217;s respite with the help of our teams and their expertise.<\/strong> Whether your event lasts half a day, a full day or an evening, <strong>the OH! C\u00e9sar opens its doors to you from 07.00am to 02:00am<\/strong> for your event, at Oh ! C\u00e9sar, you&#8217;re right at home!\r\n\r\n<strong> Benefit from :<\/strong>\r\n<ul>\r\n \t<li style=\"text-align: left;\">The modularity of the room<\/li>\r\n \t<li style=\"text-align: left;\">High-quality technical equipment<\/li>\r\n \t<li style=\"text-align: left;\">Setting up the event of your choice (plenary meeting, conference, etc.)<\/li>\r\n \t<li style=\"text-align: left;\">250 m\u00b2 of space including a Lounge and Bar area<\/li>\r\n \t<li style=\"text-align: left;\">From the cabaret&#8217;s main stage<\/li>\r\n \t<li style=\"text-align: left;\">From the centre stage<\/li>\r\n \t<li style=\"text-align: left;\">And the expertise of all our teams<\/li>\r\n<\/ul>\r\n[\/vc_column_text][\/vc_column_inner][vc_column_inner column_width_percent=\u00bb100&#8243; position_vertical=\u00bbmiddle\u00bb align_horizontal=\u00bbalign_center\u00bb gutter_size=\u00bb3&#8243; overlay_alpha=\u00bb50&#8243; shift_x=\u00bb0&#8243; shift_y=\u00bb0&#8243; shift_y_down=\u00bb0&#8243; z_index=\u00bb0&#8243; medium_width=\u00bb0&#8243; mobile_width=\u00bb0&#8243; width=\u00bb1\/2&#8243;][vc_single_image media=\u00bb60688&#8243; media_width_percent=\u00bb100&#8243;][vc_empty_space empty_h=\u00bb1&#8243;][vc_button button_color=\u00bbcolor-513739&#8243; radius=\u00bbbtn-square\u00bb border_width=\u00bb0&#8243; link=\u00bburl:https%3A%2F%2Fohcesarparis.com%2Fen%2Fprivatization%2F|title:The%20Parisian%20review%20of%20Oh%21C%C3%A9sar|\u00bb]Privatize the Oh! C\u00e9sar[\/vc_button][\/vc_column_inner][vc_column_inner column_width_percent=\u00bb100&#8243; position_vertical=\u00bbmiddle\u00bb gutter_size=\u00bb3&#8243; overlay_alpha=\u00bb50&#8243; border_color=\u00bbaccent\u00bb border_style=\u00bbdotted\u00bb shift_x=\u00bb0&#8243; shift_y=\u00bb0&#8243; shift_y_down=\u00bb0&#8243; z_index=\u00bb0&#8243; medium_width=\u00bb0&#8243; mobile_width=\u00bb0&#8243; width=\u00bb1\/4&#8243; el_class=\u00bbtxt-intro\u00bb css=\u00bb.vc_custom_1573574416636{border-right-width: 3px !important;padding-right: 30px !important;}\u00bb][vc_column_text el_class=\u00bbtxt-justify\u00bb]\r\n<h4 style=\"text-align: left;\">Offer your guests an exceptional dining experience<\/h4>\r\nNeed to <strong>take a break or have some refreshment time<\/strong> during your seminar? We can organise <strong>a cocktail reception, lunch or dinner<\/strong> for you?\r\n\r\n<strong>The head chef and his team will concoct a tailor-made meal<\/strong> or <strong>gourmet break<\/strong>, <strong>sweet and\/or savoury<\/strong>, to delight every taste bud.\r\n\r\n<strong><span style=\"color: #93181b;\">The entire OH team! C\u00e9sar will be happy to offer you a seminar that reflects the image of your company!<\/span><\/strong>[\/vc_column_text][\/vc_column_inner][\/vc_row_inner][vc_empty_space empty_h=\u00bb3&#8243;][\/vc_column][vc_column width=\u00bb1\/12&#8243;][\/vc_column][\/vc_row][vc_row row_height_percent=\u00bb0&#8243; back_image=\u00bb59614&#8243; overlay_alpha=\u00bb50&#8243; gutter_size=\u00bb3&#8243; column_width_percent=\u00bb100&#8243; shift_y=\u00bb0&#8243; z_index=\u00bb0&#8243; row_name=\u00bbformulaire\u00bb css=\u00bb.vc_custom_1575037237660{padding-top: 40px !important;padding-bottom: 40px !important;}\u00bb][vc_column column_width_percent=\u00bb100&#8243; gutter_size=\u00bb3&#8243; overlay_alpha=\u00bb50&#8243; shift_x=\u00bb0&#8243; shift_y=\u00bb0&#8243; shift_y_down=\u00bb0&#8243; z_index=\u00bb0&#8243; medium_width=\u00bb0&#8243; mobile_width=\u00bb0&#8243; width=\u00bb1\/1&#8243;][vc_column_text el_class=\u00bbtitre-avis\u00bb]\r\n<p style=\"font-size: 30px; font-weight: bold; text-align: center;\"><span style=\"color: #ffffff;\">CONTACT US<\/span><\/p>\r\n\r\n<h2 style=\"text-align: center; margin-top: 0px;\">As you can see, the Oh! C\u00e9sar is the ideal place to go out in Paris!<\/h2>\r\n<h3 style=\"text-align: center;\">Take advantage of a visit to our beautiful capital to discover a legendary Cabaret<\/h3>\r\n[\/vc_column_text][vc_single_image media=\u00bb59478&#8243; media_width_use_pixel=\u00bbyes\u00bb media_ratio=\u00bbone-one\u00bb alignment=\u00bbcenter\u00bb media_width_pixel=\u00bb45&#8243;][vc_row_inner row_inner_height_percent=\u00bb0&#8243; overlay_alpha=\u00bb50&#8243; gutter_size=\u00bb3&#8243; shift_y=\u00bb0&#8243; z_index=\u00bb0&#8243; el_class=\u00bbform-fond-bleu\u00bb limit_content=\u00bb\u00bb][vc_column_inner width=\u00bb1\/6&#8243;][\/vc_column_inner][vc_column_inner column_width_percent=\u00bb100&#8243; align_horizontal=\u00bbalign_center\u00bb gutter_size=\u00bb3&#8243; back_color=\u00bbcolor-xsdn\u00bb overlay_alpha=\u00bb50&#8243; shift_x=\u00bb0&#8243; shift_y=\u00bb0&#8243; shift_y_down=\u00bb0&#8243; z_index=\u00bb0&#8243; medium_width=\u00bb0&#8243; mobile_width=\u00bb0&#8243; width=\u00bb1\/3&#8243; link_to=\u00bburl:https%3A%2F%2Fohcesarparis.com%2Fen%2Fcontact%2F%23contact-form-ancre\u00bb el_class=\u00bbbloc-mail\u00bb][vc_icon icon=\u00bbfa fa-envelope-o\u00bb icon_color=\u00bbaccent\u00bb size=\u00bbfa-3x\u00bb linked_title=\u00bbyes\u00bb text_lead=\u00bbyes\u00bb link=\u00bburl:https%3A%2F%2Fohcesarparis.com%2Fen%2Fcontact%2F%23contact-form-ancre\u00bb]\r\n<h3><span style=\"color: #93181b;\">YOUR REQUEST<\/span><\/h3>\r\n[\/vc_icon][vc_button button_color=\u00bbcolor-397464&#8243; size=\u00bbbtn-link\u00bb radius=\u00bbbtn-round\u00bb border_animation=\u00bbbtn-ripple-in\u00bb wide=\u00bbyes\u00bb border_width=\u00bb0&#8243; link=\u00bburl:https%3A%2F%2Fohcesarparis.com%2Fen%2Fcontact%2F%23contact-form-ancre\u00bb el_class=\u00bbunderline-red\u00bb]By Email : click here[\/vc_button][\/vc_column_inner][vc_column_inner column_width_percent=\u00bb100&#8243; align_horizontal=\u00bbalign_center\u00bb gutter_size=\u00bb3&#8243; back_color=\u00bbcolor-397464&#8243; overlay_alpha=\u00bb50&#8243; shift_x=\u00bb0&#8243; shift_y=\u00bb0&#8243; shift_y_down=\u00bb0&#8243; z_index=\u00bb0&#8243; medium_width=\u00bb0&#8243; mobile_width=\u00bb0&#8243; width=\u00bb1\/3&#8243; link_to=\u00bburl:https%3A%2F%2Fohcesarparis.com%2Fcontact%2F\u00bb el_class=\u00bbbloc-tel\u00bb][vc_icon icon=\u00bbfa fa-phone-handset\u00bb icon_color=\u00bbcolor-xsdn\u00bb size=\u00bbfa-3x\u00bb linked_title=\u00bbyes\u00bb text_lead=\u00bbyes\u00bb link=\u00bburl:https%3A%2F%2Fohcesarparis.com%2Fcontact%2F\u00bb]\r\n<h3><span style=\"color: #ffffff;\">YOUR REQUEST<\/span><\/h3>\r\n[\/vc_icon][vc_button button_color=\u00bbcolor-lxmt\u00bb size=\u00bbbtn-link\u00bb radius=\u00bbbtn-round\u00bb border_animation=\u00bbbtn-ripple-in\u00bb wide=\u00bbyes\u00bb hover_fx=\u00bboutlined\u00bb border_width=\u00bb0&#8243; link=\u00bburl:https%3A%2F%2Fohcesarparis.com%2Fen%2Fcontact%2F\u00bb el_class=\u00bbunderline\u00bb]BY TELEPHONE: 01 45 44 46 20[\/vc_button][\/vc_column_inner][vc_column_inner width=\u00bb1\/6&#8243;][\/vc_column_inner][\/vc_row_inner][\/vc_column][\/vc_row]<\/div>","protected":false},"excerpt":{"rendered":"[vc_row row_height_percent=\u00bb0&#8243; back_color=\u00bbcolor-143597&#8243; back_image=\u00bb59724&#8243; overlay_alpha=\u00bb50&#8243; gutter_size=\u00bb3&#8243; column_width_percent=\u00bb100&#8243; shift_y=\u00bb0&#8243; z_index=\u00bb0&#8243; el_class=\u00bbtitre-page\u00bb][vc_column column_width_percent=\u00bb100&#8243; align_horizontal=\u00bbalign_center\u00bb gutter_size=\u00bb3&#8243; style=\u00bbdark\u00bb overlay_alpha=\u00bb50&#8243; shift_x=\u00bb0&#8243; shift_y=\u00bb0&#8243; shift_y_down=\u00bb0&#8243; z_index=\u00bb0&#8243; medium_width=\u00bb0&#8243; [&hellip;]","protected":false},"author":6,"featured_media":0,"parent":0,"menu_order":0,"comment_status":"closed","ping_status":"closed","template":"","meta":{"footnotes":""},"class_list":["post-69323","page","type-page","status-publish","hentry"],"yoast_head":"<!-- This site is optimized with the Yoast SEO plugin v26.9 - https:\/\/yoast.com\/product\/yoast-seo-wordpress\/ -->\n<title>Surprise your employees for your annual seminar - Cabaret Oh! C\u00e9sar<\/title>\n<meta name=\"description\" content=\"Take advantage of a 250 m2 space in Paris in an unusual setting to host your seminars and offer your guests an exceptional dining experience.\" \/>\n<meta name=\"robots\" content=\"index, follow, max-snippet:-1, max-image-preview:large, max-video-preview:-1\" \/>\n<link rel=\"canonical\" href=\"https:\/\/ohcesarparis.com\/es\/seminar\/\" \/>\n<meta property=\"og:locale\" content=\"es_ES\" \/>\n<meta property=\"og:type\" content=\"article\" \/>\n<meta property=\"og:title\" content=\"Surprise your employees for your annual seminar - Cabaret Oh! C\u00e9sar\" \/>\n<meta property=\"og:description\" content=\"Take advantage of a 250 m2 space in Paris in an unusual setting to host your seminars and offer your guests an exceptional dining experience.\" \/>\n<meta property=\"og:url\" content=\"https:\/\/ohcesarparis.com\/es\/seminar\/\" \/>\n<meta property=\"og:site_name\" content=\"Oh C\u00e9sar by C\u00e9sar Palace Paris\" \/>\n<meta property=\"article:publisher\" content=\"https:\/\/www.facebook.com\/CesarPalaceParis\" \/>\n<meta property=\"article:modified_time\" content=\"2024-03-22T09:54:08+00:00\" \/>\n<meta name=\"twitter:card\" content=\"summary_large_image\" \/>\n<meta name=\"twitter:site\" content=\"@CsarPalaceParis\" \/>\n<meta name=\"twitter:label1\" content=\"Tiempo de lectura\" \/>\n\t<meta name=\"twitter:data1\" content=\"5 minutos\" \/>\n<script type=\"application\/ld+json\" class=\"yoast-schema-graph\">{\"@context\":\"https:\/\/schema.org\",\"@graph\":[{\"@type\":\"WebPage\",\"@id\":\"https:\/\/ohcesarparis.com\/es\/seminar\/\",\"url\":\"https:\/\/ohcesarparis.com\/es\/seminar\/\",\"name\":\"Surprise your employees for your annual seminar - Cabaret Oh! C\u00e9sar\",\"isPartOf\":{\"@id\":\"https:\/\/ohcesarparis.com\/es\/#website\"},\"datePublished\":\"2020-01-13T09:23:03+00:00\",\"dateModified\":\"2024-03-22T09:54:08+00:00\",\"description\":\"Take advantage of a 250 m2 space in Paris in an unusual setting to host your seminars and offer your guests an exceptional dining experience.\",\"breadcrumb\":{\"@id\":\"https:\/\/ohcesarparis.com\/es\/seminar\/#breadcrumb\"},\"inLanguage\":\"es\",\"potentialAction\":[{\"@type\":\"ReadAction\",\"target\":[\"https:\/\/ohcesarparis.com\/es\/seminar\/\"]}]},{\"@type\":\"BreadcrumbList\",\"@id\":\"https:\/\/ohcesarparis.com\/es\/seminar\/#breadcrumb\",\"itemListElement\":[{\"@type\":\"ListItem\",\"position\":1,\"name\":\"Accueil\",\"item\":\"https:\/\/ohcesarparis.com\/es\/\"},{\"@type\":\"ListItem\",\"position\":2,\"name\":\"Seminar\"}]},{\"@type\":\"WebSite\",\"@id\":\"https:\/\/ohcesarparis.com\/es\/#website\",\"url\":\"https:\/\/ohcesarparis.com\/es\/\",\"name\":\"Oh C\u00e9sar by C\u00e9sar Palace Paris\",\"description\":\"Passez une soir\u00e9e de r\u00eave au cabaret\",\"publisher\":{\"@id\":\"https:\/\/ohcesarparis.com\/es\/#organization\"},\"potentialAction\":[{\"@type\":\"SearchAction\",\"target\":{\"@type\":\"EntryPoint\",\"urlTemplate\":\"https:\/\/ohcesarparis.com\/es\/?s={search_term_string}\"},\"query-input\":{\"@type\":\"PropertyValueSpecification\",\"valueRequired\":true,\"valueName\":\"search_term_string\"}}],\"inLanguage\":\"es\"},{\"@type\":\"Organization\",\"@id\":\"https:\/\/ohcesarparis.com\/es\/#organization\",\"name\":\"Oh Cesar Paris\",\"url\":\"https:\/\/ohcesarparis.com\/es\/\",\"logo\":{\"@type\":\"ImageObject\",\"inLanguage\":\"es\",\"@id\":\"https:\/\/ohcesarparis.com\/es\/#\/schema\/logo\/image\/\",\"url\":\"https:\/\/ohcesarparis.com\/wp-content\/uploads\/2017\/03\/logo-oh-cesar-by-cesar-palace-paris.png\",\"contentUrl\":\"https:\/\/ohcesarparis.com\/wp-content\/uploads\/2017\/03\/logo-oh-cesar-by-cesar-palace-paris.png\",\"width\":240,\"height\":70,\"caption\":\"Oh Cesar Paris\"},\"image\":{\"@id\":\"https:\/\/ohcesarparis.com\/es\/#\/schema\/logo\/image\/\"},\"sameAs\":[\"https:\/\/www.facebook.com\/CesarPalaceParis\",\"https:\/\/x.com\/CsarPalaceParis\",\"https:\/\/www.instagram.com\/cesarpalaceparis\/\"]}]}<\/script>\n<!-- \/ Yoast SEO plugin. -->","yoast_head_json":{"title":"Surprise your employees for your annual seminar - Cabaret Oh! C\u00e9sar","description":"Take advantage of a 250 m2 space in Paris in an unusual setting to host your seminars and offer your guests an exceptional dining experience.","robots":{"index":"index","follow":"follow","max-snippet":"max-snippet:-1","max-image-preview":"max-image-preview:large","max-video-preview":"max-video-preview:-1"},"canonical":"https:\/\/ohcesarparis.com\/es\/seminar\/","og_locale":"es_ES","og_type":"article","og_title":"Surprise your employees for your annual seminar - Cabaret Oh! C\u00e9sar","og_description":"Take advantage of a 250 m2 space in Paris in an unusual setting to host your seminars and offer your guests an exceptional dining experience.","og_url":"https:\/\/ohcesarparis.com\/es\/seminar\/","og_site_name":"Oh C\u00e9sar by C\u00e9sar Palace Paris","article_publisher":"https:\/\/www.facebook.com\/CesarPalaceParis","article_modified_time":"2024-03-22T09:54:08+00:00","twitter_card":"summary_large_image","twitter_site":"@CsarPalaceParis","twitter_misc":{"Tiempo de lectura":"5 minutos"},"schema":{"@context":"https:\/\/schema.org","@graph":[{"@type":"WebPage","@id":"https:\/\/ohcesarparis.com\/es\/seminar\/","url":"https:\/\/ohcesarparis.com\/es\/seminar\/","name":"Surprise your employees for your annual seminar - Cabaret Oh! C\u00e9sar","isPartOf":{"@id":"https:\/\/ohcesarparis.com\/es\/#website"},"datePublished":"2020-01-13T09:23:03+00:00","dateModified":"2024-03-22T09:54:08+00:00","description":"Take advantage of a 250 m2 space in Paris in an unusual setting to host your seminars and offer your guests an exceptional dining experience.","breadcrumb":{"@id":"https:\/\/ohcesarparis.com\/es\/seminar\/#breadcrumb"},"inLanguage":"es","potentialAction":[{"@type":"ReadAction","target":["https:\/\/ohcesarparis.com\/es\/seminar\/"]}]},{"@type":"BreadcrumbList","@id":"https:\/\/ohcesarparis.com\/es\/seminar\/#breadcrumb","itemListElement":[{"@type":"ListItem","position":1,"name":"Accueil","item":"https:\/\/ohcesarparis.com\/es\/"},{"@type":"ListItem","position":2,"name":"Seminar"}]},{"@type":"WebSite","@id":"https:\/\/ohcesarparis.com\/es\/#website","url":"https:\/\/ohcesarparis.com\/es\/","name":"Oh C\u00e9sar by C\u00e9sar Palace Paris","description":"Passez une soir\u00e9e de r\u00eave au cabaret","publisher":{"@id":"https:\/\/ohcesarparis.com\/es\/#organization"},"potentialAction":[{"@type":"SearchAction","target":{"@type":"EntryPoint","urlTemplate":"https:\/\/ohcesarparis.com\/es\/?s={search_term_string}"},"query-input":{"@type":"PropertyValueSpecification","valueRequired":true,"valueName":"search_term_string"}}],"inLanguage":"es"},{"@type":"Organization","@id":"https:\/\/ohcesarparis.com\/es\/#organization","name":"Oh Cesar Paris","url":"https:\/\/ohcesarparis.com\/es\/","logo":{"@type":"ImageObject","inLanguage":"es","@id":"https:\/\/ohcesarparis.com\/es\/#\/schema\/logo\/image\/","url":"https:\/\/ohcesarparis.com\/wp-content\/uploads\/2017\/03\/logo-oh-cesar-by-cesar-palace-paris.png","contentUrl":"https:\/\/ohcesarparis.com\/wp-content\/uploads\/2017\/03\/logo-oh-cesar-by-cesar-palace-paris.png","width":240,"height":70,"caption":"Oh Cesar Paris"},"image":{"@id":"https:\/\/ohcesarparis.com\/es\/#\/schema\/logo\/image\/"},"sameAs":["https:\/\/www.facebook.com\/CesarPalaceParis","https:\/\/x.com\/CsarPalaceParis","https:\/\/www.instagram.com\/cesarpalaceparis\/"]}]}},"_links":{"self":[{"href":"https:\/\/ohcesarparis.com\/es\/wp-json\/wp\/v2\/pages\/69323","targetHints":{"allow":["GET"]}}],"collection":[{"href":"https:\/\/ohcesarparis.com\/es\/wp-json\/wp\/v2\/pages"}],"about":[{"href":"https:\/\/ohcesarparis.com\/es\/wp-json\/wp\/v2\/types\/page"}],"author":[{"embeddable":true,"href":"https:\/\/ohcesarparis.com\/es\/wp-json\/wp\/v2\/users\/6"}],"replies":[{"embeddable":true,"href":"https:\/\/ohcesarparis.com\/es\/wp-json\/wp\/v2\/comments?post=69323"}],"version-history":[{"count":2,"href":"https:\/\/ohcesarparis.com\/es\/wp-json\/wp\/v2\/pages\/69323\/revisions"}],"predecessor-version":[{"id":70369,"href":"https:\/\/ohcesarparis.com\/es\/wp-json\/wp\/v2\/pages\/69323\/revisions\/70369"}],"wp:attachment":[{"href":"https:\/\/ohcesarparis.com\/es\/wp-json\/wp\/v2\/media?parent=69323"}],"curies":[{"name":"wp","href":"https:\/\/api.w.org\/{rel}","templated":true}]}}