{"id":69320,"date":"2020-01-13T11:06:46","date_gmt":"2020-01-13T10:06:46","guid":{"rendered":"https:\/\/ohcesarparis.com\/bachelor-bachelorette-party\/"},"modified":"2025-07-22T16:53:30","modified_gmt":"2025-07-22T14:53:30","slug":"bachelor-bachelorette-party","status":"publish","type":"page","link":"https:\/\/ohcesarparis.com\/es\/bachelor-bachelorette-party\/","title":{"rendered":"Bachelor\/Bachelorette party"},"content":{"rendered":"<div class=\"wpb-content-wrapper\">[vc_row row_height_percent=\u00bb0&#8243; back_color=\u00bbcolor-143597&#8243; back_image=\u00bb59724&#8243; overlay_alpha=\u00bb50&#8243; gutter_size=\u00bb3&#8243; column_width_percent=\u00bb100&#8243; shift_y=\u00bb0&#8243; z_index=\u00bb0&#8243; el_class=\u00bbtitre-page\u00bb][vc_column column_width_percent=\u00bb100&#8243; align_horizontal=\u00bbalign_center\u00bb gutter_size=\u00bb3&#8243; style=\u00bbdark\u00bb overlay_alpha=\u00bb50&#8243; shift_x=\u00bb0&#8243; shift_y=\u00bb0&#8243; shift_y_down=\u00bb0&#8243; z_index=\u00bb0&#8243; medium_width=\u00bb0&#8243; mobile_width=\u00bb0&#8243; width=\u00bb1\/1&#8243;][vc_column_text]\r\n<h1>EVJF \/ EVG<\/h1>\r\n<h2>Our team is here to organize your last bachelor party<\/h2>\r\n[\/vc_column_text][vc_button button_color=\u00bbaccent\u00bb border_width=\u00bb0&#8243; link=\u00bburl:https%3A%2F%2Fohcesarparis.com%2Fen%2Fcontact%2F|\u00bb]Contact us[\/vc_button][\/vc_column][\/vc_row][vc_row row_height_percent=\u00bb0&#8243; override_padding=\u00bbyes\u00bb h_padding=\u00bb2&#8243; top_padding=\u00bb0&#8243; bottom_padding=\u00bb2&#8243; back_color=\u00bbcolor-jevc\u00bb back_image=\u00bb59614&#8243; back_attachment=\u00bbfixed\u00bb overlay_alpha=\u00bb50&#8243; gutter_size=\u00bb3&#8243; column_width_percent=\u00bb100&#8243; shift_y=\u00bb0&#8243; z_index=\u00bb0&#8243; row_name=\u00bbtitre-clara\u00bb el_class=\u00bbtitre-clara prog-menu prog-dates admin-resa\u00bb css=\u00bb.vc_custom_1680247321676{padding-top: 100px !important;padding-bottom: 100px !important;}\u00bb el_id=\u00bbbook\u00bb][vc_column column_width_percent=\u00bb100&#8243; align_horizontal=\u00bbalign_center\u00bb gutter_size=\u00bb3&#8243; overlay_alpha=\u00bb50&#8243; shift_x=\u00bb0&#8243; shift_y=\u00bb0&#8243; z_index=\u00bb0&#8243; medium_width=\u00bb0&#8243; width=\u00bb1\/2&#8243;][vc_accordion active_tab=\u00bb1&#8243; el_id=\u00bbanchor-date\u00bb][vc_accordion_tab gutter_size=\u00bb2&#8243; column_padding=\u00bb2&#8243; title=\u00bbEVJF \/ EVG &#8211; \u20ac 116 incl. VAT \/ person\u00bb tab_id=\u00bb1650449530584-4-4167578334869116794068770011679413754301&#8243;][vc_row_inner][vc_column_inner width=\u00bb1\/1&#8243;][vc_column_text el_class=\u00bbmenu-resto\u00bb uncode_shortcode_id=\u00bb188735&#8243;]\r\n<h2 style=\"text-align: center;\">Menu EVJF \/ EVG<strong>\r\n<\/strong><\/h2>\r\n<p style=\"text-align: center;\"><strong><span style=\"color: #93181b; font-size: 25px; margin-top: 0;\">116\u20ac INCL. VAT<\/span><\/strong> \/ <span style=\"color: #93181b;\">person<\/span><\/p>\r\n<p style=\"text-align: center;\">Includes <span id=\"page5R_mcid25\" class=\"markedContent\"><span dir=\"ltr\" role=\"presentation\">Aperitif, Dinner, Drinks, Show, Club<\/span><\/span><\/p>\r\n\u00a0[\/vc_column_text][vc_button button_color=\u00bbcolor-588725&#8243; radius=\u00bbbtn-square\u00bb border_width=\u00bb0&#8243; link=\u00bburl:https%3A%2F%2Fohcesarparis.com%2Fwp-content%2Fuploads%2F2024%2F08%2FMENU-EVJF-CESAR.pdf|title:EVJF%20%2F%20EVG|target:_blank\u00bb]Special EVJF\/EVG menu[\/vc_button][\/vc_column_inner][\/vc_row_inner][\/vc_accordion_tab][\/vc_accordion][\/vc_column][vc_column width=\u00bb1\/2&#8243;][vc_raw_html]JTNDc2NyaXB0JTIwdHlwZSUzRCUyMnRleHQlMkZqYXZhc2NyaXB0JTIyJTIwc3JjJTNEJTIyaHR0cHMlM0ElMkYlMkZ3d3cudG91cmJpei1nZXN0aW9uLm5ldCUyRnVzZXIlMkZvaGFwcHljZXNhciUyRnByZC5waHAlM0ZhY3QlM0Rqcy1mcmFtZS1oJTI2YW1wJTNCaWQlM0Q0MyUyMiUzRSUzQyUyRnNjcmlwdCUzRSUwQSUzQ3NjcmlwdCUyMHR5cGUlM0QlMjJ0ZXh0JTJGamF2YXNjcmlwdCUyMiUzRSUwQWZ1bmN0aW9uJTIwbW9udHJlRnJhbWUyJTI4biUyOSU3QiUwQSUwOXZhciUyMHVybF9wYW5pZXIlMjAlM0QlMjAlMjJodHRwcyUzQSUyRiUyRm9oY2VzYXJwYXJpcy5jb20lMkZlbiUyRmNhcnQlMkYlMjIlM0IlMEElMDl2YXIlMjB0YlVybCUyMCUzRCUyMCUyN2h0dHBzJTNBJTJGJTJGd3d3LnRvdXJiaXotZ2VzdGlvbi5uZXQlMkZ1c2VyJTJGb2hhcHB5Y2VzYXIlMkZwcmQucGhwJTNGcmVzcG9uc2l2ZSUzRDElMjZ0aXRyZSUzRDElMjZsZyUzREVOJTI2dXJscGFuaWVyJTNEJTI3JTIwJTJCJTIwdXJsX3BhbmllciUyMCUyQiUyMCUyNyUyNmlkJTNEJTI3JTJCbiUzQiUwQSUwOWRvY3VtZW50LmdldEVsZW1lbnRCeUlkJTI4JTIyQkJfRnJhbWVfNDMlMjIlMjkuc3JjJTIwJTNEJTIwdGJVcmwlM0IlMEElN0QlMEElM0MlMkZzY3JpcHQlM0UlMEElM0NwJTNFJTNDJTJGcCUzRSUzQ2RpdiUzRSUzQ2lucHV0JTIwbmFtZSUzRCUyMmxpc3RlUmFkaW8lMjIlMjB0eXBlJTNEJTIycmFkaW8lMjIlMjBpZCUzRCUyMmJ0MSUyMiUyMHZhbHVlJTNEJTIyNDMlMjIlMjBvbmNsaWNrJTNEJTIybW9udHJlRnJhbWUyJTI4dGhpcy52YWx1ZSUyOSUyMiUyMGNoZWNrZWQlM0UlMjAlM0NsYWJlbCUyMGZvciUzRCUyMmJ0MSUyMiUzRU1FTlUlMjBFVkolMjBGJTIwT1IlMjBHJTNDJTJGbGFiZWwlM0UlM0MlMkZkaXYlM0UlMEElMEElM0NkaXYlMjBzdHlsZSUzRCUyMmhlaWdodCUzQTgwMHB4JTNCJTIyJTNFJTBBJTNDc2NyaXB0JTIwdHlwZSUzRCUyMnRleHQlMkZqYXZhc2NyaXB0JTIyJTIwc3JjJTNEJTIyaHR0cHMlM0ElMkYlMkZ3d3cudG91cmJpei1nZXN0aW9uLm5ldCUyRnVzZXIlMkZvaGFwcHljZXNhciUyRnByZC5waHAlM0ZhY3QlM0RpZnJhbWUtcmVzcG9uc2l2ZSUyNmFtcCUzQmlkJTNENDMlMjZhbXAlM0JsZyUzREVOJTI2YW1wJTNCdXJscGFuaWVyJTNEJTIwaHR0cHMlM0ElMkYlMkZvaGNlc2FycGFyaXMuY29tJTJGZW4lMkZjYXJ0JTJGJTI2YW1wJTNCdGl0cmUlM0QxJTIyJTNFJTNDJTJGc2NyaXB0JTNFJTBBJTNDJTJGZGl2JTNFJTBB[\/vc_raw_html][\/vc_column][\/vc_row][vc_row unlock_row_content=\u00bbyes\u00bb row_height_percent=\u00bb0&#8243; back_image=\u00bb59552&#8243; back_repeat=\u00bbno-repeat\u00bb back_attachment=\u00bbfixed\u00bb overlay_alpha=\u00bb50&#8243; gutter_size=\u00bb3&#8243; column_width_percent=\u00bb100&#8243; shift_y=\u00bb0&#8243; z_index=\u00bb0&#8243; css=\u00bb.vc_custom_1575299830934{border-bottom-width: 60px !important;padding-top: 40px !important;}\u00bb][vc_column column_width_percent=\u00bb100&#8243; gutter_size=\u00bb3&#8243; overlay_alpha=\u00bb50&#8243; shift_x=\u00bb0&#8243; shift_y=\u00bb0&#8243; z_index=\u00bb0&#8243; medium_width=\u00bb0&#8243; width=\u00bb1\/12&#8243;][\/vc_column][vc_column width=\u00bb10\/12&#8243;][vc_column_text]\r\n<h2 style=\"text-align: center;\">Make your EVJF \/ EVG a memorable one!<\/h2>\r\n<h3 style=\"text-align: center;\">Celebrate your coming-of-age surrounded by magnificent dancers<\/h3>\r\n[\/vc_column_text][vc_row_inner][vc_column_inner width=\u00bb1\/3&#8243;][\/vc_column_inner][vc_column_inner width=\u00bb1\/3&#8243;][vc_single_image media=\u00bb59570&#8243; media_width_percent=\u00bb8&#8243; alignment=\u00bbcenter\u00bb][\/vc_column_inner][vc_column_inner width=\u00bb1\/3&#8243;][\/vc_column_inner][\/vc_row_inner][vc_row_inner row_inner_height_percent=\u00bb0&#8243; overlay_alpha=\u00bb50&#8243; gutter_size=\u00bb3&#8243; shift_y=\u00bb0&#8243; z_index=\u00bb0&#8243; css=\u00bb.vc_custom_1573575079642{margin-top: 0px !important;padding-top: 0px !important;}\u00bb][vc_column_inner column_width_percent=\u00bb100&#8243; position_vertical=\u00bbmiddle\u00bb gutter_size=\u00bb3&#8243; overlay_alpha=\u00bb50&#8243; border_color=\u00bbaccent\u00bb border_style=\u00bbdotted\u00bb shift_x=\u00bb0&#8243; shift_y=\u00bb0&#8243; shift_y_down=\u00bb0&#8243; z_index=\u00bb0&#8243; medium_width=\u00bb0&#8243; mobile_width=\u00bb0&#8243; width=\u00bb1\/4&#8243; el_class=\u00bbtxt-intro\u00bb css=\u00bb.vc_custom_1573574291469{border-left-width: 3px !important;padding-left: 30px !important;}\u00bb][vc_column_text el_class=\u00bbtxt-justify\u00bb]\r\n<h4 style=\"text-align: left;\">A tailor-made evening with a crazy show<\/h4>\r\nAnd what a show! Our dancers, acrobats, comedians and magicians will give you a unique and unforgettable experience. You won&#8217;t be able to take your eyes off your seat, so captivating are the performances.\r\n\r\nAfter the show, the Oh! C\u00e9sar is open for you to extend the evening into the night. You can dance to the latest hits and enjoy the festive atmosphere.\r\n\r\nWe can also personalize your evening by adding options such as a limousine to transport you, a personalized cake for the bride-to-be or groom-to-be, souvenir photos, gifts for guests, etc.\r\n\r\nLet us organize your <strong>bachelorette or bachelor party<\/strong> and give your friend an evening he or she won&#8217;t soon forget!\r\n\r\n[\/vc_column_text][\/vc_column_inner][vc_column_inner column_width_percent=\u00bb100&#8243; position_vertical=\u00bbmiddle\u00bb align_horizontal=\u00bbalign_center\u00bb gutter_size=\u00bb3&#8243; overlay_alpha=\u00bb50&#8243; shift_x=\u00bb0&#8243; shift_y=\u00bb0&#8243; shift_y_down=\u00bb0&#8243; z_index=\u00bb0&#8243; medium_width=\u00bb0&#8243; mobile_width=\u00bb0&#8243; width=\u00bb1\/2&#8243;][vc_single_image media=\u00bb60965&#8243; media_width_percent=\u00bb100&#8243;][vc_empty_space empty_h=\u00bb1&#8243;][\/vc_column_inner][vc_column_inner column_width_percent=\u00bb100&#8243; position_vertical=\u00bbmiddle\u00bb gutter_size=\u00bb3&#8243; overlay_alpha=\u00bb50&#8243; border_color=\u00bbaccent\u00bb border_style=\u00bbdotted\u00bb shift_x=\u00bb0&#8243; shift_y=\u00bb0&#8243; shift_y_down=\u00bb0&#8243; z_index=\u00bb0&#8243; medium_width=\u00bb0&#8243; mobile_width=\u00bb0&#8243; width=\u00bb1\/4&#8243; el_class=\u00bbtxt-intro\u00bb css=\u00bb.vc_custom_1573574416636{border-right-width: 3px !important;padding-right: 30px !important;}\u00bb][vc_column_text el_class=\u00bbtxt-justify\u00bb]The Oh! C\u00e9sar has an unforgettable evening in store for your <strong>bachelor party,<\/strong> with a lively dinner and a colorful show that will transport you to a world of rhinestones and glitter.\r\n\r\nOur talented artists &#8211; singers, dancers, magicians and aerial acrobats &#8211; will make your evening a magical, enchanting experience. <strong>And after the show, you can continue partying until 1.45am in our club, to the sounds of 80&#8217;s music.<\/strong> Our entire team is at your disposal to offer you a memorable evening and the best time of your life.[\/vc_column_text][\/vc_column_inner][\/vc_row_inner][vc_row_inner row_inner_height_percent=\u00bb0&#8243; overlay_alpha=\u00bb50&#8243; gutter_size=\u00bb3&#8243; shift_y=\u00bb0&#8243; z_index=\u00bb0&#8243; el_class=\u00bbbutton-center\u00bb][vc_column_inner column_width_percent=\u00bb100&#8243; align_horizontal=\u00bbalign_center\u00bb gutter_size=\u00bb3&#8243; overlay_alpha=\u00bb50&#8243; shift_x=\u00bb0&#8243; shift_y=\u00bb0&#8243; shift_y_down=\u00bb0&#8243; z_index=\u00bb0&#8243; medium_width=\u00bb0&#8243; mobile_width=\u00bb0&#8243; width=\u00bb2\/12&#8243;][\/vc_column_inner][vc_column_inner column_width_percent=\u00bb100&#8243; align_horizontal=\u00bbalign_center\u00bb gutter_size=\u00bb3&#8243; overlay_alpha=\u00bb50&#8243; shift_x=\u00bb0&#8243; shift_y=\u00bb0&#8243; shift_y_down=\u00bb0&#8243; z_index=\u00bb0&#8243; medium_width=\u00bb0&#8243; mobile_width=\u00bb0&#8243; width=\u00bb4\/12&#8243;][vc_button button_color=\u00bbcolor-513739&#8243; radius=\u00bbbtn-square\u00bb border_width=\u00bb0&#8243; link=\u00bburl:https%3A%2F%2Fohcesarparis.com%2Fen%2Fcontact%2F%23contact-form-ancre|title:The%20Parisian%20review%20of%20Oh!C%C3%A9sar\u00bb]Book the Oh! C\u00e9sar[\/vc_button][\/vc_column_inner][vc_column_inner column_width_percent=\u00bb100&#8243; align_horizontal=\u00bbalign_center\u00bb gutter_size=\u00bb3&#8243; overlay_alpha=\u00bb50&#8243; shift_x=\u00bb0&#8243; shift_y=\u00bb0&#8243; shift_y_down=\u00bb0&#8243; z_index=\u00bb0&#8243; medium_width=\u00bb0&#8243; mobile_width=\u00bb0&#8243; width=\u00bb4\/12&#8243;][vc_button button_color=\u00bbcolor-513739&#8243; radius=\u00bbbtn-square\u00bb border_width=\u00bb0&#8243; link=\u00bburl:https%3A%2F%2Fohcesarparis.com%2Fwp-content%2Fuploads%2F2023%2F06%2FMENU-EVFG.pdf|title:The%20Parisian%20review%20of%20Oh!C%C3%A9sar|target:_blank\u00bb]Special EVJF\/EVG menu[\/vc_button][\/vc_column_inner][vc_column_inner width=\u00bb2\/12&#8243;][\/vc_column_inner][\/vc_row_inner][vc_empty_space empty_h=\u00bb3&#8243;][\/vc_column][vc_column width=\u00bb1\/12&#8243;][\/vc_column][\/vc_row][vc_row row_height_percent=\u00bb0&#8243; back_image=\u00bb59614&#8243; overlay_alpha=\u00bb50&#8243; gutter_size=\u00bb3&#8243; column_width_percent=\u00bb100&#8243; shift_y=\u00bb0&#8243; z_index=\u00bb0&#8243; row_name=\u00bbformulaire\u00bb css=\u00bb.vc_custom_1575037237660{padding-top: 40px !important;padding-bottom: 40px !important;}\u00bb][vc_column column_width_percent=\u00bb100&#8243; gutter_size=\u00bb3&#8243; overlay_alpha=\u00bb50&#8243; shift_x=\u00bb0&#8243; shift_y=\u00bb0&#8243; shift_y_down=\u00bb0&#8243; z_index=\u00bb0&#8243; medium_width=\u00bb0&#8243; mobile_width=\u00bb0&#8243; width=\u00bb1\/1&#8243;][vc_column_text el_class=\u00bbtitre-avis\u00bb]\r\n<p style=\"font-size: 30px; font-weight: bold; text-align: center;\"><span style=\"color: #ffffff;\">CONTACT US<\/span><\/p>\r\n\r\n<h2 style=\"text-align: center; margin-top: 0px;\">As you can see, the Oh! C\u00e9sar is the ideal place to go out in Paris!<\/h2>\r\n<h3 style=\"text-align: center;\">Take advantage of a visit to our beautiful capital to discover a legendary Cabaret<\/h3>\r\n[\/vc_column_text][vc_single_image media=\u00bb59478&#8243; media_width_use_pixel=\u00bbyes\u00bb media_ratio=\u00bbone-one\u00bb alignment=\u00bbcenter\u00bb media_width_pixel=\u00bb45&#8243;][vc_row_inner row_inner_height_percent=\u00bb0&#8243; overlay_alpha=\u00bb50&#8243; gutter_size=\u00bb3&#8243; shift_y=\u00bb0&#8243; z_index=\u00bb0&#8243; el_class=\u00bbform-fond-bleu\u00bb limit_content=\u00bb\u00bb][vc_column_inner width=\u00bb1\/6&#8243;][\/vc_column_inner][vc_column_inner column_width_percent=\u00bb100&#8243; align_horizontal=\u00bbalign_center\u00bb gutter_size=\u00bb3&#8243; back_color=\u00bbcolor-xsdn\u00bb overlay_alpha=\u00bb50&#8243; shift_x=\u00bb0&#8243; shift_y=\u00bb0&#8243; shift_y_down=\u00bb0&#8243; z_index=\u00bb0&#8243; medium_width=\u00bb0&#8243; mobile_width=\u00bb0&#8243; width=\u00bb1\/3&#8243; link_to=\u00bburl:https%3A%2F%2Fohcesarparis.com%2Fen%2Fcontact%2F%23contact-form-ancre\u00bb el_class=\u00bbbloc-mail\u00bb][vc_icon icon=\u00bbfa fa-envelope-o\u00bb icon_color=\u00bbaccent\u00bb size=\u00bbfa-3x\u00bb linked_title=\u00bbyes\u00bb text_lead=\u00bbyes\u00bb link=\u00bburl:https%3A%2F%2Fohcesarparis.com%2Fen%2Fcontact%2F%23contact-form-ancre\u00bb]\r\n<h3><span style=\"color: #93181b;\">YOUR REQUEST<\/span><\/h3>\r\n[\/vc_icon][vc_button button_color=\u00bbcolor-397464&#8243; size=\u00bbbtn-link\u00bb link=\u00bburl:https%3A%2F%2Fohcesarparis.com%2Fen%2Fcontact%2F%23contact-form-ancre\u00bb el_class=\u00bbunderline-red\u00bb]By Email : click here[\/vc_button][\/vc_column_inner][vc_column_inner column_width_percent=\u00bb100&#8243; align_horizontal=\u00bbalign_center\u00bb gutter_size=\u00bb3&#8243; back_color=\u00bbcolor-397464&#8243; overlay_alpha=\u00bb50&#8243; shift_x=\u00bb0&#8243; shift_y=\u00bb0&#8243; shift_y_down=\u00bb0&#8243; z_index=\u00bb0&#8243; medium_width=\u00bb0&#8243; mobile_width=\u00bb0&#8243; width=\u00bb1\/3&#8243; link_to=\u00bburl:https%3A%2F%2Fohcesarparis.com%2Fcontact%2F\u00bb el_class=\u00bbbloc-tel\u00bb][vc_icon icon=\u00bbfa fa-phone-handset\u00bb icon_color=\u00bbcolor-xsdn\u00bb size=\u00bbfa-3x\u00bb linked_title=\u00bbyes\u00bb text_lead=\u00bbyes\u00bb link=\u00bburl:https%3A%2F%2Fohcesarparis.com%2Fcontact%2F\u00bb]\r\n<h3><span style=\"color: #ffffff;\">YOUR REQUEST<\/span><\/h3>\r\n[\/vc_icon][vc_button button_color=\u00bbcolor-lxmt\u00bb size=\u00bbbtn-link\u00bb link=\u00bburl:https%3A%2F%2Fohcesarparis.com%2Fcontact%2F|\u00bb el_class=\u00bbunderline\u00bb]BY TELEPHONE: 01 45 44 46 20[\/vc_button][\/vc_column_inner][vc_column_inner width=\u00bb1\/6&#8243;][\/vc_column_inner][\/vc_row_inner][\/vc_column][\/vc_row]<\/div>","protected":false},"excerpt":{"rendered":"[vc_row row_height_percent=\u00bb0&#8243; back_color=\u00bbcolor-143597&#8243; back_image=\u00bb59724&#8243; overlay_alpha=\u00bb50&#8243; gutter_size=\u00bb3&#8243; column_width_percent=\u00bb100&#8243; shift_y=\u00bb0&#8243; z_index=\u00bb0&#8243; el_class=\u00bbtitre-page\u00bb][vc_column column_width_percent=\u00bb100&#8243; align_horizontal=\u00bbalign_center\u00bb gutter_size=\u00bb3&#8243; style=\u00bbdark\u00bb overlay_alpha=\u00bb50&#8243; shift_x=\u00bb0&#8243; shift_y=\u00bb0&#8243; shift_y_down=\u00bb0&#8243; z_index=\u00bb0&#8243; medium_width=\u00bb0&#8243; [&hellip;]","protected":false},"author":6,"featured_media":0,"parent":0,"menu_order":0,"comment_status":"closed","ping_status":"closed","template":"","meta":{"footnotes":""},"class_list":["post-69320","page","type-page","status-publish","hentry"],"yoast_head":"<!-- This site is optimized with the Yoast SEO plugin v26.9 - https:\/\/yoast.com\/product\/yoast-seo-wordpress\/ -->\n<title>Make your EVJF \/ EVG memorable - Cabaret Oh! C\u00e9sar<\/title>\n<meta name=\"description\" content=\"It&#039;s quite an event to organize an EVJF or an EVG. The entire Oh! team C\u00e9sar is here to make your evening a memorable one.\" \/>\n<meta name=\"robots\" content=\"index, follow, max-snippet:-1, max-image-preview:large, max-video-preview:-1\" \/>\n<link rel=\"canonical\" href=\"https:\/\/ohcesarparis.com\/es\/bachelor-bachelorette-party\/\" \/>\n<meta property=\"og:locale\" content=\"es_ES\" \/>\n<meta property=\"og:type\" content=\"article\" \/>\n<meta property=\"og:title\" content=\"Make your EVJF \/ EVG memorable - Cabaret Oh! C\u00e9sar\" \/>\n<meta property=\"og:description\" content=\"It&#039;s quite an event to organize an EVJF or an EVG. The entire Oh! team C\u00e9sar is here to make your evening a memorable one.\" \/>\n<meta property=\"og:url\" content=\"https:\/\/ohcesarparis.com\/es\/bachelor-bachelorette-party\/\" \/>\n<meta property=\"og:site_name\" content=\"Oh C\u00e9sar by C\u00e9sar Palace Paris\" \/>\n<meta property=\"article:publisher\" content=\"https:\/\/www.facebook.com\/CesarPalaceParis\" \/>\n<meta property=\"article:modified_time\" content=\"2025-07-22T14:53:30+00:00\" \/>\n<meta name=\"twitter:card\" content=\"summary_large_image\" \/>\n<meta name=\"twitter:site\" content=\"@CsarPalaceParis\" \/>\n<meta name=\"twitter:label1\" content=\"Tiempo de lectura\" \/>\n\t<meta name=\"twitter:data1\" content=\"8 minutos\" \/>\n<script type=\"application\/ld+json\" class=\"yoast-schema-graph\">{\"@context\":\"https:\/\/schema.org\",\"@graph\":[{\"@type\":\"WebPage\",\"@id\":\"https:\/\/ohcesarparis.com\/es\/bachelor-bachelorette-party\/\",\"url\":\"https:\/\/ohcesarparis.com\/es\/bachelor-bachelorette-party\/\",\"name\":\"Make your EVJF \/ EVG memorable - Cabaret Oh! C\u00e9sar\",\"isPartOf\":{\"@id\":\"https:\/\/ohcesarparis.com\/es\/#website\"},\"datePublished\":\"2020-01-13T10:06:46+00:00\",\"dateModified\":\"2025-07-22T14:53:30+00:00\",\"description\":\"It's quite an event to organize an EVJF or an EVG. The entire Oh! team C\u00e9sar is here to make your evening a memorable one.\",\"breadcrumb\":{\"@id\":\"https:\/\/ohcesarparis.com\/es\/bachelor-bachelorette-party\/#breadcrumb\"},\"inLanguage\":\"es\",\"potentialAction\":[{\"@type\":\"ReadAction\",\"target\":[\"https:\/\/ohcesarparis.com\/es\/bachelor-bachelorette-party\/\"]}]},{\"@type\":\"BreadcrumbList\",\"@id\":\"https:\/\/ohcesarparis.com\/es\/bachelor-bachelorette-party\/#breadcrumb\",\"itemListElement\":[{\"@type\":\"ListItem\",\"position\":1,\"name\":\"Accueil\",\"item\":\"https:\/\/ohcesarparis.com\/es\/\"},{\"@type\":\"ListItem\",\"position\":2,\"name\":\"Bachelor\/Bachelorette party\"}]},{\"@type\":\"WebSite\",\"@id\":\"https:\/\/ohcesarparis.com\/es\/#website\",\"url\":\"https:\/\/ohcesarparis.com\/es\/\",\"name\":\"Oh C\u00e9sar by C\u00e9sar Palace Paris\",\"description\":\"Passez une soir\u00e9e de r\u00eave au cabaret\",\"publisher\":{\"@id\":\"https:\/\/ohcesarparis.com\/es\/#organization\"},\"potentialAction\":[{\"@type\":\"SearchAction\",\"target\":{\"@type\":\"EntryPoint\",\"urlTemplate\":\"https:\/\/ohcesarparis.com\/es\/?s={search_term_string}\"},\"query-input\":{\"@type\":\"PropertyValueSpecification\",\"valueRequired\":true,\"valueName\":\"search_term_string\"}}],\"inLanguage\":\"es\"},{\"@type\":\"Organization\",\"@id\":\"https:\/\/ohcesarparis.com\/es\/#organization\",\"name\":\"Oh Cesar Paris\",\"url\":\"https:\/\/ohcesarparis.com\/es\/\",\"logo\":{\"@type\":\"ImageObject\",\"inLanguage\":\"es\",\"@id\":\"https:\/\/ohcesarparis.com\/es\/#\/schema\/logo\/image\/\",\"url\":\"https:\/\/ohcesarparis.com\/wp-content\/uploads\/2017\/03\/logo-oh-cesar-by-cesar-palace-paris.png\",\"contentUrl\":\"https:\/\/ohcesarparis.com\/wp-content\/uploads\/2017\/03\/logo-oh-cesar-by-cesar-palace-paris.png\",\"width\":240,\"height\":70,\"caption\":\"Oh Cesar Paris\"},\"image\":{\"@id\":\"https:\/\/ohcesarparis.com\/es\/#\/schema\/logo\/image\/\"},\"sameAs\":[\"https:\/\/www.facebook.com\/CesarPalaceParis\",\"https:\/\/x.com\/CsarPalaceParis\",\"https:\/\/www.instagram.com\/cesarpalaceparis\/\"]}]}<\/script>\n<!-- \/ Yoast SEO plugin. -->","yoast_head_json":{"title":"Make your EVJF \/ EVG memorable - Cabaret Oh! C\u00e9sar","description":"It's quite an event to organize an EVJF or an EVG. The entire Oh! team C\u00e9sar is here to make your evening a memorable one.","robots":{"index":"index","follow":"follow","max-snippet":"max-snippet:-1","max-image-preview":"max-image-preview:large","max-video-preview":"max-video-preview:-1"},"canonical":"https:\/\/ohcesarparis.com\/es\/bachelor-bachelorette-party\/","og_locale":"es_ES","og_type":"article","og_title":"Make your EVJF \/ EVG memorable - Cabaret Oh! C\u00e9sar","og_description":"It's quite an event to organize an EVJF or an EVG. The entire Oh! team C\u00e9sar is here to make your evening a memorable one.","og_url":"https:\/\/ohcesarparis.com\/es\/bachelor-bachelorette-party\/","og_site_name":"Oh C\u00e9sar by C\u00e9sar Palace Paris","article_publisher":"https:\/\/www.facebook.com\/CesarPalaceParis","article_modified_time":"2025-07-22T14:53:30+00:00","twitter_card":"summary_large_image","twitter_site":"@CsarPalaceParis","twitter_misc":{"Tiempo de lectura":"8 minutos"},"schema":{"@context":"https:\/\/schema.org","@graph":[{"@type":"WebPage","@id":"https:\/\/ohcesarparis.com\/es\/bachelor-bachelorette-party\/","url":"https:\/\/ohcesarparis.com\/es\/bachelor-bachelorette-party\/","name":"Make your EVJF \/ EVG memorable - Cabaret Oh! C\u00e9sar","isPartOf":{"@id":"https:\/\/ohcesarparis.com\/es\/#website"},"datePublished":"2020-01-13T10:06:46+00:00","dateModified":"2025-07-22T14:53:30+00:00","description":"It's quite an event to organize an EVJF or an EVG. The entire Oh! team C\u00e9sar is here to make your evening a memorable one.","breadcrumb":{"@id":"https:\/\/ohcesarparis.com\/es\/bachelor-bachelorette-party\/#breadcrumb"},"inLanguage":"es","potentialAction":[{"@type":"ReadAction","target":["https:\/\/ohcesarparis.com\/es\/bachelor-bachelorette-party\/"]}]},{"@type":"BreadcrumbList","@id":"https:\/\/ohcesarparis.com\/es\/bachelor-bachelorette-party\/#breadcrumb","itemListElement":[{"@type":"ListItem","position":1,"name":"Accueil","item":"https:\/\/ohcesarparis.com\/es\/"},{"@type":"ListItem","position":2,"name":"Bachelor\/Bachelorette party"}]},{"@type":"WebSite","@id":"https:\/\/ohcesarparis.com\/es\/#website","url":"https:\/\/ohcesarparis.com\/es\/","name":"Oh C\u00e9sar by C\u00e9sar Palace Paris","description":"Passez une soir\u00e9e de r\u00eave au cabaret","publisher":{"@id":"https:\/\/ohcesarparis.com\/es\/#organization"},"potentialAction":[{"@type":"SearchAction","target":{"@type":"EntryPoint","urlTemplate":"https:\/\/ohcesarparis.com\/es\/?s={search_term_string}"},"query-input":{"@type":"PropertyValueSpecification","valueRequired":true,"valueName":"search_term_string"}}],"inLanguage":"es"},{"@type":"Organization","@id":"https:\/\/ohcesarparis.com\/es\/#organization","name":"Oh Cesar Paris","url":"https:\/\/ohcesarparis.com\/es\/","logo":{"@type":"ImageObject","inLanguage":"es","@id":"https:\/\/ohcesarparis.com\/es\/#\/schema\/logo\/image\/","url":"https:\/\/ohcesarparis.com\/wp-content\/uploads\/2017\/03\/logo-oh-cesar-by-cesar-palace-paris.png","contentUrl":"https:\/\/ohcesarparis.com\/wp-content\/uploads\/2017\/03\/logo-oh-cesar-by-cesar-palace-paris.png","width":240,"height":70,"caption":"Oh Cesar Paris"},"image":{"@id":"https:\/\/ohcesarparis.com\/es\/#\/schema\/logo\/image\/"},"sameAs":["https:\/\/www.facebook.com\/CesarPalaceParis","https:\/\/x.com\/CsarPalaceParis","https:\/\/www.instagram.com\/cesarpalaceparis\/"]}]}},"_links":{"self":[{"href":"https:\/\/ohcesarparis.com\/es\/wp-json\/wp\/v2\/pages\/69320","targetHints":{"allow":["GET"]}}],"collection":[{"href":"https:\/\/ohcesarparis.com\/es\/wp-json\/wp\/v2\/pages"}],"about":[{"href":"https:\/\/ohcesarparis.com\/es\/wp-json\/wp\/v2\/types\/page"}],"author":[{"embeddable":true,"href":"https:\/\/ohcesarparis.com\/es\/wp-json\/wp\/v2\/users\/6"}],"replies":[{"embeddable":true,"href":"https:\/\/ohcesarparis.com\/es\/wp-json\/wp\/v2\/comments?post=69320"}],"version-history":[{"count":6,"href":"https:\/\/ohcesarparis.com\/es\/wp-json\/wp\/v2\/pages\/69320\/revisions"}],"predecessor-version":[{"id":73624,"href":"https:\/\/ohcesarparis.com\/es\/wp-json\/wp\/v2\/pages\/69320\/revisions\/73624"}],"wp:attachment":[{"href":"https:\/\/ohcesarparis.com\/es\/wp-json\/wp\/v2\/media?parent=69320"}],"curies":[{"name":"wp","href":"https:\/\/api.w.org\/{rel}","templated":true}]}}