{"id":73633,"date":"2025-07-22T17:30:08","date_gmt":"2025-07-22T15:30:08","guid":{"rendered":"https:\/\/ohcesarparis.com\/?page_id=73633"},"modified":"2025-07-25T17:58:27","modified_gmt":"2025-07-25T15:58:27","slug":"our-eco%e2%80%91responsible-cabaret","status":"publish","type":"page","link":"https:\/\/ohcesarparis.com\/en\/our-eco%e2%80%91responsible-cabaret\/","title":{"rendered":"Our eco\u2011responsible cabaret"},"content":{"rendered":"<div class=\"wpb-content-wrapper\">[vc_row row_height_percent=&#8221;0&#8243; back_color=&#8221;color-143597&#8243; back_image=&#8221;59724&#8243; overlay_alpha=&#8221;50&#8243; gutter_size=&#8221;3&#8243; column_width_percent=&#8221;100&#8243; shift_y=&#8221;0&#8243; z_index=&#8221;0&#8243; el_class=&#8221;titre-page&#8221;][vc_column column_width_percent=&#8221;100&#8243; align_horizontal=&#8221;align_center&#8221; gutter_size=&#8221;3&#8243; style=&#8221;dark&#8221; overlay_alpha=&#8221;50&#8243; shift_x=&#8221;0&#8243; shift_y=&#8221;0&#8243; shift_y_down=&#8221;0&#8243; z_index=&#8221;0&#8243; medium_width=&#8221;0&#8243; mobile_width=&#8221;0&#8243; width=&#8221;1\/1&#8243;][vc_column_text uncode_shortcode_id=&#8221;287453&#8243;]\r\n<h1>Our eco\u2011responsible cabaret<\/h1>\r\n<h2>Enjoy an exceptional show while respecting the environment \u2014 yes, it&#8217;s possible!<\/h2>\r\n[\/vc_column_text][vc_button button_color=&#8221;accent&#8221; border_width=&#8221;0&#8243; link=&#8221;url:https%3A%2F%2Fohcesarparis.com%2Fen%2Fcontact%2F&#8221; button_color_type=&#8221;uncode-palette&#8221; uncode_shortcode_id=&#8221;128495&#8243;]Contact us[\/vc_button][\/vc_column][\/vc_row][vc_row row_height_percent=&#8221;0&#8243; back_image=&#8221;59552&#8243; back_attachment=&#8221;fixed&#8221; overlay_color=&#8221;color-xsdn&#8221; overlay_alpha=&#8221;50&#8243; gutter_size=&#8221;3&#8243; column_width_percent=&#8221;100&#8243; shift_y=&#8221;0&#8243; z_index=&#8221;0&#8243; css=&#8221;.vc_custom_1578324292450{padding-top: 10px !important;padding-bottom: 40px !important;}&#8221;][vc_column column_width_percent=&#8221;100&#8243; position_vertical=&#8221;middle&#8221; gutter_size=&#8221;3&#8243; overlay_alpha=&#8221;50&#8243; shift_x=&#8221;0&#8243; shift_y=&#8221;0&#8243; z_index=&#8221;0&#8243; medium_width=&#8221;0&#8243; width=&#8221;1\/1&#8243;][vc_row_inner row_inner_height_percent=&#8221;0&#8243; overlay_alpha=&#8221;50&#8243; gutter_size=&#8221;3&#8243; shift_y=&#8221;0&#8243; z_index=&#8221;0&#8243; css=&#8221;.vc_custom_1631629643858{padding-top: 40px !important;}&#8221; limit_content=&#8221;&#8221; el_id=&#8221;video-spectacle&#8221;][vc_column_inner column_width_percent=&#8221;100&#8243; position_vertical=&#8221;middle&#8221; align_horizontal=&#8221;align_center&#8221; gutter_size=&#8221;3&#8243; overlay_alpha=&#8221;50&#8243; shift_x=&#8221;0&#8243; shift_y=&#8221;0&#8243; shift_y_down=&#8221;0&#8243; z_index=&#8221;0&#8243; medium_width=&#8221;0&#8243; mobile_width=&#8221;0&#8243; width=&#8221;1\/1&#8243;][vc_column_text uncode_shortcode_id=&#8221;185499&#8243;]\r\n<h2 style=\"text-align: center;\">Our cabaret is committed<\/h2>\r\n<h3 style=\"text-align: center;\">Every day, we strive to reduce our environmental impact through concrete, sustainable actions:<\/h3>\r\n[\/vc_column_text][vc_single_image media=&#8221;59578&#8243; media_width_use_pixel=&#8221;yes&#8221; alignment=&#8221;center&#8221; media_width_pixel=&#8221;45&#8243;][\/vc_column_inner][\/vc_row_inner][vc_row_inner limit_content=&#8221;&#8221;][vc_column_inner width=&#8221;1\/6&#8243;][\/vc_column_inner][vc_column_inner width=&#8221;4\/6&#8243;][vc_column_text el_class=&#8221;txt-justify&#8221; uncode_shortcode_id=&#8221;768217&#8243;]\r\n<h3 style=\"text-align: center;\">\ud83c\udf3f Energy optimization<\/h3>\r\n<p style=\"text-align: center;\">100% LED lighting<\/p>\r\n<p style=\"text-align: center;\">Motion sensors to reduce electricity consumption<\/p>\r\n\r\n<h3 style=\"text-align: center;\">\ud83d\udca7 Resource conservation<\/h3>\r\n<p style=\"text-align: center;\">Water-saving aerators on all faucets<\/p>\r\n<p style=\"text-align: center;\">Purified water fountain to limit plastic waste<\/p>\r\n\r\n<h3 style=\"text-align: center;\">\u267b\ufe0f Responsible waste management<\/h3>\r\n<p style=\"text-align: center;\">Systematic recycling and waste sorting<\/p>\r\n<p style=\"text-align: center;\">Team awareness and training on eco-friendly practices<\/p>\r\n\r\n<h3 style=\"text-align: center;\">\ud83e\uddfc Eco-friendly cleaning<\/h3>\r\n<p style=\"text-align: center;\">Exclusive use of Ecolabel-certified cleaning products<\/p>\r\n\r\n<h3 style=\"text-align: center;\">\ud83c\udf7d\ufe0f Local and short supply chain cuisine<\/h3>\r\n<p style=\"text-align: center;\">French meats and vegetables sourced from local producers<\/p>\r\n<p style=\"text-align: center;\">Pastries by Aur\u00e9lien M\u00e9tayer, young entrepreneur and junior world vice-champion in pastry<\/p>\r\n&nbsp;\r\n<p style=\"text-align: center;\"><strong>A collective commitment, serving both your enjoyment and our planet.<\/strong><\/p>\r\n[\/vc_column_text][vc_single_image media=&#8221;73677&#8243; media_width_use_pixel=&#8221;yes&#8221; alignment=&#8221;center&#8221; uncode_shortcode_id=&#8221;121215&#8243; media_width_pixel=&#8221;250&#8243;][\/vc_column_inner][vc_column_inner width=&#8221;1\/6&#8243;][\/vc_column_inner][\/vc_row_inner][vc_row_inner limit_content=&#8221;&#8221;][vc_column_inner column_width_percent=&#8221;100&#8243; align_horizontal=&#8221;align_center&#8221; gutter_size=&#8221;3&#8243; overlay_alpha=&#8221;50&#8243; shift_x=&#8221;0&#8243; shift_y=&#8221;0&#8243; shift_y_down=&#8221;0&#8243; z_index=&#8221;0&#8243; medium_width=&#8221;0&#8243; mobile_width=&#8221;0&#8243; width=&#8221;1\/1&#8243;][vc_button button_color=&#8221;accent&#8221; radius=&#8221;btn-square&#8221; border_width=&#8221;0&#8243; link=&#8221;url:http%3A%2F%2Fohcesarparis.com%2Fle-cabaret%2F|||&#8221;]LE CABARET[\/vc_button][\/vc_column_inner][\/vc_row_inner][\/vc_column][\/vc_row][vc_row row_height_percent=&#8221;0&#8243; back_image=&#8221;59614&#8243; overlay_alpha=&#8221;50&#8243; gutter_size=&#8221;3&#8243; column_width_percent=&#8221;100&#8243; shift_y=&#8221;0&#8243; z_index=&#8221;0&#8243; row_name=&#8221;formulaire&#8221; css=&#8221;.vc_custom_1575037237660{padding-top: 40px !important;padding-bottom: 40px !important;}&#8221;][vc_column column_width_percent=&#8221;100&#8243; gutter_size=&#8221;3&#8243; overlay_alpha=&#8221;50&#8243; shift_x=&#8221;0&#8243; shift_y=&#8221;0&#8243; shift_y_down=&#8221;0&#8243; z_index=&#8221;0&#8243; medium_width=&#8221;0&#8243; mobile_width=&#8221;0&#8243; width=&#8221;1\/1&#8243;][vc_column_text el_class=&#8221;titre-avis&#8221;]\r\n<p style=\"font-size: 30px; font-weight: bold; text-align: center;\"><span style=\"color: #ffffff;\">CONTACTEZ-NOUS<\/span><\/p>\r\n\r\n<h2 style=\"text-align: center; margin-top: 0px;\">Vous l\u2019aurez compris, le Oh! C\u00e9sar, c\u2019est le lieu id\u00e9al pour sortir \u00e0 Paris !<\/h2>\r\n<h3 style=\"text-align: center;\">Profitez d\u2019un passage dans notre belle capitale pour d\u00e9couvrir un mythique Cabaret<\/h3>\r\n[\/vc_column_text][vc_single_image media=&#8221;59478&#8243; media_width_use_pixel=&#8221;yes&#8221; media_ratio=&#8221;one-one&#8221; alignment=&#8221;center&#8221; media_width_pixel=&#8221;45&#8243;][vc_row_inner row_inner_height_percent=&#8221;0&#8243; overlay_alpha=&#8221;50&#8243; gutter_size=&#8221;3&#8243; shift_y=&#8221;0&#8243; z_index=&#8221;0&#8243; el_class=&#8221;form-fond-bleu&#8221; limit_content=&#8221;&#8221;][vc_column_inner width=&#8221;1\/6&#8243;][\/vc_column_inner][vc_column_inner column_width_percent=&#8221;100&#8243; align_horizontal=&#8221;align_center&#8221; gutter_size=&#8221;3&#8243; back_color=&#8221;color-xsdn&#8221; overlay_alpha=&#8221;50&#8243; shift_x=&#8221;0&#8243; shift_y=&#8221;0&#8243; shift_y_down=&#8221;0&#8243; z_index=&#8221;0&#8243; medium_width=&#8221;0&#8243; mobile_width=&#8221;0&#8243; width=&#8221;1\/3&#8243; link_to=&#8221;url:https%3A%2F%2Fohcesarparis.com%2Fcontact%2F%23contact-form&#8221; el_class=&#8221;bloc-mail&#8221;][vc_icon icon=&#8221;fa fa-envelope-o&#8221; icon_color=&#8221;accent&#8221; size=&#8221;fa-3x&#8221; linked_title=&#8221;yes&#8221; text_lead=&#8221;yes&#8221; link=&#8221;url:https%3A%2F%2Fohcesarparis.com%2Fcontact%2F%23contact-form-ancre&#8221;]\r\n<h3><span style=\"color: #93181b;\">VOTRE DEMANDE<\/span><\/h3>\r\n[\/vc_icon][vc_button button_color=&#8221;color-397464&#8243; size=&#8221;btn-link&#8221; link=&#8221;url:https%3A%2F%2Fohcesarparis.com%2Fcontact%2F%23contact-form-ancre&#8221; el_class=&#8221;underline-red&#8221;]Par Email : cliquez Ici[\/vc_button][\/vc_column_inner][vc_column_inner column_width_percent=&#8221;100&#8243; align_horizontal=&#8221;align_center&#8221; gutter_size=&#8221;3&#8243; back_color=&#8221;color-397464&#8243; overlay_alpha=&#8221;50&#8243; shift_x=&#8221;0&#8243; shift_y=&#8221;0&#8243; shift_y_down=&#8221;0&#8243; z_index=&#8221;0&#8243; medium_width=&#8221;0&#8243; mobile_width=&#8221;0&#8243; width=&#8221;1\/3&#8243; link_to=&#8221;url:https%3A%2F%2Fohcesarparis.com%2Fcontact%2F&#8221; el_class=&#8221;bloc-tel&#8221;][vc_icon icon=&#8221;fa fa-phone-handset&#8221; icon_color=&#8221;color-xsdn&#8221; size=&#8221;fa-3x&#8221; linked_title=&#8221;yes&#8221; text_lead=&#8221;yes&#8221; link=&#8221;url:https%3A%2F%2Fohcesarparis.com%2Fcontact%2F&#8221;]\r\n<h3><span style=\"color: #ffffff;\">VOTRE DEMANDE<\/span><\/h3>\r\n[\/vc_icon][vc_button button_color=&#8221;color-lxmt&#8221; size=&#8221;btn-link&#8221; link=&#8221;url:https%3A%2F%2Fohcesarparis.com%2Fcontact%2F&#8221; el_class=&#8221;underline&#8221;]PAR T\u00c9L\u00c9PHONE : 01 45 44 46 20[\/vc_button][\/vc_column_inner][vc_column_inner width=&#8221;1\/6&#8243;][\/vc_column_inner][\/vc_row_inner][\/vc_column][\/vc_row][vc_row][vc_column][vc_column_text]\r\n[\/vc_column_text][\/vc_column][\/vc_row][vc_row row_height_percent=&#8221;0&#8243; back_image=&#8221;59614&#8243; overlay_alpha=&#8221;50&#8243; gutter_size=&#8221;3&#8243; column_width_percent=&#8221;100&#8243; shift_y=&#8221;0&#8243; z_index=&#8221;0&#8243; row_name=&#8221;formulaire&#8221; css=&#8221;.vc_custom_1575037237660{padding-top: 40px !important;padding-bottom: 40px !important;}&#8221;][vc_column column_width_percent=&#8221;100&#8243; gutter_size=&#8221;3&#8243; overlay_alpha=&#8221;50&#8243; shift_x=&#8221;0&#8243; shift_y=&#8221;0&#8243; shift_y_down=&#8221;0&#8243; z_index=&#8221;0&#8243; medium_width=&#8221;0&#8243; mobile_width=&#8221;0&#8243; width=&#8221;1\/1&#8243;][vc_column_text el_class=&#8221;titre-avis&#8221;]\r\n<p style=\"font-size: 30px; font-weight: bold; text-align: center;\"><span style=\"color: #ffffff;\">CONTACT US<\/span><\/p>\r\n\r\n<h2 style=\"text-align: center; margin-top: 0px;\">As you can see, the Oh! C\u00e9sar is the ideal place to go out in Paris!<\/h2>\r\n<h3 style=\"text-align: center;\">Take advantage of a visit to our beautiful capital to discover a legendary Cabaret<\/h3>\r\n[\/vc_column_text][vc_single_image media=&#8221;59478&#8243; media_width_use_pixel=&#8221;yes&#8221; media_ratio=&#8221;one-one&#8221; alignment=&#8221;center&#8221; media_width_pixel=&#8221;45&#8243;][vc_row_inner row_inner_height_percent=&#8221;0&#8243; overlay_alpha=&#8221;50&#8243; gutter_size=&#8221;3&#8243; shift_y=&#8221;0&#8243; z_index=&#8221;0&#8243; el_class=&#8221;form-fond-bleu&#8221; limit_content=&#8221;&#8221;][vc_column_inner width=&#8221;1\/6&#8243;][\/vc_column_inner][vc_column_inner column_width_percent=&#8221;100&#8243; align_horizontal=&#8221;align_center&#8221; gutter_size=&#8221;3&#8243; back_color=&#8221;color-xsdn&#8221; overlay_alpha=&#8221;50&#8243; shift_x=&#8221;0&#8243; shift_y=&#8221;0&#8243; shift_y_down=&#8221;0&#8243; z_index=&#8221;0&#8243; medium_width=&#8221;0&#8243; mobile_width=&#8221;0&#8243; width=&#8221;1\/3&#8243; link_to=&#8221;url:https%3A%2F%2Fohcesarparis.com%2Fen%2Fcontact%2F%23contact-form-ancre&#8221; el_class=&#8221;bloc-mail&#8221;][vc_icon icon=&#8221;fa fa-envelope-o&#8221; icon_color=&#8221;accent&#8221; size=&#8221;fa-3x&#8221; linked_title=&#8221;yes&#8221; text_lead=&#8221;yes&#8221; link=&#8221;url:https%3A%2F%2Fohcesarparis.com%2Fen%2Fcontact%2F%23contact-form-ancre&#8221;]\r\n<h3><span style=\"color: #93181b;\">YOUR REQUEST<\/span><\/h3>\r\n[\/vc_icon][vc_button button_color=&#8221;color-397464&#8243; size=&#8221;btn-link&#8221; link=&#8221;url:https%3A%2F%2Fohcesarparis.com%2Fen%2Fcontact%2F%23contact-form-ancre&#8221; el_class=&#8221;underline-red&#8221;]By Email : click here[\/vc_button][\/vc_column_inner][vc_column_inner column_width_percent=&#8221;100&#8243; align_horizontal=&#8221;align_center&#8221; gutter_size=&#8221;3&#8243; back_color=&#8221;color-397464&#8243; overlay_alpha=&#8221;50&#8243; shift_x=&#8221;0&#8243; shift_y=&#8221;0&#8243; shift_y_down=&#8221;0&#8243; z_index=&#8221;0&#8243; medium_width=&#8221;0&#8243; mobile_width=&#8221;0&#8243; width=&#8221;1\/3&#8243; link_to=&#8221;url:https%3A%2F%2Fohcesarparis.com%2Fcontact%2F&#8221; el_class=&#8221;bloc-tel&#8221;][vc_icon icon=&#8221;fa fa-phone-handset&#8221; icon_color=&#8221;color-xsdn&#8221; size=&#8221;fa-3x&#8221; linked_title=&#8221;yes&#8221; text_lead=&#8221;yes&#8221; link=&#8221;url:https%3A%2F%2Fohcesarparis.com%2Fcontact%2F&#8221;]\r\n<h3><span style=\"color: #ffffff;\">YOUR REQUEST<\/span><\/h3>\r\n[\/vc_icon][vc_button button_color=&#8221;color-lxmt&#8221; size=&#8221;btn-link&#8221; link=&#8221;url:https%3A%2F%2Fohcesarparis.com%2Fcontact%2F|&#8221; el_class=&#8221;underline&#8221;]BY TELEPHONE: 01 45 44 46 20[\/vc_button][\/vc_column_inner][vc_column_inner width=&#8221;1\/6&#8243;][\/vc_column_inner][\/vc_row_inner][\/vc_column][\/vc_row]<\/div>","protected":false},"excerpt":{"rendered":"[vc_row row_height_percent=&#8221;0&#8243; back_color=&#8221;color-143597&#8243; back_image=&#8221;59724&#8243; overlay_alpha=&#8221;50&#8243; gutter_size=&#8221;3&#8243; column_width_percent=&#8221;100&#8243; shift_y=&#8221;0&#8243; z_index=&#8221;0&#8243; el_class=&#8221;titre-page&#8221;][vc_column column_width_percent=&#8221;100&#8243; align_horizontal=&#8221;align_center&#8221; gutter_size=&#8221;3&#8243; style=&#8221;dark&#8221; overlay_alpha=&#8221;50&#8243; shift_x=&#8221;0&#8243; shift_y=&#8221;0&#8243; shift_y_down=&#8221;0&#8243; z_index=&#8221;0&#8243; medium_width=&#8221;0&#8243; [&hellip;]","protected":false},"author":6,"featured_media":0,"parent":0,"menu_order":0,"comment_status":"closed","ping_status":"closed","template":"","meta":{"footnotes":""},"class_list":["post-73633","page","type-page","status-publish","hentry"],"yoast_head":"<!-- This site is optimized with the Yoast SEO plugin v26.9 - https:\/\/yoast.com\/product\/yoast-seo-wordpress\/ -->\n<title>Eco\u2011responsible cabaret &amp; sustainable dinner\u2011shows in Paris<\/title>\n<meta name=\"description\" content=\"Discover Oh! C\u00e9sar Paris, an eco\u2011responsible cabaret combining dinner\u2011show entertainment, Parisian glamour and sustainability. Enjoy eco\u2011conscious cultural evenings in the heart of the city.\" \/>\n<meta name=\"robots\" content=\"index, follow, max-snippet:-1, max-image-preview:large, max-video-preview:-1\" \/>\n<link rel=\"canonical\" href=\"https:\/\/ohcesarparis.com\/en\/our-eco%e2%80%91responsible-cabaret\/\" \/>\n<meta property=\"og:locale\" content=\"en_US\" \/>\n<meta property=\"og:type\" content=\"article\" \/>\n<meta property=\"og:title\" content=\"Eco\u2011responsible cabaret &amp; sustainable dinner\u2011shows in Paris\" \/>\n<meta property=\"og:description\" content=\"Discover Oh! C\u00e9sar Paris, an eco\u2011responsible cabaret combining dinner\u2011show entertainment, Parisian glamour and sustainability. Enjoy eco\u2011conscious cultural evenings in the heart of the city.\" \/>\n<meta property=\"og:url\" content=\"https:\/\/ohcesarparis.com\/en\/our-eco%e2%80%91responsible-cabaret\/\" \/>\n<meta property=\"og:site_name\" content=\"Oh C\u00e9sar by C\u00e9sar Palace Paris\" \/>\n<meta property=\"article:publisher\" content=\"https:\/\/www.facebook.com\/CesarPalaceParis\" \/>\n<meta property=\"article:modified_time\" content=\"2025-07-25T15:58:27+00:00\" \/>\n<meta name=\"twitter:card\" content=\"summary_large_image\" \/>\n<meta name=\"twitter:site\" content=\"@CsarPalaceParis\" \/>\n<meta name=\"twitter:label1\" content=\"Est. reading time\" \/>\n\t<meta name=\"twitter:data1\" content=\"3 minutes\" \/>\n<script type=\"application\/ld+json\" class=\"yoast-schema-graph\">{\"@context\":\"https:\/\/schema.org\",\"@graph\":[{\"@type\":\"WebPage\",\"@id\":\"https:\/\/ohcesarparis.com\/en\/our-eco%e2%80%91responsible-cabaret\/\",\"url\":\"https:\/\/ohcesarparis.com\/en\/our-eco%e2%80%91responsible-cabaret\/\",\"name\":\"Eco\u2011responsible cabaret & sustainable dinner\u2011shows in Paris\",\"isPartOf\":{\"@id\":\"https:\/\/ohcesarparis.com\/en\/#website\"},\"datePublished\":\"2025-07-22T15:30:08+00:00\",\"dateModified\":\"2025-07-25T15:58:27+00:00\",\"description\":\"Discover Oh! C\u00e9sar Paris, an eco\u2011responsible cabaret combining dinner\u2011show entertainment, Parisian glamour and sustainability. Enjoy eco\u2011conscious cultural evenings in the heart of the city.\",\"breadcrumb\":{\"@id\":\"https:\/\/ohcesarparis.com\/en\/our-eco%e2%80%91responsible-cabaret\/#breadcrumb\"},\"inLanguage\":\"en-US\",\"potentialAction\":[{\"@type\":\"ReadAction\",\"target\":[\"https:\/\/ohcesarparis.com\/en\/our-eco%e2%80%91responsible-cabaret\/\"]}]},{\"@type\":\"BreadcrumbList\",\"@id\":\"https:\/\/ohcesarparis.com\/en\/our-eco%e2%80%91responsible-cabaret\/#breadcrumb\",\"itemListElement\":[{\"@type\":\"ListItem\",\"position\":1,\"name\":\"Accueil\",\"item\":\"https:\/\/ohcesarparis.com\/en\/\"},{\"@type\":\"ListItem\",\"position\":2,\"name\":\"Our eco\u2011responsible cabaret\"}]},{\"@type\":\"WebSite\",\"@id\":\"https:\/\/ohcesarparis.com\/en\/#website\",\"url\":\"https:\/\/ohcesarparis.com\/en\/\",\"name\":\"Oh C\u00e9sar by C\u00e9sar Palace Paris\",\"description\":\"Passez une soir\u00e9e de r\u00eave au cabaret\",\"publisher\":{\"@id\":\"https:\/\/ohcesarparis.com\/en\/#organization\"},\"potentialAction\":[{\"@type\":\"SearchAction\",\"target\":{\"@type\":\"EntryPoint\",\"urlTemplate\":\"https:\/\/ohcesarparis.com\/en\/?s={search_term_string}\"},\"query-input\":{\"@type\":\"PropertyValueSpecification\",\"valueRequired\":true,\"valueName\":\"search_term_string\"}}],\"inLanguage\":\"en-US\"},{\"@type\":\"Organization\",\"@id\":\"https:\/\/ohcesarparis.com\/en\/#organization\",\"name\":\"Oh Cesar Paris\",\"url\":\"https:\/\/ohcesarparis.com\/en\/\",\"logo\":{\"@type\":\"ImageObject\",\"inLanguage\":\"en-US\",\"@id\":\"https:\/\/ohcesarparis.com\/en\/#\/schema\/logo\/image\/\",\"url\":\"https:\/\/ohcesarparis.com\/wp-content\/uploads\/2017\/03\/logo-oh-cesar-by-cesar-palace-paris.png\",\"contentUrl\":\"https:\/\/ohcesarparis.com\/wp-content\/uploads\/2017\/03\/logo-oh-cesar-by-cesar-palace-paris.png\",\"width\":240,\"height\":70,\"caption\":\"Oh Cesar Paris\"},\"image\":{\"@id\":\"https:\/\/ohcesarparis.com\/en\/#\/schema\/logo\/image\/\"},\"sameAs\":[\"https:\/\/www.facebook.com\/CesarPalaceParis\",\"https:\/\/x.com\/CsarPalaceParis\",\"https:\/\/www.instagram.com\/cesarpalaceparis\/\"]}]}<\/script>\n<!-- \/ Yoast SEO plugin. -->","yoast_head_json":{"title":"Eco\u2011responsible cabaret & sustainable dinner\u2011shows in Paris","description":"Discover Oh! C\u00e9sar Paris, an eco\u2011responsible cabaret combining dinner\u2011show entertainment, Parisian glamour and sustainability. Enjoy eco\u2011conscious cultural evenings in the heart of the city.","robots":{"index":"index","follow":"follow","max-snippet":"max-snippet:-1","max-image-preview":"max-image-preview:large","max-video-preview":"max-video-preview:-1"},"canonical":"https:\/\/ohcesarparis.com\/en\/our-eco%e2%80%91responsible-cabaret\/","og_locale":"en_US","og_type":"article","og_title":"Eco\u2011responsible cabaret & sustainable dinner\u2011shows in Paris","og_description":"Discover Oh! C\u00e9sar Paris, an eco\u2011responsible cabaret combining dinner\u2011show entertainment, Parisian glamour and sustainability. Enjoy eco\u2011conscious cultural evenings in the heart of the city.","og_url":"https:\/\/ohcesarparis.com\/en\/our-eco%e2%80%91responsible-cabaret\/","og_site_name":"Oh C\u00e9sar by C\u00e9sar Palace Paris","article_publisher":"https:\/\/www.facebook.com\/CesarPalaceParis","article_modified_time":"2025-07-25T15:58:27+00:00","twitter_card":"summary_large_image","twitter_site":"@CsarPalaceParis","twitter_misc":{"Est. reading time":"3 minutes"},"schema":{"@context":"https:\/\/schema.org","@graph":[{"@type":"WebPage","@id":"https:\/\/ohcesarparis.com\/en\/our-eco%e2%80%91responsible-cabaret\/","url":"https:\/\/ohcesarparis.com\/en\/our-eco%e2%80%91responsible-cabaret\/","name":"Eco\u2011responsible cabaret & sustainable dinner\u2011shows in Paris","isPartOf":{"@id":"https:\/\/ohcesarparis.com\/en\/#website"},"datePublished":"2025-07-22T15:30:08+00:00","dateModified":"2025-07-25T15:58:27+00:00","description":"Discover Oh! C\u00e9sar Paris, an eco\u2011responsible cabaret combining dinner\u2011show entertainment, Parisian glamour and sustainability. Enjoy eco\u2011conscious cultural evenings in the heart of the city.","breadcrumb":{"@id":"https:\/\/ohcesarparis.com\/en\/our-eco%e2%80%91responsible-cabaret\/#breadcrumb"},"inLanguage":"en-US","potentialAction":[{"@type":"ReadAction","target":["https:\/\/ohcesarparis.com\/en\/our-eco%e2%80%91responsible-cabaret\/"]}]},{"@type":"BreadcrumbList","@id":"https:\/\/ohcesarparis.com\/en\/our-eco%e2%80%91responsible-cabaret\/#breadcrumb","itemListElement":[{"@type":"ListItem","position":1,"name":"Accueil","item":"https:\/\/ohcesarparis.com\/en\/"},{"@type":"ListItem","position":2,"name":"Our eco\u2011responsible cabaret"}]},{"@type":"WebSite","@id":"https:\/\/ohcesarparis.com\/en\/#website","url":"https:\/\/ohcesarparis.com\/en\/","name":"Oh C\u00e9sar by C\u00e9sar Palace Paris","description":"Passez une soir\u00e9e de r\u00eave au cabaret","publisher":{"@id":"https:\/\/ohcesarparis.com\/en\/#organization"},"potentialAction":[{"@type":"SearchAction","target":{"@type":"EntryPoint","urlTemplate":"https:\/\/ohcesarparis.com\/en\/?s={search_term_string}"},"query-input":{"@type":"PropertyValueSpecification","valueRequired":true,"valueName":"search_term_string"}}],"inLanguage":"en-US"},{"@type":"Organization","@id":"https:\/\/ohcesarparis.com\/en\/#organization","name":"Oh Cesar Paris","url":"https:\/\/ohcesarparis.com\/en\/","logo":{"@type":"ImageObject","inLanguage":"en-US","@id":"https:\/\/ohcesarparis.com\/en\/#\/schema\/logo\/image\/","url":"https:\/\/ohcesarparis.com\/wp-content\/uploads\/2017\/03\/logo-oh-cesar-by-cesar-palace-paris.png","contentUrl":"https:\/\/ohcesarparis.com\/wp-content\/uploads\/2017\/03\/logo-oh-cesar-by-cesar-palace-paris.png","width":240,"height":70,"caption":"Oh Cesar Paris"},"image":{"@id":"https:\/\/ohcesarparis.com\/en\/#\/schema\/logo\/image\/"},"sameAs":["https:\/\/www.facebook.com\/CesarPalaceParis","https:\/\/x.com\/CsarPalaceParis","https:\/\/www.instagram.com\/cesarpalaceparis\/"]}]}},"_links":{"self":[{"href":"https:\/\/ohcesarparis.com\/en\/wp-json\/wp\/v2\/pages\/73633","targetHints":{"allow":["GET"]}}],"collection":[{"href":"https:\/\/ohcesarparis.com\/en\/wp-json\/wp\/v2\/pages"}],"about":[{"href":"https:\/\/ohcesarparis.com\/en\/wp-json\/wp\/v2\/types\/page"}],"author":[{"embeddable":true,"href":"https:\/\/ohcesarparis.com\/en\/wp-json\/wp\/v2\/users\/6"}],"replies":[{"embeddable":true,"href":"https:\/\/ohcesarparis.com\/en\/wp-json\/wp\/v2\/comments?post=73633"}],"version-history":[{"count":8,"href":"https:\/\/ohcesarparis.com\/en\/wp-json\/wp\/v2\/pages\/73633\/revisions"}],"predecessor-version":[{"id":73682,"href":"https:\/\/ohcesarparis.com\/en\/wp-json\/wp\/v2\/pages\/73633\/revisions\/73682"}],"wp:attachment":[{"href":"https:\/\/ohcesarparis.com\/en\/wp-json\/wp\/v2\/media?parent=73633"}],"curies":[{"name":"wp","href":"https:\/\/api.w.org\/{rel}","templated":true}]}}