{"id":66780,"date":"2017-03-07T22:39:55","date_gmt":"2017-03-07T21:39:55","guid":{"rendered":"https:\/\/ohcesarparis.com\/valentines-day\/"},"modified":"2024-08-27T17:27:32","modified_gmt":"2024-08-27T15:27:32","slug":"valentines-day","status":"publish","type":"page","link":"https:\/\/ohcesarparis.com\/en\/valentines-day\/","title":{"rendered":"Valentine&#8217;s Day"},"content":{"rendered":"<div class=\"wpb-content-wrapper\">[vc_row row_height_percent=&#8221;0&#8243; back_color=&#8221;color-143597&#8243; back_image=&#8221;59724&#8243; overlay_alpha=&#8221;50&#8243; gutter_size=&#8221;3&#8243; column_width_percent=&#8221;100&#8243; shift_y=&#8221;0&#8243; z_index=&#8221;0&#8243; el_class=&#8221;titre-page&#8221;][vc_column column_width_percent=&#8221;100&#8243; align_horizontal=&#8221;align_center&#8221; gutter_size=&#8221;3&#8243; style=&#8221;dark&#8221; overlay_alpha=&#8221;50&#8243; shift_x=&#8221;0&#8243; shift_y=&#8221;0&#8243; shift_y_down=&#8221;0&#8243; z_index=&#8221;0&#8243; medium_width=&#8221;0&#8243; mobile_width=&#8221;0&#8243; width=&#8221;1\/1&#8243;][vc_column_text]\r\n<h1>Valentine&#8217;s Day evening<\/h1>\r\n<h2>Come and celebrate Valentine&#8217;s Day at Oh! C\u00e9sar<\/h2>\r\n[\/vc_column_text][\/vc_column][\/vc_row][vc_row row_height_percent=&#8221;0&#8243; override_padding=&#8221;yes&#8221; h_padding=&#8221;2&#8243; top_padding=&#8221;0&#8243; bottom_padding=&#8221;2&#8243; back_color=&#8221;color-jevc&#8221; back_image=&#8221;68305&#8243; back_attachment=&#8221;fixed&#8221; overlay_alpha=&#8221;50&#8243; gutter_size=&#8221;3&#8243; column_width_percent=&#8221;100&#8243; shift_y=&#8221;0&#8243; z_index=&#8221;0&#8243; row_name=&#8221;titre-clara&#8221; el_class=&#8221;titre-clara prog-menu prog-dates admin-resa&#8221; css=&#8221;.vc_custom_1702043475877{padding-top: 100px !important;padding-bottom: 100px !important;}&#8221;][vc_column column_width_percent=&#8221;100&#8243; align_horizontal=&#8221;align_center&#8221; gutter_size=&#8221;3&#8243; overlay_alpha=&#8221;50&#8243; shift_x=&#8221;0&#8243; shift_y=&#8221;0&#8243; z_index=&#8221;0&#8243; medium_width=&#8221;0&#8243; width=&#8221;1\/2&#8243;][vc_accordion active_tab=&#8221;1&#8243; el_id=&#8221;anchor-date&#8221; el_class=&#8221;menu-accordion&#8221;][vc_accordion_tab title=&#8221;Valentine&#8217;s Day Menu &#8211; \u20ac143 incl. VAT \/ person&#8221; tab_id=&#8221;1650449530584-4-41675783348691167940687700116795855226901704710133939&#8243;][vc_row_inner][vc_column_inner width=&#8221;1\/1&#8243;][vc_column_text el_class=&#8221;menu-resto&#8221;]\r\n<h2 style=\"text-align: center;\">Valentine&#8217;s menu<strong>\r\n<\/strong><\/h2>\r\n<p style=\"text-align: center;\"><strong><span style=\"color: #93181b; font-size: 25px; margin-top: 0;\">143 \u20ac incl. VAT<\/span><\/strong>\/<span style=\"color: #93181b;\">person<\/span><\/p>\r\n<p style=\"text-align: center;\">Includes dinner, show, club<\/p>\r\n<p style=\"text-align: center;\"><img decoding=\"async\" class=\"\" src=\"https:\/\/ohcesarparis.com\/wp-content\/uploads\/2020\/02\/clock.png\" alt=\"\" width=\"18\" height=\"18\" \/> Arrival from 7:30 pm to 8:00 pm<\/p>\r\n[\/vc_column_text][vc_button button_color=&#8221;accent&#8221; radius=&#8221;btn-square&#8221; border_width=&#8221;0&#8243; link=&#8221;url:https%3A%2F%2Fohcesarparis.com%2Fwp-content%2Fuploads%2F2024%2F08%2FMENU-SAINT-VALENTIN-1.pdf|target:_blank&#8221;]View Menu[\/vc_button][\/vc_column_inner][\/vc_row_inner][\/vc_accordion_tab][vc_accordion_tab title=&#8221;VIP Valentine&#8217;s Day Menu- \u20ac165 incl. VAT \/ person&#8221; tab_id=&#8221;1650449588119-5-21675783348691167940687700116795855226901704710133939&#8243;][vc_row_inner][vc_column_inner width=&#8221;1\/1&#8243;][vc_column_text el_class=&#8221;menu-resto red&#8221;]\r\n<h2 style=\"text-align: center;\">Vip Valentine\u2019s menu<strong>\r\n<\/strong><\/h2>\r\n<p style=\"text-align: center;\"><strong><span style=\"color: #93181b; font-size: 25px; margin-top: 0;\">\u20ac165 incl. tax<\/span><\/strong><span style=\"color: #93181b;\">\/person<\/span><\/p>\r\n<p style=\"text-align: center;\">Includes <span id=\"page4R_mcid26\" class=\"markedContent\"><span dir=\"ltr\" role=\"presentation\">Dinner, Show, Club<\/span><\/span>\r\n<span id=\"page4R_mcid28\" class=\"markedContent\"><span dir=\"ltr\" role=\"presentation\">VIP area &amp; Champagne MUMM<\/span><\/span><em>\r\n<\/em>\r\n<img decoding=\"async\" class=\"\" src=\"https:\/\/ohcesarparis.com\/wp-content\/uploads\/2020\/02\/clock.png\" alt=\"\" width=\"18\" height=\"18\" \/> Arrival from 7:30 pm to 8:00 pm<\/p>\r\n[\/vc_column_text][vc_button button_color=&#8221;accent&#8221; radius=&#8221;btn-square&#8221; border_width=&#8221;0&#8243; link=&#8221;url:https%3A%2F%2Fohcesarparis.com%2Fwp-content%2Fuploads%2F2024%2F08%2FMENU-SAINT-VALENTIN-vip.pdf|target:_blank&#8221;]View Menu[\/vc_button][\/vc_column_inner][\/vc_row_inner][\/vc_accordion_tab][\/vc_accordion][\/vc_column][vc_column width=&#8221;1\/2&#8243;][vc_raw_html]JTNDc2NyaXB0JTIwdHlwZSUzRCUyMnRleHQlMkZqYXZhc2NyaXB0JTIyJTIwc3JjJTNEJTIyaHR0cHMlM0ElMkYlMkZ3d3cudG91cmJpei1nZXN0aW9uLm5ldCUyRnVzZXIlMkZvaGFwcHljZXNhciUyRnByZC5waHAlM0ZhY3QlM0Rqcy1mcmFtZS1oJTI2aWQlM0QyNTElMjIlM0UlM0MlMkZzY3JpcHQlM0UlMEElM0NzY3JpcHQlMjB0eXBlJTNEJTIydGV4dCUyRmphdmFzY3JpcHQlMjIlM0UlMEFmdW5jdGlvbiUyMG1vbnRyZUZyYW1lMiUyOG4lMjklN0IlMEElMDl2YXIlMjB1cmxfcGFuaWVyJTIwJTNEJTIwJTIyaHR0cHMlM0ElMkYlMkZvaGNlc2FycGFyaXMuY29tJTJGcGFuaWVyJTIyJTNCJTBBJTA5dmFyJTIwdGJVcmwlMjAlM0QlMjAlMjdodHRwcyUzQSUyRiUyRnd3dy50b3VyYml6LWdlc3Rpb24ubmV0JTJGdXNlciUyRm9oYXBweWNlc2FyJTJGcHJkLnBocCUzRnJlc3BvbnNpdmUlM0QxJTI2dGl0cmUlM0QxJTI2bGclM0RGUiUyNnVybHBhbmllciUzRCUyNyUyMCUyQiUyMHVybF9wYW5pZXIlMjAlMkIlMjAlMjclMjZpZCUzRCUyNyUyQm4lM0IlMEElMDlkb2N1bWVudC5nZXRFbGVtZW50QnlJZCUyOCUyMkJCX0ZyYW1lXzI1MSUyMiUyOS5zcmMlMjAlM0QlMjB0YlVybCUzQiUwQSU3RCUwQSUzQyUyRnNjcmlwdCUzRSUwQSUzQ3AlM0UlM0NkaXYlM0UlM0NpbnB1dCUyMG5hbWUlM0QlMjdsaXN0ZVJhZGlvJTI3JTIwY2xhc3MlM0QlMjdybTElMjclMjB0eXBlJTNEJTI3cmFkaW8lMjclMjBpZCUzRGJ0MSUyMHZhbHVlJTNEJTI3MjUxJTI3JTIwb25jbGljayUzRCUyN21vbnRyZUZyYW1lMiUyOHRoaXMudmFsdWUlMjklMjclMjBjaGVja2VkJTNFJTIwJTNDbGFiZWwlMjBmb3IlM0QlMjdidDElMjclM0VWQUxFTlRJTkUlMjdTJTIwREFZJTIwTUVOVSUzQyUyRmxhYmVsJTNFJTNDJTJGZGl2JTNFJTBBJTNDZGl2JTNFJTNDaW5wdXQlMjBuYW1lJTNEJTI3bGlzdGVSYWRpbyUyNyUyMGNsYXNzJTNEJTI3cm0yJTI3JTIwdHlwZSUzRCUyN3JhZGlvJTI3JTIwaWQlM0RidDIlMjB2YWx1ZSUzRCUyNzI1MiUyNyUyMG9uY2xpY2slM0QlMjdtb250cmVGcmFtZTIlMjh0aGlzLnZhbHVlJTI5JTI3JTIwJTNFJTIwJTNDbGFiZWwlMjBmb3IlM0QlMjdidDIlMjclM0VWSVAlMjBWQUxFTlRJTkUlMjdTJTIwREFZJTIwTUVOVSUzQyUyRmxhYmVsJTNFJTNDJTJGZGl2JTNFJTBBJTNDJTJGcCUzRSUwQSUzQ2RpdiUyMHN0eWxlJTNEJTIyaGVpZ2h0JTNBODAwcHglM0IlMjIlM0UlMEElM0NzY3JpcHQlMjB0eXBlJTNEJTIydGV4dCUyRmphdmFzY3JpcHQlMjIlMjBzcmMlM0QlMjJodHRwcyUzQSUyRiUyRnd3dy50b3VyYml6LWdlc3Rpb24ubmV0JTJGdXNlciUyRm9oYXBweWNlc2FyJTJGcHJkLnBocCUzRmFjdCUzRGlmcmFtZS1yZXNwb25zaXZlJTI2aWQlM0QyNTElMjZsZyUzREZSJTI2dXJscGFuaWVyJTNEaHR0cHMlM0ElMkYlMkZvaGNlc2FycGFyaXMuY29tJTJGcGFuaWVyJTI2dGl0cmUlM0QxJTIyJTNFJTNDJTJGc2NyaXB0JTNFJTBBJTNDJTJGZGl2JTNFJTBB[\/vc_raw_html][\/vc_column][\/vc_row][vc_row row_height_percent=&#8221;0&#8243; back_image=&#8221;60160&#8243; overlay_color=&#8221;color-xsdn&#8221; overlay_alpha=&#8221;30&#8243; gutter_size=&#8221;3&#8243; column_width_percent=&#8221;100&#8243; border_color=&#8221;color-gyho&#8221; shift_y=&#8221;0&#8243; z_index=&#8221;0&#8243; row_name=&#8221;Jourdelan&#8221; css=&#8221;.vc_custom_1578392309814{border-top-width: 1px !important;border-bottom-width: 1px !important;padding-top: 40px !important;padding-bottom: 40px !important;}&#8221;][vc_column width=&#8221;1\/1&#8243;][vc_row_inner][vc_column_inner column_width_percent=&#8221;100&#8243; position_vertical=&#8221;middle&#8221; align_horizontal=&#8221;align_center&#8221; gutter_size=&#8221;3&#8243; overlay_alpha=&#8221;50&#8243; shift_x=&#8221;0&#8243; shift_y=&#8221;0&#8243; shift_y_down=&#8221;0&#8243; z_index=&#8221;0&#8243; medium_width=&#8221;0&#8243; mobile_width=&#8221;0&#8243; width=&#8221;1\/1&#8243;][vc_column_text]\r\n<h2 style=\"text-align: center;\">Valentine&#8217;s Day dinner and show menu<\/h2>\r\n<h3 style=\"text-align: center;\">Invite your loved one for a magical moment<\/h3>\r\n[\/vc_column_text][vc_single_image media=&#8221;59478&#8243; media_width_percent=&#8221;5&#8243; alignment=&#8221;center&#8221;][\/vc_column_inner][\/vc_row_inner][vc_column_text el_class=&#8221;txt-justify&#8221;]Get ready&#8230; The Oh! C\u00e9sar has everything you and your soul mate need for a unique Valentine&#8217;s Day. Enter the charming, sensual and magical world of our Cabaret.\r\n\r\nThe Oh! C\u00e9sar opens its doors and gives you a warm welcome, to get this Valentine&#8217;s Day celebration off to a great start. Take a romantic seat in our atypical room. Our Chef has put together a special Valentine&#8217;s Day meal for you to enjoy.\r\n\r\nThe Master of Ceremonies makes his entrance and announces the wonders that await you for your evening. A unique romantic moment thanks to the most humorous of Parisian revues. <strong>Take your Valentine with you Oh! C\u00e9sar, for a unique and unforgettable Valentine&#8217;s Day.<\/strong>[\/vc_column_text][vc_row_inner row_inner_height_percent=&#8221;0&#8243; overlay_alpha=&#8221;50&#8243; gutter_size=&#8221;3&#8243; shift_y=&#8221;0&#8243; z_index=&#8221;0&#8243; css=&#8221;.vc_custom_1672657305454{padding-bottom: 50px !important;}&#8221;][vc_column_inner width=&#8221;1\/12&#8243;][\/vc_column_inner][vc_column_inner column_width_percent=&#8221;100&#8243; align_horizontal=&#8221;align_center&#8221; gutter_size=&#8221;3&#8243; overlay_alpha=&#8221;50&#8243; shift_x=&#8221;0&#8243; shift_y=&#8221;0&#8243; shift_y_down=&#8221;0&#8243; z_index=&#8221;0&#8243; medium_width=&#8221;0&#8243; mobile_width=&#8221;0&#8243; width=&#8221;4\/12&#8243;][vc_single_image media=&#8221;66745&#8243; media_width_percent=&#8221;80&#8243; alignment=&#8221;center&#8221;][vc_button button_color=&#8221;accent&#8221; radius=&#8221;btn-square&#8221; border_width=&#8221;0&#8243; link=&#8221;url:https%3A%2F%2Fohcesarparis.com%2Fwp-content%2Fuploads%2F2024%2F01%2FMENU-SAINT-VALENTIN-143E.pdf|target:_blank&#8221;]View menu[\/vc_button][\/vc_column_inner][vc_column_inner width=&#8221;2\/12&#8243;][\/vc_column_inner][vc_column_inner column_width_percent=&#8221;100&#8243; align_horizontal=&#8221;align_center&#8221; gutter_size=&#8221;3&#8243; overlay_alpha=&#8221;50&#8243; shift_x=&#8221;0&#8243; shift_y=&#8221;0&#8243; shift_y_down=&#8221;0&#8243; z_index=&#8221;0&#8243; medium_width=&#8221;0&#8243; mobile_width=&#8221;0&#8243; width=&#8221;4\/12&#8243;][vc_single_image media=&#8221;66753&#8243; media_width_percent=&#8221;80&#8243; alignment=&#8221;center&#8221;][vc_button button_color=&#8221;accent&#8221; radius=&#8221;btn-square&#8221; border_width=&#8221;0&#8243; link=&#8221;url:https%3A%2F%2Fohcesarparis.com%2Fwp-content%2Fuploads%2F2024%2F01%2FMENU-SAINT-VALENTIN-VIP-165E.pdf|target:_blank&#8221;]View menu[\/vc_button][\/vc_column_inner][vc_column_inner width=&#8221;1\/12&#8243;][\/vc_column_inner][\/vc_row_inner][vc_empty_space empty_h=&#8221;2&#8243;][\/vc_column][\/vc_row][vc_row row_height_percent=&#8221;0&#8243; back_image=&#8221;59614&#8243; overlay_alpha=&#8221;50&#8243; gutter_size=&#8221;3&#8243; column_width_percent=&#8221;100&#8243; shift_y=&#8221;0&#8243; z_index=&#8221;0&#8243; row_name=&#8221;formulaire&#8221; css=&#8221;.vc_custom_1575037237660{padding-top: 40px !important;padding-bottom: 40px !important;}&#8221;][vc_column column_width_percent=&#8221;100&#8243; gutter_size=&#8221;3&#8243; overlay_alpha=&#8221;50&#8243; shift_x=&#8221;0&#8243; shift_y=&#8221;0&#8243; shift_y_down=&#8221;0&#8243; z_index=&#8221;0&#8243; medium_width=&#8221;0&#8243; mobile_width=&#8221;0&#8243; width=&#8221;1\/1&#8243;][vc_column_text el_class=&#8221;titre-avis&#8221;]\r\n<p style=\"font-size: 30px; font-weight: bold; text-align: center;\"><span style=\"color: #ffffff;\">CONTACT US<\/span><\/p>\r\n\r\n<h2 style=\"text-align: center; margin-top: 0px;\">As you can see, the Oh! C\u00e9sar is the ideal place to go out in Paris!<\/h2>\r\n<h3 style=\"text-align: center;\">Take advantage of a visit to our beautiful capital to discover a legendary Cabaret<\/h3>\r\n[\/vc_column_text][vc_single_image media=&#8221;59478&#8243; media_width_use_pixel=&#8221;yes&#8221; media_ratio=&#8221;one-one&#8221; alignment=&#8221;center&#8221; media_width_pixel=&#8221;45&#8243;][vc_row_inner row_inner_height_percent=&#8221;0&#8243; overlay_alpha=&#8221;50&#8243; gutter_size=&#8221;3&#8243; shift_y=&#8221;0&#8243; z_index=&#8221;0&#8243; el_class=&#8221;form-fond-bleu&#8221; limit_content=&#8221;&#8221;][vc_column_inner width=&#8221;1\/6&#8243;][\/vc_column_inner][vc_column_inner column_width_percent=&#8221;100&#8243; align_horizontal=&#8221;align_center&#8221; gutter_size=&#8221;3&#8243; back_color=&#8221;color-xsdn&#8221; overlay_alpha=&#8221;50&#8243; shift_x=&#8221;0&#8243; shift_y=&#8221;0&#8243; shift_y_down=&#8221;0&#8243; z_index=&#8221;0&#8243; medium_width=&#8221;0&#8243; mobile_width=&#8221;0&#8243; width=&#8221;1\/3&#8243; link_to=&#8221;url:https%3A%2F%2Fohcesarparis.com%2Fcontact%2F%23contact-form&#8221; el_class=&#8221;bloc-mail&#8221;][vc_icon icon=&#8221;fa fa-envelope-o&#8221; icon_color=&#8221;accent&#8221; size=&#8221;fa-3x&#8221; linked_title=&#8221;yes&#8221; text_lead=&#8221;yes&#8221; link=&#8221;url:https%3A%2F%2Fohcesarparis.com%2Fcontact%2F%23contact-form-ancre&#8221;]\r\n<h3><span style=\"color: #93181b;\">YOUR REQUEST<\/span><\/h3>\r\n[\/vc_icon][vc_button button_color=&#8221;color-397464&#8243; size=&#8221;btn-link&#8221; radius=&#8221;btn-round&#8221; border_animation=&#8221;btn-ripple-in&#8221; wide=&#8221;yes&#8221; border_width=&#8221;0&#8243; link=&#8221;url:https%3A%2F%2Fohcesarparis.com%2Fen%2Fcontact%2F%23contact-form-ancre|&#8221; el_class=&#8221;underline-red&#8221;]By Email : click here[\/vc_button][\/vc_column_inner][vc_column_inner column_width_percent=&#8221;100&#8243; align_horizontal=&#8221;align_center&#8221; gutter_size=&#8221;3&#8243; back_color=&#8221;color-397464&#8243; overlay_alpha=&#8221;50&#8243; shift_x=&#8221;0&#8243; shift_y=&#8221;0&#8243; shift_y_down=&#8221;0&#8243; z_index=&#8221;0&#8243; medium_width=&#8221;0&#8243; mobile_width=&#8221;0&#8243; width=&#8221;1\/3&#8243; link_to=&#8221;url:https%3A%2F%2Fohcesarparis.com%2Fcontact%2F&#8221; el_class=&#8221;bloc-tel&#8221;][vc_icon icon=&#8221;fa fa-phone-handset&#8221; icon_color=&#8221;color-xsdn&#8221; size=&#8221;fa-3x&#8221; linked_title=&#8221;yes&#8221; text_lead=&#8221;yes&#8221; link=&#8221;url:https%3A%2F%2Fohcesarparis.com%2Fcontact%2F&#8221;]\r\n<h3><span style=\"color: #ffffff;\">YOUR REQUEST<\/span><\/h3>\r\n[\/vc_icon][vc_button button_color=&#8221;color-lxmt&#8221; size=&#8221;btn-link&#8221; radius=&#8221;btn-round&#8221; border_animation=&#8221;btn-ripple-in&#8221; wide=&#8221;yes&#8221; hover_fx=&#8221;outlined&#8221; border_width=&#8221;0&#8243; link=&#8221;url:https%3A%2F%2Fohcesarparis.com%2Fen%2Fcontact%2F|&#8221; el_class=&#8221;underline&#8221;]BY PHONE: 01 45 44 46 20[\/vc_button][\/vc_column_inner][vc_column_inner width=&#8221;1\/6&#8243;][\/vc_column_inner][\/vc_row_inner][\/vc_column][\/vc_row]<\/div>","protected":false},"excerpt":{"rendered":"[vc_row row_height_percent=&#8221;0&#8243; back_color=&#8221;color-143597&#8243; back_image=&#8221;59724&#8243; overlay_alpha=&#8221;50&#8243; gutter_size=&#8221;3&#8243; column_width_percent=&#8221;100&#8243; shift_y=&#8221;0&#8243; z_index=&#8221;0&#8243; el_class=&#8221;titre-page&#8221;][vc_column column_width_percent=&#8221;100&#8243; align_horizontal=&#8221;align_center&#8221; gutter_size=&#8221;3&#8243; style=&#8221;dark&#8221; overlay_alpha=&#8221;50&#8243; shift_x=&#8221;0&#8243; shift_y=&#8221;0&#8243; shift_y_down=&#8221;0&#8243; z_index=&#8221;0&#8243; medium_width=&#8221;0&#8243; [&hellip;]","protected":false},"author":4,"featured_media":0,"parent":0,"menu_order":0,"comment_status":"closed","ping_status":"closed","template":"","meta":{"footnotes":""},"class_list":["post-66780","page","type-page","status-publish","hentry"],"yoast_head":"<!-- This site is optimized with the Yoast SEO plugin v26.9 - https:\/\/yoast.com\/product\/yoast-seo-wordpress\/ -->\n<title>Valentine&#039;s Cabaret Evening in Paris - Cabaret Oh! C\u00e9sar<\/title>\n<meta name=\"description\" content=\"Enjoy a unique evening in the Cabaret Oh! C\u00e9sar to spend an exceptional Valentine&#039;s Day in Paris.\" \/>\n<meta name=\"robots\" content=\"index, follow, max-snippet:-1, max-image-preview:large, max-video-preview:-1\" \/>\n<link rel=\"canonical\" href=\"https:\/\/ohcesarparis.com\/en\/valentines-day\/\" \/>\n<meta property=\"og:locale\" content=\"en_US\" \/>\n<meta property=\"og:type\" content=\"article\" \/>\n<meta property=\"og:title\" content=\"Valentine&#039;s Cabaret Evening in Paris - Cabaret Oh! C\u00e9sar\" \/>\n<meta property=\"og:description\" content=\"Enjoy a unique evening in the Cabaret Oh! C\u00e9sar to spend an exceptional Valentine&#039;s Day in Paris.\" \/>\n<meta property=\"og:url\" content=\"https:\/\/ohcesarparis.com\/en\/valentines-day\/\" \/>\n<meta property=\"og:site_name\" content=\"Oh C\u00e9sar by C\u00e9sar Palace Paris\" \/>\n<meta property=\"article:publisher\" content=\"https:\/\/www.facebook.com\/CesarPalaceParis\" \/>\n<meta property=\"article:modified_time\" content=\"2024-08-27T15:27:32+00:00\" \/>\n<meta property=\"og:image\" content=\"https:\/\/ohcesarparis.com\/wp-content\/uploads\/2020\/02\/clock.png\" \/>\n<meta name=\"twitter:card\" content=\"summary_large_image\" \/>\n<meta name=\"twitter:site\" content=\"@CsarPalaceParis\" \/>\n<meta name=\"twitter:label1\" content=\"Est. reading time\" \/>\n\t<meta name=\"twitter:data1\" content=\"4 minutes\" \/>\n<script type=\"application\/ld+json\" class=\"yoast-schema-graph\">{\"@context\":\"https:\/\/schema.org\",\"@graph\":[{\"@type\":\"WebPage\",\"@id\":\"https:\/\/ohcesarparis.com\/en\/valentines-day\/\",\"url\":\"https:\/\/ohcesarparis.com\/en\/valentines-day\/\",\"name\":\"Valentine's Cabaret Evening in Paris - Cabaret Oh! C\u00e9sar\",\"isPartOf\":{\"@id\":\"https:\/\/ohcesarparis.com\/en\/#website\"},\"primaryImageOfPage\":{\"@id\":\"https:\/\/ohcesarparis.com\/en\/valentines-day\/#primaryimage\"},\"image\":{\"@id\":\"https:\/\/ohcesarparis.com\/en\/valentines-day\/#primaryimage\"},\"thumbnailUrl\":\"https:\/\/ohcesarparis.com\/wp-content\/uploads\/2020\/02\/clock.png\",\"datePublished\":\"2017-03-07T21:39:55+00:00\",\"dateModified\":\"2024-08-27T15:27:32+00:00\",\"description\":\"Enjoy a unique evening in the Cabaret Oh! C\u00e9sar to spend an exceptional Valentine's Day in Paris.\",\"breadcrumb\":{\"@id\":\"https:\/\/ohcesarparis.com\/en\/valentines-day\/#breadcrumb\"},\"inLanguage\":\"en-US\",\"potentialAction\":[{\"@type\":\"ReadAction\",\"target\":[\"https:\/\/ohcesarparis.com\/en\/valentines-day\/\"]}]},{\"@type\":\"ImageObject\",\"inLanguage\":\"en-US\",\"@id\":\"https:\/\/ohcesarparis.com\/en\/valentines-day\/#primaryimage\",\"url\":\"https:\/\/ohcesarparis.com\/wp-content\/uploads\/2020\/02\/clock.png\",\"contentUrl\":\"https:\/\/ohcesarparis.com\/wp-content\/uploads\/2020\/02\/clock.png\"},{\"@type\":\"BreadcrumbList\",\"@id\":\"https:\/\/ohcesarparis.com\/en\/valentines-day\/#breadcrumb\",\"itemListElement\":[{\"@type\":\"ListItem\",\"position\":1,\"name\":\"Accueil\",\"item\":\"https:\/\/ohcesarparis.com\/en\/\"},{\"@type\":\"ListItem\",\"position\":2,\"name\":\"Valentine&#8217;s Day\"}]},{\"@type\":\"WebSite\",\"@id\":\"https:\/\/ohcesarparis.com\/en\/#website\",\"url\":\"https:\/\/ohcesarparis.com\/en\/\",\"name\":\"Oh C\u00e9sar by C\u00e9sar Palace Paris\",\"description\":\"Passez une soir\u00e9e de r\u00eave au cabaret\",\"publisher\":{\"@id\":\"https:\/\/ohcesarparis.com\/en\/#organization\"},\"potentialAction\":[{\"@type\":\"SearchAction\",\"target\":{\"@type\":\"EntryPoint\",\"urlTemplate\":\"https:\/\/ohcesarparis.com\/en\/?s={search_term_string}\"},\"query-input\":{\"@type\":\"PropertyValueSpecification\",\"valueRequired\":true,\"valueName\":\"search_term_string\"}}],\"inLanguage\":\"en-US\"},{\"@type\":\"Organization\",\"@id\":\"https:\/\/ohcesarparis.com\/en\/#organization\",\"name\":\"Oh Cesar Paris\",\"url\":\"https:\/\/ohcesarparis.com\/en\/\",\"logo\":{\"@type\":\"ImageObject\",\"inLanguage\":\"en-US\",\"@id\":\"https:\/\/ohcesarparis.com\/en\/#\/schema\/logo\/image\/\",\"url\":\"https:\/\/ohcesarparis.com\/wp-content\/uploads\/2017\/03\/logo-oh-cesar-by-cesar-palace-paris.png\",\"contentUrl\":\"https:\/\/ohcesarparis.com\/wp-content\/uploads\/2017\/03\/logo-oh-cesar-by-cesar-palace-paris.png\",\"width\":240,\"height\":70,\"caption\":\"Oh Cesar Paris\"},\"image\":{\"@id\":\"https:\/\/ohcesarparis.com\/en\/#\/schema\/logo\/image\/\"},\"sameAs\":[\"https:\/\/www.facebook.com\/CesarPalaceParis\",\"https:\/\/x.com\/CsarPalaceParis\",\"https:\/\/www.instagram.com\/cesarpalaceparis\/\"]}]}<\/script>\n<!-- \/ Yoast SEO plugin. -->","yoast_head_json":{"title":"Valentine's Cabaret Evening in Paris - Cabaret Oh! C\u00e9sar","description":"Enjoy a unique evening in the Cabaret Oh! C\u00e9sar to spend an exceptional Valentine's Day in Paris.","robots":{"index":"index","follow":"follow","max-snippet":"max-snippet:-1","max-image-preview":"max-image-preview:large","max-video-preview":"max-video-preview:-1"},"canonical":"https:\/\/ohcesarparis.com\/en\/valentines-day\/","og_locale":"en_US","og_type":"article","og_title":"Valentine's Cabaret Evening in Paris - Cabaret Oh! C\u00e9sar","og_description":"Enjoy a unique evening in the Cabaret Oh! C\u00e9sar to spend an exceptional Valentine's Day in Paris.","og_url":"https:\/\/ohcesarparis.com\/en\/valentines-day\/","og_site_name":"Oh C\u00e9sar by C\u00e9sar Palace Paris","article_publisher":"https:\/\/www.facebook.com\/CesarPalaceParis","article_modified_time":"2024-08-27T15:27:32+00:00","og_image":[{"url":"https:\/\/ohcesarparis.com\/wp-content\/uploads\/2020\/02\/clock.png","type":"","width":"","height":""}],"twitter_card":"summary_large_image","twitter_site":"@CsarPalaceParis","twitter_misc":{"Est. reading time":"4 minutes"},"schema":{"@context":"https:\/\/schema.org","@graph":[{"@type":"WebPage","@id":"https:\/\/ohcesarparis.com\/en\/valentines-day\/","url":"https:\/\/ohcesarparis.com\/en\/valentines-day\/","name":"Valentine's Cabaret Evening in Paris - Cabaret Oh! C\u00e9sar","isPartOf":{"@id":"https:\/\/ohcesarparis.com\/en\/#website"},"primaryImageOfPage":{"@id":"https:\/\/ohcesarparis.com\/en\/valentines-day\/#primaryimage"},"image":{"@id":"https:\/\/ohcesarparis.com\/en\/valentines-day\/#primaryimage"},"thumbnailUrl":"https:\/\/ohcesarparis.com\/wp-content\/uploads\/2020\/02\/clock.png","datePublished":"2017-03-07T21:39:55+00:00","dateModified":"2024-08-27T15:27:32+00:00","description":"Enjoy a unique evening in the Cabaret Oh! C\u00e9sar to spend an exceptional Valentine's Day in Paris.","breadcrumb":{"@id":"https:\/\/ohcesarparis.com\/en\/valentines-day\/#breadcrumb"},"inLanguage":"en-US","potentialAction":[{"@type":"ReadAction","target":["https:\/\/ohcesarparis.com\/en\/valentines-day\/"]}]},{"@type":"ImageObject","inLanguage":"en-US","@id":"https:\/\/ohcesarparis.com\/en\/valentines-day\/#primaryimage","url":"https:\/\/ohcesarparis.com\/wp-content\/uploads\/2020\/02\/clock.png","contentUrl":"https:\/\/ohcesarparis.com\/wp-content\/uploads\/2020\/02\/clock.png"},{"@type":"BreadcrumbList","@id":"https:\/\/ohcesarparis.com\/en\/valentines-day\/#breadcrumb","itemListElement":[{"@type":"ListItem","position":1,"name":"Accueil","item":"https:\/\/ohcesarparis.com\/en\/"},{"@type":"ListItem","position":2,"name":"Valentine&#8217;s Day"}]},{"@type":"WebSite","@id":"https:\/\/ohcesarparis.com\/en\/#website","url":"https:\/\/ohcesarparis.com\/en\/","name":"Oh C\u00e9sar by C\u00e9sar Palace Paris","description":"Passez une soir\u00e9e de r\u00eave au cabaret","publisher":{"@id":"https:\/\/ohcesarparis.com\/en\/#organization"},"potentialAction":[{"@type":"SearchAction","target":{"@type":"EntryPoint","urlTemplate":"https:\/\/ohcesarparis.com\/en\/?s={search_term_string}"},"query-input":{"@type":"PropertyValueSpecification","valueRequired":true,"valueName":"search_term_string"}}],"inLanguage":"en-US"},{"@type":"Organization","@id":"https:\/\/ohcesarparis.com\/en\/#organization","name":"Oh Cesar Paris","url":"https:\/\/ohcesarparis.com\/en\/","logo":{"@type":"ImageObject","inLanguage":"en-US","@id":"https:\/\/ohcesarparis.com\/en\/#\/schema\/logo\/image\/","url":"https:\/\/ohcesarparis.com\/wp-content\/uploads\/2017\/03\/logo-oh-cesar-by-cesar-palace-paris.png","contentUrl":"https:\/\/ohcesarparis.com\/wp-content\/uploads\/2017\/03\/logo-oh-cesar-by-cesar-palace-paris.png","width":240,"height":70,"caption":"Oh Cesar Paris"},"image":{"@id":"https:\/\/ohcesarparis.com\/en\/#\/schema\/logo\/image\/"},"sameAs":["https:\/\/www.facebook.com\/CesarPalaceParis","https:\/\/x.com\/CsarPalaceParis","https:\/\/www.instagram.com\/cesarpalaceparis\/"]}]}},"_links":{"self":[{"href":"https:\/\/ohcesarparis.com\/en\/wp-json\/wp\/v2\/pages\/66780","targetHints":{"allow":["GET"]}}],"collection":[{"href":"https:\/\/ohcesarparis.com\/en\/wp-json\/wp\/v2\/pages"}],"about":[{"href":"https:\/\/ohcesarparis.com\/en\/wp-json\/wp\/v2\/types\/page"}],"author":[{"embeddable":true,"href":"https:\/\/ohcesarparis.com\/en\/wp-json\/wp\/v2\/users\/4"}],"replies":[{"embeddable":true,"href":"https:\/\/ohcesarparis.com\/en\/wp-json\/wp\/v2\/comments?post=66780"}],"version-history":[{"count":10,"href":"https:\/\/ohcesarparis.com\/en\/wp-json\/wp\/v2\/pages\/66780\/revisions"}],"predecessor-version":[{"id":71423,"href":"https:\/\/ohcesarparis.com\/en\/wp-json\/wp\/v2\/pages\/66780\/revisions\/71423"}],"wp:attachment":[{"href":"https:\/\/ohcesarparis.com\/en\/wp-json\/wp\/v2\/media?parent=66780"}],"curies":[{"name":"wp","href":"https:\/\/api.w.org\/{rel}","templated":true}]}}