{"id":66705,"date":"2017-12-29T15:40:02","date_gmt":"2017-12-29T14:40:02","guid":{"rendered":"https:\/\/ohcesarparis.com\/terms-conditions\/"},"modified":"2023-06-19T18:11:02","modified_gmt":"2023-06-19T16:11:02","slug":"terms-conditions","status":"publish","type":"page","link":"https:\/\/ohcesarparis.com\/en\/terms-conditions\/","title":{"rendered":"Terms &amp; Conditions"},"content":{"rendered":"<div class=\"wpb-content-wrapper\">[vc_row row_height_percent=&#8221;0&#8243; back_image=&#8221;55043&#8243; overlay_alpha=&#8221;50&#8243; gutter_size=&#8221;3&#8243; shift_y=&#8221;0&#8243;][vc_column width=&#8221;1\/1&#8243;][vc_column_text]\r\n<h1><span style=\"color: #bf0844;\">TERMS AND CONDITIONS OF SALE<\/span><\/h1>\n<span style=\"color: #ffffff;\">Updated: 13\/09\/2018<\/span>\n<h3><span style=\"color: #ffffff;\">C\u00c9SAR PALACE PARIS<\/span><\/h3>\r\n[\/vc_column_text][\/vc_column][\/vc_row][vc_row row_height_percent=&#8221;0&#8243; overlay_alpha=&#8221;50&#8243; gutter_size=&#8221;3&#8243; shift_y=&#8221;0&#8243; css=&#8221;.vc_custom_1499851452345{padding-bottom: 40px !important;}&#8221;][vc_column column_width_percent=&#8221;100&#8243; overlay_alpha=&#8221;50&#8243; gutter_size=&#8221;3&#8243; medium_width=&#8221;0&#8243; shift_x=&#8221;0&#8243; shift_y=&#8221;0&#8243; z_index=&#8221;0&#8243; width=&#8221;1\/1&#8243;][vc_column_text]<span style=\"color: #800000;\"><strong> <\/strong><strong>A \u2013 CLAUSES G\u00c9N\u00c9RALES <\/strong><b><\/b><\/span>\n\nOur sales are subject to these general terms and conditions, which take precedence over all other terms and conditions of purchase, unless we expressly waive them in writing for exceptional events or services. They govern the services provided by Oh! C\u00e9sar with customers.\n\n<span style=\"color: #800000;\"><strong> <\/strong><strong>B &#8211; BOOKING CONDITIONS<\/strong><b><\/b><\/span>\nReservation requests can be made by telephone, e-mail or post. The customer will be informed as soon as possible of the possibility of his request being taken into account.\nbooking subject to availability of places or prices on the chosen dates. Acceptance of a booking request does not constitute confirmation of the booking.\nbooking.\n\nReservations are confirmed only after confirmation of availability on the desired date and, for groups of more than 10 people, the signed return of the voucher.\nand after payment of 45% deposit.\n\n<span style=\"color: #800000;\"><strong> <\/strong><strong>C &#8211; RATE<\/strong><\/span>\n\nThe rates communicated by Oh! C\u00e9sar include the show, drinks and catering, depending on the performance chosen. Any other service not included in the price will give rise to a charge.\nadditional billing. Prices are given as an indication, on the day of booking, per person, in euros, all taxes included, and are subject to change.\n\n<span style=\"color: #800000;\"><strong> <\/strong><strong>D &#8211; TERMS OF PAYMENT<\/strong><b><\/b><\/span>\n\nFor groups of more than 10 people, the balance is payable no later than 14 days before the date of the event.\n\nFor individuals of up to 10 people, the balance due will be payable by the evening of the event, unless otherwise specified.\n\n<span style=\"color: #800000;\"><strong> <\/strong><strong>E &#8211; CANCELLATION OR MODIFICATION<\/strong><\/span>\n\n<strong> <\/strong><strong>1) Cancellation by the customer <\/strong>\n\nAll cancellations must be notified to Oh! C\u00e9sar in writing or by e-mail. The date of receipt of the cancellation will be taken as the reference date for the application of the cancellation fees set out below:\n\n&#8211; The planned service will be invoiced at 100% of the agreed billing price:\n<ul>\n \t<li>In the event of cancellation (or modification of the booking which will result in a reduction in the amount of the services initially booked) less than 15 days in advance\nbefore the date of the service,<\/li>\n \t<li>In the event of no-show on the day of performance. In such cases, the deposit will be retained as partial payment of the invoice.<\/li>\n<\/ul>\n&#8211; The planned service will be invoiced at 45% of the agreed billing price:\n<ul>\n \t<li>In the event of cancellation between 15 and 30 days before the date of the service.<\/li>\n \t<li>In the event of a reduction in the number of customers validated at the time of signing the option voucher, occurring between 15 and 30 days before the date of the service, only one option will be granted.\nA 10% reduction in the number of customers validated at the time of signing the option form will be accepted without invoicing. Beyond this 10% of authorized customers, the rest of the\nreduction will be invoiced at 45% of the initially agreed invoicing price.\nIn such cases, the deposit paid will be partially deducted from the outstanding amount.<\/li>\n<\/ul>\n<strong>&#8211; Example of a reduction:<\/strong> 100 people when the option certificate is signed.\n\nChange of number of people between 15 and 30 days before the date of the service.\n\nNumber of people increases to 70. Reduction in number of authorized persons = 10%, i.e. 10 persons,\n\n20 people remain in billable cancellation. So we&#8217;ll be invoicing 70 pax at 100% + 20 people at 45% of the invoiced price agreed on the option form signed by you.\n\n&#8211; The scheduled service will not be invoiced:\n<ul>\n \t<li>In the event of cancellation (or modification of the reservation which will result in a reduction in the amount of the services initially planned) more than 30 days before the date of the service.<\/li>\n<\/ul>\nIn this case, the deposit paid will be reimbursed in full.\n\n<strong>2) Cancellation by Oh! C\u00e9sar<\/strong>\n\nIn the event of cancellation of the entire service by Oh! C\u00e9sar, the amount paid by the customer will be refunded in full. However, Oh! C\u00e9sar will not be held responsible for any damage resulting from this cancellation.C\u00e9sar will not be held responsible for any damage resulting from this cancellation.\n\n<span style=\"color: #800000;\"><strong>F &#8211; LIABILITY<\/strong><b><\/b><\/span>\n\nOh! C\u00e9sar will do everything in his power to deliver a show that meets the customer&#8217;s expectations. However, if the customer has any complaints or criticisms to make about the quality of the show or services, these will not under any circumstances give rise to any reimbursement or compensation.\n\nOh! C\u00e9sar cannot be held responsible for any failure on its part resulting from an act of Force Majeur making it absolutely impossible for it to meet its commitments. Force Majeure shall also apply to the customer.\n\n<span style=\"color: #800000;\"><strong>G &#8211; PERSONAL DATA PROTECTION<\/strong><b><\/b><\/span>\n\nThe information collected is recorded in a computerized file. They are kept for a period equal to the maximum authorized by the regulations in force and are intended for the internal services of our company, established in the European Union. In accordance with the French Data Protection Act, you have the right to access and rectify your personal data. Please refer to our Privacy Policy.\n\n<span style=\"color: #800000;\"><strong>H &#8211; APPLICABLE LAW &#8211; COMPETENT COURTS<\/strong><b><\/b><\/span>\n\nOnly French law is applicable to this contract. The Tribunal de Commerce de Paris shall have sole jurisdiction in the event of a dispute.[\/vc_column_text][\/vc_column][\/vc_row]<\/div>","protected":false},"excerpt":{"rendered":"[vc_row row_height_percent=&#8221;0&#8243; back_image=&#8221;55043&#8243; overlay_alpha=&#8221;50&#8243; gutter_size=&#8221;3&#8243; shift_y=&#8221;0&#8243;][vc_column width=&#8221;1\/1&#8243;][vc_column_text] TERMS AND CONDITIONS OF SALE Updated: 13\/09\/2018 C\u00c9SAR PALACE PARIS [\/vc_column_text][\/vc_column][\/vc_row][vc_row row_height_percent=&#8221;0&#8243; overlay_alpha=&#8221;50&#8243; [&hellip;]","protected":false},"author":4,"featured_media":0,"parent":0,"menu_order":0,"comment_status":"closed","ping_status":"closed","template":"","meta":{"footnotes":""},"class_list":["post-66705","page","type-page","status-publish","hentry"],"yoast_head":"<!-- This site is optimized with the Yoast SEO plugin v26.9 - https:\/\/yoast.com\/product\/yoast-seo-wordpress\/ -->\n<title>Terms and Conditions - Cabaret C\u00e9sar Palace Paris<\/title>\n<meta name=\"description\" content=\"The Terms and Conditions of Cabaret Oh! C\u00e9sar by C\u00e9sar Palace Paris.\" \/>\n<meta name=\"robots\" content=\"index, follow, max-snippet:-1, max-image-preview:large, max-video-preview:-1\" \/>\n<link rel=\"canonical\" href=\"https:\/\/ohcesarparis.com\/en\/terms-conditions\/\" \/>\n<meta property=\"og:locale\" content=\"en_US\" \/>\n<meta property=\"og:type\" content=\"article\" \/>\n<meta property=\"og:title\" content=\"Terms and Conditions - Cabaret C\u00e9sar Palace Paris\" \/>\n<meta property=\"og:description\" content=\"The Terms and Conditions of Cabaret Oh! C\u00e9sar by C\u00e9sar Palace Paris.\" \/>\n<meta property=\"og:url\" content=\"https:\/\/ohcesarparis.com\/en\/terms-conditions\/\" \/>\n<meta property=\"og:site_name\" content=\"Oh C\u00e9sar by C\u00e9sar Palace Paris\" \/>\n<meta property=\"article:publisher\" content=\"https:\/\/www.facebook.com\/CesarPalaceParis\" \/>\n<meta property=\"article:modified_time\" content=\"2023-06-19T16:11:02+00:00\" \/>\n<meta name=\"twitter:card\" content=\"summary_large_image\" \/>\n<meta name=\"twitter:site\" content=\"@CsarPalaceParis\" \/>\n<meta name=\"twitter:label1\" content=\"Est. reading time\" \/>\n\t<meta name=\"twitter:data1\" content=\"5 minutes\" \/>\n<script type=\"application\/ld+json\" class=\"yoast-schema-graph\">{\"@context\":\"https:\/\/schema.org\",\"@graph\":[{\"@type\":\"WebPage\",\"@id\":\"https:\/\/ohcesarparis.com\/en\/terms-conditions\/\",\"url\":\"https:\/\/ohcesarparis.com\/en\/terms-conditions\/\",\"name\":\"Terms and Conditions - Cabaret C\u00e9sar Palace Paris\",\"isPartOf\":{\"@id\":\"https:\/\/ohcesarparis.com\/en\/#website\"},\"datePublished\":\"2017-12-29T14:40:02+00:00\",\"dateModified\":\"2023-06-19T16:11:02+00:00\",\"description\":\"The Terms and Conditions of Cabaret Oh! C\u00e9sar by C\u00e9sar Palace Paris.\",\"breadcrumb\":{\"@id\":\"https:\/\/ohcesarparis.com\/en\/terms-conditions\/#breadcrumb\"},\"inLanguage\":\"en-US\",\"potentialAction\":[{\"@type\":\"ReadAction\",\"target\":[\"https:\/\/ohcesarparis.com\/en\/terms-conditions\/\"]}]},{\"@type\":\"BreadcrumbList\",\"@id\":\"https:\/\/ohcesarparis.com\/en\/terms-conditions\/#breadcrumb\",\"itemListElement\":[{\"@type\":\"ListItem\",\"position\":1,\"name\":\"Accueil\",\"item\":\"https:\/\/ohcesarparis.com\/en\/\"},{\"@type\":\"ListItem\",\"position\":2,\"name\":\"Terms &amp; Conditions\"}]},{\"@type\":\"WebSite\",\"@id\":\"https:\/\/ohcesarparis.com\/en\/#website\",\"url\":\"https:\/\/ohcesarparis.com\/en\/\",\"name\":\"Oh C\u00e9sar by C\u00e9sar Palace Paris\",\"description\":\"Passez une soir\u00e9e de r\u00eave au cabaret\",\"publisher\":{\"@id\":\"https:\/\/ohcesarparis.com\/en\/#organization\"},\"potentialAction\":[{\"@type\":\"SearchAction\",\"target\":{\"@type\":\"EntryPoint\",\"urlTemplate\":\"https:\/\/ohcesarparis.com\/en\/?s={search_term_string}\"},\"query-input\":{\"@type\":\"PropertyValueSpecification\",\"valueRequired\":true,\"valueName\":\"search_term_string\"}}],\"inLanguage\":\"en-US\"},{\"@type\":\"Organization\",\"@id\":\"https:\/\/ohcesarparis.com\/en\/#organization\",\"name\":\"Oh Cesar Paris\",\"url\":\"https:\/\/ohcesarparis.com\/en\/\",\"logo\":{\"@type\":\"ImageObject\",\"inLanguage\":\"en-US\",\"@id\":\"https:\/\/ohcesarparis.com\/en\/#\/schema\/logo\/image\/\",\"url\":\"https:\/\/ohcesarparis.com\/wp-content\/uploads\/2017\/03\/logo-oh-cesar-by-cesar-palace-paris.png\",\"contentUrl\":\"https:\/\/ohcesarparis.com\/wp-content\/uploads\/2017\/03\/logo-oh-cesar-by-cesar-palace-paris.png\",\"width\":240,\"height\":70,\"caption\":\"Oh Cesar Paris\"},\"image\":{\"@id\":\"https:\/\/ohcesarparis.com\/en\/#\/schema\/logo\/image\/\"},\"sameAs\":[\"https:\/\/www.facebook.com\/CesarPalaceParis\",\"https:\/\/x.com\/CsarPalaceParis\",\"https:\/\/www.instagram.com\/cesarpalaceparis\/\"]}]}<\/script>\n<!-- \/ Yoast SEO plugin. -->","yoast_head_json":{"title":"Terms and Conditions - Cabaret C\u00e9sar Palace Paris","description":"The Terms and Conditions of Cabaret Oh! C\u00e9sar by C\u00e9sar Palace Paris.","robots":{"index":"index","follow":"follow","max-snippet":"max-snippet:-1","max-image-preview":"max-image-preview:large","max-video-preview":"max-video-preview:-1"},"canonical":"https:\/\/ohcesarparis.com\/en\/terms-conditions\/","og_locale":"en_US","og_type":"article","og_title":"Terms and Conditions - Cabaret C\u00e9sar Palace Paris","og_description":"The Terms and Conditions of Cabaret Oh! C\u00e9sar by C\u00e9sar Palace Paris.","og_url":"https:\/\/ohcesarparis.com\/en\/terms-conditions\/","og_site_name":"Oh C\u00e9sar by C\u00e9sar Palace Paris","article_publisher":"https:\/\/www.facebook.com\/CesarPalaceParis","article_modified_time":"2023-06-19T16:11:02+00:00","twitter_card":"summary_large_image","twitter_site":"@CsarPalaceParis","twitter_misc":{"Est. reading time":"5 minutes"},"schema":{"@context":"https:\/\/schema.org","@graph":[{"@type":"WebPage","@id":"https:\/\/ohcesarparis.com\/en\/terms-conditions\/","url":"https:\/\/ohcesarparis.com\/en\/terms-conditions\/","name":"Terms and Conditions - Cabaret C\u00e9sar Palace Paris","isPartOf":{"@id":"https:\/\/ohcesarparis.com\/en\/#website"},"datePublished":"2017-12-29T14:40:02+00:00","dateModified":"2023-06-19T16:11:02+00:00","description":"The Terms and Conditions of Cabaret Oh! C\u00e9sar by C\u00e9sar Palace Paris.","breadcrumb":{"@id":"https:\/\/ohcesarparis.com\/en\/terms-conditions\/#breadcrumb"},"inLanguage":"en-US","potentialAction":[{"@type":"ReadAction","target":["https:\/\/ohcesarparis.com\/en\/terms-conditions\/"]}]},{"@type":"BreadcrumbList","@id":"https:\/\/ohcesarparis.com\/en\/terms-conditions\/#breadcrumb","itemListElement":[{"@type":"ListItem","position":1,"name":"Accueil","item":"https:\/\/ohcesarparis.com\/en\/"},{"@type":"ListItem","position":2,"name":"Terms &amp; Conditions"}]},{"@type":"WebSite","@id":"https:\/\/ohcesarparis.com\/en\/#website","url":"https:\/\/ohcesarparis.com\/en\/","name":"Oh C\u00e9sar by C\u00e9sar Palace Paris","description":"Passez une soir\u00e9e de r\u00eave au cabaret","publisher":{"@id":"https:\/\/ohcesarparis.com\/en\/#organization"},"potentialAction":[{"@type":"SearchAction","target":{"@type":"EntryPoint","urlTemplate":"https:\/\/ohcesarparis.com\/en\/?s={search_term_string}"},"query-input":{"@type":"PropertyValueSpecification","valueRequired":true,"valueName":"search_term_string"}}],"inLanguage":"en-US"},{"@type":"Organization","@id":"https:\/\/ohcesarparis.com\/en\/#organization","name":"Oh Cesar Paris","url":"https:\/\/ohcesarparis.com\/en\/","logo":{"@type":"ImageObject","inLanguage":"en-US","@id":"https:\/\/ohcesarparis.com\/en\/#\/schema\/logo\/image\/","url":"https:\/\/ohcesarparis.com\/wp-content\/uploads\/2017\/03\/logo-oh-cesar-by-cesar-palace-paris.png","contentUrl":"https:\/\/ohcesarparis.com\/wp-content\/uploads\/2017\/03\/logo-oh-cesar-by-cesar-palace-paris.png","width":240,"height":70,"caption":"Oh Cesar Paris"},"image":{"@id":"https:\/\/ohcesarparis.com\/en\/#\/schema\/logo\/image\/"},"sameAs":["https:\/\/www.facebook.com\/CesarPalaceParis","https:\/\/x.com\/CsarPalaceParis","https:\/\/www.instagram.com\/cesarpalaceparis\/"]}]}},"_links":{"self":[{"href":"https:\/\/ohcesarparis.com\/en\/wp-json\/wp\/v2\/pages\/66705","targetHints":{"allow":["GET"]}}],"collection":[{"href":"https:\/\/ohcesarparis.com\/en\/wp-json\/wp\/v2\/pages"}],"about":[{"href":"https:\/\/ohcesarparis.com\/en\/wp-json\/wp\/v2\/types\/page"}],"author":[{"embeddable":true,"href":"https:\/\/ohcesarparis.com\/en\/wp-json\/wp\/v2\/users\/4"}],"replies":[{"embeddable":true,"href":"https:\/\/ohcesarparis.com\/en\/wp-json\/wp\/v2\/comments?post=66705"}],"version-history":[{"count":2,"href":"https:\/\/ohcesarparis.com\/en\/wp-json\/wp\/v2\/pages\/66705\/revisions"}],"predecessor-version":[{"id":66707,"href":"https:\/\/ohcesarparis.com\/en\/wp-json\/wp\/v2\/pages\/66705\/revisions\/66707"}],"wp:attachment":[{"href":"https:\/\/ohcesarparis.com\/en\/wp-json\/wp\/v2\/media?parent=66705"}],"curies":[{"name":"wp","href":"https:\/\/api.w.org\/{rel}","templated":true}]}}