{"id":66699,"date":"2020-01-10T17:46:12","date_gmt":"2020-01-10T16:46:12","guid":{"rendered":"https:\/\/ohcesarparis.com\/conference\/"},"modified":"2024-03-22T10:58:55","modified_gmt":"2024-03-22T09:58:55","slug":"conference","status":"publish","type":"page","link":"https:\/\/ohcesarparis.com\/en\/conference\/","title":{"rendered":"Conference"},"content":{"rendered":"<div class=\"wpb-content-wrapper\">[vc_row row_height_percent=&#8221;0&#8243; back_color=&#8221;color-143597&#8243; back_image=&#8221;59724&#8243; overlay_alpha=&#8221;50&#8243; gutter_size=&#8221;3&#8243; column_width_percent=&#8221;100&#8243; shift_y=&#8221;0&#8243; z_index=&#8221;0&#8243; el_class=&#8221;titre-page&#8221;][vc_column column_width_percent=&#8221;100&#8243; align_horizontal=&#8221;align_center&#8221; gutter_size=&#8221;3&#8243; style=&#8221;dark&#8221; overlay_alpha=&#8221;50&#8243; shift_x=&#8221;0&#8243; shift_y=&#8221;0&#8243; shift_y_down=&#8221;0&#8243; z_index=&#8221;0&#8243; medium_width=&#8221;0&#8243; mobile_width=&#8221;0&#8243; width=&#8221;1\/1&#8243;][vc_column_text]\r\n<h1>Conference<\/h1>\r\n<h2>Organisez vos conf\u00e9rences dans un lieu original &amp; unique \u00e0 Paris<\/h2>\r\n[\/vc_column_text][vc_button button_color=&#8221;accent&#8221; border_width=&#8221;0&#8243; link=&#8221;url:https%3A%2F%2Fohcesarparis.com%2Fen%2Fcontact%2F&#8221;]Contact us[\/vc_button][\/vc_column][\/vc_row][vc_row unlock_row_content=&#8221;yes&#8221; row_height_percent=&#8221;0&#8243; back_image=&#8221;59552&#8243; back_repeat=&#8221;no-repeat&#8221; back_attachment=&#8221;fixed&#8221; overlay_alpha=&#8221;50&#8243; gutter_size=&#8221;3&#8243; column_width_percent=&#8221;100&#8243; shift_y=&#8221;0&#8243; z_index=&#8221;0&#8243; css=&#8221;.vc_custom_1575299830934{border-bottom-width: 60px !important;padding-top: 40px !important;}&#8221;][vc_column column_width_percent=&#8221;100&#8243; gutter_size=&#8221;3&#8243; overlay_alpha=&#8221;50&#8243; shift_x=&#8221;0&#8243; shift_y=&#8221;0&#8243; z_index=&#8221;0&#8243; medium_width=&#8221;0&#8243; width=&#8221;1\/12&#8243;][\/vc_column][vc_column width=&#8221;10\/12&#8243;][vc_column_text]\r\n<h2 style=\"text-align: center;\">250 m<sup>2<\/sup> of space in Paris<\/h2>\r\n<h3 style=\"text-align: center;\">An unusual and unexpected setting for your conferences<\/h3>\r\n[\/vc_column_text][vc_single_image media=&#8221;59570&#8243; media_width_use_pixel=&#8221;yes&#8221; alignment=&#8221;center&#8221; media_width_pixel=&#8221;45&#8243;][vc_row_inner row_inner_height_percent=&#8221;0&#8243; overlay_alpha=&#8221;50&#8243; gutter_size=&#8221;3&#8243; shift_y=&#8221;0&#8243; z_index=&#8221;0&#8243; css=&#8221;.vc_custom_1573575079642{margin-top: 0px !important;padding-top: 0px !important;}&#8221;][vc_column_inner column_width_percent=&#8221;100&#8243; position_vertical=&#8221;middle&#8221; gutter_size=&#8221;3&#8243; overlay_alpha=&#8221;50&#8243; border_color=&#8221;accent&#8221; border_style=&#8221;dotted&#8221; shift_x=&#8221;0&#8243; shift_y=&#8221;0&#8243; shift_y_down=&#8221;0&#8243; z_index=&#8221;0&#8243; medium_width=&#8221;0&#8243; mobile_width=&#8221;0&#8243; width=&#8221;1\/4&#8243; el_class=&#8221;txt-intro&#8221; css=&#8221;.vc_custom_1573574291469{border-left-width: 3px !important;padding-left: 30px !important;}&#8221;][vc_column_text el_class=&#8221;txt-justify&#8221;]\r\n<h4 style=\"text-align: left;\">Organize your conferences at OH! C\u00e9sar for up to 250 people and benefit from :<\/h4>\r\n<ul>\r\n \t<li>The modularity of the room<\/li>\r\n \t<li>High-quality technical equipment<\/li>\r\n \t<li>Setting up your choice<\/li>\r\n \t<li>250 m\u00b2 of space including a Lounge and Bar area<\/li>\r\n \t<li>From the cabaret stage<\/li>\r\n \t<li>And the expertise of all our teams<\/li>\r\n<\/ul>\r\nThe hall is also equipped with a state-of-the-art sound and lighting system, including overhead projector, large screen and HF microphones, stage, etc.\r\n\r\n[\/vc_column_text][\/vc_column_inner][vc_column_inner column_width_percent=&#8221;100&#8243; position_vertical=&#8221;middle&#8221; align_horizontal=&#8221;align_center&#8221; gutter_size=&#8221;3&#8243; overlay_alpha=&#8221;50&#8243; shift_x=&#8221;0&#8243; shift_y=&#8221;0&#8243; shift_y_down=&#8221;0&#8243; z_index=&#8221;0&#8243; medium_width=&#8221;0&#8243; mobile_width=&#8221;0&#8243; width=&#8221;1\/2&#8243;][vc_single_image media=&#8221;59803&#8243; media_width_percent=&#8221;100&#8243;][vc_empty_space empty_h=&#8221;1&#8243;][vc_button button_color=&#8221;color-513739&#8243; radius=&#8221;btn-square&#8221; border_width=&#8221;0&#8243; link=&#8221;url:https%3A%2F%2Fohcesarparis.com%2Fen%2Fprivatization%2F|title:The%20Parisian%20review%20of%20Oh!C%C3%A9sar&#8221;]Privatize the Oh! C\u00e9sar[\/vc_button][\/vc_column_inner][vc_column_inner column_width_percent=&#8221;100&#8243; position_vertical=&#8221;middle&#8221; gutter_size=&#8221;3&#8243; overlay_alpha=&#8221;50&#8243; border_color=&#8221;accent&#8221; border_style=&#8221;dotted&#8221; shift_x=&#8221;0&#8243; shift_y=&#8221;0&#8243; shift_y_down=&#8221;0&#8243; z_index=&#8221;0&#8243; medium_width=&#8221;0&#8243; mobile_width=&#8221;0&#8243; width=&#8221;1\/4&#8243; el_class=&#8221;txt-intro&#8221; css=&#8221;.vc_custom_1573574416636{border-right-width: 3px !important;padding-right: 30px !important;}&#8221;][vc_column_text el_class=&#8221;txt-justify&#8221;]\r\n<h4 style=\"text-align: left;\">Offer your guests an exceptional dining experience<\/h4>\r\nNeed to <strong>take a break or have lunch or dinner during your conference,<\/strong> or even a <strong>cocktail reception<\/strong>? The head chef and her team offer a tailor-made service for your conference: <strong>a meal or sweet and savoury breaks<\/strong>, adapted to your event and sure to delight your guests.\r\n\r\n<strong><span style=\"color: #93181b;\">You can count on the entire Oh team! C\u00e9sar is at your disposal to offer you an event that reflects your company&#8217;s image!<\/span><\/strong>[\/vc_column_text][\/vc_column_inner][\/vc_row_inner][vc_empty_space empty_h=&#8221;3&#8243;][\/vc_column][vc_column width=&#8221;1\/12&#8243;][\/vc_column][\/vc_row][vc_row row_height_percent=&#8221;0&#8243; back_image=&#8221;59614&#8243; overlay_alpha=&#8221;50&#8243; gutter_size=&#8221;3&#8243; column_width_percent=&#8221;100&#8243; shift_y=&#8221;0&#8243; z_index=&#8221;0&#8243; row_name=&#8221;formulaire&#8221; css=&#8221;.vc_custom_1575037237660{padding-top: 40px !important;padding-bottom: 40px !important;}&#8221;][vc_column column_width_percent=&#8221;100&#8243; gutter_size=&#8221;3&#8243; overlay_alpha=&#8221;50&#8243; shift_x=&#8221;0&#8243; shift_y=&#8221;0&#8243; shift_y_down=&#8221;0&#8243; z_index=&#8221;0&#8243; medium_width=&#8221;0&#8243; mobile_width=&#8221;0&#8243; width=&#8221;1\/1&#8243;][vc_column_text el_class=&#8221;titre-avis&#8221;]\r\n<p style=\"font-size: 30px; font-weight: bold; text-align: center;\"><span style=\"color: #ffffff;\">CONTACT US<\/span><\/p>\r\n\r\n<h2 style=\"text-align: center; margin-top: 0px;\">As you can see, the Oh! C\u00e9sar is the ideal place to go out in Paris!<\/h2>\r\n<h3 style=\"text-align: center;\">Take advantage of a visit to our beautiful capital to discover a legendary Cabaret<\/h3>\r\n[\/vc_column_text][vc_single_image media=&#8221;59478&#8243; media_width_use_pixel=&#8221;yes&#8221; media_ratio=&#8221;one-one&#8221; alignment=&#8221;center&#8221; media_width_pixel=&#8221;45&#8243;][vc_row_inner row_inner_height_percent=&#8221;0&#8243; overlay_alpha=&#8221;50&#8243; gutter_size=&#8221;3&#8243; shift_y=&#8221;0&#8243; z_index=&#8221;0&#8243; el_class=&#8221;form-fond-bleu&#8221; limit_content=&#8221;&#8221;][vc_column_inner width=&#8221;1\/6&#8243;][\/vc_column_inner][vc_column_inner column_width_percent=&#8221;100&#8243; align_horizontal=&#8221;align_center&#8221; gutter_size=&#8221;3&#8243; back_color=&#8221;color-xsdn&#8221; overlay_alpha=&#8221;50&#8243; shift_x=&#8221;0&#8243; shift_y=&#8221;0&#8243; shift_y_down=&#8221;0&#8243; z_index=&#8221;0&#8243; medium_width=&#8221;0&#8243; mobile_width=&#8221;0&#8243; width=&#8221;1\/3&#8243; link_to=&#8221;url:https%3A%2F%2Fohcesarparis.com%2Fen%2Fcontact%2F%23contact-form-ancre&#8221; el_class=&#8221;bloc-mail&#8221;][vc_icon icon=&#8221;fa fa-envelope-o&#8221; icon_color=&#8221;accent&#8221; size=&#8221;fa-3x&#8221; linked_title=&#8221;yes&#8221; text_lead=&#8221;yes&#8221; link=&#8221;url:https%3A%2F%2Fohcesarparis.com%2Fen%2Fcontact%2F%23contact-form-ancre&#8221;]\r\n<h3><span style=\"color: #93181b;\">YOUR REQUEST<\/span><\/h3>\r\n[\/vc_icon][vc_button button_color=&#8221;color-397464&#8243; size=&#8221;btn-link&#8221; radius=&#8221;btn-round&#8221; border_animation=&#8221;btn-ripple-in&#8221; wide=&#8221;yes&#8221; border_width=&#8221;0&#8243; link=&#8221;url:https%3A%2F%2Fohcesarparis.com%2Fen%2Fcontact%2F%23contact-form-ancre&#8221; el_class=&#8221;underline-red&#8221;]By Email : click here[\/vc_button][\/vc_column_inner][vc_column_inner column_width_percent=&#8221;100&#8243; align_horizontal=&#8221;align_center&#8221; gutter_size=&#8221;3&#8243; back_color=&#8221;color-397464&#8243; overlay_alpha=&#8221;50&#8243; shift_x=&#8221;0&#8243; shift_y=&#8221;0&#8243; shift_y_down=&#8221;0&#8243; z_index=&#8221;0&#8243; medium_width=&#8221;0&#8243; mobile_width=&#8221;0&#8243; width=&#8221;1\/3&#8243; link_to=&#8221;url:https%3A%2F%2Fohcesarparis.com%2Fcontact%2F&#8221; el_class=&#8221;bloc-tel&#8221;][vc_icon icon=&#8221;fa fa-phone-handset&#8221; icon_color=&#8221;color-xsdn&#8221; size=&#8221;fa-3x&#8221; linked_title=&#8221;yes&#8221; text_lead=&#8221;yes&#8221; link=&#8221;url:https%3A%2F%2Fohcesarparis.com%2Fcontact%2F&#8221;]\r\n<h3><span style=\"color: #ffffff;\">YOUR REQUEST<\/span><\/h3>\r\n[\/vc_icon][vc_button button_color=&#8221;color-lxmt&#8221; size=&#8221;btn-link&#8221; radius=&#8221;btn-round&#8221; border_animation=&#8221;btn-ripple-in&#8221; wide=&#8221;yes&#8221; hover_fx=&#8221;outlined&#8221; border_width=&#8221;0&#8243; link=&#8221;url:https%3A%2F%2Fohcesarparis.com%2Fen%2Fcontact%2F&#8221; el_class=&#8221;underline&#8221;]BY TELEPHONE: 01 45 44 46 20[\/vc_button][\/vc_column_inner][vc_column_inner width=&#8221;1\/6&#8243;][\/vc_column_inner][\/vc_row_inner][\/vc_column][\/vc_row]<\/div>","protected":false},"excerpt":{"rendered":"[vc_row row_height_percent=&#8221;0&#8243; back_color=&#8221;color-143597&#8243; back_image=&#8221;59724&#8243; overlay_alpha=&#8221;50&#8243; gutter_size=&#8221;3&#8243; column_width_percent=&#8221;100&#8243; shift_y=&#8221;0&#8243; z_index=&#8221;0&#8243; el_class=&#8221;titre-page&#8221;][vc_column column_width_percent=&#8221;100&#8243; align_horizontal=&#8221;align_center&#8221; gutter_size=&#8221;3&#8243; style=&#8221;dark&#8221; overlay_alpha=&#8221;50&#8243; shift_x=&#8221;0&#8243; shift_y=&#8221;0&#8243; shift_y_down=&#8221;0&#8243; z_index=&#8221;0&#8243; medium_width=&#8221;0&#8243; [&hellip;]","protected":false},"author":6,"featured_media":0,"parent":0,"menu_order":0,"comment_status":"closed","ping_status":"closed","template":"","meta":{"footnotes":""},"class_list":["post-66699","page","type-page","status-publish","hentry"],"yoast_head":"<!-- This site is optimized with the Yoast SEO plugin v26.9 - https:\/\/yoast.com\/product\/yoast-seo-wordpress\/ -->\n<title>Organize your conferences in an original venue - Cabaret Oh! C\u00e9sar<\/title>\n<meta name=\"description\" content=\"Take advantage of a 250 m2 space in Paris in an unusual setting to host your conferences and offer your guests an exceptional dining experience.\" \/>\n<meta name=\"robots\" content=\"index, follow, max-snippet:-1, max-image-preview:large, max-video-preview:-1\" \/>\n<link rel=\"canonical\" href=\"https:\/\/ohcesarparis.com\/en\/conference\/\" \/>\n<meta property=\"og:locale\" content=\"en_US\" \/>\n<meta property=\"og:type\" content=\"article\" \/>\n<meta property=\"og:title\" content=\"Organize your conferences in an original venue - Cabaret Oh! C\u00e9sar\" \/>\n<meta property=\"og:description\" content=\"Take advantage of a 250 m2 space in Paris in an unusual setting to host your conferences and offer your guests an exceptional dining experience.\" \/>\n<meta property=\"og:url\" content=\"https:\/\/ohcesarparis.com\/en\/conference\/\" \/>\n<meta property=\"og:site_name\" content=\"Oh C\u00e9sar by C\u00e9sar Palace Paris\" \/>\n<meta property=\"article:publisher\" content=\"https:\/\/www.facebook.com\/CesarPalaceParis\" \/>\n<meta property=\"article:modified_time\" content=\"2024-03-22T09:58:55+00:00\" \/>\n<meta name=\"twitter:card\" content=\"summary_large_image\" \/>\n<meta name=\"twitter:site\" content=\"@CsarPalaceParis\" \/>\n<meta name=\"twitter:label1\" content=\"Est. reading time\" \/>\n\t<meta name=\"twitter:data1\" content=\"3 minutes\" \/>\n<script type=\"application\/ld+json\" class=\"yoast-schema-graph\">{\"@context\":\"https:\/\/schema.org\",\"@graph\":[{\"@type\":\"WebPage\",\"@id\":\"https:\/\/ohcesarparis.com\/en\/conference\/\",\"url\":\"https:\/\/ohcesarparis.com\/en\/conference\/\",\"name\":\"Organize your conferences in an original venue - Cabaret Oh! C\u00e9sar\",\"isPartOf\":{\"@id\":\"https:\/\/ohcesarparis.com\/en\/#website\"},\"datePublished\":\"2020-01-10T16:46:12+00:00\",\"dateModified\":\"2024-03-22T09:58:55+00:00\",\"description\":\"Take advantage of a 250 m2 space in Paris in an unusual setting to host your conferences and offer your guests an exceptional dining experience.\",\"breadcrumb\":{\"@id\":\"https:\/\/ohcesarparis.com\/en\/conference\/#breadcrumb\"},\"inLanguage\":\"en-US\",\"potentialAction\":[{\"@type\":\"ReadAction\",\"target\":[\"https:\/\/ohcesarparis.com\/en\/conference\/\"]}]},{\"@type\":\"BreadcrumbList\",\"@id\":\"https:\/\/ohcesarparis.com\/en\/conference\/#breadcrumb\",\"itemListElement\":[{\"@type\":\"ListItem\",\"position\":1,\"name\":\"Accueil\",\"item\":\"https:\/\/ohcesarparis.com\/en\/\"},{\"@type\":\"ListItem\",\"position\":2,\"name\":\"Conference\"}]},{\"@type\":\"WebSite\",\"@id\":\"https:\/\/ohcesarparis.com\/en\/#website\",\"url\":\"https:\/\/ohcesarparis.com\/en\/\",\"name\":\"Oh C\u00e9sar by C\u00e9sar Palace Paris\",\"description\":\"Passez une soir\u00e9e de r\u00eave au cabaret\",\"publisher\":{\"@id\":\"https:\/\/ohcesarparis.com\/en\/#organization\"},\"potentialAction\":[{\"@type\":\"SearchAction\",\"target\":{\"@type\":\"EntryPoint\",\"urlTemplate\":\"https:\/\/ohcesarparis.com\/en\/?s={search_term_string}\"},\"query-input\":{\"@type\":\"PropertyValueSpecification\",\"valueRequired\":true,\"valueName\":\"search_term_string\"}}],\"inLanguage\":\"en-US\"},{\"@type\":\"Organization\",\"@id\":\"https:\/\/ohcesarparis.com\/en\/#organization\",\"name\":\"Oh Cesar Paris\",\"url\":\"https:\/\/ohcesarparis.com\/en\/\",\"logo\":{\"@type\":\"ImageObject\",\"inLanguage\":\"en-US\",\"@id\":\"https:\/\/ohcesarparis.com\/en\/#\/schema\/logo\/image\/\",\"url\":\"https:\/\/ohcesarparis.com\/wp-content\/uploads\/2017\/03\/logo-oh-cesar-by-cesar-palace-paris.png\",\"contentUrl\":\"https:\/\/ohcesarparis.com\/wp-content\/uploads\/2017\/03\/logo-oh-cesar-by-cesar-palace-paris.png\",\"width\":240,\"height\":70,\"caption\":\"Oh Cesar Paris\"},\"image\":{\"@id\":\"https:\/\/ohcesarparis.com\/en\/#\/schema\/logo\/image\/\"},\"sameAs\":[\"https:\/\/www.facebook.com\/CesarPalaceParis\",\"https:\/\/x.com\/CsarPalaceParis\",\"https:\/\/www.instagram.com\/cesarpalaceparis\/\"]}]}<\/script>\n<!-- \/ Yoast SEO plugin. -->","yoast_head_json":{"title":"Organize your conferences in an original venue - Cabaret Oh! C\u00e9sar","description":"Take advantage of a 250 m2 space in Paris in an unusual setting to host your conferences and offer your guests an exceptional dining experience.","robots":{"index":"index","follow":"follow","max-snippet":"max-snippet:-1","max-image-preview":"max-image-preview:large","max-video-preview":"max-video-preview:-1"},"canonical":"https:\/\/ohcesarparis.com\/en\/conference\/","og_locale":"en_US","og_type":"article","og_title":"Organize your conferences in an original venue - Cabaret Oh! C\u00e9sar","og_description":"Take advantage of a 250 m2 space in Paris in an unusual setting to host your conferences and offer your guests an exceptional dining experience.","og_url":"https:\/\/ohcesarparis.com\/en\/conference\/","og_site_name":"Oh C\u00e9sar by C\u00e9sar Palace Paris","article_publisher":"https:\/\/www.facebook.com\/CesarPalaceParis","article_modified_time":"2024-03-22T09:58:55+00:00","twitter_card":"summary_large_image","twitter_site":"@CsarPalaceParis","twitter_misc":{"Est. reading time":"3 minutes"},"schema":{"@context":"https:\/\/schema.org","@graph":[{"@type":"WebPage","@id":"https:\/\/ohcesarparis.com\/en\/conference\/","url":"https:\/\/ohcesarparis.com\/en\/conference\/","name":"Organize your conferences in an original venue - Cabaret Oh! C\u00e9sar","isPartOf":{"@id":"https:\/\/ohcesarparis.com\/en\/#website"},"datePublished":"2020-01-10T16:46:12+00:00","dateModified":"2024-03-22T09:58:55+00:00","description":"Take advantage of a 250 m2 space in Paris in an unusual setting to host your conferences and offer your guests an exceptional dining experience.","breadcrumb":{"@id":"https:\/\/ohcesarparis.com\/en\/conference\/#breadcrumb"},"inLanguage":"en-US","potentialAction":[{"@type":"ReadAction","target":["https:\/\/ohcesarparis.com\/en\/conference\/"]}]},{"@type":"BreadcrumbList","@id":"https:\/\/ohcesarparis.com\/en\/conference\/#breadcrumb","itemListElement":[{"@type":"ListItem","position":1,"name":"Accueil","item":"https:\/\/ohcesarparis.com\/en\/"},{"@type":"ListItem","position":2,"name":"Conference"}]},{"@type":"WebSite","@id":"https:\/\/ohcesarparis.com\/en\/#website","url":"https:\/\/ohcesarparis.com\/en\/","name":"Oh C\u00e9sar by C\u00e9sar Palace Paris","description":"Passez une soir\u00e9e de r\u00eave au cabaret","publisher":{"@id":"https:\/\/ohcesarparis.com\/en\/#organization"},"potentialAction":[{"@type":"SearchAction","target":{"@type":"EntryPoint","urlTemplate":"https:\/\/ohcesarparis.com\/en\/?s={search_term_string}"},"query-input":{"@type":"PropertyValueSpecification","valueRequired":true,"valueName":"search_term_string"}}],"inLanguage":"en-US"},{"@type":"Organization","@id":"https:\/\/ohcesarparis.com\/en\/#organization","name":"Oh Cesar Paris","url":"https:\/\/ohcesarparis.com\/en\/","logo":{"@type":"ImageObject","inLanguage":"en-US","@id":"https:\/\/ohcesarparis.com\/en\/#\/schema\/logo\/image\/","url":"https:\/\/ohcesarparis.com\/wp-content\/uploads\/2017\/03\/logo-oh-cesar-by-cesar-palace-paris.png","contentUrl":"https:\/\/ohcesarparis.com\/wp-content\/uploads\/2017\/03\/logo-oh-cesar-by-cesar-palace-paris.png","width":240,"height":70,"caption":"Oh Cesar Paris"},"image":{"@id":"https:\/\/ohcesarparis.com\/en\/#\/schema\/logo\/image\/"},"sameAs":["https:\/\/www.facebook.com\/CesarPalaceParis","https:\/\/x.com\/CsarPalaceParis","https:\/\/www.instagram.com\/cesarpalaceparis\/"]}]}},"_links":{"self":[{"href":"https:\/\/ohcesarparis.com\/en\/wp-json\/wp\/v2\/pages\/66699","targetHints":{"allow":["GET"]}}],"collection":[{"href":"https:\/\/ohcesarparis.com\/en\/wp-json\/wp\/v2\/pages"}],"about":[{"href":"https:\/\/ohcesarparis.com\/en\/wp-json\/wp\/v2\/types\/page"}],"author":[{"embeddable":true,"href":"https:\/\/ohcesarparis.com\/en\/wp-json\/wp\/v2\/users\/6"}],"replies":[{"embeddable":true,"href":"https:\/\/ohcesarparis.com\/en\/wp-json\/wp\/v2\/comments?post=66699"}],"version-history":[{"count":3,"href":"https:\/\/ohcesarparis.com\/en\/wp-json\/wp\/v2\/pages\/66699\/revisions"}],"predecessor-version":[{"id":70378,"href":"https:\/\/ohcesarparis.com\/en\/wp-json\/wp\/v2\/pages\/66699\/revisions\/70378"}],"wp:attachment":[{"href":"https:\/\/ohcesarparis.com\/en\/wp-json\/wp\/v2\/media?parent=66699"}],"curies":[{"name":"wp","href":"https:\/\/api.w.org\/{rel}","templated":true}]}}